{"id":1247,"date":"2021-10-17T18:51:06","date_gmt":"2021-10-17T16:51:06","guid":{"rendered":"http:\/\/rewosport.pl\/?page_id=1247"},"modified":"2021-10-17T18:51:07","modified_gmt":"2021-10-17T16:51:07","slug":"uphill-mtb-stozek-2021-wyniki","status":"publish","type":"page","link":"https:\/\/rewosport.pl\/?page_id=1247","title":{"rendered":"Uphill MTB Sto\u017cek 2021 &#8211; wyniki"},"content":{"rendered":"\n<figure class=\"wp-block-image size-large\"><img loading=\"lazy\" decoding=\"async\" width=\"1024\" height=\"724\" src=\"http:\/\/rewosport.pl\/wp-content\/uploads\/2021\/10\/2021.10.17.uphill_wyniki_oficjalne-1-1024x724.jpg\" alt=\"\" class=\"wp-image-1248\" srcset=\"https:\/\/rewosport.pl\/wp-content\/uploads\/2021\/10\/2021.10.17.uphill_wyniki_oficjalne-1-1024x724.jpg 1024w, https:\/\/rewosport.pl\/wp-content\/uploads\/2021\/10\/2021.10.17.uphill_wyniki_oficjalne-1-300x212.jpg 300w, https:\/\/rewosport.pl\/wp-content\/uploads\/2021\/10\/2021.10.17.uphill_wyniki_oficjalne-1-768x543.jpg 768w, https:\/\/rewosport.pl\/wp-content\/uploads\/2021\/10\/2021.10.17.uphill_wyniki_oficjalne-1-1536x1086.jpg 1536w, https:\/\/rewosport.pl\/wp-content\/uploads\/2021\/10\/2021.10.17.uphill_wyniki_oficjalne-1-2048x1448.jpg 2048w, https:\/\/rewosport.pl\/wp-content\/uploads\/2021\/10\/2021.10.17.uphill_wyniki_oficjalne-1-1527x1080.jpg 1527w\" sizes=\"auto, (max-width: 1024px) 100vw, 1024px\" \/><\/figure>\n\n\n\n<figure class=\"wp-block-image size-large\"><img loading=\"lazy\" decoding=\"async\" width=\"1024\" height=\"724\" src=\"http:\/\/rewosport.pl\/wp-content\/uploads\/2021\/10\/2021.10.17.uphill_wyniki_oficjalne-2-1024x724.jpg\" alt=\"\" class=\"wp-image-1249\" srcset=\"https:\/\/rewosport.pl\/wp-content\/uploads\/2021\/10\/2021.10.17.uphill_wyniki_oficjalne-2-1024x724.jpg 1024w, https:\/\/rewosport.pl\/wp-content\/uploads\/2021\/10\/2021.10.17.uphill_wyniki_oficjalne-2-300x212.jpg 300w, https:\/\/rewosport.pl\/wp-content\/uploads\/2021\/10\/2021.10.17.uphill_wyniki_oficjalne-2-768x543.jpg 768w, https:\/\/rewosport.pl\/wp-content\/uploads\/2021\/10\/2021.10.17.uphill_wyniki_oficjalne-2-1536x1086.jpg 1536w, https:\/\/rewosport.pl\/wp-content\/uploads\/2021\/10\/2021.10.17.uphill_wyniki_oficjalne-2-2048x1448.jpg 2048w, https:\/\/rewosport.pl\/wp-content\/uploads\/2021\/10\/2021.10.17.uphill_wyniki_oficjalne-2-1527x1080.jpg 1527w\" sizes=\"auto, (max-width: 1024px) 100vw, 1024px\" \/><\/figure>\n\n\n\n<figure class=\"wp-block-image size-large\"><img loading=\"lazy\" decoding=\"async\" width=\"1024\" height=\"724\" src=\"http:\/\/rewosport.pl\/wp-content\/uploads\/2021\/10\/2021.10.17.uphill_wyniki_oficjalne-3-1024x724.jpg\" alt=\"\" class=\"wp-image-1250\" srcset=\"https:\/\/rewosport.pl\/wp-content\/uploads\/2021\/10\/2021.10.17.uphill_wyniki_oficjalne-3-1024x724.jpg 1024w, https:\/\/rewosport.pl\/wp-content\/uploads\/2021\/10\/2021.10.17.uphill_wyniki_oficjalne-3-300x212.jpg 300w, https:\/\/rewosport.pl\/wp-content\/uploads\/2021\/10\/2021.10.17.uphill_wyniki_oficjalne-3-768x543.jpg 768w, https:\/\/rewosport.pl\/wp-content\/uploads\/2021\/10\/2021.10.17.uphill_wyniki_oficjalne-3-1536x1086.jpg 1536w, https:\/\/rewosport.pl\/wp-content\/uploads\/2021\/10\/2021.10.17.uphill_wyniki_oficjalne-3-2048x1448.jpg 2048w, https:\/\/rewosport.pl\/wp-content\/uploads\/2021\/10\/2021.10.17.uphill_wyniki_oficjalne-3-1527x1080.jpg 1527w\" sizes=\"auto, (max-width: 1024px) 100vw, 1024px\" \/><\/figure>\n\n\n\n<figure class=\"wp-block-image size-large\"><img loading=\"lazy\" decoding=\"async\" width=\"1024\" height=\"724\" src=\"http:\/\/rewosport.pl\/wp-content\/uploads\/2021\/10\/2021.10.17.uphill_wyniki_oficjalne-4-1024x724.jpg\" alt=\"\" class=\"wp-image-1251\" srcset=\"https:\/\/rewosport.pl\/wp-content\/uploads\/2021\/10\/2021.10.17.uphill_wyniki_oficjalne-4-1024x724.jpg 1024w, https:\/\/rewosport.pl\/wp-content\/uploads\/2021\/10\/2021.10.17.uphill_wyniki_oficjalne-4-300x212.jpg 300w, https:\/\/rewosport.pl\/wp-content\/uploads\/2021\/10\/2021.10.17.uphill_wyniki_oficjalne-4-768x543.jpg 768w, https:\/\/rewosport.pl\/wp-content\/uploads\/2021\/10\/2021.10.17.uphill_wyniki_oficjalne-4-1536x1086.jpg 1536w, https:\/\/rewosport.pl\/wp-content\/uploads\/2021\/10\/2021.10.17.uphill_wyniki_oficjalne-4-2048x1448.jpg 2048w, https:\/\/rewosport.pl\/wp-content\/uploads\/2021\/10\/2021.10.17.uphill_wyniki_oficjalne-4-1527x1080.jpg 1527w\" sizes=\"auto, (max-width: 1024px) 100vw, 1024px\" \/><\/figure>\n\n\n\n<figure class=\"wp-block-image size-large\"><img loading=\"lazy\" decoding=\"async\" width=\"1024\" height=\"724\" src=\"http:\/\/rewosport.pl\/wp-content\/uploads\/2021\/10\/2021.10.17.uphill_wyniki_oficjalne-5-1024x724.jpg\" alt=\"\" class=\"wp-image-1252\" srcset=\"https:\/\/rewosport.pl\/wp-content\/uploads\/2021\/10\/2021.10.17.uphill_wyniki_oficjalne-5-1024x724.jpg 1024w, https:\/\/rewosport.pl\/wp-content\/uploads\/2021\/10\/2021.10.17.uphill_wyniki_oficjalne-5-300x212.jpg 300w, https:\/\/rewosport.pl\/wp-content\/uploads\/2021\/10\/2021.10.17.uphill_wyniki_oficjalne-5-768x543.jpg 768w, https:\/\/rewosport.pl\/wp-content\/uploads\/2021\/10\/2021.10.17.uphill_wyniki_oficjalne-5-1536x1086.jpg 1536w, https:\/\/rewosport.pl\/wp-content\/uploads\/2021\/10\/2021.10.17.uphill_wyniki_oficjalne-5-2048x1448.jpg 2048w, https:\/\/rewosport.pl\/wp-content\/uploads\/2021\/10\/2021.10.17.uphill_wyniki_oficjalne-5-1527x1080.jpg 1527w\" sizes=\"auto, (max-width: 1024px) 100vw, 1024px\" \/><\/figure>\n\n\n\n<figure class=\"wp-block-image size-large\"><img loading=\"lazy\" decoding=\"async\" width=\"1024\" height=\"724\" src=\"http:\/\/rewosport.pl\/wp-content\/uploads\/2021\/10\/2021.10.17.uphill_wyniki_oficjalne-6-1024x724.jpg\" alt=\"\" class=\"wp-image-1253\" srcset=\"https:\/\/rewosport.pl\/wp-content\/uploads\/2021\/10\/2021.10.17.uphill_wyniki_oficjalne-6-1024x724.jpg 1024w, https:\/\/rewosport.pl\/wp-content\/uploads\/2021\/10\/2021.10.17.uphill_wyniki_oficjalne-6-300x212.jpg 300w, https:\/\/rewosport.pl\/wp-content\/uploads\/2021\/10\/2021.10.17.uphill_wyniki_oficjalne-6-768x543.jpg 768w, https:\/\/rewosport.pl\/wp-content\/uploads\/2021\/10\/2021.10.17.uphill_wyniki_oficjalne-6-1536x1086.jpg 1536w, https:\/\/rewosport.pl\/wp-content\/uploads\/2021\/10\/2021.10.17.uphill_wyniki_oficjalne-6-2048x1448.jpg 2048w, https:\/\/rewosport.pl\/wp-content\/uploads\/2021\/10\/2021.10.17.uphill_wyniki_oficjalne-6-1527x1080.jpg 1527w\" sizes=\"auto, (max-width: 1024px) 100vw, 1024px\" \/><\/figure>\n","protected":false},"excerpt":{"rendered":"","protected":false},"author":1,"featured_media":0,"parent":0,"menu_order":0,"comment_status":"closed","ping_status":"closed","template":"","meta":{"footnotes":""},"class_list":["post-1247","page","type-page","status-publish","hentry"],"yoast_head":"<!-- This site is optimized with the Yoast SEO plugin v27.4 - https:\/\/yoast.com\/product\/yoast-seo-wordpress\/ -->\n<title>Uphill MTB Sto\u017cek 2021 - wyniki - pomiar czasu - chipy, fotokom\u00f3rki - zawody sportowe, obozy sportowe<\/title>\n<meta name=\"robots\" content=\"index, follow, max-snippet:-1, max-image-preview:large, max-video-preview:-1\" \/>\n<link rel=\"canonical\" href=\"http:\/\/rewosport.pl\/?page_id=1247\" \/>\n<meta property=\"og:locale\" content=\"pl_PL\" \/>\n<meta property=\"og:type\" content=\"article\" \/>\n<meta property=\"og:title\" content=\"Uphill MTB Sto\u017cek 2021 - wyniki - pomiar czasu - chipy, fotokom\u00f3rki - zawody sportowe, obozy sportowe\" \/>\n<meta property=\"og:url\" content=\"http:\/\/rewosport.pl\/?page_id=1247\" \/>\n<meta property=\"og:site_name\" content=\"pomiar czasu - chipy, fotokom\u00f3rki - zawody sportowe, obozy sportowe\" \/>\n<meta property=\"article:modified_time\" content=\"2021-10-17T16:51:07+00:00\" \/>\n<meta property=\"og:image\" content=\"http:\/\/rewosport.pl\/wp-content\/uploads\/2021\/10\/2021.10.17.uphill_wyniki_oficjalne-1-1024x724.jpg\" \/>\n<meta name=\"twitter:card\" content=\"summary_large_image\" \/>\n<meta name=\"twitter:label1\" content=\"Szacowany czas czytania\" \/>\n\t<meta name=\"twitter:data1\" content=\"2 minuty\" \/>\n<script type=\"application\/ld+json\" class=\"yoast-schema-graph\">{\"@context\":\"https:\\\/\\\/schema.org\",\"@graph\":[{\"@type\":\"WebPage\",\"@id\":\"http:\\\/\\\/rewosport.pl\\\/?page_id=1247\",\"url\":\"http:\\\/\\\/rewosport.pl\\\/?page_id=1247\",\"name\":\"Uphill MTB Sto\u017cek 2021 - wyniki - pomiar czasu - chipy, fotokom\u00f3rki - zawody sportowe, obozy sportowe\",\"isPartOf\":{\"@id\":\"https:\\\/\\\/rewosport.pl\\\/#website\"},\"primaryImageOfPage\":{\"@id\":\"http:\\\/\\\/rewosport.pl\\\/?page_id=1247#primaryimage\"},\"image\":{\"@id\":\"http:\\\/\\\/rewosport.pl\\\/?page_id=1247#primaryimage\"},\"thumbnailUrl\":\"http:\\\/\\\/rewosport.pl\\\/wp-content\\\/uploads\\\/2021\\\/10\\\/2021.10.17.uphill_wyniki_oficjalne-1-1024x724.jpg\",\"datePublished\":\"2021-10-17T16:51:06+00:00\",\"dateModified\":\"2021-10-17T16:51:07+00:00\",\"breadcrumb\":{\"@id\":\"http:\\\/\\\/rewosport.pl\\\/?page_id=1247#breadcrumb\"},\"inLanguage\":\"pl-PL\",\"potentialAction\":[{\"@type\":\"ReadAction\",\"target\":[\"http:\\\/\\\/rewosport.pl\\\/?page_id=1247\"]}]},{\"@type\":\"ImageObject\",\"inLanguage\":\"pl-PL\",\"@id\":\"http:\\\/\\\/rewosport.pl\\\/?page_id=1247#primaryimage\",\"url\":\"https:\\\/\\\/rewosport.pl\\\/wp-content\\\/uploads\\\/2021\\\/10\\\/2021.10.17.uphill_wyniki_oficjalne-1.jpg\",\"contentUrl\":\"https:\\\/\\\/rewosport.pl\\\/wp-content\\\/uploads\\\/2021\\\/10\\\/2021.10.17.uphill_wyniki_oficjalne-1.jpg\",\"width\":2339,\"height\":1654},{\"@type\":\"BreadcrumbList\",\"@id\":\"http:\\\/\\\/rewosport.pl\\\/?page_id=1247#breadcrumb\",\"itemListElement\":[{\"@type\":\"ListItem\",\"position\":1,\"name\":\"Home\",\"item\":\"https:\\\/\\\/rewosport.pl\\\/\"},{\"@type\":\"ListItem\",\"position\":2,\"name\":\"Uphill MTB Sto\u017cek 2021 &#8211; wyniki\"}]},{\"@type\":\"WebSite\",\"@id\":\"https:\\\/\\\/rewosport.pl\\\/#website\",\"url\":\"https:\\\/\\\/rewosport.pl\\\/\",\"name\":\"pomiar czasu - chipy, fotokom\u00f3rki - zawody sportowe, obozy sportowe\",\"description\":\"elektroniczny pomiar czasu na zawodach sportowych - chipy, fotokom\u00f3rki; organizator zawod\u00f3w sportowych - biegowych, rowerowych, oboz\u00f3w sportowych,\",\"publisher\":{\"@id\":\"https:\\\/\\\/rewosport.pl\\\/#organization\"},\"potentialAction\":[{\"@type\":\"SearchAction\",\"target\":{\"@type\":\"EntryPoint\",\"urlTemplate\":\"https:\\\/\\\/rewosport.pl\\\/?s={search_term_string}\"},\"query-input\":{\"@type\":\"PropertyValueSpecification\",\"valueRequired\":true,\"valueName\":\"search_term_string\"}}],\"inLanguage\":\"pl-PL\"},{\"@type\":\"Organization\",\"@id\":\"https:\\\/\\\/rewosport.pl\\\/#organization\",\"name\":\"pomiar czasu - chipy, fotokom\u00f3rki - zawody sportowe, obozy sportowe\",\"url\":\"https:\\\/\\\/rewosport.pl\\\/\",\"logo\":{\"@type\":\"ImageObject\",\"inLanguage\":\"pl-PL\",\"@id\":\"https:\\\/\\\/rewosport.pl\\\/#\\\/schema\\\/logo\\\/image\\\/\",\"url\":\"https:\\\/\\\/rewosport.pl\\\/wp-content\\\/uploads\\\/2020\\\/07\\\/logo_rewosport.png\",\"contentUrl\":\"https:\\\/\\\/rewosport.pl\\\/wp-content\\\/uploads\\\/2020\\\/07\\\/logo_rewosport.png\",\"width\":346,\"height\":200,\"caption\":\"pomiar czasu - chipy, fotokom\u00f3rki - zawody sportowe, obozy sportowe\"},\"image\":{\"@id\":\"https:\\\/\\\/rewosport.pl\\\/#\\\/schema\\\/logo\\\/image\\\/\"}}]}<\/script>\n<!-- \/ Yoast SEO plugin. -->","yoast_head_json":{"title":"Uphill MTB Sto\u017cek 2021 - wyniki - pomiar czasu - chipy, fotokom\u00f3rki - zawody sportowe, obozy sportowe","robots":{"index":"index","follow":"follow","max-snippet":"max-snippet:-1","max-image-preview":"max-image-preview:large","max-video-preview":"max-video-preview:-1"},"canonical":"http:\/\/rewosport.pl\/?page_id=1247","og_locale":"pl_PL","og_type":"article","og_title":"Uphill MTB Sto\u017cek 2021 - wyniki - pomiar czasu - chipy, fotokom\u00f3rki - zawody sportowe, obozy sportowe","og_url":"http:\/\/rewosport.pl\/?page_id=1247","og_site_name":"pomiar czasu - chipy, fotokom\u00f3rki - zawody sportowe, obozy sportowe","article_modified_time":"2021-10-17T16:51:07+00:00","og_image":[{"url":"http:\/\/rewosport.pl\/wp-content\/uploads\/2021\/10\/2021.10.17.uphill_wyniki_oficjalne-1-1024x724.jpg","type":"","width":"","height":""}],"twitter_card":"summary_large_image","twitter_misc":{"Szacowany czas czytania":"2 minuty"},"schema":{"@context":"https:\/\/schema.org","@graph":[{"@type":"WebPage","@id":"http:\/\/rewosport.pl\/?page_id=1247","url":"http:\/\/rewosport.pl\/?page_id=1247","name":"Uphill MTB Sto\u017cek 2021 - wyniki - pomiar czasu - chipy, fotokom\u00f3rki - zawody sportowe, obozy sportowe","isPartOf":{"@id":"https:\/\/rewosport.pl\/#website"},"primaryImageOfPage":{"@id":"http:\/\/rewosport.pl\/?page_id=1247#primaryimage"},"image":{"@id":"http:\/\/rewosport.pl\/?page_id=1247#primaryimage"},"thumbnailUrl":"http:\/\/rewosport.pl\/wp-content\/uploads\/2021\/10\/2021.10.17.uphill_wyniki_oficjalne-1-1024x724.jpg","datePublished":"2021-10-17T16:51:06+00:00","dateModified":"2021-10-17T16:51:07+00:00","breadcrumb":{"@id":"http:\/\/rewosport.pl\/?page_id=1247#breadcrumb"},"inLanguage":"pl-PL","potentialAction":[{"@type":"ReadAction","target":["http:\/\/rewosport.pl\/?page_id=1247"]}]},{"@type":"ImageObject","inLanguage":"pl-PL","@id":"http:\/\/rewosport.pl\/?page_id=1247#primaryimage","url":"https:\/\/rewosport.pl\/wp-content\/uploads\/2021\/10\/2021.10.17.uphill_wyniki_oficjalne-1.jpg","contentUrl":"https:\/\/rewosport.pl\/wp-content\/uploads\/2021\/10\/2021.10.17.uphill_wyniki_oficjalne-1.jpg","width":2339,"height":1654},{"@type":"BreadcrumbList","@id":"http:\/\/rewosport.pl\/?page_id=1247#breadcrumb","itemListElement":[{"@type":"ListItem","position":1,"name":"Home","item":"https:\/\/rewosport.pl\/"},{"@type":"ListItem","position":2,"name":"Uphill MTB Sto\u017cek 2021 &#8211; wyniki"}]},{"@type":"WebSite","@id":"https:\/\/rewosport.pl\/#website","url":"https:\/\/rewosport.pl\/","name":"pomiar czasu - chipy, fotokom\u00f3rki - zawody sportowe, obozy sportowe","description":"elektroniczny pomiar czasu na zawodach sportowych - chipy, fotokom\u00f3rki; organizator zawod\u00f3w sportowych - biegowych, rowerowych, oboz\u00f3w sportowych,","publisher":{"@id":"https:\/\/rewosport.pl\/#organization"},"potentialAction":[{"@type":"SearchAction","target":{"@type":"EntryPoint","urlTemplate":"https:\/\/rewosport.pl\/?s={search_term_string}"},"query-input":{"@type":"PropertyValueSpecification","valueRequired":true,"valueName":"search_term_string"}}],"inLanguage":"pl-PL"},{"@type":"Organization","@id":"https:\/\/rewosport.pl\/#organization","name":"pomiar czasu - chipy, fotokom\u00f3rki - zawody sportowe, obozy sportowe","url":"https:\/\/rewosport.pl\/","logo":{"@type":"ImageObject","inLanguage":"pl-PL","@id":"https:\/\/rewosport.pl\/#\/schema\/logo\/image\/","url":"https:\/\/rewosport.pl\/wp-content\/uploads\/2020\/07\/logo_rewosport.png","contentUrl":"https:\/\/rewosport.pl\/wp-content\/uploads\/2020\/07\/logo_rewosport.png","width":346,"height":200,"caption":"pomiar czasu - chipy, fotokom\u00f3rki - zawody sportowe, obozy sportowe"},"image":{"@id":"https:\/\/rewosport.pl\/#\/schema\/logo\/image\/"}}]}},"_links":{"self":[{"href":"https:\/\/rewosport.pl\/index.php?rest_route=\/wp\/v2\/pages\/1247","targetHints":{"allow":["GET"]}}],"collection":[{"href":"https:\/\/rewosport.pl\/index.php?rest_route=\/wp\/v2\/pages"}],"about":[{"href":"https:\/\/rewosport.pl\/index.php?rest_route=\/wp\/v2\/types\/page"}],"author":[{"embeddable":true,"href":"https:\/\/rewosport.pl\/index.php?rest_route=\/wp\/v2\/users\/1"}],"replies":[{"embeddable":true,"href":"https:\/\/rewosport.pl\/index.php?rest_route=%2Fwp%2Fv2%2Fcomments&post=1247"}],"version-history":[{"count":1,"href":"https:\/\/rewosport.pl\/index.php?rest_route=\/wp\/v2\/pages\/1247\/revisions"}],"predecessor-version":[{"id":1255,"href":"https:\/\/rewosport.pl\/index.php?rest_route=\/wp\/v2\/pages\/1247\/revisions\/1255"}],"wp:attachment":[{"href":"https:\/\/rewosport.pl\/index.php?rest_route=%2Fwp%2Fv2%2Fmedia&parent=1247"}],"curies":[{"name":"wp","href":"https:\/\/api.w.org\/{rel}","templated":true}]}}