{"id":1288,"date":"2021-11-14T16:38:03","date_gmt":"2021-11-14T15:38:03","guid":{"rendered":"http:\/\/rewosport.pl\/?page_id=1288"},"modified":"2023-09-27T08:53:52","modified_gmt":"2023-09-27T06:53:52","slug":"uphill-mtb-stozek-2021-partnerzy","status":"publish","type":"page","link":"https:\/\/rewosport.pl\/?page_id=1288","title":{"rendered":"Uphill MTB Sto\u017cek &#8211; Partnerzy"},"content":{"rendered":"\n<figure class=\"wp-block-gallery aligncenter has-nested-images columns-4 wp-block-gallery-1 is-layout-flex wp-block-gallery-is-layout-flex\">\n<figure class=\"wp-block-image size-full\"><a href=\"http:\/\/www.wisla.pl\"><img loading=\"lazy\" decoding=\"async\" width=\"1239\" height=\"1239\" data-id=\"582\" src=\"https:\/\/rewosport.pl\/wp-content\/uploads\/2020\/09\/49900434_2588033717903924_2260197445411536896_o.jpg\" alt=\"\" class=\"wp-image-582\" srcset=\"https:\/\/rewosport.pl\/wp-content\/uploads\/2020\/09\/49900434_2588033717903924_2260197445411536896_o.jpg 1239w, https:\/\/rewosport.pl\/wp-content\/uploads\/2020\/09\/49900434_2588033717903924_2260197445411536896_o-300x300.jpg 300w, https:\/\/rewosport.pl\/wp-content\/uploads\/2020\/09\/49900434_2588033717903924_2260197445411536896_o-1024x1024.jpg 1024w, https:\/\/rewosport.pl\/wp-content\/uploads\/2020\/09\/49900434_2588033717903924_2260197445411536896_o-150x150.jpg 150w, https:\/\/rewosport.pl\/wp-content\/uploads\/2020\/09\/49900434_2588033717903924_2260197445411536896_o-768x768.jpg 768w, https:\/\/rewosport.pl\/wp-content\/uploads\/2020\/09\/49900434_2588033717903924_2260197445411536896_o-1080x1080.jpg 1080w\" sizes=\"auto, (max-width: 1239px) 100vw, 1239px\" \/><\/a><\/figure>\n\n\n\n<figure class=\"wp-block-image size-full\"><a href=\"http:\/\/www.stozekwisla.pl\"><img loading=\"lazy\" decoding=\"async\" width=\"400\" height=\"400\" data-id=\"529\" src=\"https:\/\/rewosport.pl\/wp-content\/uploads\/2020\/09\/528596_344637425583990_94329220_n.jpg\" alt=\"\" class=\"wp-image-529\" srcset=\"https:\/\/rewosport.pl\/wp-content\/uploads\/2020\/09\/528596_344637425583990_94329220_n.jpg 400w, https:\/\/rewosport.pl\/wp-content\/uploads\/2020\/09\/528596_344637425583990_94329220_n-300x300.jpg 300w, https:\/\/rewosport.pl\/wp-content\/uploads\/2020\/09\/528596_344637425583990_94329220_n-150x150.jpg 150w\" sizes=\"auto, (max-width: 400px) 100vw, 400px\" \/><\/a><\/figure>\n\n\n\n<figure class=\"wp-block-image size-full is-style-default\"><a href=\"http:\/\/www.slzkol.pl\/\"><img loading=\"lazy\" decoding=\"async\" width=\"628\" height=\"628\" data-id=\"579\" src=\"https:\/\/rewosport.pl\/wp-content\/uploads\/2020\/09\/15327325_1347422121959300_3467734893133664660_n.jpg\" alt=\"\" class=\"wp-image-579\" srcset=\"https:\/\/rewosport.pl\/wp-content\/uploads\/2020\/09\/15327325_1347422121959300_3467734893133664660_n.jpg 628w, https:\/\/rewosport.pl\/wp-content\/uploads\/2020\/09\/15327325_1347422121959300_3467734893133664660_n-300x300.jpg 300w, https:\/\/rewosport.pl\/wp-content\/uploads\/2020\/09\/15327325_1347422121959300_3467734893133664660_n-150x150.jpg 150w\" sizes=\"auto, (max-width: 628px) 100vw, 628px\" \/><\/a><\/figure>\n\n\n\n<figure class=\"wp-block-image size-full\"><a href=\"http:\/\/polar.com\"><img loading=\"lazy\" decoding=\"async\" width=\"800\" height=\"800\" data-id=\"138\" src=\"https:\/\/rewosport.pl\/wp-content\/uploads\/2020\/08\/12278913_907176906026132_1427803135526922554_n.png\" alt=\"\" class=\"wp-image-138\" srcset=\"https:\/\/rewosport.pl\/wp-content\/uploads\/2020\/08\/12278913_907176906026132_1427803135526922554_n.png 800w, https:\/\/rewosport.pl\/wp-content\/uploads\/2020\/08\/12278913_907176906026132_1427803135526922554_n-300x300.png 300w, https:\/\/rewosport.pl\/wp-content\/uploads\/2020\/08\/12278913_907176906026132_1427803135526922554_n-150x150.png 150w, https:\/\/rewosport.pl\/wp-content\/uploads\/2020\/08\/12278913_907176906026132_1427803135526922554_n-768x768.png 768w\" sizes=\"auto, (max-width: 800px) 100vw, 800px\" \/><\/a><\/figure>\n\n\n\n<figure class=\"wp-block-image size-full\"><a href=\"http:\/\/www.diagnostix.pl\"><img loading=\"lazy\" decoding=\"async\" width=\"500\" height=\"500\" data-id=\"166\" src=\"https:\/\/rewosport.pl\/wp-content\/uploads\/2020\/08\/14022295_1041251085923822_432454502923623799_n.jpg\" alt=\"\" class=\"wp-image-166\" srcset=\"https:\/\/rewosport.pl\/wp-content\/uploads\/2020\/08\/14022295_1041251085923822_432454502923623799_n.jpg 500w, https:\/\/rewosport.pl\/wp-content\/uploads\/2020\/08\/14022295_1041251085923822_432454502923623799_n-300x300.jpg 300w, https:\/\/rewosport.pl\/wp-content\/uploads\/2020\/08\/14022295_1041251085923822_432454502923623799_n-150x150.jpg 150w\" sizes=\"auto, (max-width: 500px) 100vw, 500px\" \/><\/a><\/figure>\n\n\n\n<figure class=\"wp-block-image size-full\"><a href=\"http:\/\/www.hotelpodium.pl\"><img loading=\"lazy\" decoding=\"async\" width=\"1283\" height=\"1283\" data-id=\"176\" src=\"https:\/\/rewosport.pl\/wp-content\/uploads\/2020\/08\/106238413_2778136239081689_4250923605909081494_o.jpg\" alt=\"\" class=\"wp-image-176\" srcset=\"https:\/\/rewosport.pl\/wp-content\/uploads\/2020\/08\/106238413_2778136239081689_4250923605909081494_o.jpg 1283w, https:\/\/rewosport.pl\/wp-content\/uploads\/2020\/08\/106238413_2778136239081689_4250923605909081494_o-300x300.jpg 300w, https:\/\/rewosport.pl\/wp-content\/uploads\/2020\/08\/106238413_2778136239081689_4250923605909081494_o-1024x1024.jpg 1024w, https:\/\/rewosport.pl\/wp-content\/uploads\/2020\/08\/106238413_2778136239081689_4250923605909081494_o-150x150.jpg 150w, https:\/\/rewosport.pl\/wp-content\/uploads\/2020\/08\/106238413_2778136239081689_4250923605909081494_o-768x768.jpg 768w, https:\/\/rewosport.pl\/wp-content\/uploads\/2020\/08\/106238413_2778136239081689_4250923605909081494_o-1080x1080.jpg 1080w\" sizes=\"auto, (max-width: 1283px) 100vw, 1283px\" \/><\/a><\/figure>\n\n\n\n<figure class=\"wp-block-image size-full\"><img loading=\"lazy\" decoding=\"async\" width=\"769\" height=\"769\" data-id=\"2826\" src=\"https:\/\/rewosport.pl\/wp-content\/uploads\/2023\/09\/podzor_bikeservice.jpg\" alt=\"\" class=\"wp-image-2826\" srcset=\"https:\/\/rewosport.pl\/wp-content\/uploads\/2023\/09\/podzor_bikeservice.jpg 769w, https:\/\/rewosport.pl\/wp-content\/uploads\/2023\/09\/podzor_bikeservice-300x300.jpg 300w, https:\/\/rewosport.pl\/wp-content\/uploads\/2023\/09\/podzor_bikeservice-150x150.jpg 150w\" sizes=\"auto, (max-width: 769px) 100vw, 769px\" \/><\/figure>\n\n\n\n<figure class=\"wp-block-image size-full\"><a href=\"http:\/\/www.wowdesign.pl\"><img loading=\"lazy\" decoding=\"async\" width=\"180\" height=\"180\" data-id=\"2028\" src=\"https:\/\/rewosport.pl\/wp-content\/uploads\/2022\/10\/11580_121693181361604_472565229_n.jpg\" alt=\"\" class=\"wp-image-2028\" srcset=\"https:\/\/rewosport.pl\/wp-content\/uploads\/2022\/10\/11580_121693181361604_472565229_n.jpg 180w, https:\/\/rewosport.pl\/wp-content\/uploads\/2022\/10\/11580_121693181361604_472565229_n-150x150.jpg 150w\" sizes=\"auto, (max-width: 180px) 100vw, 180px\" \/><\/a><\/figure>\n\n\n\n<figure class=\"wp-block-image size-full\"><a href=\"htttp:\/\/janeczka.pl\"><img loading=\"lazy\" decoding=\"async\" width=\"225\" height=\"225\" data-id=\"613\" src=\"https:\/\/rewosport.pl\/wp-content\/uploads\/2020\/10\/unnamed.png\" alt=\"\" class=\"wp-image-613\" srcset=\"https:\/\/rewosport.pl\/wp-content\/uploads\/2020\/10\/unnamed.png 225w, https:\/\/rewosport.pl\/wp-content\/uploads\/2020\/10\/unnamed-150x150.png 150w\" sizes=\"auto, (max-width: 225px) 100vw, 225px\" \/><\/a><\/figure>\n\n\n\n<figure class=\"wp-block-image size-full\"><a href=\"http:\/\/www.rewocamp.pl\"><img loading=\"lazy\" decoding=\"async\" width=\"400\" height=\"400\" data-id=\"137\" src=\"https:\/\/rewosport.pl\/wp-content\/uploads\/2020\/08\/106988975_110936984015523_1122337566032095734_n.png\" alt=\"\" class=\"wp-image-137\" srcset=\"https:\/\/rewosport.pl\/wp-content\/uploads\/2020\/08\/106988975_110936984015523_1122337566032095734_n.png 400w, https:\/\/rewosport.pl\/wp-content\/uploads\/2020\/08\/106988975_110936984015523_1122337566032095734_n-300x300.png 300w, https:\/\/rewosport.pl\/wp-content\/uploads\/2020\/08\/106988975_110936984015523_1122337566032095734_n-150x150.png 150w\" sizes=\"auto, (max-width: 400px) 100vw, 400px\" \/><\/a><\/figure>\n\n\n\n<figure class=\"wp-block-image size-full\"><a href=\"http:\/\/www.szkola-reja.pl\"><img loading=\"lazy\" decoding=\"async\" width=\"600\" height=\"551\" data-id=\"530\" src=\"https:\/\/rewosport.pl\/wp-content\/uploads\/2020\/09\/48075_377354909039391_1755238586_n.jpg\" alt=\"\" class=\"wp-image-530\" srcset=\"https:\/\/rewosport.pl\/wp-content\/uploads\/2020\/09\/48075_377354909039391_1755238586_n.jpg 600w, https:\/\/rewosport.pl\/wp-content\/uploads\/2020\/09\/48075_377354909039391_1755238586_n-300x276.jpg 300w\" sizes=\"auto, (max-width: 600px) 100vw, 600px\" \/><\/a><\/figure>\n\n\n\n<figure class=\"wp-block-image size-full\"><img loading=\"lazy\" decoding=\"async\" width=\"960\" height=\"432\" data-id=\"2039\" src=\"https:\/\/rewosport.pl\/wp-content\/uploads\/2022\/10\/logo.ataksport.jpg\" alt=\"\" class=\"wp-image-2039\" srcset=\"https:\/\/rewosport.pl\/wp-content\/uploads\/2022\/10\/logo.ataksport.jpg 960w, https:\/\/rewosport.pl\/wp-content\/uploads\/2022\/10\/logo.ataksport-300x135.jpg 300w, https:\/\/rewosport.pl\/wp-content\/uploads\/2022\/10\/logo.ataksport-768x346.jpg 768w\" sizes=\"auto, (max-width: 960px) 100vw, 960px\" \/><\/figure>\n\n\n\n<figure class=\"wp-block-image size-full\"><img loading=\"lazy\" decoding=\"async\" width=\"500\" height=\"500\" data-id=\"1725\" src=\"https:\/\/rewosport.pl\/wp-content\/uploads\/2021\/12\/rewosport_logo.jpg\" alt=\"\" class=\"wp-image-1725\" srcset=\"https:\/\/rewosport.pl\/wp-content\/uploads\/2021\/12\/rewosport_logo.jpg 500w, https:\/\/rewosport.pl\/wp-content\/uploads\/2021\/12\/rewosport_logo-300x300.jpg 300w, https:\/\/rewosport.pl\/wp-content\/uploads\/2021\/12\/rewosport_logo-150x150.jpg 150w\" sizes=\"auto, (max-width: 500px) 100vw, 500px\" \/><\/figure>\n<\/figure>\n\n\n\n<p><\/p>\n","protected":false},"excerpt":{"rendered":"","protected":false},"author":1,"featured_media":953,"parent":0,"menu_order":0,"comment_status":"closed","ping_status":"closed","template":"","meta":{"footnotes":""},"class_list":["post-1288","page","type-page","status-publish","has-post-thumbnail","hentry"],"yoast_head":"<!-- This site is optimized with the Yoast SEO plugin v27.3 - https:\/\/yoast.com\/product\/yoast-seo-wordpress\/ -->\n<title>Uphill MTB Sto\u017cek - Partnerzy - pomiar czasu - chipy, fotokom\u00f3rki - zawody sportowe, obozy sportowe<\/title>\n<meta name=\"robots\" content=\"index, follow, max-snippet:-1, max-image-preview:large, max-video-preview:-1\" \/>\n<link rel=\"canonical\" href=\"https:\/\/rewosport.pl\/?page_id=1288\" \/>\n<meta property=\"og:locale\" content=\"pl_PL\" \/>\n<meta property=\"og:type\" content=\"article\" \/>\n<meta property=\"og:title\" content=\"Uphill MTB Sto\u017cek - Partnerzy - pomiar czasu - chipy, fotokom\u00f3rki - zawody sportowe, obozy sportowe\" \/>\n<meta property=\"og:url\" content=\"https:\/\/rewosport.pl\/?page_id=1288\" \/>\n<meta property=\"og:site_name\" content=\"pomiar czasu - chipy, fotokom\u00f3rki - zawody sportowe, obozy sportowe\" \/>\n<meta property=\"article:modified_time\" content=\"2023-09-27T06:53:52+00:00\" \/>\n<meta property=\"og:image\" content=\"https:\/\/rewosport.pl\/wp-content\/uploads\/2020\/10\/DSC_1-271.jpg\" \/>\n\t<meta property=\"og:image:width\" content=\"1200\" \/>\n\t<meta property=\"og:image:height\" content=\"801\" \/>\n\t<meta property=\"og:image:type\" content=\"image\/jpeg\" \/>\n<meta name=\"twitter:card\" content=\"summary_large_image\" \/>\n<meta name=\"twitter:label1\" content=\"Szacowany czas czytania\" \/>\n\t<meta name=\"twitter:data1\" content=\"3 minuty\" \/>\n<script type=\"application\/ld+json\" class=\"yoast-schema-graph\">{\"@context\":\"https:\\\/\\\/schema.org\",\"@graph\":[{\"@type\":\"WebPage\",\"@id\":\"https:\\\/\\\/rewosport.pl\\\/?page_id=1288\",\"url\":\"https:\\\/\\\/rewosport.pl\\\/?page_id=1288\",\"name\":\"Uphill MTB Sto\u017cek - Partnerzy - pomiar czasu - chipy, fotokom\u00f3rki - zawody sportowe, obozy sportowe\",\"isPartOf\":{\"@id\":\"https:\\\/\\\/rewosport.pl\\\/#website\"},\"primaryImageOfPage\":{\"@id\":\"https:\\\/\\\/rewosport.pl\\\/?page_id=1288#primaryimage\"},\"image\":{\"@id\":\"https:\\\/\\\/rewosport.pl\\\/?page_id=1288#primaryimage\"},\"thumbnailUrl\":\"https:\\\/\\\/rewosport.pl\\\/wp-content\\\/uploads\\\/2020\\\/10\\\/DSC_1-271.jpg\",\"datePublished\":\"2021-11-14T15:38:03+00:00\",\"dateModified\":\"2023-09-27T06:53:52+00:00\",\"breadcrumb\":{\"@id\":\"https:\\\/\\\/rewosport.pl\\\/?page_id=1288#breadcrumb\"},\"inLanguage\":\"pl-PL\",\"potentialAction\":[{\"@type\":\"ReadAction\",\"target\":[\"https:\\\/\\\/rewosport.pl\\\/?page_id=1288\"]}]},{\"@type\":\"ImageObject\",\"inLanguage\":\"pl-PL\",\"@id\":\"https:\\\/\\\/rewosport.pl\\\/?page_id=1288#primaryimage\",\"url\":\"https:\\\/\\\/rewosport.pl\\\/wp-content\\\/uploads\\\/2020\\\/10\\\/DSC_1-271.jpg\",\"contentUrl\":\"https:\\\/\\\/rewosport.pl\\\/wp-content\\\/uploads\\\/2020\\\/10\\\/DSC_1-271.jpg\",\"width\":1200,\"height\":801},{\"@type\":\"BreadcrumbList\",\"@id\":\"https:\\\/\\\/rewosport.pl\\\/?page_id=1288#breadcrumb\",\"itemListElement\":[{\"@type\":\"ListItem\",\"position\":1,\"name\":\"Home\",\"item\":\"https:\\\/\\\/rewosport.pl\\\/\"},{\"@type\":\"ListItem\",\"position\":2,\"name\":\"Uphill MTB Sto\u017cek &#8211; Partnerzy\"}]},{\"@type\":\"WebSite\",\"@id\":\"https:\\\/\\\/rewosport.pl\\\/#website\",\"url\":\"https:\\\/\\\/rewosport.pl\\\/\",\"name\":\"pomiar czasu - chipy, fotokom\u00f3rki - zawody sportowe, obozy sportowe\",\"description\":\"elektroniczny pomiar czasu na zawodach sportowych - chipy, fotokom\u00f3rki; organizator zawod\u00f3w sportowych - biegowych, rowerowych, oboz\u00f3w sportowych,\",\"publisher\":{\"@id\":\"https:\\\/\\\/rewosport.pl\\\/#organization\"},\"potentialAction\":[{\"@type\":\"SearchAction\",\"target\":{\"@type\":\"EntryPoint\",\"urlTemplate\":\"https:\\\/\\\/rewosport.pl\\\/?s={search_term_string}\"},\"query-input\":{\"@type\":\"PropertyValueSpecification\",\"valueRequired\":true,\"valueName\":\"search_term_string\"}}],\"inLanguage\":\"pl-PL\"},{\"@type\":\"Organization\",\"@id\":\"https:\\\/\\\/rewosport.pl\\\/#organization\",\"name\":\"pomiar czasu - chipy, fotokom\u00f3rki - zawody sportowe, obozy sportowe\",\"url\":\"https:\\\/\\\/rewosport.pl\\\/\",\"logo\":{\"@type\":\"ImageObject\",\"inLanguage\":\"pl-PL\",\"@id\":\"https:\\\/\\\/rewosport.pl\\\/#\\\/schema\\\/logo\\\/image\\\/\",\"url\":\"https:\\\/\\\/rewosport.pl\\\/wp-content\\\/uploads\\\/2020\\\/07\\\/logo_rewosport.png\",\"contentUrl\":\"https:\\\/\\\/rewosport.pl\\\/wp-content\\\/uploads\\\/2020\\\/07\\\/logo_rewosport.png\",\"width\":346,\"height\":200,\"caption\":\"pomiar czasu - chipy, fotokom\u00f3rki - zawody sportowe, obozy sportowe\"},\"image\":{\"@id\":\"https:\\\/\\\/rewosport.pl\\\/#\\\/schema\\\/logo\\\/image\\\/\"}}]}<\/script>\n<!-- \/ Yoast SEO plugin. -->","yoast_head_json":{"title":"Uphill MTB Sto\u017cek - Partnerzy - pomiar czasu - chipy, fotokom\u00f3rki - zawody sportowe, obozy sportowe","robots":{"index":"index","follow":"follow","max-snippet":"max-snippet:-1","max-image-preview":"max-image-preview:large","max-video-preview":"max-video-preview:-1"},"canonical":"https:\/\/rewosport.pl\/?page_id=1288","og_locale":"pl_PL","og_type":"article","og_title":"Uphill MTB Sto\u017cek - Partnerzy - pomiar czasu - chipy, fotokom\u00f3rki - zawody sportowe, obozy sportowe","og_url":"https:\/\/rewosport.pl\/?page_id=1288","og_site_name":"pomiar czasu - chipy, fotokom\u00f3rki - zawody sportowe, obozy sportowe","article_modified_time":"2023-09-27T06:53:52+00:00","og_image":[{"width":1200,"height":801,"url":"https:\/\/rewosport.pl\/wp-content\/uploads\/2020\/10\/DSC_1-271.jpg","type":"image\/jpeg"}],"twitter_card":"summary_large_image","twitter_misc":{"Szacowany czas czytania":"3 minuty"},"schema":{"@context":"https:\/\/schema.org","@graph":[{"@type":"WebPage","@id":"https:\/\/rewosport.pl\/?page_id=1288","url":"https:\/\/rewosport.pl\/?page_id=1288","name":"Uphill MTB Sto\u017cek - Partnerzy - pomiar czasu - chipy, fotokom\u00f3rki - zawody sportowe, obozy sportowe","isPartOf":{"@id":"https:\/\/rewosport.pl\/#website"},"primaryImageOfPage":{"@id":"https:\/\/rewosport.pl\/?page_id=1288#primaryimage"},"image":{"@id":"https:\/\/rewosport.pl\/?page_id=1288#primaryimage"},"thumbnailUrl":"https:\/\/rewosport.pl\/wp-content\/uploads\/2020\/10\/DSC_1-271.jpg","datePublished":"2021-11-14T15:38:03+00:00","dateModified":"2023-09-27T06:53:52+00:00","breadcrumb":{"@id":"https:\/\/rewosport.pl\/?page_id=1288#breadcrumb"},"inLanguage":"pl-PL","potentialAction":[{"@type":"ReadAction","target":["https:\/\/rewosport.pl\/?page_id=1288"]}]},{"@type":"ImageObject","inLanguage":"pl-PL","@id":"https:\/\/rewosport.pl\/?page_id=1288#primaryimage","url":"https:\/\/rewosport.pl\/wp-content\/uploads\/2020\/10\/DSC_1-271.jpg","contentUrl":"https:\/\/rewosport.pl\/wp-content\/uploads\/2020\/10\/DSC_1-271.jpg","width":1200,"height":801},{"@type":"BreadcrumbList","@id":"https:\/\/rewosport.pl\/?page_id=1288#breadcrumb","itemListElement":[{"@type":"ListItem","position":1,"name":"Home","item":"https:\/\/rewosport.pl\/"},{"@type":"ListItem","position":2,"name":"Uphill MTB Sto\u017cek &#8211; Partnerzy"}]},{"@type":"WebSite","@id":"https:\/\/rewosport.pl\/#website","url":"https:\/\/rewosport.pl\/","name":"pomiar czasu - chipy, fotokom\u00f3rki - zawody sportowe, obozy sportowe","description":"elektroniczny pomiar czasu na zawodach sportowych - chipy, fotokom\u00f3rki; organizator zawod\u00f3w sportowych - biegowych, rowerowych, oboz\u00f3w sportowych,","publisher":{"@id":"https:\/\/rewosport.pl\/#organization"},"potentialAction":[{"@type":"SearchAction","target":{"@type":"EntryPoint","urlTemplate":"https:\/\/rewosport.pl\/?s={search_term_string}"},"query-input":{"@type":"PropertyValueSpecification","valueRequired":true,"valueName":"search_term_string"}}],"inLanguage":"pl-PL"},{"@type":"Organization","@id":"https:\/\/rewosport.pl\/#organization","name":"pomiar czasu - chipy, fotokom\u00f3rki - zawody sportowe, obozy sportowe","url":"https:\/\/rewosport.pl\/","logo":{"@type":"ImageObject","inLanguage":"pl-PL","@id":"https:\/\/rewosport.pl\/#\/schema\/logo\/image\/","url":"https:\/\/rewosport.pl\/wp-content\/uploads\/2020\/07\/logo_rewosport.png","contentUrl":"https:\/\/rewosport.pl\/wp-content\/uploads\/2020\/07\/logo_rewosport.png","width":346,"height":200,"caption":"pomiar czasu - chipy, fotokom\u00f3rki - zawody sportowe, obozy sportowe"},"image":{"@id":"https:\/\/rewosport.pl\/#\/schema\/logo\/image\/"}}]}},"_links":{"self":[{"href":"https:\/\/rewosport.pl\/index.php?rest_route=\/wp\/v2\/pages\/1288","targetHints":{"allow":["GET"]}}],"collection":[{"href":"https:\/\/rewosport.pl\/index.php?rest_route=\/wp\/v2\/pages"}],"about":[{"href":"https:\/\/rewosport.pl\/index.php?rest_route=\/wp\/v2\/types\/page"}],"author":[{"embeddable":true,"href":"https:\/\/rewosport.pl\/index.php?rest_route=\/wp\/v2\/users\/1"}],"replies":[{"embeddable":true,"href":"https:\/\/rewosport.pl\/index.php?rest_route=%2Fwp%2Fv2%2Fcomments&post=1288"}],"version-history":[{"count":16,"href":"https:\/\/rewosport.pl\/index.php?rest_route=\/wp\/v2\/pages\/1288\/revisions"}],"predecessor-version":[{"id":2827,"href":"https:\/\/rewosport.pl\/index.php?rest_route=\/wp\/v2\/pages\/1288\/revisions\/2827"}],"wp:featuredmedia":[{"embeddable":true,"href":"https:\/\/rewosport.pl\/index.php?rest_route=\/wp\/v2\/media\/953"}],"wp:attachment":[{"href":"https:\/\/rewosport.pl\/index.php?rest_route=%2Fwp%2Fv2%2Fmedia&parent=1288"}],"curies":[{"name":"wp","href":"https:\/\/api.w.org\/{rel}","templated":true}]}}