{"id":1753,"date":"2022-01-06T19:49:11","date_gmt":"2022-01-06T18:49:11","guid":{"rendered":"http:\/\/rewosport.pl\/?page_id=1753"},"modified":"2026-02-22T19:43:36","modified_gmt":"2026-02-22T18:43:36","slug":"pomiar-czasu-rfid-uhf-chipy-pasywne","status":"publish","type":"page","link":"https:\/\/rewosport.pl\/?page_id=1753","title":{"rendered":"Pomiar czasu &#8211; RFID-UHF \/ chipy pasywne"},"content":{"rendered":"\n<p id=\"rfid-uhf-timing\"><strong>RFID-UHF \u2013 chipy<\/strong>&nbsp;\/ tagi \/ transpondery&nbsp;<strong>pasywne<\/strong><\/p>\n\n\n\n<p>#chip, #tag, #chipy, #rfiduhf, #sportstiming<\/p>\n\n\n\n<p><strong>Wykorzystuj\u0105c system pomiaru czasu oparty o technologi\u0119 RFID UHF (chipy) mo\u017cemy zmierzy\u0107 czas w zawodach sportowych ze startem masowym, falowym, indywidualnym czy interwa\u0142owym a najwi\u0119ksz\u0105 zalet\u0105 jest mo\u017cliwo\u015b\u0107 \u201ezanotowania\u201d jednorazowo wi\u0119kszej ilo\u015bci zawodnik\u00f3w docieraj\u0105cych na met\u0119. Mo\u017cemy zmierzy\u0107 jednocze\u015bnie czas w zawodach, podczas kt\u00f3rych zawodnicy jednocze\u015bnie pokonuj\u0105 r\u00f3\u017cne dystanse zadeklarowane podczas rejestracji (np. wsp\u00f3lny start, r\u00f3\u017cne dystanse).<\/strong><\/p>\n\n\n\n<figure class=\"wp-block-image size-large\"><img loading=\"lazy\" decoding=\"async\" width=\"1024\" height=\"768\" src=\"http:\/\/rewosport.pl\/wp-content\/uploads\/2021\/11\/IMG_20200829_115801-1024x768.jpg\" alt=\"\" class=\"wp-image-1283\" srcset=\"https:\/\/rewosport.pl\/wp-content\/uploads\/2021\/11\/IMG_20200829_115801-1024x768.jpg 1024w, https:\/\/rewosport.pl\/wp-content\/uploads\/2021\/11\/IMG_20200829_115801-300x225.jpg 300w, https:\/\/rewosport.pl\/wp-content\/uploads\/2021\/11\/IMG_20200829_115801-768x576.jpg 768w, https:\/\/rewosport.pl\/wp-content\/uploads\/2021\/11\/IMG_20200829_115801-1536x1152.jpg 1536w, https:\/\/rewosport.pl\/wp-content\/uploads\/2021\/11\/IMG_20200829_115801-2048x1536.jpg 2048w, https:\/\/rewosport.pl\/wp-content\/uploads\/2021\/11\/IMG_20200829_115801-1440x1080.jpg 1440w\" sizes=\"auto, (max-width: 1024px) 100vw, 1024px\" \/><\/figure>\n\n\n\n<p><strong>ZALETY<\/strong>:<br>\u2013&nbsp;<strong>brak ogranicze\u0144 co do ilo\u015bci zawodnik\u00f3w<\/strong><br>\u2013&nbsp;<strong>brak ogranicze\u0144 co do sposobu rozgrywania zawod\u00f3w&nbsp;<\/strong>(r\u00f3\u017cne opcje startu, r\u00f3\u017cne dystanse podczas jednej imprezy, wiele okr\u0105\u017ce\u0144, itd.)<br>\u2013&nbsp;<strong>dok\u0142adno\u015b\u0107<\/strong>: teoretycznie 0,1 sekundy, praktycznie oko\u0142o 0,2-0,4 sekundy<\/p>\n\n\n\n<figure class=\"wp-block-image size-large\"><img loading=\"lazy\" decoding=\"async\" width=\"1024\" height=\"768\" src=\"http:\/\/rewosport.pl\/wp-content\/uploads\/2022\/05\/IMG_20220529_095427-1024x768.jpg\" alt=\"\" class=\"wp-image-1831\" srcset=\"https:\/\/rewosport.pl\/wp-content\/uploads\/2022\/05\/IMG_20220529_095427-1024x768.jpg 1024w, https:\/\/rewosport.pl\/wp-content\/uploads\/2022\/05\/IMG_20220529_095427-300x225.jpg 300w, https:\/\/rewosport.pl\/wp-content\/uploads\/2022\/05\/IMG_20220529_095427-768x576.jpg 768w, https:\/\/rewosport.pl\/wp-content\/uploads\/2022\/05\/IMG_20220529_095427-1536x1152.jpg 1536w, https:\/\/rewosport.pl\/wp-content\/uploads\/2022\/05\/IMG_20220529_095427-2048x1536.jpg 2048w, https:\/\/rewosport.pl\/wp-content\/uploads\/2022\/05\/IMG_20220529_095427-1440x1080.jpg 1440w\" sizes=\"auto, (max-width: 1024px) 100vw, 1024px\" \/><\/figure>\n\n\n\n<p>Doskonale sprawdza si\u0119 we wszelkich dyscyplinach sportu gdzie na mecie mo\u017ce pojawi\u0107 si\u0119 jednorazowo co najmniej kilku zawodnik\u00f3w:<br>==&nbsp;<strong>kolarstwo \u2013 g\u00f3rskie, szosowe, prze\u0142ajowe<\/strong><br>\u2013 MTB XC \u2013 cross country (wy\u015bcig na p\u0119tli) &#8211; <strong><em>mierzyli\u015bmy czas m.in. na Pucharze Polski 2024 MTB XCO UCI-C1 w Jastrz\u0119biu-Zdr\u00f3j, Pucharze Polski 2023 MTB XCO <strong><em>UCI-C2<\/em><\/strong> w Jastrz\u0119biu-Zdr\u00f3j oraz Pucharze Polski 2022 MTB XCO <strong><em>UCI-C3<\/em><\/strong> w Jastrz\u0119biu-Zdr\u00f3j <\/em><\/strong><br>\u2013 MTB XCM \u2013 maraton,<br>\u2013 TT \u2013 jazda na czas, uphill,<br>\u2013 MTB enduro,<br>\u2013 BMX,<br>\u2013 wy\u015bcigi szosowe (ROAD) \u2013 kryteria, etap\u00f3wki, itd.<br>\u2013 wy\u015bcigi prze\u0142ajowe (CX)<br>==&nbsp;<strong>biegi masowe<\/strong><br>\u2013 maraton, p\u00f3\u0142maraton, 10km, 5km, itd.<br>\u2013 biegi g\u00f3rskie<br>\u2013 biegi prze\u0142ajowe<br>==&nbsp;<strong>narciarstwo klasyczne<\/strong>&nbsp;\u2013 biegi narciarskie<br>==&nbsp;<strong>motorsport&nbsp;<\/strong>(enduro, hard-enduro, itd.)<\/p>\n\n\n\n<p><strong>WADY<\/strong>: mniejsza dok\u0142adno\u015b\u0107 czasu (0,2-0,4 sekundy) ni\u017c w przypadku fotokom\u00f3rek ORAZ mo\u017cliwo\u015b\u0107 odczytania chip\u00f3w przez sprz\u0119t (anteny, czytnik, system) w innej kolejno\u015bci ni\u017c rzeczywi\u015bcie mia\u0142o to miejsce (np. w przypadku pojawienia si\u0119 na punkcie pomiaru czasu kilku zawodnik\u00f3w jednocze\u015bnie\/bardzo blisko siebie) \u2013 w celu unikni\u0119cia tego typu b\u0142\u0119d\u00f3w stosujemy m.in. zapis wideo z linii mety. Wspomniane wady dotycz\u0105 ka\u017cdego systemu RFID-UHF, niezale\u017cnie od producenta i posiadanego oprogramowania \u2013 <em>wiele firm i os\u00f3b obs\u0142uguj\u0105cych pomiar czasu o tym nawet nie wie lub nie wie jaka jest tego przyczyna<\/em>.<\/p>\n\n\n\n<p><strong>OPROGRAMOWANIE<\/strong><\/p>\n\n\n\n<p>Do obs\u0142ugi pomiaru czasu, a tak\u017ce do rejestracji oraz publikacji wynik\u00f3w na \u017cywo i ko\u0144cowych, wykorzystujemy oprogramowanie WebscorerPRO i platform\u0119 internetow\u0105 Webscorer.com ze wszystkimi jej mo\u017cliwo\u015bciami.<\/p>\n\n\n\n<p><strong>W kompleksowej ofercie pomiaru czasu Rewosport znajduj\u0105 <\/strong>si\u0119:<br>&#8211; 4 r\u00f3\u017cne rozwi\u0105zania elektronicznego pomiaru czasu<br>&#8211; wyniki oficjalne dost\u0119pne nawet w kilka minut po zako\u0144czeniu zawod\u00f3w<br>&#8211; wyniki na \u017cywo online<br>&#8211; wyniki na \u017cywo na ekranie w okolicy mety<br>&#8211; przygotowanie i obs\u0142uga zapis\u00f3w na zawody oraz p\u0142atno\u015bci (op\u0142ata startowa) online<br>&#8211; obs\u0142uga biura zawod\u00f3w zapis\u00f3w i wydawania numer\u00f3w startowych<br>&#8211; wypo\u017cyczenie lub przygotowanie bezzwrotnych numer\u00f3w startowych<br>&#8211; samowystarczalno\u015b\u0107 energetyczna &#8211; jeste\u015bmy w stanie zmierzy\u0107 czas tak\u017ce w miejscach bez dost\u0119pu do sieci energetycznej<\/p>\n\n\n\n<p><strong>Wycena pomiaru czasu jest indywidualnie przygotowywana i uzale\u017cniona jest od wielu czynnik\u00f3w, m.in. wybranego rodzaju pomiaru czasu, ilo\u015bci mi\u0119dzyczas\u00f3w\/punkt\u00f3w kontrolnych, przewidywanej ilo\u015bci zawodnik\u00f3w, obs\u0142ugi biura zawod\u00f3w, obs\u0142ugi rejestracji i p\u0142atno\u015bci online, czasu trwania zawod\u00f3w, itd. Zapraszamy do kontaktu &#8211; info@rewosport.pl lub +48607706603<\/strong><\/p>\n\n\n\n<figure class=\"wp-block-image size-large\"><img loading=\"lazy\" decoding=\"async\" width=\"1024\" height=\"682\" src=\"http:\/\/rewosport.pl\/wp-content\/uploads\/2020\/08\/IMG_3018-1024x682.jpg\" alt=\"\" class=\"wp-image-487\" srcset=\"https:\/\/rewosport.pl\/wp-content\/uploads\/2020\/08\/IMG_3018-1024x682.jpg 1024w, https:\/\/rewosport.pl\/wp-content\/uploads\/2020\/08\/IMG_3018-300x200.jpg 300w, https:\/\/rewosport.pl\/wp-content\/uploads\/2020\/08\/IMG_3018-768x512.jpg 768w, https:\/\/rewosport.pl\/wp-content\/uploads\/2020\/08\/IMG_3018.jpg 1400w\" sizes=\"auto, (max-width: 1024px) 100vw, 1024px\" \/><\/figure>\n\n\n\n<figure class=\"wp-block-image size-large\"><img loading=\"lazy\" decoding=\"async\" width=\"1024\" height=\"768\" src=\"http:\/\/rewosport.pl\/wp-content\/uploads\/2022\/05\/IMG_20220529_092849-1024x768.jpg\" alt=\"\" class=\"wp-image-1833\" srcset=\"https:\/\/rewosport.pl\/wp-content\/uploads\/2022\/05\/IMG_20220529_092849-1024x768.jpg 1024w, https:\/\/rewosport.pl\/wp-content\/uploads\/2022\/05\/IMG_20220529_092849-300x225.jpg 300w, https:\/\/rewosport.pl\/wp-content\/uploads\/2022\/05\/IMG_20220529_092849-768x576.jpg 768w, https:\/\/rewosport.pl\/wp-content\/uploads\/2022\/05\/IMG_20220529_092849-1536x1152.jpg 1536w, https:\/\/rewosport.pl\/wp-content\/uploads\/2022\/05\/IMG_20220529_092849-2048x1536.jpg 2048w, https:\/\/rewosport.pl\/wp-content\/uploads\/2022\/05\/IMG_20220529_092849-1440x1080.jpg 1440w\" sizes=\"auto, (max-width: 1024px) 100vw, 1024px\" \/><\/figure>\n\n\n\n<figure class=\"wp-block-image size-large\"><img loading=\"lazy\" decoding=\"async\" width=\"1024\" height=\"768\" src=\"http:\/\/rewosport.pl\/wp-content\/uploads\/2020\/10\/IMG_20201025_115500-1024x768.jpg\" alt=\"\" class=\"wp-image-666\" srcset=\"https:\/\/rewosport.pl\/wp-content\/uploads\/2020\/10\/IMG_20201025_115500-1024x768.jpg 1024w, https:\/\/rewosport.pl\/wp-content\/uploads\/2020\/10\/IMG_20201025_115500-300x225.jpg 300w, https:\/\/rewosport.pl\/wp-content\/uploads\/2020\/10\/IMG_20201025_115500-768x576.jpg 768w, https:\/\/rewosport.pl\/wp-content\/uploads\/2020\/10\/IMG_20201025_115500-1536x1152.jpg 1536w, https:\/\/rewosport.pl\/wp-content\/uploads\/2020\/10\/IMG_20201025_115500-2048x1536.jpg 2048w, https:\/\/rewosport.pl\/wp-content\/uploads\/2020\/10\/IMG_20201025_115500-1440x1080.jpg 1440w\" sizes=\"auto, (max-width: 1024px) 100vw, 1024px\" \/><\/figure>\n\n\n\n<figure class=\"wp-block-image size-large\"><img loading=\"lazy\" decoding=\"async\" width=\"1024\" height=\"768\" src=\"http:\/\/rewosport.pl\/wp-content\/uploads\/2022\/01\/IMG_20211119_183218-1024x768.jpg\" alt=\"\" class=\"wp-image-1771\" srcset=\"https:\/\/rewosport.pl\/wp-content\/uploads\/2022\/01\/IMG_20211119_183218-1024x768.jpg 1024w, https:\/\/rewosport.pl\/wp-content\/uploads\/2022\/01\/IMG_20211119_183218-300x225.jpg 300w, https:\/\/rewosport.pl\/wp-content\/uploads\/2022\/01\/IMG_20211119_183218-768x576.jpg 768w, https:\/\/rewosport.pl\/wp-content\/uploads\/2022\/01\/IMG_20211119_183218-1536x1152.jpg 1536w, https:\/\/rewosport.pl\/wp-content\/uploads\/2022\/01\/IMG_20211119_183218-2048x1536.jpg 2048w, https:\/\/rewosport.pl\/wp-content\/uploads\/2022\/01\/IMG_20211119_183218-1440x1080.jpg 1440w\" sizes=\"auto, (max-width: 1024px) 100vw, 1024px\" \/><\/figure>\n\n\n\n<figure class=\"wp-block-image size-large is-resized\"><img loading=\"lazy\" decoding=\"async\" width=\"1024\" height=\"682\" src=\"https:\/\/rewosport.pl\/wp-content\/uploads\/2023\/10\/IMG_0148-2-1024x682.jpg\" alt=\"\" class=\"wp-image-3023\" style=\"aspect-ratio:1.501466275659824;width:840px;height:auto\" srcset=\"https:\/\/rewosport.pl\/wp-content\/uploads\/2023\/10\/IMG_0148-2-1024x682.jpg 1024w, https:\/\/rewosport.pl\/wp-content\/uploads\/2023\/10\/IMG_0148-2-300x200.jpg 300w, https:\/\/rewosport.pl\/wp-content\/uploads\/2023\/10\/IMG_0148-2-768x512.jpg 768w, https:\/\/rewosport.pl\/wp-content\/uploads\/2023\/10\/IMG_0148-2.jpg 1400w\" sizes=\"auto, (max-width: 1024px) 100vw, 1024px\" \/><\/figure>\n\n\n\n<figure class=\"wp-block-image size-large\"><img loading=\"lazy\" decoding=\"async\" width=\"1024\" height=\"682\" src=\"https:\/\/rewosport.pl\/wp-content\/uploads\/2023\/10\/IMG_0175-2-1024x682.jpg\" alt=\"\" class=\"wp-image-3024\" srcset=\"https:\/\/rewosport.pl\/wp-content\/uploads\/2023\/10\/IMG_0175-2-1024x682.jpg 1024w, https:\/\/rewosport.pl\/wp-content\/uploads\/2023\/10\/IMG_0175-2-300x200.jpg 300w, https:\/\/rewosport.pl\/wp-content\/uploads\/2023\/10\/IMG_0175-2-768x512.jpg 768w, https:\/\/rewosport.pl\/wp-content\/uploads\/2023\/10\/IMG_0175-2.jpg 1400w\" sizes=\"auto, (max-width: 1024px) 100vw, 1024px\" \/><\/figure>\n","protected":false},"excerpt":{"rendered":"<p>RFID-UHF \u2013 chipy&nbsp;\/ tagi \/ transpondery&nbsp;pasywne #chip, #tag, #chipy, #rfiduhf, #sportstiming Wykorzystuj\u0105c system pomiaru czasu oparty o technologi\u0119 RFID UHF (chipy) mo\u017cemy zmierzy\u0107 czas w zawodach sportowych ze startem masowym, falowym, indywidualnym czy interwa\u0142owym a najwi\u0119ksz\u0105 zalet\u0105 jest mo\u017cliwo\u015b\u0107 \u201ezanotowania\u201d jednorazowo wi\u0119kszej ilo\u015bci zawodnik\u00f3w docieraj\u0105cych na met\u0119. Mo\u017cemy zmierzy\u0107 jednocze\u015bnie czas w zawodach, podczas kt\u00f3rych&hellip; <br \/> <a class=\"read-more\" href=\"https:\/\/rewosport.pl\/?page_id=1753\">Dowiedz si\u0119 wi\u0119cej<\/a><\/p>\n","protected":false},"author":1,"featured_media":1277,"parent":0,"menu_order":0,"comment_status":"closed","ping_status":"closed","template":"","meta":{"footnotes":""},"class_list":["post-1753","page","type-page","status-publish","has-post-thumbnail","hentry"],"yoast_head":"<!-- This site is optimized with the Yoast SEO plugin v27.4 - https:\/\/yoast.com\/product\/yoast-seo-wordpress\/ -->\n<title>Pomiar czasu - RFID-UHF \/ chipy pasywne - pomiar czasu - chipy, fotokom\u00f3rki - zawody sportowe, obozy sportowe<\/title>\n<meta name=\"robots\" content=\"index, follow, max-snippet:-1, max-image-preview:large, max-video-preview:-1\" \/>\n<link rel=\"canonical\" href=\"https:\/\/rewosport.pl\/?page_id=1753\" \/>\n<meta property=\"og:locale\" content=\"pl_PL\" \/>\n<meta property=\"og:type\" content=\"article\" \/>\n<meta property=\"og:title\" content=\"Pomiar czasu - RFID-UHF \/ chipy pasywne - pomiar czasu - chipy, fotokom\u00f3rki - zawody sportowe, obozy sportowe\" \/>\n<meta property=\"og:description\" content=\"RFID-UHF \u2013 chipy&nbsp;\/ tagi \/ transpondery&nbsp;pasywne #chip, #tag, #chipy, #rfiduhf, #sportstiming Wykorzystuj\u0105c system pomiaru czasu oparty o technologi\u0119 RFID UHF (chipy) mo\u017cemy zmierzy\u0107 czas w zawodach sportowych ze startem masowym, falowym, indywidualnym czy interwa\u0142owym a najwi\u0119ksz\u0105 zalet\u0105 jest mo\u017cliwo\u015b\u0107 \u201ezanotowania\u201d jednorazowo wi\u0119kszej ilo\u015bci zawodnik\u00f3w docieraj\u0105cych na met\u0119. Mo\u017cemy zmierzy\u0107 jednocze\u015bnie czas w zawodach, podczas kt\u00f3rych&hellip; Dowiedz si\u0119 wi\u0119cej\" \/>\n<meta property=\"og:url\" content=\"https:\/\/rewosport.pl\/?page_id=1753\" \/>\n<meta property=\"og:site_name\" content=\"pomiar czasu - chipy, fotokom\u00f3rki - zawody sportowe, obozy sportowe\" \/>\n<meta property=\"article:modified_time\" content=\"2026-02-22T18:43:36+00:00\" \/>\n<meta property=\"og:image\" content=\"https:\/\/rewosport.pl\/wp-content\/uploads\/2021\/11\/IMG_20211017_115622-scaled.jpg\" \/>\n\t<meta property=\"og:image:width\" content=\"2560\" \/>\n\t<meta property=\"og:image:height\" content=\"1920\" \/>\n\t<meta property=\"og:image:type\" content=\"image\/jpeg\" \/>\n<meta name=\"twitter:card\" content=\"summary_large_image\" \/>\n<meta name=\"twitter:label1\" content=\"Szacowany czas czytania\" \/>\n\t<meta name=\"twitter:data1\" content=\"5 minut\" \/>\n<script type=\"application\/ld+json\" class=\"yoast-schema-graph\">{\"@context\":\"https:\\\/\\\/schema.org\",\"@graph\":[{\"@type\":\"WebPage\",\"@id\":\"https:\\\/\\\/rewosport.pl\\\/?page_id=1753\",\"url\":\"https:\\\/\\\/rewosport.pl\\\/?page_id=1753\",\"name\":\"Pomiar czasu - RFID-UHF \\\/ chipy pasywne - pomiar czasu - chipy, fotokom\u00f3rki - zawody sportowe, obozy sportowe\",\"isPartOf\":{\"@id\":\"https:\\\/\\\/rewosport.pl\\\/#website\"},\"primaryImageOfPage\":{\"@id\":\"https:\\\/\\\/rewosport.pl\\\/?page_id=1753#primaryimage\"},\"image\":{\"@id\":\"https:\\\/\\\/rewosport.pl\\\/?page_id=1753#primaryimage\"},\"thumbnailUrl\":\"https:\\\/\\\/rewosport.pl\\\/wp-content\\\/uploads\\\/2021\\\/11\\\/IMG_20211017_115622-scaled.jpg\",\"datePublished\":\"2022-01-06T18:49:11+00:00\",\"dateModified\":\"2026-02-22T18:43:36+00:00\",\"breadcrumb\":{\"@id\":\"https:\\\/\\\/rewosport.pl\\\/?page_id=1753#breadcrumb\"},\"inLanguage\":\"pl-PL\",\"potentialAction\":[{\"@type\":\"ReadAction\",\"target\":[\"https:\\\/\\\/rewosport.pl\\\/?page_id=1753\"]}]},{\"@type\":\"ImageObject\",\"inLanguage\":\"pl-PL\",\"@id\":\"https:\\\/\\\/rewosport.pl\\\/?page_id=1753#primaryimage\",\"url\":\"https:\\\/\\\/rewosport.pl\\\/wp-content\\\/uploads\\\/2021\\\/11\\\/IMG_20211017_115622-scaled.jpg\",\"contentUrl\":\"https:\\\/\\\/rewosport.pl\\\/wp-content\\\/uploads\\\/2021\\\/11\\\/IMG_20211017_115622-scaled.jpg\",\"width\":2560,\"height\":1920},{\"@type\":\"BreadcrumbList\",\"@id\":\"https:\\\/\\\/rewosport.pl\\\/?page_id=1753#breadcrumb\",\"itemListElement\":[{\"@type\":\"ListItem\",\"position\":1,\"name\":\"Home\",\"item\":\"https:\\\/\\\/rewosport.pl\\\/\"},{\"@type\":\"ListItem\",\"position\":2,\"name\":\"Pomiar czasu &#8211; RFID-UHF \\\/ chipy pasywne\"}]},{\"@type\":\"WebSite\",\"@id\":\"https:\\\/\\\/rewosport.pl\\\/#website\",\"url\":\"https:\\\/\\\/rewosport.pl\\\/\",\"name\":\"pomiar czasu - chipy, fotokom\u00f3rki - zawody sportowe, obozy sportowe\",\"description\":\"elektroniczny pomiar czasu na zawodach sportowych - chipy, fotokom\u00f3rki; organizator zawod\u00f3w sportowych - biegowych, rowerowych, oboz\u00f3w sportowych,\",\"publisher\":{\"@id\":\"https:\\\/\\\/rewosport.pl\\\/#organization\"},\"potentialAction\":[{\"@type\":\"SearchAction\",\"target\":{\"@type\":\"EntryPoint\",\"urlTemplate\":\"https:\\\/\\\/rewosport.pl\\\/?s={search_term_string}\"},\"query-input\":{\"@type\":\"PropertyValueSpecification\",\"valueRequired\":true,\"valueName\":\"search_term_string\"}}],\"inLanguage\":\"pl-PL\"},{\"@type\":\"Organization\",\"@id\":\"https:\\\/\\\/rewosport.pl\\\/#organization\",\"name\":\"pomiar czasu - chipy, fotokom\u00f3rki - zawody sportowe, obozy sportowe\",\"url\":\"https:\\\/\\\/rewosport.pl\\\/\",\"logo\":{\"@type\":\"ImageObject\",\"inLanguage\":\"pl-PL\",\"@id\":\"https:\\\/\\\/rewosport.pl\\\/#\\\/schema\\\/logo\\\/image\\\/\",\"url\":\"https:\\\/\\\/rewosport.pl\\\/wp-content\\\/uploads\\\/2020\\\/07\\\/logo_rewosport.png\",\"contentUrl\":\"https:\\\/\\\/rewosport.pl\\\/wp-content\\\/uploads\\\/2020\\\/07\\\/logo_rewosport.png\",\"width\":346,\"height\":200,\"caption\":\"pomiar czasu - chipy, fotokom\u00f3rki - zawody sportowe, obozy sportowe\"},\"image\":{\"@id\":\"https:\\\/\\\/rewosport.pl\\\/#\\\/schema\\\/logo\\\/image\\\/\"}}]}<\/script>\n<!-- \/ Yoast SEO plugin. -->","yoast_head_json":{"title":"Pomiar czasu - RFID-UHF \/ chipy pasywne - pomiar czasu - chipy, fotokom\u00f3rki - zawody sportowe, obozy sportowe","robots":{"index":"index","follow":"follow","max-snippet":"max-snippet:-1","max-image-preview":"max-image-preview:large","max-video-preview":"max-video-preview:-1"},"canonical":"https:\/\/rewosport.pl\/?page_id=1753","og_locale":"pl_PL","og_type":"article","og_title":"Pomiar czasu - RFID-UHF \/ chipy pasywne - pomiar czasu - chipy, fotokom\u00f3rki - zawody sportowe, obozy sportowe","og_description":"RFID-UHF \u2013 chipy&nbsp;\/ tagi \/ transpondery&nbsp;pasywne #chip, #tag, #chipy, #rfiduhf, #sportstiming Wykorzystuj\u0105c system pomiaru czasu oparty o technologi\u0119 RFID UHF (chipy) mo\u017cemy zmierzy\u0107 czas w zawodach sportowych ze startem masowym, falowym, indywidualnym czy interwa\u0142owym a najwi\u0119ksz\u0105 zalet\u0105 jest mo\u017cliwo\u015b\u0107 \u201ezanotowania\u201d jednorazowo wi\u0119kszej ilo\u015bci zawodnik\u00f3w docieraj\u0105cych na met\u0119. Mo\u017cemy zmierzy\u0107 jednocze\u015bnie czas w zawodach, podczas kt\u00f3rych&hellip; Dowiedz si\u0119 wi\u0119cej","og_url":"https:\/\/rewosport.pl\/?page_id=1753","og_site_name":"pomiar czasu - chipy, fotokom\u00f3rki - zawody sportowe, obozy sportowe","article_modified_time":"2026-02-22T18:43:36+00:00","og_image":[{"width":2560,"height":1920,"url":"https:\/\/rewosport.pl\/wp-content\/uploads\/2021\/11\/IMG_20211017_115622-scaled.jpg","type":"image\/jpeg"}],"twitter_card":"summary_large_image","twitter_misc":{"Szacowany czas czytania":"5 minut"},"schema":{"@context":"https:\/\/schema.org","@graph":[{"@type":"WebPage","@id":"https:\/\/rewosport.pl\/?page_id=1753","url":"https:\/\/rewosport.pl\/?page_id=1753","name":"Pomiar czasu - RFID-UHF \/ chipy pasywne - pomiar czasu - chipy, fotokom\u00f3rki - zawody sportowe, obozy sportowe","isPartOf":{"@id":"https:\/\/rewosport.pl\/#website"},"primaryImageOfPage":{"@id":"https:\/\/rewosport.pl\/?page_id=1753#primaryimage"},"image":{"@id":"https:\/\/rewosport.pl\/?page_id=1753#primaryimage"},"thumbnailUrl":"https:\/\/rewosport.pl\/wp-content\/uploads\/2021\/11\/IMG_20211017_115622-scaled.jpg","datePublished":"2022-01-06T18:49:11+00:00","dateModified":"2026-02-22T18:43:36+00:00","breadcrumb":{"@id":"https:\/\/rewosport.pl\/?page_id=1753#breadcrumb"},"inLanguage":"pl-PL","potentialAction":[{"@type":"ReadAction","target":["https:\/\/rewosport.pl\/?page_id=1753"]}]},{"@type":"ImageObject","inLanguage":"pl-PL","@id":"https:\/\/rewosport.pl\/?page_id=1753#primaryimage","url":"https:\/\/rewosport.pl\/wp-content\/uploads\/2021\/11\/IMG_20211017_115622-scaled.jpg","contentUrl":"https:\/\/rewosport.pl\/wp-content\/uploads\/2021\/11\/IMG_20211017_115622-scaled.jpg","width":2560,"height":1920},{"@type":"BreadcrumbList","@id":"https:\/\/rewosport.pl\/?page_id=1753#breadcrumb","itemListElement":[{"@type":"ListItem","position":1,"name":"Home","item":"https:\/\/rewosport.pl\/"},{"@type":"ListItem","position":2,"name":"Pomiar czasu &#8211; RFID-UHF \/ chipy pasywne"}]},{"@type":"WebSite","@id":"https:\/\/rewosport.pl\/#website","url":"https:\/\/rewosport.pl\/","name":"pomiar czasu - chipy, fotokom\u00f3rki - zawody sportowe, obozy sportowe","description":"elektroniczny pomiar czasu na zawodach sportowych - chipy, fotokom\u00f3rki; organizator zawod\u00f3w sportowych - biegowych, rowerowych, oboz\u00f3w sportowych,","publisher":{"@id":"https:\/\/rewosport.pl\/#organization"},"potentialAction":[{"@type":"SearchAction","target":{"@type":"EntryPoint","urlTemplate":"https:\/\/rewosport.pl\/?s={search_term_string}"},"query-input":{"@type":"PropertyValueSpecification","valueRequired":true,"valueName":"search_term_string"}}],"inLanguage":"pl-PL"},{"@type":"Organization","@id":"https:\/\/rewosport.pl\/#organization","name":"pomiar czasu - chipy, fotokom\u00f3rki - zawody sportowe, obozy sportowe","url":"https:\/\/rewosport.pl\/","logo":{"@type":"ImageObject","inLanguage":"pl-PL","@id":"https:\/\/rewosport.pl\/#\/schema\/logo\/image\/","url":"https:\/\/rewosport.pl\/wp-content\/uploads\/2020\/07\/logo_rewosport.png","contentUrl":"https:\/\/rewosport.pl\/wp-content\/uploads\/2020\/07\/logo_rewosport.png","width":346,"height":200,"caption":"pomiar czasu - chipy, fotokom\u00f3rki - zawody sportowe, obozy sportowe"},"image":{"@id":"https:\/\/rewosport.pl\/#\/schema\/logo\/image\/"}}]}},"_links":{"self":[{"href":"https:\/\/rewosport.pl\/index.php?rest_route=\/wp\/v2\/pages\/1753","targetHints":{"allow":["GET"]}}],"collection":[{"href":"https:\/\/rewosport.pl\/index.php?rest_route=\/wp\/v2\/pages"}],"about":[{"href":"https:\/\/rewosport.pl\/index.php?rest_route=\/wp\/v2\/types\/page"}],"author":[{"embeddable":true,"href":"https:\/\/rewosport.pl\/index.php?rest_route=\/wp\/v2\/users\/1"}],"replies":[{"embeddable":true,"href":"https:\/\/rewosport.pl\/index.php?rest_route=%2Fwp%2Fv2%2Fcomments&post=1753"}],"version-history":[{"count":9,"href":"https:\/\/rewosport.pl\/index.php?rest_route=\/wp\/v2\/pages\/1753\/revisions"}],"predecessor-version":[{"id":3842,"href":"https:\/\/rewosport.pl\/index.php?rest_route=\/wp\/v2\/pages\/1753\/revisions\/3842"}],"wp:featuredmedia":[{"embeddable":true,"href":"https:\/\/rewosport.pl\/index.php?rest_route=\/wp\/v2\/media\/1277"}],"wp:attachment":[{"href":"https:\/\/rewosport.pl\/index.php?rest_route=%2Fwp%2Fv2%2Fmedia&parent=1753"}],"curies":[{"name":"wp","href":"https:\/\/api.w.org\/{rel}","templated":true}]}}