{"id":1759,"date":"2022-01-06T19:58:49","date_gmt":"2022-01-06T18:58:49","guid":{"rendered":"http:\/\/rewosport.pl\/?page_id=1759"},"modified":"2022-03-10T20:33:17","modified_gmt":"2022-03-10T19:33:17","slug":"reczny-pomiar-zautomatyzowany","status":"publish","type":"page","link":"https:\/\/rewosport.pl\/?page_id=1759","title":{"rendered":"R\u0119czny pomiar zautomatyzowany"},"content":{"rendered":"\n<p><strong>Zautomatyzowany system do r\u0119cznego pomiaru czasu<\/strong><\/p>\n\n\n\n<p id=\"manual-timing\">#manualsportstiming #sportstiming<br>niezale\u017cny lub jako wsparcie systemu RFID-UHF<\/p>\n\n\n\n<p><strong>Do r\u0119cznego pomiaru czasu (bez chip\u00f3w i fotokom\u00f3rek) wykorzystujemy to samo oprogramowanie z kt\u00f3rego korzystamy w systemach opartych o chipy i fotokom\u00f3rki, dzi\u0119ki temu mo\u017cemy zrealizowa\u0107 pomiar ze startem i met\u0105 w innym miejscu oraz z kilkoma mi\u0119dzyczasami w r\u00f3\u017cnych miejscach trasy, wy\u015bwietlanie wynik\u00f3w na \u017cywo online oraz na \u017cywo na ekranie w dowolnym miejscu (na mecie, starcie, w biurze zawod\u00f3w, itd.).<br><br>Istnieje mo\u017cliwo\u015b\u0107 pomiaru czasu na dowolnych zawodach sportowych w dowolnej dyscyplinie i formule pomiaru (start masowy, interwa\u0142owy, falami, sztafety, itd.).<\/strong><\/p>\n\n\n\n<figure class=\"wp-block-gallery has-nested-images columns-default is-cropped wp-block-gallery-1 is-layout-flex wp-block-gallery-is-layout-flex\">\n<figure class=\"wp-block-image size-large\"><img loading=\"lazy\" decoding=\"async\" width=\"1920\" height=\"2560\" data-id=\"1799\" src=\"http:\/\/rewosport.pl\/wp-content\/uploads\/2022\/03\/IMG_20220225_111644-scaled.jpg\" alt=\"\" class=\"wp-image-1799\" srcset=\"https:\/\/rewosport.pl\/wp-content\/uploads\/2022\/03\/IMG_20220225_111644-scaled.jpg 1920w, https:\/\/rewosport.pl\/wp-content\/uploads\/2022\/03\/IMG_20220225_111644-225x300.jpg 225w, https:\/\/rewosport.pl\/wp-content\/uploads\/2022\/03\/IMG_20220225_111644-768x1024.jpg 768w, https:\/\/rewosport.pl\/wp-content\/uploads\/2022\/03\/IMG_20220225_111644-1152x1536.jpg 1152w, https:\/\/rewosport.pl\/wp-content\/uploads\/2022\/03\/IMG_20220225_111644-1536x2048.jpg 1536w, https:\/\/rewosport.pl\/wp-content\/uploads\/2022\/03\/IMG_20220225_111644-1024x1365.jpg 1024w, https:\/\/rewosport.pl\/wp-content\/uploads\/2022\/03\/IMG_20220225_111644-810x1080.jpg 810w\" sizes=\"auto, (max-width: 1920px) 100vw, 1920px\" \/><\/figure>\n\n\n\n<figure class=\"wp-block-image size-large\"><img loading=\"lazy\" decoding=\"async\" width=\"2560\" height=\"1920\" data-id=\"1803\" src=\"http:\/\/rewosport.pl\/wp-content\/uploads\/2022\/03\/IMG_20220211_104931-scaled.jpg\" alt=\"\" class=\"wp-image-1803\" srcset=\"https:\/\/rewosport.pl\/wp-content\/uploads\/2022\/03\/IMG_20220211_104931-scaled.jpg 2560w, https:\/\/rewosport.pl\/wp-content\/uploads\/2022\/03\/IMG_20220211_104931-300x225.jpg 300w, https:\/\/rewosport.pl\/wp-content\/uploads\/2022\/03\/IMG_20220211_104931-1024x768.jpg 1024w, https:\/\/rewosport.pl\/wp-content\/uploads\/2022\/03\/IMG_20220211_104931-768x576.jpg 768w, https:\/\/rewosport.pl\/wp-content\/uploads\/2022\/03\/IMG_20220211_104931-1536x1152.jpg 1536w, https:\/\/rewosport.pl\/wp-content\/uploads\/2022\/03\/IMG_20220211_104931-2048x1536.jpg 2048w, https:\/\/rewosport.pl\/wp-content\/uploads\/2022\/03\/IMG_20220211_104931-1440x1080.jpg 1440w\" sizes=\"auto, (max-width: 2560px) 100vw, 2560px\" \/><\/figure>\n\n\n\n<figure class=\"wp-block-image size-large\"><img loading=\"lazy\" decoding=\"async\" width=\"2560\" height=\"1920\" data-id=\"1794\" src=\"http:\/\/rewosport.pl\/wp-content\/uploads\/2022\/03\/IMG_20220228_093150-scaled.jpg\" alt=\"\" class=\"wp-image-1794\" srcset=\"https:\/\/rewosport.pl\/wp-content\/uploads\/2022\/03\/IMG_20220228_093150-scaled.jpg 2560w, https:\/\/rewosport.pl\/wp-content\/uploads\/2022\/03\/IMG_20220228_093150-300x225.jpg 300w, https:\/\/rewosport.pl\/wp-content\/uploads\/2022\/03\/IMG_20220228_093150-1024x768.jpg 1024w, https:\/\/rewosport.pl\/wp-content\/uploads\/2022\/03\/IMG_20220228_093150-768x576.jpg 768w, https:\/\/rewosport.pl\/wp-content\/uploads\/2022\/03\/IMG_20220228_093150-1536x1152.jpg 1536w, https:\/\/rewosport.pl\/wp-content\/uploads\/2022\/03\/IMG_20220228_093150-2048x1536.jpg 2048w, https:\/\/rewosport.pl\/wp-content\/uploads\/2022\/03\/IMG_20220228_093150-1440x1080.jpg 1440w\" sizes=\"auto, (max-width: 2560px) 100vw, 2560px\" \/><\/figure>\n<\/figure>\n\n\n\n<p><strong>ZALETY<\/strong>:<br>\u2013&nbsp;<strong>dok\u0142adno\u015b\u0107<\/strong>: teoretyczna 0,001 sekundy, praktyczna ok 0,5 sekundy \u2013 zale\u017cna od os\u00f3b obs\u0142uguj\u0105cych punkty pomiarowe. Zanotowanie czasu wymaga r\u0119cznego klikni\u0119cia w momencie pojawienia si\u0119 zawodnika w miejscu dokonywania pomiaru czasu (start, meta, mi\u0119dzyczas)<br>\u2013&nbsp;<strong>brak ogranicze\u0144 co do sposobu rozgrywania zawod\u00f3w&nbsp;<\/strong>(r\u00f3\u017cne opcje startu, r\u00f3\u017cne dystanse podczas jednej imprezy, wiele okr\u0105\u017ce\u0144, itd.)<br>\u2013&nbsp;<strong>ni\u017csze koszty obs\u0142ugi pomiaru czasu<\/strong>&nbsp;zawod\u00f3w w stosunku do system\u00f3w wykorzystuj\u0105cych chipy RFID-UHF oraz fotokom\u00f3rki<br>\u2013&nbsp;<strong>mo\u017cliwo\u015b\u0107 pomiaru czasu w miejscach gdzie niemo\u017cliwe jest dotarcie z innym sprz\u0119tem<\/strong>&nbsp;\u2013 w tym wypadku pomiaru dokonuje si\u0119 na smartfonie, tablecie lub laptopie<br><strong>\u2013 mo\u017cliwo\u015b\u0107 wykorzystania jako wsparcie dla system\u00f3w RFID-UHF (chipy) oraz fotokom\u00f3rek&nbsp;<\/strong>\u2013 mo\u017cliwo\u015b\u0107 r\u0119cznego pomiaru \/ weryfikacji zawodnik\u00f3w na punktach kontrolnych czy mi\u0119dzyczasach, w miejscach gdzie z innym sprz\u0119tem jest niemo\u017cliwe dotarcie<\/p>\n\n\n\n<p>Doskonale sprawdza si\u0119 we wszelkich zawodach sportowych gdzie nie wymagana jest wysoka precyzja pomiaru czasu, oraz kiedy na punkcie pomiaru czasu przewiduje si\u0119 nie wi\u0119cej ni\u017c kilku zawodnik\u00f3w.<\/p>\n\n\n\n<p><strong>OPROGRAMOWANIE<\/strong><\/p>\n\n\n\n<p>Do obs\u0142ugi pomiaru czasu, a tak\u017ce do rejestracji oraz publikacji wynik\u00f3w na \u017cywo i ko\u0144cowych, wykorzystujemy oprogramowanie i platform\u0119 internetow\u0105 Webscorer.com z wszystkimi jej mo\u017cliwo\u015bciami (wersja PRO).<\/p>\n\n\n\n<p><strong>W kompleksowej ofercie pomiaru czasu Rewosport znajduj\u0105 <\/strong>si\u0119:<br>&#8211; 4 r\u00f3\u017cne rozwi\u0105zania elektronicznego pomiaru czasu<br>&#8211; wyniki oficjalne dost\u0119pne nawet w kilka minut po zako\u0144czeniu zawod\u00f3w<br>&#8211; wyniki na \u017cywo online<br>&#8211; wyniki na \u017cywo na ekranie w okolicy mety<br>&#8211; przygotowanie i obs\u0142uga zapis\u00f3w na zawody oraz p\u0142atno\u015bci (op\u0142ata startowa) online<br>&#8211; obs\u0142uga biura zawod\u00f3w zapis\u00f3w i wydawania numer\u00f3w startowych<br>&#8211; wypo\u017cyczenie lub przygotowanie bezzwrotnych numer\u00f3w startowych<br>&#8211; samowystarczalno\u015b\u0107 energetyczna &#8211; jeste\u015bmy w stanie zmierzy\u0107 czas tak\u017ce w miejscach bez dost\u0119pu do sieci energetycznej<\/p>\n\n\n\n<p><strong>Wycena pomiaru czasu jest indywidualnie przygotowywana i uzale\u017cniona jest od wielu czynnik\u00f3w, m.in. wybranego rodzaju pomiaru czasu, ilo\u015bci mi\u0119dzyczas\u00f3w\/punkt\u00f3w kontrolnych, przewidywanej ilo\u015bci zawodnik\u00f3w, obs\u0142ugi biura zawod\u00f3w, obs\u0142ugi rejestracji i p\u0142atno\u015bci online, czasu trwania zawod\u00f3w, itd. Zapraszamy do kontaktu &#8211; info@rewosport.pl lub +48607706603<\/strong><\/p>\n\n\n\n<figure class=\"wp-block-image size-large\"><img loading=\"lazy\" decoding=\"async\" width=\"1024\" height=\"768\" src=\"http:\/\/rewosport.pl\/wp-content\/uploads\/2022\/03\/IMG_20220228_085819-1024x768.jpg\" alt=\"\" class=\"wp-image-1797\" srcset=\"https:\/\/rewosport.pl\/wp-content\/uploads\/2022\/03\/IMG_20220228_085819-1024x768.jpg 1024w, https:\/\/rewosport.pl\/wp-content\/uploads\/2022\/03\/IMG_20220228_085819-300x225.jpg 300w, https:\/\/rewosport.pl\/wp-content\/uploads\/2022\/03\/IMG_20220228_085819-768x576.jpg 768w, https:\/\/rewosport.pl\/wp-content\/uploads\/2022\/03\/IMG_20220228_085819-1536x1152.jpg 1536w, https:\/\/rewosport.pl\/wp-content\/uploads\/2022\/03\/IMG_20220228_085819-2048x1536.jpg 2048w, https:\/\/rewosport.pl\/wp-content\/uploads\/2022\/03\/IMG_20220228_085819-1440x1080.jpg 1440w\" sizes=\"auto, (max-width: 1024px) 100vw, 1024px\" \/><\/figure>\n","protected":false},"excerpt":{"rendered":"<p>Zautomatyzowany system do r\u0119cznego pomiaru czasu #manualsportstiming #sportstimingniezale\u017cny lub jako wsparcie systemu RFID-UHF Do r\u0119cznego pomiaru czasu (bez chip\u00f3w i fotokom\u00f3rek) wykorzystujemy to samo oprogramowanie z kt\u00f3rego korzystamy w systemach opartych o chipy i fotokom\u00f3rki, dzi\u0119ki temu mo\u017cemy zrealizowa\u0107 pomiar ze startem i met\u0105 w innym miejscu oraz z kilkoma mi\u0119dzyczasami w r\u00f3\u017cnych miejscach trasy,&hellip; <br \/> <a class=\"read-more\" href=\"https:\/\/rewosport.pl\/?page_id=1759\">Dowiedz si\u0119 wi\u0119cej<\/a><\/p>\n","protected":false},"author":1,"featured_media":1277,"parent":0,"menu_order":0,"comment_status":"closed","ping_status":"closed","template":"","meta":{"footnotes":""},"class_list":["post-1759","page","type-page","status-publish","has-post-thumbnail","hentry"],"yoast_head":"<!-- This site is optimized with the Yoast SEO plugin v27.4 - https:\/\/yoast.com\/product\/yoast-seo-wordpress\/ -->\n<title>R\u0119czny pomiar zautomatyzowany - pomiar czasu - chipy, fotokom\u00f3rki - zawody sportowe, obozy sportowe<\/title>\n<meta name=\"robots\" content=\"index, follow, max-snippet:-1, max-image-preview:large, max-video-preview:-1\" \/>\n<link rel=\"canonical\" href=\"http:\/\/rewosport.pl\/?page_id=1759\" \/>\n<meta property=\"og:locale\" content=\"pl_PL\" \/>\n<meta property=\"og:type\" content=\"article\" \/>\n<meta property=\"og:title\" content=\"R\u0119czny pomiar zautomatyzowany - pomiar czasu - chipy, fotokom\u00f3rki - zawody sportowe, obozy sportowe\" \/>\n<meta property=\"og:description\" content=\"Zautomatyzowany system do r\u0119cznego pomiaru czasu #manualsportstiming #sportstimingniezale\u017cny lub jako wsparcie systemu RFID-UHF Do r\u0119cznego pomiaru czasu (bez chip\u00f3w i fotokom\u00f3rek) wykorzystujemy to samo oprogramowanie z kt\u00f3rego korzystamy w systemach opartych o chipy i fotokom\u00f3rki, dzi\u0119ki temu mo\u017cemy zrealizowa\u0107 pomiar ze startem i met\u0105 w innym miejscu oraz z kilkoma mi\u0119dzyczasami w r\u00f3\u017cnych miejscach trasy,&hellip; Dowiedz si\u0119 wi\u0119cej\" \/>\n<meta property=\"og:url\" content=\"http:\/\/rewosport.pl\/?page_id=1759\" \/>\n<meta property=\"og:site_name\" content=\"pomiar czasu - chipy, fotokom\u00f3rki - zawody sportowe, obozy sportowe\" \/>\n<meta property=\"article:modified_time\" content=\"2022-03-10T19:33:17+00:00\" \/>\n<meta property=\"og:image\" content=\"http:\/\/rewosport.pl\/wp-content\/uploads\/2021\/11\/IMG_20211017_115622-scaled.jpg\" \/>\n\t<meta property=\"og:image:width\" content=\"2560\" \/>\n\t<meta property=\"og:image:height\" content=\"1920\" \/>\n\t<meta property=\"og:image:type\" content=\"image\/jpeg\" \/>\n<meta name=\"twitter:card\" content=\"summary_large_image\" \/>\n<meta name=\"twitter:label1\" content=\"Szacowany czas czytania\" \/>\n\t<meta name=\"twitter:data1\" content=\"4 minuty\" \/>\n<script type=\"application\/ld+json\" class=\"yoast-schema-graph\">{\"@context\":\"https:\\\/\\\/schema.org\",\"@graph\":[{\"@type\":\"WebPage\",\"@id\":\"http:\\\/\\\/rewosport.pl\\\/?page_id=1759\",\"url\":\"http:\\\/\\\/rewosport.pl\\\/?page_id=1759\",\"name\":\"R\u0119czny pomiar zautomatyzowany - pomiar czasu - chipy, fotokom\u00f3rki - zawody sportowe, obozy sportowe\",\"isPartOf\":{\"@id\":\"https:\\\/\\\/rewosport.pl\\\/#website\"},\"primaryImageOfPage\":{\"@id\":\"http:\\\/\\\/rewosport.pl\\\/?page_id=1759#primaryimage\"},\"image\":{\"@id\":\"http:\\\/\\\/rewosport.pl\\\/?page_id=1759#primaryimage\"},\"thumbnailUrl\":\"https:\\\/\\\/rewosport.pl\\\/wp-content\\\/uploads\\\/2021\\\/11\\\/IMG_20211017_115622-scaled.jpg\",\"datePublished\":\"2022-01-06T18:58:49+00:00\",\"dateModified\":\"2022-03-10T19:33:17+00:00\",\"breadcrumb\":{\"@id\":\"http:\\\/\\\/rewosport.pl\\\/?page_id=1759#breadcrumb\"},\"inLanguage\":\"pl-PL\",\"potentialAction\":[{\"@type\":\"ReadAction\",\"target\":[\"http:\\\/\\\/rewosport.pl\\\/?page_id=1759\"]}]},{\"@type\":\"ImageObject\",\"inLanguage\":\"pl-PL\",\"@id\":\"http:\\\/\\\/rewosport.pl\\\/?page_id=1759#primaryimage\",\"url\":\"https:\\\/\\\/rewosport.pl\\\/wp-content\\\/uploads\\\/2021\\\/11\\\/IMG_20211017_115622-scaled.jpg\",\"contentUrl\":\"https:\\\/\\\/rewosport.pl\\\/wp-content\\\/uploads\\\/2021\\\/11\\\/IMG_20211017_115622-scaled.jpg\",\"width\":2560,\"height\":1920},{\"@type\":\"BreadcrumbList\",\"@id\":\"http:\\\/\\\/rewosport.pl\\\/?page_id=1759#breadcrumb\",\"itemListElement\":[{\"@type\":\"ListItem\",\"position\":1,\"name\":\"Home\",\"item\":\"https:\\\/\\\/rewosport.pl\\\/\"},{\"@type\":\"ListItem\",\"position\":2,\"name\":\"R\u0119czny pomiar zautomatyzowany\"}]},{\"@type\":\"WebSite\",\"@id\":\"https:\\\/\\\/rewosport.pl\\\/#website\",\"url\":\"https:\\\/\\\/rewosport.pl\\\/\",\"name\":\"pomiar czasu - chipy, fotokom\u00f3rki - zawody sportowe, obozy sportowe\",\"description\":\"elektroniczny pomiar czasu na zawodach sportowych - chipy, fotokom\u00f3rki; organizator zawod\u00f3w sportowych - biegowych, rowerowych, oboz\u00f3w sportowych,\",\"publisher\":{\"@id\":\"https:\\\/\\\/rewosport.pl\\\/#organization\"},\"potentialAction\":[{\"@type\":\"SearchAction\",\"target\":{\"@type\":\"EntryPoint\",\"urlTemplate\":\"https:\\\/\\\/rewosport.pl\\\/?s={search_term_string}\"},\"query-input\":{\"@type\":\"PropertyValueSpecification\",\"valueRequired\":true,\"valueName\":\"search_term_string\"}}],\"inLanguage\":\"pl-PL\"},{\"@type\":\"Organization\",\"@id\":\"https:\\\/\\\/rewosport.pl\\\/#organization\",\"name\":\"pomiar czasu - chipy, fotokom\u00f3rki - zawody sportowe, obozy sportowe\",\"url\":\"https:\\\/\\\/rewosport.pl\\\/\",\"logo\":{\"@type\":\"ImageObject\",\"inLanguage\":\"pl-PL\",\"@id\":\"https:\\\/\\\/rewosport.pl\\\/#\\\/schema\\\/logo\\\/image\\\/\",\"url\":\"https:\\\/\\\/rewosport.pl\\\/wp-content\\\/uploads\\\/2020\\\/07\\\/logo_rewosport.png\",\"contentUrl\":\"https:\\\/\\\/rewosport.pl\\\/wp-content\\\/uploads\\\/2020\\\/07\\\/logo_rewosport.png\",\"width\":346,\"height\":200,\"caption\":\"pomiar czasu - chipy, fotokom\u00f3rki - zawody sportowe, obozy sportowe\"},\"image\":{\"@id\":\"https:\\\/\\\/rewosport.pl\\\/#\\\/schema\\\/logo\\\/image\\\/\"}}]}<\/script>\n<!-- \/ Yoast SEO plugin. -->","yoast_head_json":{"title":"R\u0119czny pomiar zautomatyzowany - pomiar czasu - chipy, fotokom\u00f3rki - zawody sportowe, obozy sportowe","robots":{"index":"index","follow":"follow","max-snippet":"max-snippet:-1","max-image-preview":"max-image-preview:large","max-video-preview":"max-video-preview:-1"},"canonical":"http:\/\/rewosport.pl\/?page_id=1759","og_locale":"pl_PL","og_type":"article","og_title":"R\u0119czny pomiar zautomatyzowany - pomiar czasu - chipy, fotokom\u00f3rki - zawody sportowe, obozy sportowe","og_description":"Zautomatyzowany system do r\u0119cznego pomiaru czasu #manualsportstiming #sportstimingniezale\u017cny lub jako wsparcie systemu RFID-UHF Do r\u0119cznego pomiaru czasu (bez chip\u00f3w i fotokom\u00f3rek) wykorzystujemy to samo oprogramowanie z kt\u00f3rego korzystamy w systemach opartych o chipy i fotokom\u00f3rki, dzi\u0119ki temu mo\u017cemy zrealizowa\u0107 pomiar ze startem i met\u0105 w innym miejscu oraz z kilkoma mi\u0119dzyczasami w r\u00f3\u017cnych miejscach trasy,&hellip; Dowiedz si\u0119 wi\u0119cej","og_url":"http:\/\/rewosport.pl\/?page_id=1759","og_site_name":"pomiar czasu - chipy, fotokom\u00f3rki - zawody sportowe, obozy sportowe","article_modified_time":"2022-03-10T19:33:17+00:00","og_image":[{"width":2560,"height":1920,"url":"http:\/\/rewosport.pl\/wp-content\/uploads\/2021\/11\/IMG_20211017_115622-scaled.jpg","type":"image\/jpeg"}],"twitter_card":"summary_large_image","twitter_misc":{"Szacowany czas czytania":"4 minuty"},"schema":{"@context":"https:\/\/schema.org","@graph":[{"@type":"WebPage","@id":"http:\/\/rewosport.pl\/?page_id=1759","url":"http:\/\/rewosport.pl\/?page_id=1759","name":"R\u0119czny pomiar zautomatyzowany - pomiar czasu - chipy, fotokom\u00f3rki - zawody sportowe, obozy sportowe","isPartOf":{"@id":"https:\/\/rewosport.pl\/#website"},"primaryImageOfPage":{"@id":"http:\/\/rewosport.pl\/?page_id=1759#primaryimage"},"image":{"@id":"http:\/\/rewosport.pl\/?page_id=1759#primaryimage"},"thumbnailUrl":"https:\/\/rewosport.pl\/wp-content\/uploads\/2021\/11\/IMG_20211017_115622-scaled.jpg","datePublished":"2022-01-06T18:58:49+00:00","dateModified":"2022-03-10T19:33:17+00:00","breadcrumb":{"@id":"http:\/\/rewosport.pl\/?page_id=1759#breadcrumb"},"inLanguage":"pl-PL","potentialAction":[{"@type":"ReadAction","target":["http:\/\/rewosport.pl\/?page_id=1759"]}]},{"@type":"ImageObject","inLanguage":"pl-PL","@id":"http:\/\/rewosport.pl\/?page_id=1759#primaryimage","url":"https:\/\/rewosport.pl\/wp-content\/uploads\/2021\/11\/IMG_20211017_115622-scaled.jpg","contentUrl":"https:\/\/rewosport.pl\/wp-content\/uploads\/2021\/11\/IMG_20211017_115622-scaled.jpg","width":2560,"height":1920},{"@type":"BreadcrumbList","@id":"http:\/\/rewosport.pl\/?page_id=1759#breadcrumb","itemListElement":[{"@type":"ListItem","position":1,"name":"Home","item":"https:\/\/rewosport.pl\/"},{"@type":"ListItem","position":2,"name":"R\u0119czny pomiar zautomatyzowany"}]},{"@type":"WebSite","@id":"https:\/\/rewosport.pl\/#website","url":"https:\/\/rewosport.pl\/","name":"pomiar czasu - chipy, fotokom\u00f3rki - zawody sportowe, obozy sportowe","description":"elektroniczny pomiar czasu na zawodach sportowych - chipy, fotokom\u00f3rki; organizator zawod\u00f3w sportowych - biegowych, rowerowych, oboz\u00f3w sportowych,","publisher":{"@id":"https:\/\/rewosport.pl\/#organization"},"potentialAction":[{"@type":"SearchAction","target":{"@type":"EntryPoint","urlTemplate":"https:\/\/rewosport.pl\/?s={search_term_string}"},"query-input":{"@type":"PropertyValueSpecification","valueRequired":true,"valueName":"search_term_string"}}],"inLanguage":"pl-PL"},{"@type":"Organization","@id":"https:\/\/rewosport.pl\/#organization","name":"pomiar czasu - chipy, fotokom\u00f3rki - zawody sportowe, obozy sportowe","url":"https:\/\/rewosport.pl\/","logo":{"@type":"ImageObject","inLanguage":"pl-PL","@id":"https:\/\/rewosport.pl\/#\/schema\/logo\/image\/","url":"https:\/\/rewosport.pl\/wp-content\/uploads\/2020\/07\/logo_rewosport.png","contentUrl":"https:\/\/rewosport.pl\/wp-content\/uploads\/2020\/07\/logo_rewosport.png","width":346,"height":200,"caption":"pomiar czasu - chipy, fotokom\u00f3rki - zawody sportowe, obozy sportowe"},"image":{"@id":"https:\/\/rewosport.pl\/#\/schema\/logo\/image\/"}}]}},"_links":{"self":[{"href":"https:\/\/rewosport.pl\/index.php?rest_route=\/wp\/v2\/pages\/1759","targetHints":{"allow":["GET"]}}],"collection":[{"href":"https:\/\/rewosport.pl\/index.php?rest_route=\/wp\/v2\/pages"}],"about":[{"href":"https:\/\/rewosport.pl\/index.php?rest_route=\/wp\/v2\/types\/page"}],"author":[{"embeddable":true,"href":"https:\/\/rewosport.pl\/index.php?rest_route=\/wp\/v2\/users\/1"}],"replies":[{"embeddable":true,"href":"https:\/\/rewosport.pl\/index.php?rest_route=%2Fwp%2Fv2%2Fcomments&post=1759"}],"version-history":[{"count":4,"href":"https:\/\/rewosport.pl\/index.php?rest_route=\/wp\/v2\/pages\/1759\/revisions"}],"predecessor-version":[{"id":1812,"href":"https:\/\/rewosport.pl\/index.php?rest_route=\/wp\/v2\/pages\/1759\/revisions\/1812"}],"wp:featuredmedia":[{"embeddable":true,"href":"https:\/\/rewosport.pl\/index.php?rest_route=\/wp\/v2\/media\/1277"}],"wp:attachment":[{"href":"https:\/\/rewosport.pl\/index.php?rest_route=%2Fwp%2Fv2%2Fmedia&parent=1759"}],"curies":[{"name":"wp","href":"https:\/\/api.w.org\/{rel}","templated":true}]}}