{"id":1762,"date":"2022-01-06T20:00:28","date_gmt":"2022-01-06T19:00:28","guid":{"rendered":"http:\/\/rewosport.pl\/?page_id=1762"},"modified":"2022-01-06T20:38:52","modified_gmt":"2022-01-06T19:38:52","slug":"samoobslugowy-pomiar-czasu","status":"publish","type":"page","link":"https:\/\/rewosport.pl\/?page_id=1762","title":{"rendered":"Samoobs\u0142ugowy pomiar czasu"},"content":{"rendered":"\n<p id=\"qr-timing\"><strong>Samoobs\u0142ugowy pomiar czasu z wykorzystaniem kod\u00f3w QR<\/strong><\/p>\n\n\n\n<p>#selftiming #selfsportstiming #qrtiming<\/p>\n\n\n\n<p>Na trasie zawod\u00f3w s\u0105 umieszczone kody QR, kt\u00f3re zawodnicy w czasie pokonywania trasy musz\u0105 zeskanowa\u0107 za pomoc\u0105 aplikacji \u2013 to jest potwierdzenie zaliczenia trasy oraz s\u0142u\u017cy pomiarowi czasu. Trasa takich zawod\u00f3w wyznaczona jest w terenie np. z wykorzystaniem mapy, tracka GPS, za pomoc\u0105 standardowego znakowania (strza\u0142ki, ta\u015bmy), na orientacj\u0119 z wykorzystaniem tylko punkt\u00f3w kontrolnych. Nie ma grupowania si\u0119 na starcie, bufet\u00f3w na trasie, mety i masowej dekoracji zawodnik\u00f3w. Zawodnicy mog\u0105 wzi\u0105\u0107 udzia\u0142 w zawodach w dowolnym momencie mieszcz\u0105cym si\u0119 w ustalonym przez organizatora okresie czasu. Zawodnicy po zarejestrowaniu si\u0119 na zawody, pobieraj\u0105 aplikacj\u0119 Webscorer, dzi\u0119ki kt\u00f3rej tworz\u0105 konto, rejestruj\u0105 si\u0119 na zawody a kiedy pokonuj\u0105 tras\u0119 skanuj\u0105 kody QR. Czas skanowania wraz ze wsp\u00f3\u0142rz\u0119dnymi GPS (dla pewno\u015bci \u017ce zawodnik by\u0142 w danym miejscu) jest automatycznie przesy\u0142any przez aplikacj\u0119 do systemu pomiaru czasu a na koniec obliczany czas zawodnika jaki potrzebowa\u0142 na pokonanie trasy. Wynik jest od razu umieszczany na li\u015bcie wynik\u00f3w. Kiedy okres czasu ustalony przez organizatora na rywalizacj\u0119 dobiegnie ko\u0144ca publikujemy oficjalne wyniki i realizujemy ustalon\u0105 z organizatorem form\u0119 dekoracji zawodnik\u00f3w.<\/p>\n\n\n\n<p>Samoobs\u0142ugowy pomiar czasu z wykorzystaniem kod\u00f3w QR powsta\u0142 w odpowiedzi na potrzeb\u0119 rywalizacji w czasie panuj\u0105cych obostrze\u0144 zwi\u0105zanych z COVID-19 \u2013 bez wsp\u00f3lnego startu i dekoracji zawodnik\u00f3w.<\/p>\n\n\n\n<p><strong>OPROGRAMOWANIE<\/strong><\/p>\n\n\n\n<p>Do obs\u0142ugi pomiaru czasu, a tak\u017ce do rejestracji oraz publikacji wynik\u00f3w na \u017cywo i ko\u0144cowych, wykorzystujemy oprogramowanie i platform\u0119 internetow\u0105 Webscorer.com ze wszystkimi jej mo\u017cliwo\u015bciami<\/p>\n\n\n\n<p><strong>W kompleksowej ofercie pomiaru czasu Rewosport znajduj\u0105 <\/strong>si\u0119:<br>&#8211; 4 r\u00f3\u017cne rozwi\u0105zania elektronicznego pomiaru czasu<br>&#8211; wyniki oficjalne dost\u0119pne nawet w kilka minut po zako\u0144czeniu zawod\u00f3w<br>&#8211; wyniki na \u017cywo online<br>&#8211; wyniki na \u017cywo na ekranie w okolicy mety<br>&#8211; przygotowanie i obs\u0142uga zapis\u00f3w na zawody oraz p\u0142atno\u015bci (op\u0142ata startowa) online<br>&#8211; obs\u0142uga biura zawod\u00f3w zapis\u00f3w i wydawania numer\u00f3w startowych<br>&#8211; wypo\u017cyczenie lub przygotowanie bezzwrotnych numer\u00f3w startowych<br>&#8211; samowystarczalno\u015b\u0107 energetyczna &#8211; jeste\u015bmy w stanie zmierzy\u0107 czas tak\u017ce w miejscach bez dost\u0119pu do sieci energetycznej<\/p>\n\n\n\n<p><strong>Wycena pomiaru czasu jest indywidualnie przygotowywana i uzale\u017cniona jest od wielu czynnik\u00f3w, m.in. wybranego rodzaju pomiaru czasu, ilo\u015bci mi\u0119dzyczas\u00f3w\/punkt\u00f3w kontrolnych, przewidywanej ilo\u015bci zawodnik\u00f3w, obs\u0142ugi biura zawod\u00f3w, obs\u0142ugi rejestracji i p\u0142atno\u015bci online, czasu trwania zawod\u00f3w, itd. Zapraszamy do kontaktu &#8211; info@rewosport.pl lub +48607706603<\/strong><\/p>\n","protected":false},"excerpt":{"rendered":"<p>Samoobs\u0142ugowy pomiar czasu z wykorzystaniem kod\u00f3w QR #selftiming #selfsportstiming #qrtiming Na trasie zawod\u00f3w s\u0105 umieszczone kody QR, kt\u00f3re zawodnicy w czasie pokonywania trasy musz\u0105 zeskanowa\u0107 za pomoc\u0105 aplikacji \u2013 to jest potwierdzenie zaliczenia trasy oraz s\u0142u\u017cy pomiarowi czasu. Trasa takich zawod\u00f3w wyznaczona jest w terenie np. z wykorzystaniem mapy, tracka GPS, za pomoc\u0105 standardowego znakowania&hellip; <br \/> <a class=\"read-more\" href=\"https:\/\/rewosport.pl\/?page_id=1762\">Dowiedz si\u0119 wi\u0119cej<\/a><\/p>\n","protected":false},"author":1,"featured_media":1277,"parent":0,"menu_order":0,"comment_status":"closed","ping_status":"closed","template":"","meta":{"footnotes":""},"class_list":["post-1762","page","type-page","status-publish","has-post-thumbnail","hentry"],"yoast_head":"<!-- This site is optimized with the Yoast SEO plugin v27.4 - https:\/\/yoast.com\/product\/yoast-seo-wordpress\/ -->\n<title>Samoobs\u0142ugowy pomiar czasu - pomiar czasu - chipy, fotokom\u00f3rki - zawody sportowe, obozy sportowe<\/title>\n<meta name=\"robots\" content=\"index, follow, max-snippet:-1, max-image-preview:large, max-video-preview:-1\" \/>\n<link rel=\"canonical\" href=\"http:\/\/rewosport.pl\/?page_id=1762\" \/>\n<meta property=\"og:locale\" content=\"pl_PL\" \/>\n<meta property=\"og:type\" content=\"article\" \/>\n<meta property=\"og:title\" content=\"Samoobs\u0142ugowy pomiar czasu - pomiar czasu - chipy, fotokom\u00f3rki - zawody sportowe, obozy sportowe\" \/>\n<meta property=\"og:description\" content=\"Samoobs\u0142ugowy pomiar czasu z wykorzystaniem kod\u00f3w QR #selftiming #selfsportstiming #qrtiming Na trasie zawod\u00f3w s\u0105 umieszczone kody QR, kt\u00f3re zawodnicy w czasie pokonywania trasy musz\u0105 zeskanowa\u0107 za pomoc\u0105 aplikacji \u2013 to jest potwierdzenie zaliczenia trasy oraz s\u0142u\u017cy pomiarowi czasu. Trasa takich zawod\u00f3w wyznaczona jest w terenie np. z wykorzystaniem mapy, tracka GPS, za pomoc\u0105 standardowego znakowania&hellip; Dowiedz si\u0119 wi\u0119cej\" \/>\n<meta property=\"og:url\" content=\"http:\/\/rewosport.pl\/?page_id=1762\" \/>\n<meta property=\"og:site_name\" content=\"pomiar czasu - chipy, fotokom\u00f3rki - zawody sportowe, obozy sportowe\" \/>\n<meta property=\"article:modified_time\" content=\"2022-01-06T19:38:52+00:00\" \/>\n<meta property=\"og:image\" content=\"http:\/\/rewosport.pl\/wp-content\/uploads\/2021\/11\/IMG_20211017_115622-scaled.jpg\" \/>\n\t<meta property=\"og:image:width\" content=\"2560\" \/>\n\t<meta property=\"og:image:height\" content=\"1920\" \/>\n\t<meta property=\"og:image:type\" content=\"image\/jpeg\" \/>\n<meta name=\"twitter:card\" content=\"summary_large_image\" \/>\n<meta name=\"twitter:label1\" content=\"Szacowany czas czytania\" \/>\n\t<meta name=\"twitter:data1\" content=\"3 minuty\" \/>\n<script type=\"application\/ld+json\" class=\"yoast-schema-graph\">{\"@context\":\"https:\\\/\\\/schema.org\",\"@graph\":[{\"@type\":\"WebPage\",\"@id\":\"http:\\\/\\\/rewosport.pl\\\/?page_id=1762\",\"url\":\"http:\\\/\\\/rewosport.pl\\\/?page_id=1762\",\"name\":\"Samoobs\u0142ugowy pomiar czasu - pomiar czasu - chipy, fotokom\u00f3rki - zawody sportowe, obozy sportowe\",\"isPartOf\":{\"@id\":\"https:\\\/\\\/rewosport.pl\\\/#website\"},\"primaryImageOfPage\":{\"@id\":\"http:\\\/\\\/rewosport.pl\\\/?page_id=1762#primaryimage\"},\"image\":{\"@id\":\"http:\\\/\\\/rewosport.pl\\\/?page_id=1762#primaryimage\"},\"thumbnailUrl\":\"https:\\\/\\\/rewosport.pl\\\/wp-content\\\/uploads\\\/2021\\\/11\\\/IMG_20211017_115622-scaled.jpg\",\"datePublished\":\"2022-01-06T19:00:28+00:00\",\"dateModified\":\"2022-01-06T19:38:52+00:00\",\"breadcrumb\":{\"@id\":\"http:\\\/\\\/rewosport.pl\\\/?page_id=1762#breadcrumb\"},\"inLanguage\":\"pl-PL\",\"potentialAction\":[{\"@type\":\"ReadAction\",\"target\":[\"http:\\\/\\\/rewosport.pl\\\/?page_id=1762\"]}]},{\"@type\":\"ImageObject\",\"inLanguage\":\"pl-PL\",\"@id\":\"http:\\\/\\\/rewosport.pl\\\/?page_id=1762#primaryimage\",\"url\":\"https:\\\/\\\/rewosport.pl\\\/wp-content\\\/uploads\\\/2021\\\/11\\\/IMG_20211017_115622-scaled.jpg\",\"contentUrl\":\"https:\\\/\\\/rewosport.pl\\\/wp-content\\\/uploads\\\/2021\\\/11\\\/IMG_20211017_115622-scaled.jpg\",\"width\":2560,\"height\":1920},{\"@type\":\"BreadcrumbList\",\"@id\":\"http:\\\/\\\/rewosport.pl\\\/?page_id=1762#breadcrumb\",\"itemListElement\":[{\"@type\":\"ListItem\",\"position\":1,\"name\":\"Home\",\"item\":\"https:\\\/\\\/rewosport.pl\\\/\"},{\"@type\":\"ListItem\",\"position\":2,\"name\":\"Samoobs\u0142ugowy pomiar czasu\"}]},{\"@type\":\"WebSite\",\"@id\":\"https:\\\/\\\/rewosport.pl\\\/#website\",\"url\":\"https:\\\/\\\/rewosport.pl\\\/\",\"name\":\"pomiar czasu - chipy, fotokom\u00f3rki - zawody sportowe, obozy sportowe\",\"description\":\"elektroniczny pomiar czasu na zawodach sportowych - chipy, fotokom\u00f3rki; organizator zawod\u00f3w sportowych - biegowych, rowerowych, oboz\u00f3w sportowych,\",\"publisher\":{\"@id\":\"https:\\\/\\\/rewosport.pl\\\/#organization\"},\"potentialAction\":[{\"@type\":\"SearchAction\",\"target\":{\"@type\":\"EntryPoint\",\"urlTemplate\":\"https:\\\/\\\/rewosport.pl\\\/?s={search_term_string}\"},\"query-input\":{\"@type\":\"PropertyValueSpecification\",\"valueRequired\":true,\"valueName\":\"search_term_string\"}}],\"inLanguage\":\"pl-PL\"},{\"@type\":\"Organization\",\"@id\":\"https:\\\/\\\/rewosport.pl\\\/#organization\",\"name\":\"pomiar czasu - chipy, fotokom\u00f3rki - zawody sportowe, obozy sportowe\",\"url\":\"https:\\\/\\\/rewosport.pl\\\/\",\"logo\":{\"@type\":\"ImageObject\",\"inLanguage\":\"pl-PL\",\"@id\":\"https:\\\/\\\/rewosport.pl\\\/#\\\/schema\\\/logo\\\/image\\\/\",\"url\":\"https:\\\/\\\/rewosport.pl\\\/wp-content\\\/uploads\\\/2020\\\/07\\\/logo_rewosport.png\",\"contentUrl\":\"https:\\\/\\\/rewosport.pl\\\/wp-content\\\/uploads\\\/2020\\\/07\\\/logo_rewosport.png\",\"width\":346,\"height\":200,\"caption\":\"pomiar czasu - chipy, fotokom\u00f3rki - zawody sportowe, obozy sportowe\"},\"image\":{\"@id\":\"https:\\\/\\\/rewosport.pl\\\/#\\\/schema\\\/logo\\\/image\\\/\"}}]}<\/script>\n<!-- \/ Yoast SEO plugin. -->","yoast_head_json":{"title":"Samoobs\u0142ugowy pomiar czasu - pomiar czasu - chipy, fotokom\u00f3rki - zawody sportowe, obozy sportowe","robots":{"index":"index","follow":"follow","max-snippet":"max-snippet:-1","max-image-preview":"max-image-preview:large","max-video-preview":"max-video-preview:-1"},"canonical":"http:\/\/rewosport.pl\/?page_id=1762","og_locale":"pl_PL","og_type":"article","og_title":"Samoobs\u0142ugowy pomiar czasu - pomiar czasu - chipy, fotokom\u00f3rki - zawody sportowe, obozy sportowe","og_description":"Samoobs\u0142ugowy pomiar czasu z wykorzystaniem kod\u00f3w QR #selftiming #selfsportstiming #qrtiming Na trasie zawod\u00f3w s\u0105 umieszczone kody QR, kt\u00f3re zawodnicy w czasie pokonywania trasy musz\u0105 zeskanowa\u0107 za pomoc\u0105 aplikacji \u2013 to jest potwierdzenie zaliczenia trasy oraz s\u0142u\u017cy pomiarowi czasu. Trasa takich zawod\u00f3w wyznaczona jest w terenie np. z wykorzystaniem mapy, tracka GPS, za pomoc\u0105 standardowego znakowania&hellip; Dowiedz si\u0119 wi\u0119cej","og_url":"http:\/\/rewosport.pl\/?page_id=1762","og_site_name":"pomiar czasu - chipy, fotokom\u00f3rki - zawody sportowe, obozy sportowe","article_modified_time":"2022-01-06T19:38:52+00:00","og_image":[{"width":2560,"height":1920,"url":"http:\/\/rewosport.pl\/wp-content\/uploads\/2021\/11\/IMG_20211017_115622-scaled.jpg","type":"image\/jpeg"}],"twitter_card":"summary_large_image","twitter_misc":{"Szacowany czas czytania":"3 minuty"},"schema":{"@context":"https:\/\/schema.org","@graph":[{"@type":"WebPage","@id":"http:\/\/rewosport.pl\/?page_id=1762","url":"http:\/\/rewosport.pl\/?page_id=1762","name":"Samoobs\u0142ugowy pomiar czasu - pomiar czasu - chipy, fotokom\u00f3rki - zawody sportowe, obozy sportowe","isPartOf":{"@id":"https:\/\/rewosport.pl\/#website"},"primaryImageOfPage":{"@id":"http:\/\/rewosport.pl\/?page_id=1762#primaryimage"},"image":{"@id":"http:\/\/rewosport.pl\/?page_id=1762#primaryimage"},"thumbnailUrl":"https:\/\/rewosport.pl\/wp-content\/uploads\/2021\/11\/IMG_20211017_115622-scaled.jpg","datePublished":"2022-01-06T19:00:28+00:00","dateModified":"2022-01-06T19:38:52+00:00","breadcrumb":{"@id":"http:\/\/rewosport.pl\/?page_id=1762#breadcrumb"},"inLanguage":"pl-PL","potentialAction":[{"@type":"ReadAction","target":["http:\/\/rewosport.pl\/?page_id=1762"]}]},{"@type":"ImageObject","inLanguage":"pl-PL","@id":"http:\/\/rewosport.pl\/?page_id=1762#primaryimage","url":"https:\/\/rewosport.pl\/wp-content\/uploads\/2021\/11\/IMG_20211017_115622-scaled.jpg","contentUrl":"https:\/\/rewosport.pl\/wp-content\/uploads\/2021\/11\/IMG_20211017_115622-scaled.jpg","width":2560,"height":1920},{"@type":"BreadcrumbList","@id":"http:\/\/rewosport.pl\/?page_id=1762#breadcrumb","itemListElement":[{"@type":"ListItem","position":1,"name":"Home","item":"https:\/\/rewosport.pl\/"},{"@type":"ListItem","position":2,"name":"Samoobs\u0142ugowy pomiar czasu"}]},{"@type":"WebSite","@id":"https:\/\/rewosport.pl\/#website","url":"https:\/\/rewosport.pl\/","name":"pomiar czasu - chipy, fotokom\u00f3rki - zawody sportowe, obozy sportowe","description":"elektroniczny pomiar czasu na zawodach sportowych - chipy, fotokom\u00f3rki; organizator zawod\u00f3w sportowych - biegowych, rowerowych, oboz\u00f3w sportowych,","publisher":{"@id":"https:\/\/rewosport.pl\/#organization"},"potentialAction":[{"@type":"SearchAction","target":{"@type":"EntryPoint","urlTemplate":"https:\/\/rewosport.pl\/?s={search_term_string}"},"query-input":{"@type":"PropertyValueSpecification","valueRequired":true,"valueName":"search_term_string"}}],"inLanguage":"pl-PL"},{"@type":"Organization","@id":"https:\/\/rewosport.pl\/#organization","name":"pomiar czasu - chipy, fotokom\u00f3rki - zawody sportowe, obozy sportowe","url":"https:\/\/rewosport.pl\/","logo":{"@type":"ImageObject","inLanguage":"pl-PL","@id":"https:\/\/rewosport.pl\/#\/schema\/logo\/image\/","url":"https:\/\/rewosport.pl\/wp-content\/uploads\/2020\/07\/logo_rewosport.png","contentUrl":"https:\/\/rewosport.pl\/wp-content\/uploads\/2020\/07\/logo_rewosport.png","width":346,"height":200,"caption":"pomiar czasu - chipy, fotokom\u00f3rki - zawody sportowe, obozy sportowe"},"image":{"@id":"https:\/\/rewosport.pl\/#\/schema\/logo\/image\/"}}]}},"_links":{"self":[{"href":"https:\/\/rewosport.pl\/index.php?rest_route=\/wp\/v2\/pages\/1762","targetHints":{"allow":["GET"]}}],"collection":[{"href":"https:\/\/rewosport.pl\/index.php?rest_route=\/wp\/v2\/pages"}],"about":[{"href":"https:\/\/rewosport.pl\/index.php?rest_route=\/wp\/v2\/types\/page"}],"author":[{"embeddable":true,"href":"https:\/\/rewosport.pl\/index.php?rest_route=\/wp\/v2\/users\/1"}],"replies":[{"embeddable":true,"href":"https:\/\/rewosport.pl\/index.php?rest_route=%2Fwp%2Fv2%2Fcomments&post=1762"}],"version-history":[{"count":2,"href":"https:\/\/rewosport.pl\/index.php?rest_route=\/wp\/v2\/pages\/1762\/revisions"}],"predecessor-version":[{"id":1775,"href":"https:\/\/rewosport.pl\/index.php?rest_route=\/wp\/v2\/pages\/1762\/revisions\/1775"}],"wp:featuredmedia":[{"embeddable":true,"href":"https:\/\/rewosport.pl\/index.php?rest_route=\/wp\/v2\/media\/1277"}],"wp:attachment":[{"href":"https:\/\/rewosport.pl\/index.php?rest_route=%2Fwp%2Fv2%2Fmedia&parent=1762"}],"curies":[{"name":"wp","href":"https:\/\/api.w.org\/{rel}","templated":true}]}}