{"id":1776,"date":"2022-01-06T20:27:30","date_gmt":"2022-01-06T19:27:30","guid":{"rendered":"http:\/\/rewosport.pl\/?page_id=1776"},"modified":"2022-05-27T10:00:08","modified_gmt":"2022-05-27T08:00:08","slug":"test-szybkosci-liniowej","status":"publish","type":"page","link":"https:\/\/rewosport.pl\/?page_id=1776","title":{"rendered":"Test szybko\u015bci liniowej"},"content":{"rendered":"\n<p class=\"has-medium-font-size\"><strong>POMIAR ROZP\u0118DZANIA SI\u0118 ze startu zatrzymanego lub lotnego<\/strong><br><strong>POMIAR SZYBKO\u015aCI STARTOWEJ<br>TEST SZYBKO\u015aCI LINIOWEJ 5-10-30<\/strong><\/p>\n\n\n\n<p><strong>Doskona\u0142e narz\u0119dzie dla trener\u00f3w \/ klub\u00f3w sportowych &#8211; kolarstwo g\u00f3rskie, kolarstwo prza\u0142ajowe, biegi kr\u00f3tko i \u015brednio dystansowe, sporty motorowe, tenis ziemny, gry zespo\u0142owy &#8211; pi\u0142ka no\u017cna, koszyk\u00f3wka, siatk\u00f3wka, pi\u0142ka r\u0119czna<\/strong>, <strong>motorsport (np. rajdy i wy\u015bcigi samochodowe) <\/strong>&#8211; wszystkie sporty gdzie istotna jest szybko\u015b\u0107 startowa. <\/p>\n\n\n\n<p>Dysponujemy r\u0119cznym starterem z sygnalizacj\u0105 d\u017awi\u0119kowo-wizualn\u0105 (czas uruchamiany po wduszeniu przycisku jednocze\u015bnie wyzwalaj\u0105c d\u017awi\u0119k oraz w\u0142\u0105czaj\u0105c zielone \u015bwiat\u0142o) oraz 5 fotokom\u00f3rkami, kt\u00f3re rozstawione s\u0105 w r\u00f3wnych odleg\u0142o\u015bciach od startu (co kilka-kilkana\u015bcie metr\u00f3w &#8211; w zale\u017cno\u015bci od potrzeb). <\/p>\n\n\n\n<p>Taki zestaw umo\u017cliwia dokonanie pomiaru rozp\u0119dzania si\u0119 zawodnika ze startu zatrzymanego po sygnale startu (lub bez sygna\u0142u startu dla testu szybko\u015bci liniowej) na pierwszych kilku-kilkunastu-kilkudziesi\u0119ciu metrach, rozp\u0119dzania si\u0119 zawodnika po nawrocie na trasie, reakcji zawodnika na sygna\u0142 startu, itd. Wyniki pomiar\u00f3w przekazujemy trenerowi w arkuszu kalkulacyjnym.<\/p>\n\n\n\n<p><strong>Test szybko\u015bci liniowej 5-10-30<\/strong> ocenia szybko\u015b\u0107 maksymaln\u0105 oraz przyspieszenie zawodnika na trzech odcinkach (5-10-30 metr\u00f3w) mierzonych w trakcie jednego biegu po prostej. Jest to podstawowy test oceny motorycznej sportowc\u00f3w. Test nie ocenia szybko\u015bci reakcji startowej. Zawodnik wykonuje start z pozycji stoj\u0105cej bez sygna\u0142u startu a pomiar czasu zostaje uruchomiony przez przeci\u0119cie pierwszej fotokom\u00f3rki ustawionej ok 30-40 cm od miejsca startu.<\/p>\n\n\n\n<figure class=\"wp-block-image size-large\"><img loading=\"lazy\" decoding=\"async\" width=\"1024\" height=\"865\" src=\"http:\/\/rewosport.pl\/wp-content\/uploads\/2022\/01\/fotokomorki_pomiar_startu-1024x865.png\" alt=\"\" class=\"wp-image-1787\" srcset=\"https:\/\/rewosport.pl\/wp-content\/uploads\/2022\/01\/fotokomorki_pomiar_startu-1024x865.png 1024w, https:\/\/rewosport.pl\/wp-content\/uploads\/2022\/01\/fotokomorki_pomiar_startu-300x253.png 300w, https:\/\/rewosport.pl\/wp-content\/uploads\/2022\/01\/fotokomorki_pomiar_startu-768x648.png 768w, https:\/\/rewosport.pl\/wp-content\/uploads\/2022\/01\/fotokomorki_pomiar_startu-1279x1080.png 1279w, https:\/\/rewosport.pl\/wp-content\/uploads\/2022\/01\/fotokomorki_pomiar_startu.png 1336w\" sizes=\"auto, (max-width: 1024px) 100vw, 1024px\" \/><\/figure>\n\n\n\n<figure class=\"wp-block-gallery has-nested-images columns-default is-cropped wp-block-gallery-1 is-layout-flex wp-block-gallery-is-layout-flex\">\n<figure class=\"wp-block-image size-large\"><img loading=\"lazy\" decoding=\"async\" width=\"816\" height=\"1056\" data-id=\"1818\" src=\"http:\/\/rewosport.pl\/wp-content\/uploads\/2022\/05\/speed.test_.5.10.15.30.jpg\" alt=\"\" class=\"wp-image-1818\" srcset=\"https:\/\/rewosport.pl\/wp-content\/uploads\/2022\/05\/speed.test_.5.10.15.30.jpg 816w, https:\/\/rewosport.pl\/wp-content\/uploads\/2022\/05\/speed.test_.5.10.15.30-232x300.jpg 232w, https:\/\/rewosport.pl\/wp-content\/uploads\/2022\/05\/speed.test_.5.10.15.30-791x1024.jpg 791w, https:\/\/rewosport.pl\/wp-content\/uploads\/2022\/05\/speed.test_.5.10.15.30-768x994.jpg 768w\" sizes=\"auto, (max-width: 816px) 100vw, 816px\" \/><\/figure>\n\n\n\n<figure class=\"wp-block-image size-large\"><img loading=\"lazy\" decoding=\"async\" width=\"1920\" height=\"2560\" data-id=\"1816\" src=\"http:\/\/rewosport.pl\/wp-content\/uploads\/2022\/05\/IMG_20220526_191238-scaled.jpg\" alt=\"\" class=\"wp-image-1816\" srcset=\"https:\/\/rewosport.pl\/wp-content\/uploads\/2022\/05\/IMG_20220526_191238-scaled.jpg 1920w, https:\/\/rewosport.pl\/wp-content\/uploads\/2022\/05\/IMG_20220526_191238-225x300.jpg 225w, https:\/\/rewosport.pl\/wp-content\/uploads\/2022\/05\/IMG_20220526_191238-768x1024.jpg 768w, https:\/\/rewosport.pl\/wp-content\/uploads\/2022\/05\/IMG_20220526_191238-1152x1536.jpg 1152w, https:\/\/rewosport.pl\/wp-content\/uploads\/2022\/05\/IMG_20220526_191238-1536x2048.jpg 1536w, https:\/\/rewosport.pl\/wp-content\/uploads\/2022\/05\/IMG_20220526_191238-1024x1365.jpg 1024w, https:\/\/rewosport.pl\/wp-content\/uploads\/2022\/05\/IMG_20220526_191238-810x1080.jpg 810w\" sizes=\"auto, (max-width: 1920px) 100vw, 1920px\" \/><\/figure>\n\n\n\n<figure class=\"wp-block-image size-large\"><img loading=\"lazy\" decoding=\"async\" width=\"2560\" height=\"1920\" data-id=\"1814\" src=\"http:\/\/rewosport.pl\/wp-content\/uploads\/2022\/05\/IMG_20220526_191047-scaled.jpg\" alt=\"\" class=\"wp-image-1814\" srcset=\"https:\/\/rewosport.pl\/wp-content\/uploads\/2022\/05\/IMG_20220526_191047-scaled.jpg 2560w, https:\/\/rewosport.pl\/wp-content\/uploads\/2022\/05\/IMG_20220526_191047-300x225.jpg 300w, https:\/\/rewosport.pl\/wp-content\/uploads\/2022\/05\/IMG_20220526_191047-1024x768.jpg 1024w, https:\/\/rewosport.pl\/wp-content\/uploads\/2022\/05\/IMG_20220526_191047-768x576.jpg 768w, https:\/\/rewosport.pl\/wp-content\/uploads\/2022\/05\/IMG_20220526_191047-1536x1152.jpg 1536w, https:\/\/rewosport.pl\/wp-content\/uploads\/2022\/05\/IMG_20220526_191047-2048x1536.jpg 2048w, https:\/\/rewosport.pl\/wp-content\/uploads\/2022\/05\/IMG_20220526_191047-1440x1080.jpg 1440w\" sizes=\"auto, (max-width: 2560px) 100vw, 2560px\" \/><\/figure>\n\n\n\n<figure class=\"wp-block-image size-large\"><img loading=\"lazy\" decoding=\"async\" width=\"2560\" height=\"1920\" data-id=\"1815\" src=\"http:\/\/rewosport.pl\/wp-content\/uploads\/2022\/05\/IMG_20220526_190114-scaled.jpg\" alt=\"\" class=\"wp-image-1815\" srcset=\"https:\/\/rewosport.pl\/wp-content\/uploads\/2022\/05\/IMG_20220526_190114-scaled.jpg 2560w, https:\/\/rewosport.pl\/wp-content\/uploads\/2022\/05\/IMG_20220526_190114-300x225.jpg 300w, https:\/\/rewosport.pl\/wp-content\/uploads\/2022\/05\/IMG_20220526_190114-1024x768.jpg 1024w, https:\/\/rewosport.pl\/wp-content\/uploads\/2022\/05\/IMG_20220526_190114-768x576.jpg 768w, https:\/\/rewosport.pl\/wp-content\/uploads\/2022\/05\/IMG_20220526_190114-1536x1152.jpg 1536w, https:\/\/rewosport.pl\/wp-content\/uploads\/2022\/05\/IMG_20220526_190114-2048x1536.jpg 2048w, https:\/\/rewosport.pl\/wp-content\/uploads\/2022\/05\/IMG_20220526_190114-1440x1080.jpg 1440w\" sizes=\"auto, (max-width: 2560px) 100vw, 2560px\" \/><\/figure>\n<\/figure>\n","protected":false},"excerpt":{"rendered":"<p>POMIAR ROZP\u0118DZANIA SI\u0118 ze startu zatrzymanego lub lotnegoPOMIAR SZYBKO\u015aCI STARTOWEJTEST SZYBKO\u015aCI LINIOWEJ 5-10-30 Doskona\u0142e narz\u0119dzie dla trener\u00f3w \/ klub\u00f3w sportowych &#8211; kolarstwo g\u00f3rskie, kolarstwo prza\u0142ajowe, biegi kr\u00f3tko i \u015brednio dystansowe, sporty motorowe, tenis ziemny, gry zespo\u0142owy &#8211; pi\u0142ka no\u017cna, koszyk\u00f3wka, siatk\u00f3wka, pi\u0142ka r\u0119czna, motorsport (np. rajdy i wy\u015bcigi samochodowe) &#8211; wszystkie sporty gdzie istotna jest&hellip; <br \/> <a class=\"read-more\" href=\"https:\/\/rewosport.pl\/?page_id=1776\">Dowiedz si\u0119 wi\u0119cej<\/a><\/p>\n","protected":false},"author":1,"featured_media":0,"parent":0,"menu_order":0,"comment_status":"closed","ping_status":"closed","template":"","meta":{"footnotes":""},"class_list":["post-1776","page","type-page","status-publish","hentry"],"yoast_head":"<!-- This site is optimized with the Yoast SEO plugin v27.4 - https:\/\/yoast.com\/product\/yoast-seo-wordpress\/ -->\n<title>Test szybko\u015bci liniowej - pomiar czasu - chipy, fotokom\u00f3rki - zawody sportowe, obozy sportowe<\/title>\n<meta name=\"robots\" content=\"index, follow, max-snippet:-1, max-image-preview:large, max-video-preview:-1\" \/>\n<link rel=\"canonical\" href=\"http:\/\/rewosport.pl\/?page_id=1776\" \/>\n<meta property=\"og:locale\" content=\"pl_PL\" \/>\n<meta property=\"og:type\" content=\"article\" \/>\n<meta property=\"og:title\" content=\"Test szybko\u015bci liniowej - pomiar czasu - chipy, fotokom\u00f3rki - zawody sportowe, obozy sportowe\" \/>\n<meta property=\"og:description\" content=\"POMIAR ROZP\u0118DZANIA SI\u0118 ze startu zatrzymanego lub lotnegoPOMIAR SZYBKO\u015aCI STARTOWEJTEST SZYBKO\u015aCI LINIOWEJ 5-10-30 Doskona\u0142e narz\u0119dzie dla trener\u00f3w \/ klub\u00f3w sportowych &#8211; kolarstwo g\u00f3rskie, kolarstwo prza\u0142ajowe, biegi kr\u00f3tko i \u015brednio dystansowe, sporty motorowe, tenis ziemny, gry zespo\u0142owy &#8211; pi\u0142ka no\u017cna, koszyk\u00f3wka, siatk\u00f3wka, pi\u0142ka r\u0119czna, motorsport (np. rajdy i wy\u015bcigi samochodowe) &#8211; wszystkie sporty gdzie istotna jest&hellip; Dowiedz si\u0119 wi\u0119cej\" \/>\n<meta property=\"og:url\" content=\"http:\/\/rewosport.pl\/?page_id=1776\" \/>\n<meta property=\"og:site_name\" content=\"pomiar czasu - chipy, fotokom\u00f3rki - zawody sportowe, obozy sportowe\" \/>\n<meta property=\"article:modified_time\" content=\"2022-05-27T08:00:08+00:00\" \/>\n<meta property=\"og:image\" content=\"http:\/\/rewosport.pl\/wp-content\/uploads\/2022\/01\/fotokomorki_pomiar_startu-1024x865.png\" \/>\n<meta name=\"twitter:card\" content=\"summary_large_image\" \/>\n<meta name=\"twitter:label1\" content=\"Szacowany czas czytania\" \/>\n\t<meta name=\"twitter:data1\" content=\"3 minuty\" \/>\n<script type=\"application\/ld+json\" class=\"yoast-schema-graph\">{\"@context\":\"https:\\\/\\\/schema.org\",\"@graph\":[{\"@type\":\"WebPage\",\"@id\":\"http:\\\/\\\/rewosport.pl\\\/?page_id=1776\",\"url\":\"http:\\\/\\\/rewosport.pl\\\/?page_id=1776\",\"name\":\"Test szybko\u015bci liniowej - pomiar czasu - chipy, fotokom\u00f3rki - zawody sportowe, obozy sportowe\",\"isPartOf\":{\"@id\":\"https:\\\/\\\/rewosport.pl\\\/#website\"},\"primaryImageOfPage\":{\"@id\":\"http:\\\/\\\/rewosport.pl\\\/?page_id=1776#primaryimage\"},\"image\":{\"@id\":\"http:\\\/\\\/rewosport.pl\\\/?page_id=1776#primaryimage\"},\"thumbnailUrl\":\"http:\\\/\\\/rewosport.pl\\\/wp-content\\\/uploads\\\/2022\\\/01\\\/fotokomorki_pomiar_startu-1024x865.png\",\"datePublished\":\"2022-01-06T19:27:30+00:00\",\"dateModified\":\"2022-05-27T08:00:08+00:00\",\"breadcrumb\":{\"@id\":\"http:\\\/\\\/rewosport.pl\\\/?page_id=1776#breadcrumb\"},\"inLanguage\":\"pl-PL\",\"potentialAction\":[{\"@type\":\"ReadAction\",\"target\":[\"http:\\\/\\\/rewosport.pl\\\/?page_id=1776\"]}]},{\"@type\":\"ImageObject\",\"inLanguage\":\"pl-PL\",\"@id\":\"http:\\\/\\\/rewosport.pl\\\/?page_id=1776#primaryimage\",\"url\":\"https:\\\/\\\/rewosport.pl\\\/wp-content\\\/uploads\\\/2022\\\/01\\\/fotokomorki_pomiar_startu.png\",\"contentUrl\":\"https:\\\/\\\/rewosport.pl\\\/wp-content\\\/uploads\\\/2022\\\/01\\\/fotokomorki_pomiar_startu.png\",\"width\":1336,\"height\":1128},{\"@type\":\"BreadcrumbList\",\"@id\":\"http:\\\/\\\/rewosport.pl\\\/?page_id=1776#breadcrumb\",\"itemListElement\":[{\"@type\":\"ListItem\",\"position\":1,\"name\":\"Home\",\"item\":\"https:\\\/\\\/rewosport.pl\\\/\"},{\"@type\":\"ListItem\",\"position\":2,\"name\":\"Test szybko\u015bci liniowej\"}]},{\"@type\":\"WebSite\",\"@id\":\"https:\\\/\\\/rewosport.pl\\\/#website\",\"url\":\"https:\\\/\\\/rewosport.pl\\\/\",\"name\":\"pomiar czasu - chipy, fotokom\u00f3rki - zawody sportowe, obozy sportowe\",\"description\":\"elektroniczny pomiar czasu na zawodach sportowych - chipy, fotokom\u00f3rki; organizator zawod\u00f3w sportowych - biegowych, rowerowych, oboz\u00f3w sportowych,\",\"publisher\":{\"@id\":\"https:\\\/\\\/rewosport.pl\\\/#organization\"},\"potentialAction\":[{\"@type\":\"SearchAction\",\"target\":{\"@type\":\"EntryPoint\",\"urlTemplate\":\"https:\\\/\\\/rewosport.pl\\\/?s={search_term_string}\"},\"query-input\":{\"@type\":\"PropertyValueSpecification\",\"valueRequired\":true,\"valueName\":\"search_term_string\"}}],\"inLanguage\":\"pl-PL\"},{\"@type\":\"Organization\",\"@id\":\"https:\\\/\\\/rewosport.pl\\\/#organization\",\"name\":\"pomiar czasu - chipy, fotokom\u00f3rki - zawody sportowe, obozy sportowe\",\"url\":\"https:\\\/\\\/rewosport.pl\\\/\",\"logo\":{\"@type\":\"ImageObject\",\"inLanguage\":\"pl-PL\",\"@id\":\"https:\\\/\\\/rewosport.pl\\\/#\\\/schema\\\/logo\\\/image\\\/\",\"url\":\"https:\\\/\\\/rewosport.pl\\\/wp-content\\\/uploads\\\/2020\\\/07\\\/logo_rewosport.png\",\"contentUrl\":\"https:\\\/\\\/rewosport.pl\\\/wp-content\\\/uploads\\\/2020\\\/07\\\/logo_rewosport.png\",\"width\":346,\"height\":200,\"caption\":\"pomiar czasu - chipy, fotokom\u00f3rki - zawody sportowe, obozy sportowe\"},\"image\":{\"@id\":\"https:\\\/\\\/rewosport.pl\\\/#\\\/schema\\\/logo\\\/image\\\/\"}}]}<\/script>\n<!-- \/ Yoast SEO plugin. -->","yoast_head_json":{"title":"Test szybko\u015bci liniowej - pomiar czasu - chipy, fotokom\u00f3rki - zawody sportowe, obozy sportowe","robots":{"index":"index","follow":"follow","max-snippet":"max-snippet:-1","max-image-preview":"max-image-preview:large","max-video-preview":"max-video-preview:-1"},"canonical":"http:\/\/rewosport.pl\/?page_id=1776","og_locale":"pl_PL","og_type":"article","og_title":"Test szybko\u015bci liniowej - pomiar czasu - chipy, fotokom\u00f3rki - zawody sportowe, obozy sportowe","og_description":"POMIAR ROZP\u0118DZANIA SI\u0118 ze startu zatrzymanego lub lotnegoPOMIAR SZYBKO\u015aCI STARTOWEJTEST SZYBKO\u015aCI LINIOWEJ 5-10-30 Doskona\u0142e narz\u0119dzie dla trener\u00f3w \/ klub\u00f3w sportowych &#8211; kolarstwo g\u00f3rskie, kolarstwo prza\u0142ajowe, biegi kr\u00f3tko i \u015brednio dystansowe, sporty motorowe, tenis ziemny, gry zespo\u0142owy &#8211; pi\u0142ka no\u017cna, koszyk\u00f3wka, siatk\u00f3wka, pi\u0142ka r\u0119czna, motorsport (np. rajdy i wy\u015bcigi samochodowe) &#8211; wszystkie sporty gdzie istotna jest&hellip; Dowiedz si\u0119 wi\u0119cej","og_url":"http:\/\/rewosport.pl\/?page_id=1776","og_site_name":"pomiar czasu - chipy, fotokom\u00f3rki - zawody sportowe, obozy sportowe","article_modified_time":"2022-05-27T08:00:08+00:00","og_image":[{"url":"http:\/\/rewosport.pl\/wp-content\/uploads\/2022\/01\/fotokomorki_pomiar_startu-1024x865.png","type":"","width":"","height":""}],"twitter_card":"summary_large_image","twitter_misc":{"Szacowany czas czytania":"3 minuty"},"schema":{"@context":"https:\/\/schema.org","@graph":[{"@type":"WebPage","@id":"http:\/\/rewosport.pl\/?page_id=1776","url":"http:\/\/rewosport.pl\/?page_id=1776","name":"Test szybko\u015bci liniowej - pomiar czasu - chipy, fotokom\u00f3rki - zawody sportowe, obozy sportowe","isPartOf":{"@id":"https:\/\/rewosport.pl\/#website"},"primaryImageOfPage":{"@id":"http:\/\/rewosport.pl\/?page_id=1776#primaryimage"},"image":{"@id":"http:\/\/rewosport.pl\/?page_id=1776#primaryimage"},"thumbnailUrl":"http:\/\/rewosport.pl\/wp-content\/uploads\/2022\/01\/fotokomorki_pomiar_startu-1024x865.png","datePublished":"2022-01-06T19:27:30+00:00","dateModified":"2022-05-27T08:00:08+00:00","breadcrumb":{"@id":"http:\/\/rewosport.pl\/?page_id=1776#breadcrumb"},"inLanguage":"pl-PL","potentialAction":[{"@type":"ReadAction","target":["http:\/\/rewosport.pl\/?page_id=1776"]}]},{"@type":"ImageObject","inLanguage":"pl-PL","@id":"http:\/\/rewosport.pl\/?page_id=1776#primaryimage","url":"https:\/\/rewosport.pl\/wp-content\/uploads\/2022\/01\/fotokomorki_pomiar_startu.png","contentUrl":"https:\/\/rewosport.pl\/wp-content\/uploads\/2022\/01\/fotokomorki_pomiar_startu.png","width":1336,"height":1128},{"@type":"BreadcrumbList","@id":"http:\/\/rewosport.pl\/?page_id=1776#breadcrumb","itemListElement":[{"@type":"ListItem","position":1,"name":"Home","item":"https:\/\/rewosport.pl\/"},{"@type":"ListItem","position":2,"name":"Test szybko\u015bci liniowej"}]},{"@type":"WebSite","@id":"https:\/\/rewosport.pl\/#website","url":"https:\/\/rewosport.pl\/","name":"pomiar czasu - chipy, fotokom\u00f3rki - zawody sportowe, obozy sportowe","description":"elektroniczny pomiar czasu na zawodach sportowych - chipy, fotokom\u00f3rki; organizator zawod\u00f3w sportowych - biegowych, rowerowych, oboz\u00f3w sportowych,","publisher":{"@id":"https:\/\/rewosport.pl\/#organization"},"potentialAction":[{"@type":"SearchAction","target":{"@type":"EntryPoint","urlTemplate":"https:\/\/rewosport.pl\/?s={search_term_string}"},"query-input":{"@type":"PropertyValueSpecification","valueRequired":true,"valueName":"search_term_string"}}],"inLanguage":"pl-PL"},{"@type":"Organization","@id":"https:\/\/rewosport.pl\/#organization","name":"pomiar czasu - chipy, fotokom\u00f3rki - zawody sportowe, obozy sportowe","url":"https:\/\/rewosport.pl\/","logo":{"@type":"ImageObject","inLanguage":"pl-PL","@id":"https:\/\/rewosport.pl\/#\/schema\/logo\/image\/","url":"https:\/\/rewosport.pl\/wp-content\/uploads\/2020\/07\/logo_rewosport.png","contentUrl":"https:\/\/rewosport.pl\/wp-content\/uploads\/2020\/07\/logo_rewosport.png","width":346,"height":200,"caption":"pomiar czasu - chipy, fotokom\u00f3rki - zawody sportowe, obozy sportowe"},"image":{"@id":"https:\/\/rewosport.pl\/#\/schema\/logo\/image\/"}}]}},"_links":{"self":[{"href":"https:\/\/rewosport.pl\/index.php?rest_route=\/wp\/v2\/pages\/1776","targetHints":{"allow":["GET"]}}],"collection":[{"href":"https:\/\/rewosport.pl\/index.php?rest_route=\/wp\/v2\/pages"}],"about":[{"href":"https:\/\/rewosport.pl\/index.php?rest_route=\/wp\/v2\/types\/page"}],"author":[{"embeddable":true,"href":"https:\/\/rewosport.pl\/index.php?rest_route=\/wp\/v2\/users\/1"}],"replies":[{"embeddable":true,"href":"https:\/\/rewosport.pl\/index.php?rest_route=%2Fwp%2Fv2%2Fcomments&post=1776"}],"version-history":[{"count":4,"href":"https:\/\/rewosport.pl\/index.php?rest_route=\/wp\/v2\/pages\/1776\/revisions"}],"predecessor-version":[{"id":1819,"href":"https:\/\/rewosport.pl\/index.php?rest_route=\/wp\/v2\/pages\/1776\/revisions\/1819"}],"wp:attachment":[{"href":"https:\/\/rewosport.pl\/index.php?rest_route=%2Fwp%2Fv2%2Fmedia&parent=1776"}],"curies":[{"name":"wp","href":"https:\/\/api.w.org\/{rel}","templated":true}]}}