{"id":1820,"date":"2022-05-28T09:02:52","date_gmt":"2022-05-28T07:02:52","guid":{"rendered":"http:\/\/rewosport.pl\/?page_id=1820"},"modified":"2026-04-16T19:06:01","modified_gmt":"2026-04-16T17:06:01","slug":"wyniki-zawodow-live","status":"publish","type":"page","link":"https:\/\/rewosport.pl\/?page_id=1820","title":{"rendered":"Wyniki &amp; zapisy"},"content":{"rendered":"\n<figure class=\"wp-block-table is-style-stripes\" style=\"font-size:10px\"><table><thead><tr><th class=\"has-text-align-center\" data-align=\"center\">Termin<\/th><th class=\"has-text-align-center\" data-align=\"center\">Nazwa imprezy<\/th><th class=\"has-text-align-center\" data-align=\"center\">Lokalizacja<\/th><th class=\"has-text-align-center\" data-align=\"center\">Zapisy<\/th><th class=\"has-text-align-center\" data-align=\"center\">Live Timing<\/th><th class=\"has-text-align-center\" data-align=\"center\">Wyniki ko\u0144cowe<\/th><\/tr><\/thead><tbody><tr><td class=\"has-text-align-center\" data-align=\"center\"><\/td><td class=\"has-text-align-center\" data-align=\"center\"><\/td><td class=\"has-text-align-center\" data-align=\"center\"><\/td><td class=\"has-text-align-center\" data-align=\"center\"><\/td><td class=\"has-text-align-center\" data-align=\"center\"><a href=\"http:\/\/test.comaq.pl\/tabela.html\">live timing<\/a><\/td><td class=\"has-text-align-center\" data-align=\"center\"><\/td><\/tr><tr><td class=\"has-text-align-center\" data-align=\"center\"><strong>2026<\/strong><\/td><td class=\"has-text-align-center\" data-align=\"center\"><strong>Nie Pompujesz &#8211; Nie Jedziesz 2026<\/strong><\/td><td class=\"has-text-align-center\" data-align=\"center\">Polska<\/td><td class=\"has-text-align-center\" data-align=\"center\"><a href=\"https:\/\/rewosport.pl\/?page_id=3854\">zapisy<\/a><\/td><td class=\"has-text-align-center\" data-align=\"center\"><a href=\"http:\/\/test.comaq.pl\/tabela.html\">live timing<\/a><\/td><td class=\"has-text-align-center\" data-align=\"center\"><a href=\"https:\/\/rewosport.pl\/?page_id=3854\">wyniki<\/a><\/td><\/tr><tr><td class=\"has-text-align-center\" data-align=\"center\">2026.04.18<\/td><td class=\"has-text-align-center\" data-align=\"center\">Amatorskie Mistrzostwa MTB XCO o Puchar Prezydenta Miasta Gliwice<\/td><td class=\"has-text-align-center\" data-align=\"center\">Gliwice<\/td><td class=\"has-text-align-center\" data-align=\"center\"><a href=\"https:\/\/dostartu.pl\/amatorskie-mistrzostwa-mtb-xco-o-puchar-prezydenta-miasta-gliwice-v16219\" target=\"_blank\" rel=\"noreferrer noopener\">zapisy<\/a><\/td><td class=\"has-text-align-center\" data-align=\"center\"><a href=\"https:\/\/www.webscorer.com\/rewosport\">live <\/a><a href=\"https:\/\/www.webscorer.com\/rewosport\" target=\"_blank\" rel=\"noreferrer noopener\">timing<\/a><\/td><td class=\"has-text-align-center\" data-align=\"center\"><a href=\"https:\/\/www.webscorer.com\/rewosport\" target=\"_blank\" rel=\"noreferrer noopener\">wyniki<\/a><\/td><\/tr><tr><td class=\"has-text-align-center\" data-align=\"center\">2026.03.08<\/td><td class=\"has-text-align-center\" data-align=\"center\">Puchar Cie\u0144kowa<\/td><td class=\"has-text-align-center\" data-align=\"center\">Wis\u0142a, NAT Cie\u0144k\u00f3w<\/td><td class=\"has-text-align-center\" data-align=\"center\"><\/td><td class=\"has-text-align-center\" data-align=\"center\"><\/td><td class=\"has-text-align-center\" data-align=\"center\"><a href=\"https:\/\/rewosport.pl\/wp-content\/uploads\/2026\/03\/2026.03.08.Puchar.Cienkowa.wyniki.pdf\" target=\"_blank\" rel=\"noreferrer noopener\">wyniki<\/a><\/td><\/tr><tr><td class=\"has-text-align-center\" data-align=\"center\">2026<\/td><td class=\"has-text-align-center\" data-align=\"center\">Liga Kubusiowego Narciarza 2026<\/td><td class=\"has-text-align-center\" data-align=\"center\">Kasina, Kurza G\u00f3ra, Czarny Gro\u0144, Skolnity, S\u0142otwiny<\/td><td class=\"has-text-align-center\" data-align=\"center\"><a href=\"http:\/\/www.ligakubusiowegonarciarza.pl\" target=\"_blank\" rel=\"noreferrer noopener\">strona organizatora<\/a><\/td><td class=\"has-text-align-center\" data-align=\"center\"><\/td><td class=\"has-text-align-center\" data-align=\"center\"><a href=\"http:\/\/www.ligakubusiowegonarciarza.pl\" target=\"_blank\" rel=\"noreferrer noopener\">strona organizatora<\/a><\/td><\/tr><tr><td class=\"has-text-align-center\" data-align=\"center\"><strong>2025<\/strong><\/td><td class=\"has-text-align-center\" data-align=\"center\"><strong>WYNIKI &#8211; ARCHIWUM 2025<\/strong><\/td><td class=\"has-text-align-center\" data-align=\"center\"><\/td><td class=\"has-text-align-center\" data-align=\"center\"><\/td><td class=\"has-text-align-center\" data-align=\"center\"><\/td><td class=\"has-text-align-center\" data-align=\"center\"><a href=\"https:\/\/rewosport.pl\/?page_id=3814\">wyniki archiwum 2025<\/a><\/td><\/tr><tr><td class=\"has-text-align-center\" data-align=\"center\"><strong>2024<\/strong><\/td><td class=\"has-text-align-center\" data-align=\"center\"><strong>WYNIKI &#8211; ARCHIWUM 2024<\/strong><\/td><td class=\"has-text-align-center\" data-align=\"center\"><\/td><td class=\"has-text-align-center\" data-align=\"center\"><\/td><td class=\"has-text-align-center\" data-align=\"center\"><\/td><td class=\"has-text-align-center\" data-align=\"center\"><a href=\"https:\/\/rewosport.pl\/?page_id=3513\">wyniki archiwum 2024<\/a><\/td><\/tr><tr><td class=\"has-text-align-center\" data-align=\"center\"><strong>2023<\/strong><\/td><td class=\"has-text-align-center\" data-align=\"center\"><strong>WYNIKI &#8211; ARCHIWUM 2023<\/strong><\/td><td class=\"has-text-align-center\" data-align=\"center\"><\/td><td class=\"has-text-align-center\" data-align=\"center\"><\/td><td class=\"has-text-align-center\" data-align=\"center\"><\/td><td class=\"has-text-align-center\" data-align=\"center\"><a href=\"https:\/\/rewosport.pl\/?page_id=3056\">wyniki archiwum 2023<\/a><\/td><\/tr><\/tbody><\/table><\/figure>\n\n\n\n<iframe loading=\"lazy\" id=\"wshost\" width=\"100%\" height=\"1500\" src=\"https:\/\/www.webscorer.com\/rewosport?embed=2&amp;lang=pl\"><\/iframe>\n\n\n\n<p><\/p>\n","protected":false},"excerpt":{"rendered":"<p>Termin Nazwa imprezy Lokalizacja Zapisy Live Timing Wyniki ko\u0144cowe live timing 2026 Nie Pompujesz &#8211; Nie Jedziesz 2026 Polska zapisy live timing wyniki 2026.04.18 Amatorskie Mistrzostwa MTB XCO o Puchar Prezydenta Miasta Gliwice Gliwice zapisy live timing wyniki 2026.03.08 Puchar Cie\u0144kowa Wis\u0142a, NAT Cie\u0144k\u00f3w wyniki 2026 Liga Kubusiowego Narciarza 2026 Kasina, Kurza G\u00f3ra, Czarny Gro\u0144,&hellip; <br \/> <a class=\"read-more\" href=\"https:\/\/rewosport.pl\/?page_id=1820\">Dowiedz si\u0119 wi\u0119cej<\/a><\/p>\n","protected":false},"author":1,"featured_media":3023,"parent":0,"menu_order":0,"comment_status":"closed","ping_status":"closed","template":"","meta":{"footnotes":""},"class_list":["post-1820","page","type-page","status-publish","has-post-thumbnail","hentry"],"yoast_head":"<!-- This site is optimized with the Yoast SEO plugin v27.4 - https:\/\/yoast.com\/product\/yoast-seo-wordpress\/ -->\n<title>Wyniki &amp; zapisy - pomiar czasu - chipy, fotokom\u00f3rki - zawody sportowe, obozy sportowe<\/title>\n<meta name=\"robots\" content=\"index, follow, max-snippet:-1, max-image-preview:large, max-video-preview:-1\" \/>\n<link rel=\"canonical\" href=\"https:\/\/rewosport.pl\/?page_id=1820\" \/>\n<meta property=\"og:locale\" content=\"pl_PL\" \/>\n<meta property=\"og:type\" content=\"article\" \/>\n<meta property=\"og:title\" content=\"Wyniki &amp; zapisy - pomiar czasu - chipy, fotokom\u00f3rki - zawody sportowe, obozy sportowe\" \/>\n<meta property=\"og:description\" content=\"Termin Nazwa imprezy Lokalizacja Zapisy Live Timing Wyniki ko\u0144cowe live timing 2026 Nie Pompujesz &#8211; Nie Jedziesz 2026 Polska zapisy live timing wyniki 2026.04.18 Amatorskie Mistrzostwa MTB XCO o Puchar Prezydenta Miasta Gliwice Gliwice zapisy live timing wyniki 2026.03.08 Puchar Cie\u0144kowa Wis\u0142a, NAT Cie\u0144k\u00f3w wyniki 2026 Liga Kubusiowego Narciarza 2026 Kasina, Kurza G\u00f3ra, Czarny Gro\u0144,&hellip; Dowiedz si\u0119 wi\u0119cej\" \/>\n<meta property=\"og:url\" content=\"https:\/\/rewosport.pl\/?page_id=1820\" \/>\n<meta property=\"og:site_name\" content=\"pomiar czasu - chipy, fotokom\u00f3rki - zawody sportowe, obozy sportowe\" \/>\n<meta property=\"article:modified_time\" content=\"2026-04-16T17:06:01+00:00\" \/>\n<meta property=\"og:image\" content=\"https:\/\/rewosport.pl\/wp-content\/uploads\/2023\/10\/IMG_0148-2.jpg\" \/>\n\t<meta property=\"og:image:width\" content=\"1400\" \/>\n\t<meta property=\"og:image:height\" content=\"933\" \/>\n\t<meta property=\"og:image:type\" content=\"image\/jpeg\" \/>\n<meta name=\"twitter:card\" content=\"summary_large_image\" \/>\n<meta name=\"twitter:label1\" content=\"Szacowany czas czytania\" \/>\n\t<meta name=\"twitter:data1\" content=\"1 minuta\" \/>\n<script type=\"application\/ld+json\" class=\"yoast-schema-graph\">{\"@context\":\"https:\\\/\\\/schema.org\",\"@graph\":[{\"@type\":\"WebPage\",\"@id\":\"https:\\\/\\\/rewosport.pl\\\/?page_id=1820\",\"url\":\"https:\\\/\\\/rewosport.pl\\\/?page_id=1820\",\"name\":\"Wyniki &amp; zapisy - pomiar czasu - chipy, fotokom\u00f3rki - zawody sportowe, obozy sportowe\",\"isPartOf\":{\"@id\":\"https:\\\/\\\/rewosport.pl\\\/#website\"},\"primaryImageOfPage\":{\"@id\":\"https:\\\/\\\/rewosport.pl\\\/?page_id=1820#primaryimage\"},\"image\":{\"@id\":\"https:\\\/\\\/rewosport.pl\\\/?page_id=1820#primaryimage\"},\"thumbnailUrl\":\"https:\\\/\\\/rewosport.pl\\\/wp-content\\\/uploads\\\/2023\\\/10\\\/IMG_0148-2.jpg\",\"datePublished\":\"2022-05-28T07:02:52+00:00\",\"dateModified\":\"2026-04-16T17:06:01+00:00\",\"breadcrumb\":{\"@id\":\"https:\\\/\\\/rewosport.pl\\\/?page_id=1820#breadcrumb\"},\"inLanguage\":\"pl-PL\",\"potentialAction\":[{\"@type\":\"ReadAction\",\"target\":[\"https:\\\/\\\/rewosport.pl\\\/?page_id=1820\"]}]},{\"@type\":\"ImageObject\",\"inLanguage\":\"pl-PL\",\"@id\":\"https:\\\/\\\/rewosport.pl\\\/?page_id=1820#primaryimage\",\"url\":\"https:\\\/\\\/rewosport.pl\\\/wp-content\\\/uploads\\\/2023\\\/10\\\/IMG_0148-2.jpg\",\"contentUrl\":\"https:\\\/\\\/rewosport.pl\\\/wp-content\\\/uploads\\\/2023\\\/10\\\/IMG_0148-2.jpg\",\"width\":1400,\"height\":933},{\"@type\":\"BreadcrumbList\",\"@id\":\"https:\\\/\\\/rewosport.pl\\\/?page_id=1820#breadcrumb\",\"itemListElement\":[{\"@type\":\"ListItem\",\"position\":1,\"name\":\"Home\",\"item\":\"https:\\\/\\\/rewosport.pl\\\/\"},{\"@type\":\"ListItem\",\"position\":2,\"name\":\"Wyniki &amp; zapisy\"}]},{\"@type\":\"WebSite\",\"@id\":\"https:\\\/\\\/rewosport.pl\\\/#website\",\"url\":\"https:\\\/\\\/rewosport.pl\\\/\",\"name\":\"pomiar czasu - chipy, fotokom\u00f3rki - zawody sportowe, obozy sportowe\",\"description\":\"elektroniczny pomiar czasu na zawodach sportowych - chipy, fotokom\u00f3rki; organizator zawod\u00f3w sportowych - biegowych, rowerowych, oboz\u00f3w sportowych,\",\"publisher\":{\"@id\":\"https:\\\/\\\/rewosport.pl\\\/#organization\"},\"potentialAction\":[{\"@type\":\"SearchAction\",\"target\":{\"@type\":\"EntryPoint\",\"urlTemplate\":\"https:\\\/\\\/rewosport.pl\\\/?s={search_term_string}\"},\"query-input\":{\"@type\":\"PropertyValueSpecification\",\"valueRequired\":true,\"valueName\":\"search_term_string\"}}],\"inLanguage\":\"pl-PL\"},{\"@type\":\"Organization\",\"@id\":\"https:\\\/\\\/rewosport.pl\\\/#organization\",\"name\":\"pomiar czasu - chipy, fotokom\u00f3rki - zawody sportowe, obozy sportowe\",\"url\":\"https:\\\/\\\/rewosport.pl\\\/\",\"logo\":{\"@type\":\"ImageObject\",\"inLanguage\":\"pl-PL\",\"@id\":\"https:\\\/\\\/rewosport.pl\\\/#\\\/schema\\\/logo\\\/image\\\/\",\"url\":\"https:\\\/\\\/rewosport.pl\\\/wp-content\\\/uploads\\\/2020\\\/07\\\/logo_rewosport.png\",\"contentUrl\":\"https:\\\/\\\/rewosport.pl\\\/wp-content\\\/uploads\\\/2020\\\/07\\\/logo_rewosport.png\",\"width\":346,\"height\":200,\"caption\":\"pomiar czasu - chipy, fotokom\u00f3rki - zawody sportowe, obozy sportowe\"},\"image\":{\"@id\":\"https:\\\/\\\/rewosport.pl\\\/#\\\/schema\\\/logo\\\/image\\\/\"}}]}<\/script>\n<!-- \/ Yoast SEO plugin. -->","yoast_head_json":{"title":"Wyniki &amp; zapisy - pomiar czasu - chipy, fotokom\u00f3rki - zawody sportowe, obozy sportowe","robots":{"index":"index","follow":"follow","max-snippet":"max-snippet:-1","max-image-preview":"max-image-preview:large","max-video-preview":"max-video-preview:-1"},"canonical":"https:\/\/rewosport.pl\/?page_id=1820","og_locale":"pl_PL","og_type":"article","og_title":"Wyniki &amp; zapisy - pomiar czasu - chipy, fotokom\u00f3rki - zawody sportowe, obozy sportowe","og_description":"Termin Nazwa imprezy Lokalizacja Zapisy Live Timing Wyniki ko\u0144cowe live timing 2026 Nie Pompujesz &#8211; Nie Jedziesz 2026 Polska zapisy live timing wyniki 2026.04.18 Amatorskie Mistrzostwa MTB XCO o Puchar Prezydenta Miasta Gliwice Gliwice zapisy live timing wyniki 2026.03.08 Puchar Cie\u0144kowa Wis\u0142a, NAT Cie\u0144k\u00f3w wyniki 2026 Liga Kubusiowego Narciarza 2026 Kasina, Kurza G\u00f3ra, Czarny Gro\u0144,&hellip; Dowiedz si\u0119 wi\u0119cej","og_url":"https:\/\/rewosport.pl\/?page_id=1820","og_site_name":"pomiar czasu - chipy, fotokom\u00f3rki - zawody sportowe, obozy sportowe","article_modified_time":"2026-04-16T17:06:01+00:00","og_image":[{"width":1400,"height":933,"url":"https:\/\/rewosport.pl\/wp-content\/uploads\/2023\/10\/IMG_0148-2.jpg","type":"image\/jpeg"}],"twitter_card":"summary_large_image","twitter_misc":{"Szacowany czas czytania":"1 minuta"},"schema":{"@context":"https:\/\/schema.org","@graph":[{"@type":"WebPage","@id":"https:\/\/rewosport.pl\/?page_id=1820","url":"https:\/\/rewosport.pl\/?page_id=1820","name":"Wyniki &amp; zapisy - pomiar czasu - chipy, fotokom\u00f3rki - zawody sportowe, obozy sportowe","isPartOf":{"@id":"https:\/\/rewosport.pl\/#website"},"primaryImageOfPage":{"@id":"https:\/\/rewosport.pl\/?page_id=1820#primaryimage"},"image":{"@id":"https:\/\/rewosport.pl\/?page_id=1820#primaryimage"},"thumbnailUrl":"https:\/\/rewosport.pl\/wp-content\/uploads\/2023\/10\/IMG_0148-2.jpg","datePublished":"2022-05-28T07:02:52+00:00","dateModified":"2026-04-16T17:06:01+00:00","breadcrumb":{"@id":"https:\/\/rewosport.pl\/?page_id=1820#breadcrumb"},"inLanguage":"pl-PL","potentialAction":[{"@type":"ReadAction","target":["https:\/\/rewosport.pl\/?page_id=1820"]}]},{"@type":"ImageObject","inLanguage":"pl-PL","@id":"https:\/\/rewosport.pl\/?page_id=1820#primaryimage","url":"https:\/\/rewosport.pl\/wp-content\/uploads\/2023\/10\/IMG_0148-2.jpg","contentUrl":"https:\/\/rewosport.pl\/wp-content\/uploads\/2023\/10\/IMG_0148-2.jpg","width":1400,"height":933},{"@type":"BreadcrumbList","@id":"https:\/\/rewosport.pl\/?page_id=1820#breadcrumb","itemListElement":[{"@type":"ListItem","position":1,"name":"Home","item":"https:\/\/rewosport.pl\/"},{"@type":"ListItem","position":2,"name":"Wyniki &amp; zapisy"}]},{"@type":"WebSite","@id":"https:\/\/rewosport.pl\/#website","url":"https:\/\/rewosport.pl\/","name":"pomiar czasu - chipy, fotokom\u00f3rki - zawody sportowe, obozy sportowe","description":"elektroniczny pomiar czasu na zawodach sportowych - chipy, fotokom\u00f3rki; organizator zawod\u00f3w sportowych - biegowych, rowerowych, oboz\u00f3w sportowych,","publisher":{"@id":"https:\/\/rewosport.pl\/#organization"},"potentialAction":[{"@type":"SearchAction","target":{"@type":"EntryPoint","urlTemplate":"https:\/\/rewosport.pl\/?s={search_term_string}"},"query-input":{"@type":"PropertyValueSpecification","valueRequired":true,"valueName":"search_term_string"}}],"inLanguage":"pl-PL"},{"@type":"Organization","@id":"https:\/\/rewosport.pl\/#organization","name":"pomiar czasu - chipy, fotokom\u00f3rki - zawody sportowe, obozy sportowe","url":"https:\/\/rewosport.pl\/","logo":{"@type":"ImageObject","inLanguage":"pl-PL","@id":"https:\/\/rewosport.pl\/#\/schema\/logo\/image\/","url":"https:\/\/rewosport.pl\/wp-content\/uploads\/2020\/07\/logo_rewosport.png","contentUrl":"https:\/\/rewosport.pl\/wp-content\/uploads\/2020\/07\/logo_rewosport.png","width":346,"height":200,"caption":"pomiar czasu - chipy, fotokom\u00f3rki - zawody sportowe, obozy sportowe"},"image":{"@id":"https:\/\/rewosport.pl\/#\/schema\/logo\/image\/"}}]}},"_links":{"self":[{"href":"https:\/\/rewosport.pl\/index.php?rest_route=\/wp\/v2\/pages\/1820","targetHints":{"allow":["GET"]}}],"collection":[{"href":"https:\/\/rewosport.pl\/index.php?rest_route=\/wp\/v2\/pages"}],"about":[{"href":"https:\/\/rewosport.pl\/index.php?rest_route=\/wp\/v2\/types\/page"}],"author":[{"embeddable":true,"href":"https:\/\/rewosport.pl\/index.php?rest_route=\/wp\/v2\/users\/1"}],"replies":[{"embeddable":true,"href":"https:\/\/rewosport.pl\/index.php?rest_route=%2Fwp%2Fv2%2Fcomments&post=1820"}],"version-history":[{"count":150,"href":"https:\/\/rewosport.pl\/index.php?rest_route=\/wp\/v2\/pages\/1820\/revisions"}],"predecessor-version":[{"id":3867,"href":"https:\/\/rewosport.pl\/index.php?rest_route=\/wp\/v2\/pages\/1820\/revisions\/3867"}],"wp:featuredmedia":[{"embeddable":true,"href":"https:\/\/rewosport.pl\/index.php?rest_route=\/wp\/v2\/media\/3023"}],"wp:attachment":[{"href":"https:\/\/rewosport.pl\/index.php?rest_route=%2Fwp%2Fv2%2Fmedia&parent=1820"}],"curies":[{"name":"wp","href":"https:\/\/api.w.org\/{rel}","templated":true}]}}