{"id":1844,"date":"2022-06-10T08:13:15","date_gmt":"2022-06-10T06:13:15","guid":{"rendered":"http:\/\/rewosport.pl\/?page_id=1844"},"modified":"2022-07-13T07:23:15","modified_gmt":"2022-07-13T05:23:15","slug":"nie-pompujesz-nie-jedziesz-4-nysa-wyniki","status":"publish","type":"page","link":"https:\/\/rewosport.pl\/?page_id=1844","title":{"rendered":"2022.06.12 &#8211; Nysa &#8211; NIE POMPUJESZ &#8211; NIE JEDZIESZ (#4)"},"content":{"rendered":"\n<ul class=\"has-medium-font-size wp-block-list\"><li><a href=\"http:\/\/rewosport.pl\/wp-content\/uploads\/2022\/06\/2022.06.12.Pumptrack.Nysa_.wyniki.eliminacje.pdf\" target=\"_blank\" rel=\"noreferrer noopener\">Wyniki eliminacji (PDF)<\/a><\/li><\/ul>\n\n\n\n<ul class=\"has-medium-font-size wp-block-list\"><li><a href=\"http:\/\/rewosport.pl\/wp-content\/uploads\/2022\/06\/2022.06.12.Pumptrack.Nysa_.wyniki.final_.kids_.pdf\" target=\"_blank\" rel=\"noreferrer noopener\">Wyniki fina\u0142owe kat. KIDS (PDF)<\/a> + <a href=\"http:\/\/rewosport.pl\/wp-content\/uploads\/2022\/06\/2022.06.12.Pumptrack.Nysa_.wyniki.kids_.playoff.pdf\" target=\"_blank\" rel=\"noreferrer noopener\">playoff (PDF)<\/a><\/li><li><a href=\"http:\/\/rewosport.pl\/wp-content\/uploads\/2022\/06\/2022.06.12.Pumptrack.Nysa_.wyniki.final_.junior.pdf\" target=\"_blank\" rel=\"noreferrer noopener\">Wyniki fina\u0142owe kat. JUNIOR (PDF)<\/a> + <a href=\"http:\/\/rewosport.pl\/wp-content\/uploads\/2022\/06\/2022.06.12.Pumptrack.Nysa_.wyniki.junior.plyaoff.pdf\" target=\"_blank\" rel=\"noreferrer noopener\">playoff (PDF)<\/a><\/li><li><a href=\"http:\/\/rewosport.pl\/wp-content\/uploads\/2022\/06\/2022.06.12.Pumptrack.Nysa_.wyniki.final_.amator.pdf\" target=\"_blank\" rel=\"noreferrer noopener\">Wyniki fina\u0142owe kat. AMATOR (PDF)<\/a> + <a href=\"http:\/\/rewosport.pl\/wp-content\/uploads\/2022\/06\/2022.06.12.Pumptrack.Nysa_.wyniki.amator.playoff.pdf\" target=\"_blank\" rel=\"noreferrer noopener\">playoff (PDF)<\/a><\/li><li><a href=\"http:\/\/rewosport.pl\/wp-content\/uploads\/2022\/06\/2022.06.12.Pumptrack.Nysa_.wyniki.final_.kobiety.pdf\" target=\"_blank\" rel=\"noreferrer noopener\">Wyniki fina\u0142owe kat. KOBIETY (PDF)<\/a> + <a href=\"http:\/\/rewosport.pl\/wp-content\/uploads\/2022\/06\/2022.06.12.Pumptrack.Nysa_.wyniki.kobiety.playoff.pdf\" target=\"_blank\" rel=\"noreferrer noopener\">playoff (PDF)<\/a><\/li><li><a href=\"http:\/\/rewosport.pl\/wp-content\/uploads\/2022\/06\/2022.06.12.Pumptrack.Nysa_.wyniki.final_.pro_.pdf\" target=\"_blank\" rel=\"noreferrer noopener\">Wyniki fina\u0142owe kat. PRO (PDF)<\/a> + <a href=\"http:\/\/rewosport.pl\/wp-content\/uploads\/2022\/06\/2022.06.12.Pumptrack.Nysa_.wyniki.pro_.playoff.pdf\" target=\"_blank\" rel=\"noreferrer noopener\">playoff (PDF)<\/a><\/li><\/ul>\n\n\n\n<p><strong>Miejsce:<\/strong> Nysa<br><strong>Dyscyplina:<\/strong> rowery \/ pumptrack<br><strong>Data:<\/strong> 2022-06-12<br>O<strong>rganizator:<\/strong> Fundacja Sfera, Sfera Sportu,&nbsp;<a href=\"mailto:media@sferasportu.pl\">media@sferasportu.pl<\/a>, tel:&nbsp;<a href=\"tel:+48515181239\">+48 515 181 239<\/a>,<br><a href=\"https:\/\/sferasportu.pl\/\" target=\"_blank\" rel=\"noreferrer noopener\">https:\/\/sferasportu.pl<\/a><br>Za<strong>pisy do:<\/strong> 2022-06-10 20:00 <br><a href=\"https:\/\/www.race-timing.pl\/media\/uploads\/wyniki\/2022\/reg_pumptrack.pdf\" target=\"_blank\" rel=\"noreferrer noopener\">Regulamin<\/a><\/p>\n\n\n\n<p>W skr\u00f3cie:<\/p>\n\n\n\n<ul class=\"wp-block-list\"><li>szczeg\u00f3\u0142y w regulaminie (w tym opis kategorii),<\/li><li>zawody bez op\u0142aty startowej,<\/li><li>rejestracja tylko internetowo (<strong>do 10.06.2022, godz. 20:00<\/strong>),<\/li><li>zgoda rodzica dla niepe\u0142noletnich &#8211;&nbsp;<strong><a href=\"https:\/\/www.race-timing.pl\/media\/uploads\/wyniki\/2022\/pumptrack_zgoda.pdf\" target=\"_blank\" rel=\"noreferrer noopener\">druk do pobrania<\/a><\/strong>,<\/li><li>biuro zawod\u00f3w i treningi od 13:00 do 15:00, start zawod\u00f3w 15:10,<\/li><li>start tylko w kaskach typu FULL FACE (je\u017celi kto\u015b nie posiada tego typu kasku, otrzyma taki za darmo na czas swojego startu w biurze zawod\u00f3w od FOX Polska).<\/li><\/ul>\n\n\n\n<p><strong>PARTNERZY CYKLU NIE POMPUJESZ &#8211; NIE JEDZIESZ<\/strong><br>Red Bull &#8211; NS Bikes &#8211; FOX &#8211; 43ride.com &#8211; Bike Park Kasina &#8211; Sound of Gravity<\/p>\n\n\n\n<p><strong>NIE POMPUJESZ &#8211; NIE JEDZIESZ<\/strong><br>Najwi\u0119kszy w Polsce cykl rowerowych zawod\u00f3w na pumptrakach, podczas kt\u00f3rych zawodnicy walcz\u0105 o tytu\u0142 najszybszego zawodnika i najszybszej zawodniczki w Polsce! W ka\u017cdej rundzie Zawodnicy walcz\u0105 o punkty do klasyfikacji generalnej (w ostatniej fina\u0142owej rundzie punkty do klasyfikacji generalnej mno\u017cymy razy dwa) na podstawie k\u00f3rych na koniec sezonu poznajemy najlepszych zawodnik\u00f3w w kategoriach: PRO, KOBIETY, AMATOR, JUNIOR, KIDS!<\/p>\n\n\n\n<p><strong>WALKA O WYJAZD NA MISTRZOSTWA \u015aWIATA<\/strong><br>Zawodnicy w kategorii PRO oraz KOBIETY walcz\u0105 o wyjazd na rund\u0119 eliminacyjn\u0105 Mistrzostw \u015awiata UCI, kt\u00f3ra odb\u0119dzie si\u0119 17 wrze\u015bnia w czeskich Tosovicach. Na wyjazd wraz z Red Bullem zaprosimy najlepszego zwyci\u0119zc\u0119 klasyfikacji ko\u0144cowej cyklu z kategorii PRO oraz KOBIETY!<\/p>\n\n\n\n<p><strong>OBOWI\u0104ZKOWY FULL FACE<\/strong><br>W zawodach obowi\u0105zuje obowi\u0105zek startu w kasku typy Full Face! Zawodnicy startuj\u0105cy w innych kaskach nie zostan\u0105 dopuszczeni do startu. Je\u017celi Zawodnik nie posiada kasku Full Face, mo\u017ce taki wypo\u017cyczy\u0107 ca\u0142kowicie za darmo na czas swojego wy\u015bcigu w biurze zawod\u00f3w! Kaski we wszystkich rozmiarach dla naszych zawodnik\u00f3w dostarcza FOX Polska.<\/p>\n\n\n\n<p><strong>ZAPISY TYLKO INTERNETOWO<\/strong><br>Odbywaj\u0105 si\u0119 tylko internetowo poprzez niniejsz\u0105 stron\u0119. W dniu zawod\u00f3w nie b\u0119dzie mo\u017cliwo\u015bci rejestracji do zawod\u00f3w.<br>Ka\u017cdy zarejestrowany zawodnik w dniu zawod\u00f3w musi potwierdzi\u0107 sw\u00f3j udzia\u0142 w biurze zawod\u00f3w w celu podpisania listy startowej oraz regulaminu i odbioru numeru startowego!<br>Osoby niepe\u0142noletnie w dni zawod\u00f3w musz\u0105 dostarczy\u0107 zgod\u0119 rodzica\/opiekun na start, kt\u00f3ra jest do pobrania z niniejszej strony.<\/p>\n\n\n\n<p><strong>SZCZEG\u00d3\u0141Y, HARMONOGRAM ZAWOD\u00d3W I MATERIA\u0141Y Z RUND NA SOCIAL MEDIA:<\/strong><br><a href=\"https:\/\/www.facebook.com\/pompuje\/\" target=\"_blank\" rel=\"noreferrer noopener\">FACEBOOK.com\/Pompuje<\/a><br><a href=\"https:\/\/www.instagram.com\/Pompuje_pumptrack\/\" target=\"_blank\" rel=\"noreferrer noopener\">INSTAGRAM.com\/Pompuje_pumptrack<\/a><br>Grupa FACEBOOK: https:\/\/www.facebook.com\/groups\/pompuje<br>YOU TUBE:&nbsp;<a href=\"https:\/\/www.youtube.com\/watch?v=sm5X4HHtTGM\" target=\"_blank\" rel=\"noreferrer noopener\">https:\/\/youtu.be\/sm5X4HHtTGM<\/a><br>WEB:&nbsp;<a href=\"http:\/\/www.sferasportu.pl\/\" target=\"_blank\" rel=\"noreferrer noopener\">www.sferasportu.pl<\/a><\/p>\n\n\n\n<p><strong>Kategorie:<\/strong><\/p>\n\n\n\n<ul class=\"wp-block-list\"><li>Pro (pumptrack)<\/li><li>Amator (pumptrack)<\/li><li>Kids (pumptrack) (2014 &#8211; 2018)<\/li><li>Junior (pumptrack) (2010 &#8211; 2013)<\/li><li>Kobiety (pumptrack)<\/li><\/ul>\n\n\n\n<p><strong>Limit zawodnik\u00f3w:<\/strong> 100 (wolnych miejsc: 0)<\/p>\n\n\n\n<p><strong>Zapisy:<\/strong> Rejestracja na zawody zosta\u0142a zako\u0144czona.<\/p>\n","protected":false},"excerpt":{"rendered":"<p>Wyniki eliminacji (PDF) Wyniki fina\u0142owe kat. KIDS (PDF) + playoff (PDF) Wyniki fina\u0142owe kat. JUNIOR (PDF) + playoff (PDF) Wyniki fina\u0142owe kat. AMATOR (PDF) + playoff (PDF) Wyniki fina\u0142owe kat. KOBIETY (PDF) + playoff (PDF) Wyniki fina\u0142owe kat. PRO (PDF) + playoff (PDF) Miejsce: NysaDyscyplina: rowery \/ pumptrackData: 2022-06-12Organizator: Fundacja Sfera, Sfera Sportu,&nbsp;media@sferasportu.pl, tel:&nbsp;+48 515&hellip; <br \/> <a class=\"read-more\" href=\"https:\/\/rewosport.pl\/?page_id=1844\">Dowiedz si\u0119 wi\u0119cej<\/a><\/p>\n","protected":false},"author":1,"featured_media":1884,"parent":0,"menu_order":0,"comment_status":"closed","ping_status":"closed","template":"","meta":{"footnotes":""},"class_list":["post-1844","page","type-page","status-publish","has-post-thumbnail","hentry"],"yoast_head":"<!-- This site is optimized with the Yoast SEO plugin v27.4 - https:\/\/yoast.com\/product\/yoast-seo-wordpress\/ -->\n<title>2022.06.12 - Nysa - NIE POMPUJESZ - NIE JEDZIESZ (#4) - pomiar czasu - chipy, fotokom\u00f3rki - zawody sportowe, obozy sportowe<\/title>\n<meta name=\"robots\" content=\"index, follow, max-snippet:-1, max-image-preview:large, max-video-preview:-1\" \/>\n<link rel=\"canonical\" href=\"https:\/\/rewosport.pl\/?page_id=1844\" \/>\n<meta property=\"og:locale\" content=\"pl_PL\" \/>\n<meta property=\"og:type\" content=\"article\" \/>\n<meta property=\"og:title\" content=\"2022.06.12 - Nysa - NIE POMPUJESZ - NIE JEDZIESZ (#4) - pomiar czasu - chipy, fotokom\u00f3rki - zawody sportowe, obozy sportowe\" \/>\n<meta property=\"og:description\" content=\"Wyniki eliminacji (PDF) Wyniki fina\u0142owe kat. KIDS (PDF) + playoff (PDF) Wyniki fina\u0142owe kat. JUNIOR (PDF) + playoff (PDF) Wyniki fina\u0142owe kat. AMATOR (PDF) + playoff (PDF) Wyniki fina\u0142owe kat. KOBIETY (PDF) + playoff (PDF) Wyniki fina\u0142owe kat. PRO (PDF) + playoff (PDF) Miejsce: NysaDyscyplina: rowery \/ pumptrackData: 2022-06-12Organizator: Fundacja Sfera, Sfera Sportu,&nbsp;media@sferasportu.pl, tel:&nbsp;+48 515&hellip; Dowiedz si\u0119 wi\u0119cej\" \/>\n<meta property=\"og:url\" content=\"https:\/\/rewosport.pl\/?page_id=1844\" \/>\n<meta property=\"og:site_name\" content=\"pomiar czasu - chipy, fotokom\u00f3rki - zawody sportowe, obozy sportowe\" \/>\n<meta property=\"article:modified_time\" content=\"2022-07-13T05:23:15+00:00\" \/>\n<meta property=\"og:image\" content=\"https:\/\/rewosport.pl\/wp-content\/uploads\/2022\/06\/IMG_20220612_133855-scaled.jpg\" \/>\n\t<meta property=\"og:image:width\" content=\"2560\" \/>\n\t<meta property=\"og:image:height\" content=\"1920\" \/>\n\t<meta property=\"og:image:type\" content=\"image\/jpeg\" \/>\n<meta name=\"twitter:card\" content=\"summary_large_image\" \/>\n<meta name=\"twitter:label1\" content=\"Szacowany czas czytania\" \/>\n\t<meta name=\"twitter:data1\" content=\"3 minuty\" \/>\n<script type=\"application\/ld+json\" class=\"yoast-schema-graph\">{\"@context\":\"https:\\\/\\\/schema.org\",\"@graph\":[{\"@type\":\"WebPage\",\"@id\":\"https:\\\/\\\/rewosport.pl\\\/?page_id=1844\",\"url\":\"https:\\\/\\\/rewosport.pl\\\/?page_id=1844\",\"name\":\"2022.06.12 - Nysa - NIE POMPUJESZ - NIE JEDZIESZ (#4) - pomiar czasu - chipy, fotokom\u00f3rki - zawody sportowe, obozy sportowe\",\"isPartOf\":{\"@id\":\"https:\\\/\\\/rewosport.pl\\\/#website\"},\"primaryImageOfPage\":{\"@id\":\"https:\\\/\\\/rewosport.pl\\\/?page_id=1844#primaryimage\"},\"image\":{\"@id\":\"https:\\\/\\\/rewosport.pl\\\/?page_id=1844#primaryimage\"},\"thumbnailUrl\":\"https:\\\/\\\/rewosport.pl\\\/wp-content\\\/uploads\\\/2022\\\/06\\\/IMG_20220612_133855-scaled.jpg\",\"datePublished\":\"2022-06-10T06:13:15+00:00\",\"dateModified\":\"2022-07-13T05:23:15+00:00\",\"breadcrumb\":{\"@id\":\"https:\\\/\\\/rewosport.pl\\\/?page_id=1844#breadcrumb\"},\"inLanguage\":\"pl-PL\",\"potentialAction\":[{\"@type\":\"ReadAction\",\"target\":[\"https:\\\/\\\/rewosport.pl\\\/?page_id=1844\"]}]},{\"@type\":\"ImageObject\",\"inLanguage\":\"pl-PL\",\"@id\":\"https:\\\/\\\/rewosport.pl\\\/?page_id=1844#primaryimage\",\"url\":\"https:\\\/\\\/rewosport.pl\\\/wp-content\\\/uploads\\\/2022\\\/06\\\/IMG_20220612_133855-scaled.jpg\",\"contentUrl\":\"https:\\\/\\\/rewosport.pl\\\/wp-content\\\/uploads\\\/2022\\\/06\\\/IMG_20220612_133855-scaled.jpg\",\"width\":2560,\"height\":1920},{\"@type\":\"BreadcrumbList\",\"@id\":\"https:\\\/\\\/rewosport.pl\\\/?page_id=1844#breadcrumb\",\"itemListElement\":[{\"@type\":\"ListItem\",\"position\":1,\"name\":\"Home\",\"item\":\"https:\\\/\\\/rewosport.pl\\\/\"},{\"@type\":\"ListItem\",\"position\":2,\"name\":\"2022.06.12 &#8211; Nysa &#8211; NIE POMPUJESZ &#8211; NIE JEDZIESZ (#4)\"}]},{\"@type\":\"WebSite\",\"@id\":\"https:\\\/\\\/rewosport.pl\\\/#website\",\"url\":\"https:\\\/\\\/rewosport.pl\\\/\",\"name\":\"pomiar czasu - chipy, fotokom\u00f3rki - zawody sportowe, obozy sportowe\",\"description\":\"elektroniczny pomiar czasu na zawodach sportowych - chipy, fotokom\u00f3rki; organizator zawod\u00f3w sportowych - biegowych, rowerowych, oboz\u00f3w sportowych,\",\"publisher\":{\"@id\":\"https:\\\/\\\/rewosport.pl\\\/#organization\"},\"potentialAction\":[{\"@type\":\"SearchAction\",\"target\":{\"@type\":\"EntryPoint\",\"urlTemplate\":\"https:\\\/\\\/rewosport.pl\\\/?s={search_term_string}\"},\"query-input\":{\"@type\":\"PropertyValueSpecification\",\"valueRequired\":true,\"valueName\":\"search_term_string\"}}],\"inLanguage\":\"pl-PL\"},{\"@type\":\"Organization\",\"@id\":\"https:\\\/\\\/rewosport.pl\\\/#organization\",\"name\":\"pomiar czasu - chipy, fotokom\u00f3rki - zawody sportowe, obozy sportowe\",\"url\":\"https:\\\/\\\/rewosport.pl\\\/\",\"logo\":{\"@type\":\"ImageObject\",\"inLanguage\":\"pl-PL\",\"@id\":\"https:\\\/\\\/rewosport.pl\\\/#\\\/schema\\\/logo\\\/image\\\/\",\"url\":\"https:\\\/\\\/rewosport.pl\\\/wp-content\\\/uploads\\\/2020\\\/07\\\/logo_rewosport.png\",\"contentUrl\":\"https:\\\/\\\/rewosport.pl\\\/wp-content\\\/uploads\\\/2020\\\/07\\\/logo_rewosport.png\",\"width\":346,\"height\":200,\"caption\":\"pomiar czasu - chipy, fotokom\u00f3rki - zawody sportowe, obozy sportowe\"},\"image\":{\"@id\":\"https:\\\/\\\/rewosport.pl\\\/#\\\/schema\\\/logo\\\/image\\\/\"}}]}<\/script>\n<!-- \/ Yoast SEO plugin. -->","yoast_head_json":{"title":"2022.06.12 - Nysa - NIE POMPUJESZ - NIE JEDZIESZ (#4) - pomiar czasu - chipy, fotokom\u00f3rki - zawody sportowe, obozy sportowe","robots":{"index":"index","follow":"follow","max-snippet":"max-snippet:-1","max-image-preview":"max-image-preview:large","max-video-preview":"max-video-preview:-1"},"canonical":"https:\/\/rewosport.pl\/?page_id=1844","og_locale":"pl_PL","og_type":"article","og_title":"2022.06.12 - Nysa - NIE POMPUJESZ - NIE JEDZIESZ (#4) - pomiar czasu - chipy, fotokom\u00f3rki - zawody sportowe, obozy sportowe","og_description":"Wyniki eliminacji (PDF) Wyniki fina\u0142owe kat. KIDS (PDF) + playoff (PDF) Wyniki fina\u0142owe kat. JUNIOR (PDF) + playoff (PDF) Wyniki fina\u0142owe kat. AMATOR (PDF) + playoff (PDF) Wyniki fina\u0142owe kat. KOBIETY (PDF) + playoff (PDF) Wyniki fina\u0142owe kat. PRO (PDF) + playoff (PDF) Miejsce: NysaDyscyplina: rowery \/ pumptrackData: 2022-06-12Organizator: Fundacja Sfera, Sfera Sportu,&nbsp;media@sferasportu.pl, tel:&nbsp;+48 515&hellip; Dowiedz si\u0119 wi\u0119cej","og_url":"https:\/\/rewosport.pl\/?page_id=1844","og_site_name":"pomiar czasu - chipy, fotokom\u00f3rki - zawody sportowe, obozy sportowe","article_modified_time":"2022-07-13T05:23:15+00:00","og_image":[{"width":2560,"height":1920,"url":"https:\/\/rewosport.pl\/wp-content\/uploads\/2022\/06\/IMG_20220612_133855-scaled.jpg","type":"image\/jpeg"}],"twitter_card":"summary_large_image","twitter_misc":{"Szacowany czas czytania":"3 minuty"},"schema":{"@context":"https:\/\/schema.org","@graph":[{"@type":"WebPage","@id":"https:\/\/rewosport.pl\/?page_id=1844","url":"https:\/\/rewosport.pl\/?page_id=1844","name":"2022.06.12 - Nysa - NIE POMPUJESZ - NIE JEDZIESZ (#4) - pomiar czasu - chipy, fotokom\u00f3rki - zawody sportowe, obozy sportowe","isPartOf":{"@id":"https:\/\/rewosport.pl\/#website"},"primaryImageOfPage":{"@id":"https:\/\/rewosport.pl\/?page_id=1844#primaryimage"},"image":{"@id":"https:\/\/rewosport.pl\/?page_id=1844#primaryimage"},"thumbnailUrl":"https:\/\/rewosport.pl\/wp-content\/uploads\/2022\/06\/IMG_20220612_133855-scaled.jpg","datePublished":"2022-06-10T06:13:15+00:00","dateModified":"2022-07-13T05:23:15+00:00","breadcrumb":{"@id":"https:\/\/rewosport.pl\/?page_id=1844#breadcrumb"},"inLanguage":"pl-PL","potentialAction":[{"@type":"ReadAction","target":["https:\/\/rewosport.pl\/?page_id=1844"]}]},{"@type":"ImageObject","inLanguage":"pl-PL","@id":"https:\/\/rewosport.pl\/?page_id=1844#primaryimage","url":"https:\/\/rewosport.pl\/wp-content\/uploads\/2022\/06\/IMG_20220612_133855-scaled.jpg","contentUrl":"https:\/\/rewosport.pl\/wp-content\/uploads\/2022\/06\/IMG_20220612_133855-scaled.jpg","width":2560,"height":1920},{"@type":"BreadcrumbList","@id":"https:\/\/rewosport.pl\/?page_id=1844#breadcrumb","itemListElement":[{"@type":"ListItem","position":1,"name":"Home","item":"https:\/\/rewosport.pl\/"},{"@type":"ListItem","position":2,"name":"2022.06.12 &#8211; Nysa &#8211; NIE POMPUJESZ &#8211; NIE JEDZIESZ (#4)"}]},{"@type":"WebSite","@id":"https:\/\/rewosport.pl\/#website","url":"https:\/\/rewosport.pl\/","name":"pomiar czasu - chipy, fotokom\u00f3rki - zawody sportowe, obozy sportowe","description":"elektroniczny pomiar czasu na zawodach sportowych - chipy, fotokom\u00f3rki; organizator zawod\u00f3w sportowych - biegowych, rowerowych, oboz\u00f3w sportowych,","publisher":{"@id":"https:\/\/rewosport.pl\/#organization"},"potentialAction":[{"@type":"SearchAction","target":{"@type":"EntryPoint","urlTemplate":"https:\/\/rewosport.pl\/?s={search_term_string}"},"query-input":{"@type":"PropertyValueSpecification","valueRequired":true,"valueName":"search_term_string"}}],"inLanguage":"pl-PL"},{"@type":"Organization","@id":"https:\/\/rewosport.pl\/#organization","name":"pomiar czasu - chipy, fotokom\u00f3rki - zawody sportowe, obozy sportowe","url":"https:\/\/rewosport.pl\/","logo":{"@type":"ImageObject","inLanguage":"pl-PL","@id":"https:\/\/rewosport.pl\/#\/schema\/logo\/image\/","url":"https:\/\/rewosport.pl\/wp-content\/uploads\/2020\/07\/logo_rewosport.png","contentUrl":"https:\/\/rewosport.pl\/wp-content\/uploads\/2020\/07\/logo_rewosport.png","width":346,"height":200,"caption":"pomiar czasu - chipy, fotokom\u00f3rki - zawody sportowe, obozy sportowe"},"image":{"@id":"https:\/\/rewosport.pl\/#\/schema\/logo\/image\/"}}]}},"_links":{"self":[{"href":"https:\/\/rewosport.pl\/index.php?rest_route=\/wp\/v2\/pages\/1844","targetHints":{"allow":["GET"]}}],"collection":[{"href":"https:\/\/rewosport.pl\/index.php?rest_route=\/wp\/v2\/pages"}],"about":[{"href":"https:\/\/rewosport.pl\/index.php?rest_route=\/wp\/v2\/types\/page"}],"author":[{"embeddable":true,"href":"https:\/\/rewosport.pl\/index.php?rest_route=\/wp\/v2\/users\/1"}],"replies":[{"embeddable":true,"href":"https:\/\/rewosport.pl\/index.php?rest_route=%2Fwp%2Fv2%2Fcomments&post=1844"}],"version-history":[{"count":15,"href":"https:\/\/rewosport.pl\/index.php?rest_route=\/wp\/v2\/pages\/1844\/revisions"}],"predecessor-version":[{"id":1921,"href":"https:\/\/rewosport.pl\/index.php?rest_route=\/wp\/v2\/pages\/1844\/revisions\/1921"}],"wp:featuredmedia":[{"embeddable":true,"href":"https:\/\/rewosport.pl\/index.php?rest_route=\/wp\/v2\/media\/1884"}],"wp:attachment":[{"href":"https:\/\/rewosport.pl\/index.php?rest_route=%2Fwp%2Fv2%2Fmedia&parent=1844"}],"curies":[{"name":"wp","href":"https:\/\/api.w.org\/{rel}","templated":true}]}}