{"id":1890,"date":"2022-07-02T19:20:02","date_gmt":"2022-07-02T17:20:02","guid":{"rendered":"http:\/\/rewosport.pl\/?page_id=1890"},"modified":"2022-07-13T07:22:35","modified_gmt":"2022-07-13T05:22:35","slug":"mistrzostwa-polski-bmx-racing-2022-nowa-sol","status":"publish","type":"page","link":"https:\/\/rewosport.pl\/?page_id=1890","title":{"rendered":"2022.07.02 &#8211; Nowa S\u00f3l &#8211; Mistrzostwa Polski BMX Racing i Og\u00f3lnopolska Olimpiada M\u0142odzie\u017cy BMX"},"content":{"rendered":"\n<p>2022.07.02 &#8211; Nowa S\u00f3l<\/p>\n\n\n\n<p><strong>Wyniki<\/strong>:<\/p>\n\n\n\n<p><strong><a href=\"http:\/\/rewosport.pl\/wp-content\/uploads\/2022\/07\/2022.07.02.BMX_.NowaSol.wynikiOOM.pdf\" target=\"_blank\" rel=\"noreferrer noopener\">Og\u00f3lnopolska Olimpiada M\u0142odzie\u017cy &#8211; BMX &#8211; oficjalne wyniki &#8211; jazda indywidualna na czas, klasyfikacja dru\u017cyn, klasyfikacja wojew\u00f3dztw (PDF)<\/a><\/strong><\/p>\n\n\n\n<p><strong><a href=\"http:\/\/rewosport.pl\/wp-content\/uploads\/2022\/07\/2022.07.02.BMX_.NowaSol.wyniki.MP_.licencja.pdf\" target=\"_blank\" rel=\"noreferrer noopener\">Mistrzostwa Polski w BMX Racing &#8211; oficjalne wyniki (PDF)<\/a><\/strong><\/p>\n\n\n\n<p><a href=\"http:\/\/rewosport.pl\/wp-content\/uploads\/2022\/07\/2022.07.02.BMX_.NowaSol.wyniki.MP_.pdf\" target=\"_blank\" rel=\"noreferrer noopener\"><strong>Mistrzostwa Polski w BMX Racing (PDF)<\/strong><\/a><\/p>\n","protected":false},"excerpt":{"rendered":"<p>2022.07.02 &#8211; Nowa S\u00f3l Wyniki: Og\u00f3lnopolska Olimpiada M\u0142odzie\u017cy &#8211; BMX &#8211; oficjalne wyniki &#8211; jazda indywidualna na czas, klasyfikacja dru\u017cyn, klasyfikacja wojew\u00f3dztw (PDF) Mistrzostwa Polski w BMX Racing &#8211; oficjalne wyniki (PDF) Mistrzostwa Polski w BMX Racing (PDF)<\/p>\n","protected":false},"author":1,"featured_media":1891,"parent":0,"menu_order":0,"comment_status":"closed","ping_status":"closed","template":"","meta":{"footnotes":""},"class_list":["post-1890","page","type-page","status-publish","has-post-thumbnail","hentry"],"yoast_head":"<!-- This site is optimized with the Yoast SEO plugin v27.5 - https:\/\/yoast.com\/product\/yoast-seo-wordpress\/ -->\n<title>2022.07.02 - Nowa S\u00f3l - Mistrzostwa Polski BMX Racing i Og\u00f3lnopolska Olimpiada M\u0142odzie\u017cy BMX - pomiar czasu - chipy, fotokom\u00f3rki - zawody sportowe, obozy sportowe<\/title>\n<meta name=\"robots\" content=\"index, follow, max-snippet:-1, max-image-preview:large, max-video-preview:-1\" \/>\n<link rel=\"canonical\" href=\"https:\/\/rewosport.pl\/?page_id=1890\" \/>\n<meta property=\"og:locale\" content=\"pl_PL\" \/>\n<meta property=\"og:type\" content=\"article\" \/>\n<meta property=\"og:title\" content=\"2022.07.02 - Nowa S\u00f3l - Mistrzostwa Polski BMX Racing i Og\u00f3lnopolska Olimpiada M\u0142odzie\u017cy BMX - pomiar czasu - chipy, fotokom\u00f3rki - zawody sportowe, obozy sportowe\" \/>\n<meta property=\"og:description\" content=\"2022.07.02 &#8211; Nowa S\u00f3l Wyniki: Og\u00f3lnopolska Olimpiada M\u0142odzie\u017cy &#8211; BMX &#8211; oficjalne wyniki &#8211; jazda indywidualna na czas, klasyfikacja dru\u017cyn, klasyfikacja wojew\u00f3dztw (PDF) Mistrzostwa Polski w BMX Racing &#8211; oficjalne wyniki (PDF) Mistrzostwa Polski w BMX Racing (PDF)\" \/>\n<meta property=\"og:url\" content=\"https:\/\/rewosport.pl\/?page_id=1890\" \/>\n<meta property=\"og:site_name\" content=\"pomiar czasu - chipy, fotokom\u00f3rki - zawody sportowe, obozy sportowe\" \/>\n<meta property=\"article:modified_time\" content=\"2022-07-13T05:22:35+00:00\" \/>\n<meta property=\"og:image\" content=\"https:\/\/rewosport.pl\/wp-content\/uploads\/2022\/07\/IMG_20220702_110553-scaled.jpg\" \/>\n\t<meta property=\"og:image:width\" content=\"2560\" \/>\n\t<meta property=\"og:image:height\" content=\"1920\" \/>\n\t<meta property=\"og:image:type\" content=\"image\/jpeg\" \/>\n<meta name=\"twitter:card\" content=\"summary_large_image\" \/>\n<meta name=\"twitter:label1\" content=\"Szacowany czas czytania\" \/>\n\t<meta name=\"twitter:data1\" content=\"1 minuta\" \/>\n<script type=\"application\/ld+json\" class=\"yoast-schema-graph\">{\"@context\":\"https:\\\/\\\/schema.org\",\"@graph\":[{\"@type\":\"WebPage\",\"@id\":\"https:\\\/\\\/rewosport.pl\\\/?page_id=1890\",\"url\":\"https:\\\/\\\/rewosport.pl\\\/?page_id=1890\",\"name\":\"2022.07.02 - Nowa S\u00f3l - Mistrzostwa Polski BMX Racing i Og\u00f3lnopolska Olimpiada M\u0142odzie\u017cy BMX - pomiar czasu - chipy, fotokom\u00f3rki - zawody sportowe, obozy sportowe\",\"isPartOf\":{\"@id\":\"https:\\\/\\\/rewosport.pl\\\/#website\"},\"primaryImageOfPage\":{\"@id\":\"https:\\\/\\\/rewosport.pl\\\/?page_id=1890#primaryimage\"},\"image\":{\"@id\":\"https:\\\/\\\/rewosport.pl\\\/?page_id=1890#primaryimage\"},\"thumbnailUrl\":\"https:\\\/\\\/rewosport.pl\\\/wp-content\\\/uploads\\\/2022\\\/07\\\/IMG_20220702_110553-scaled.jpg\",\"datePublished\":\"2022-07-02T17:20:02+00:00\",\"dateModified\":\"2022-07-13T05:22:35+00:00\",\"breadcrumb\":{\"@id\":\"https:\\\/\\\/rewosport.pl\\\/?page_id=1890#breadcrumb\"},\"inLanguage\":\"pl-PL\",\"potentialAction\":[{\"@type\":\"ReadAction\",\"target\":[\"https:\\\/\\\/rewosport.pl\\\/?page_id=1890\"]}]},{\"@type\":\"ImageObject\",\"inLanguage\":\"pl-PL\",\"@id\":\"https:\\\/\\\/rewosport.pl\\\/?page_id=1890#primaryimage\",\"url\":\"https:\\\/\\\/rewosport.pl\\\/wp-content\\\/uploads\\\/2022\\\/07\\\/IMG_20220702_110553-scaled.jpg\",\"contentUrl\":\"https:\\\/\\\/rewosport.pl\\\/wp-content\\\/uploads\\\/2022\\\/07\\\/IMG_20220702_110553-scaled.jpg\",\"width\":2560,\"height\":1920},{\"@type\":\"BreadcrumbList\",\"@id\":\"https:\\\/\\\/rewosport.pl\\\/?page_id=1890#breadcrumb\",\"itemListElement\":[{\"@type\":\"ListItem\",\"position\":1,\"name\":\"Home\",\"item\":\"https:\\\/\\\/rewosport.pl\\\/\"},{\"@type\":\"ListItem\",\"position\":2,\"name\":\"2022.07.02 &#8211; Nowa S\u00f3l &#8211; Mistrzostwa Polski BMX Racing i Og\u00f3lnopolska Olimpiada M\u0142odzie\u017cy BMX\"}]},{\"@type\":\"WebSite\",\"@id\":\"https:\\\/\\\/rewosport.pl\\\/#website\",\"url\":\"https:\\\/\\\/rewosport.pl\\\/\",\"name\":\"pomiar czasu - chipy, fotokom\u00f3rki - zawody sportowe, obozy sportowe\",\"description\":\"elektroniczny pomiar czasu na zawodach sportowych - chipy, fotokom\u00f3rki; organizator zawod\u00f3w sportowych - biegowych, rowerowych, oboz\u00f3w sportowych,\",\"publisher\":{\"@id\":\"https:\\\/\\\/rewosport.pl\\\/#organization\"},\"potentialAction\":[{\"@type\":\"SearchAction\",\"target\":{\"@type\":\"EntryPoint\",\"urlTemplate\":\"https:\\\/\\\/rewosport.pl\\\/?s={search_term_string}\"},\"query-input\":{\"@type\":\"PropertyValueSpecification\",\"valueRequired\":true,\"valueName\":\"search_term_string\"}}],\"inLanguage\":\"pl-PL\"},{\"@type\":\"Organization\",\"@id\":\"https:\\\/\\\/rewosport.pl\\\/#organization\",\"name\":\"pomiar czasu - chipy, fotokom\u00f3rki - zawody sportowe, obozy sportowe\",\"url\":\"https:\\\/\\\/rewosport.pl\\\/\",\"logo\":{\"@type\":\"ImageObject\",\"inLanguage\":\"pl-PL\",\"@id\":\"https:\\\/\\\/rewosport.pl\\\/#\\\/schema\\\/logo\\\/image\\\/\",\"url\":\"https:\\\/\\\/rewosport.pl\\\/wp-content\\\/uploads\\\/2020\\\/07\\\/logo_rewosport.png\",\"contentUrl\":\"https:\\\/\\\/rewosport.pl\\\/wp-content\\\/uploads\\\/2020\\\/07\\\/logo_rewosport.png\",\"width\":346,\"height\":200,\"caption\":\"pomiar czasu - chipy, fotokom\u00f3rki - zawody sportowe, obozy sportowe\"},\"image\":{\"@id\":\"https:\\\/\\\/rewosport.pl\\\/#\\\/schema\\\/logo\\\/image\\\/\"}}]}<\/script>\n<!-- \/ Yoast SEO plugin. -->","yoast_head_json":{"title":"2022.07.02 - Nowa S\u00f3l - Mistrzostwa Polski BMX Racing i Og\u00f3lnopolska Olimpiada M\u0142odzie\u017cy BMX - pomiar czasu - chipy, fotokom\u00f3rki - zawody sportowe, obozy sportowe","robots":{"index":"index","follow":"follow","max-snippet":"max-snippet:-1","max-image-preview":"max-image-preview:large","max-video-preview":"max-video-preview:-1"},"canonical":"https:\/\/rewosport.pl\/?page_id=1890","og_locale":"pl_PL","og_type":"article","og_title":"2022.07.02 - Nowa S\u00f3l - Mistrzostwa Polski BMX Racing i Og\u00f3lnopolska Olimpiada M\u0142odzie\u017cy BMX - pomiar czasu - chipy, fotokom\u00f3rki - zawody sportowe, obozy sportowe","og_description":"2022.07.02 &#8211; Nowa S\u00f3l Wyniki: Og\u00f3lnopolska Olimpiada M\u0142odzie\u017cy &#8211; BMX &#8211; oficjalne wyniki &#8211; jazda indywidualna na czas, klasyfikacja dru\u017cyn, klasyfikacja wojew\u00f3dztw (PDF) Mistrzostwa Polski w BMX Racing &#8211; oficjalne wyniki (PDF) Mistrzostwa Polski w BMX Racing (PDF)","og_url":"https:\/\/rewosport.pl\/?page_id=1890","og_site_name":"pomiar czasu - chipy, fotokom\u00f3rki - zawody sportowe, obozy sportowe","article_modified_time":"2022-07-13T05:22:35+00:00","og_image":[{"width":2560,"height":1920,"url":"https:\/\/rewosport.pl\/wp-content\/uploads\/2022\/07\/IMG_20220702_110553-scaled.jpg","type":"image\/jpeg"}],"twitter_card":"summary_large_image","twitter_misc":{"Szacowany czas czytania":"1 minuta"},"schema":{"@context":"https:\/\/schema.org","@graph":[{"@type":"WebPage","@id":"https:\/\/rewosport.pl\/?page_id=1890","url":"https:\/\/rewosport.pl\/?page_id=1890","name":"2022.07.02 - Nowa S\u00f3l - Mistrzostwa Polski BMX Racing i Og\u00f3lnopolska Olimpiada M\u0142odzie\u017cy BMX - pomiar czasu - chipy, fotokom\u00f3rki - zawody sportowe, obozy sportowe","isPartOf":{"@id":"https:\/\/rewosport.pl\/#website"},"primaryImageOfPage":{"@id":"https:\/\/rewosport.pl\/?page_id=1890#primaryimage"},"image":{"@id":"https:\/\/rewosport.pl\/?page_id=1890#primaryimage"},"thumbnailUrl":"https:\/\/rewosport.pl\/wp-content\/uploads\/2022\/07\/IMG_20220702_110553-scaled.jpg","datePublished":"2022-07-02T17:20:02+00:00","dateModified":"2022-07-13T05:22:35+00:00","breadcrumb":{"@id":"https:\/\/rewosport.pl\/?page_id=1890#breadcrumb"},"inLanguage":"pl-PL","potentialAction":[{"@type":"ReadAction","target":["https:\/\/rewosport.pl\/?page_id=1890"]}]},{"@type":"ImageObject","inLanguage":"pl-PL","@id":"https:\/\/rewosport.pl\/?page_id=1890#primaryimage","url":"https:\/\/rewosport.pl\/wp-content\/uploads\/2022\/07\/IMG_20220702_110553-scaled.jpg","contentUrl":"https:\/\/rewosport.pl\/wp-content\/uploads\/2022\/07\/IMG_20220702_110553-scaled.jpg","width":2560,"height":1920},{"@type":"BreadcrumbList","@id":"https:\/\/rewosport.pl\/?page_id=1890#breadcrumb","itemListElement":[{"@type":"ListItem","position":1,"name":"Home","item":"https:\/\/rewosport.pl\/"},{"@type":"ListItem","position":2,"name":"2022.07.02 &#8211; Nowa S\u00f3l &#8211; Mistrzostwa Polski BMX Racing i Og\u00f3lnopolska Olimpiada M\u0142odzie\u017cy BMX"}]},{"@type":"WebSite","@id":"https:\/\/rewosport.pl\/#website","url":"https:\/\/rewosport.pl\/","name":"pomiar czasu - chipy, fotokom\u00f3rki - zawody sportowe, obozy sportowe","description":"elektroniczny pomiar czasu na zawodach sportowych - chipy, fotokom\u00f3rki; organizator zawod\u00f3w sportowych - biegowych, rowerowych, oboz\u00f3w sportowych,","publisher":{"@id":"https:\/\/rewosport.pl\/#organization"},"potentialAction":[{"@type":"SearchAction","target":{"@type":"EntryPoint","urlTemplate":"https:\/\/rewosport.pl\/?s={search_term_string}"},"query-input":{"@type":"PropertyValueSpecification","valueRequired":true,"valueName":"search_term_string"}}],"inLanguage":"pl-PL"},{"@type":"Organization","@id":"https:\/\/rewosport.pl\/#organization","name":"pomiar czasu - chipy, fotokom\u00f3rki - zawody sportowe, obozy sportowe","url":"https:\/\/rewosport.pl\/","logo":{"@type":"ImageObject","inLanguage":"pl-PL","@id":"https:\/\/rewosport.pl\/#\/schema\/logo\/image\/","url":"https:\/\/rewosport.pl\/wp-content\/uploads\/2020\/07\/logo_rewosport.png","contentUrl":"https:\/\/rewosport.pl\/wp-content\/uploads\/2020\/07\/logo_rewosport.png","width":346,"height":200,"caption":"pomiar czasu - chipy, fotokom\u00f3rki - zawody sportowe, obozy sportowe"},"image":{"@id":"https:\/\/rewosport.pl\/#\/schema\/logo\/image\/"}}]}},"_links":{"self":[{"href":"https:\/\/rewosport.pl\/index.php?rest_route=\/wp\/v2\/pages\/1890","targetHints":{"allow":["GET"]}}],"collection":[{"href":"https:\/\/rewosport.pl\/index.php?rest_route=\/wp\/v2\/pages"}],"about":[{"href":"https:\/\/rewosport.pl\/index.php?rest_route=\/wp\/v2\/types\/page"}],"author":[{"embeddable":true,"href":"https:\/\/rewosport.pl\/index.php?rest_route=\/wp\/v2\/users\/1"}],"replies":[{"embeddable":true,"href":"https:\/\/rewosport.pl\/index.php?rest_route=%2Fwp%2Fv2%2Fcomments&post=1890"}],"version-history":[{"count":8,"href":"https:\/\/rewosport.pl\/index.php?rest_route=\/wp\/v2\/pages\/1890\/revisions"}],"predecessor-version":[{"id":1920,"href":"https:\/\/rewosport.pl\/index.php?rest_route=\/wp\/v2\/pages\/1890\/revisions\/1920"}],"wp:featuredmedia":[{"embeddable":true,"href":"https:\/\/rewosport.pl\/index.php?rest_route=\/wp\/v2\/media\/1891"}],"wp:attachment":[{"href":"https:\/\/rewosport.pl\/index.php?rest_route=%2Fwp%2Fv2%2Fmedia&parent=1890"}],"curies":[{"name":"wp","href":"https:\/\/api.w.org\/{rel}","templated":true}]}}