{"id":2012,"date":"2022-09-28T21:21:37","date_gmt":"2022-09-28T19:21:37","guid":{"rendered":"https:\/\/rewosport.pl\/?page_id=2012"},"modified":"2026-03-08T17:03:50","modified_gmt":"2026-03-08T16:03:50","slug":"ostalowski","status":"publish","type":"page","link":"https:\/\/rewosport.pl\/?page_id=2012","title":{"rendered":"Bartosz Osta\u0142owski &#8211;  rekord Guinnessa na najszybszy drift samochodem prowadzonym stop\u0105"},"content":{"rendered":"\n<p>Pomiar czasu przejazdu na ustalonym geodezyjnie odcinku 50 metr\u00f3w (0,05 kilometra) z dok\u0142adno\u015bci\u0105 do 0.001 sekundy, na podstawie pomiaru czasu obliczenie pr\u0119dko\u015bci \u015bredniej przejazdu wyznaczonego odcinka. Aby drift zosta\u0142 uznany &#8211; samoch\u00f3d musia\u0142 by\u0107 w momencie pokonywania odcinka pomiarowego ustawiony pod k\u0105tem minimum 30* wzgl\u0119dem kierunku przemieszczania si\u0119 (pomiar z urz\u0105dzenia DriftBox). <\/p>\n\n\n\n<p>W rekordowej pr\u00f3bie (nr 10) Bartek rozp\u0119dzi\u0142 auto do 277 km\/h, a odcinek pomiarowy przejecha\u0142 ze \u015bredni\u0105 pr\u0119dko\u015bci\u0105 231,660 km\/h i autem ustawionym pod k\u0105tem 60*!<\/p>\n\n\n\n<iframe loading=\"lazy\" id=\"wshost\" width=\"100%\" height=\"700\" src=\"https:\/\/www.webscorer.com\/results?pid=1&amp;raceid=292140&amp;embed=2&amp;lang=pl\"><\/iframe>\n\n\n\n<figure class=\"wp-block-image size-large\"><img loading=\"lazy\" decoding=\"async\" width=\"1024\" height=\"684\" src=\"https:\/\/rewosport.pl\/wp-content\/uploads\/2022\/11\/Rekord-Guinnessa-48-1024x684.jpg\" alt=\"\" class=\"wp-image-2381\" srcset=\"https:\/\/rewosport.pl\/wp-content\/uploads\/2022\/11\/Rekord-Guinnessa-48-1024x684.jpg 1024w, https:\/\/rewosport.pl\/wp-content\/uploads\/2022\/11\/Rekord-Guinnessa-48-300x200.jpg 300w, https:\/\/rewosport.pl\/wp-content\/uploads\/2022\/11\/Rekord-Guinnessa-48-768x513.jpg 768w, https:\/\/rewosport.pl\/wp-content\/uploads\/2022\/11\/Rekord-Guinnessa-48-1536x1025.jpg 1536w, https:\/\/rewosport.pl\/wp-content\/uploads\/2022\/11\/Rekord-Guinnessa-48-2048x1367.jpg 2048w, https:\/\/rewosport.pl\/wp-content\/uploads\/2022\/11\/Rekord-Guinnessa-48-1618x1080.jpg 1618w\" sizes=\"auto, (max-width: 1024px) 100vw, 1024px\" \/><\/figure>\n\n\n\n<figure class=\"wp-block-image size-large\"><img loading=\"lazy\" decoding=\"async\" width=\"1024\" height=\"683\" src=\"https:\/\/rewosport.pl\/wp-content\/uploads\/2022\/11\/Rekord-Guinnessa-166-1024x683.jpg\" alt=\"\" class=\"wp-image-2393\" srcset=\"https:\/\/rewosport.pl\/wp-content\/uploads\/2022\/11\/Rekord-Guinnessa-166-1024x683.jpg 1024w, https:\/\/rewosport.pl\/wp-content\/uploads\/2022\/11\/Rekord-Guinnessa-166-300x200.jpg 300w, https:\/\/rewosport.pl\/wp-content\/uploads\/2022\/11\/Rekord-Guinnessa-166-768x512.jpg 768w, https:\/\/rewosport.pl\/wp-content\/uploads\/2022\/11\/Rekord-Guinnessa-166-1536x1024.jpg 1536w, https:\/\/rewosport.pl\/wp-content\/uploads\/2022\/11\/Rekord-Guinnessa-166-2048x1365.jpg 2048w, https:\/\/rewosport.pl\/wp-content\/uploads\/2022\/11\/Rekord-Guinnessa-166-1620x1080.jpg 1620w\" sizes=\"auto, (max-width: 1024px) 100vw, 1024px\" \/><\/figure>\n\n\n\n<figure class=\"wp-block-image size-large\"><img loading=\"lazy\" decoding=\"async\" width=\"1024\" height=\"683\" src=\"https:\/\/rewosport.pl\/wp-content\/uploads\/2022\/11\/Rekord-Guinnessa-206-1024x683.jpg\" alt=\"\" class=\"wp-image-2384\" srcset=\"https:\/\/rewosport.pl\/wp-content\/uploads\/2022\/11\/Rekord-Guinnessa-206-1024x683.jpg 1024w, https:\/\/rewosport.pl\/wp-content\/uploads\/2022\/11\/Rekord-Guinnessa-206-300x200.jpg 300w, https:\/\/rewosport.pl\/wp-content\/uploads\/2022\/11\/Rekord-Guinnessa-206-768x512.jpg 768w, https:\/\/rewosport.pl\/wp-content\/uploads\/2022\/11\/Rekord-Guinnessa-206-1536x1024.jpg 1536w, https:\/\/rewosport.pl\/wp-content\/uploads\/2022\/11\/Rekord-Guinnessa-206-2048x1365.jpg 2048w, https:\/\/rewosport.pl\/wp-content\/uploads\/2022\/11\/Rekord-Guinnessa-206-1620x1080.jpg 1620w\" sizes=\"auto, (max-width: 1024px) 100vw, 1024px\" \/><\/figure>\n\n\n\n<figure class=\"wp-block-image size-large\"><img loading=\"lazy\" decoding=\"async\" width=\"1024\" height=\"683\" src=\"https:\/\/rewosport.pl\/wp-content\/uploads\/2022\/11\/Rekord-Guinnessa-205-1024x683.jpg\" alt=\"\" class=\"wp-image-2385\" srcset=\"https:\/\/rewosport.pl\/wp-content\/uploads\/2022\/11\/Rekord-Guinnessa-205-1024x683.jpg 1024w, https:\/\/rewosport.pl\/wp-content\/uploads\/2022\/11\/Rekord-Guinnessa-205-300x200.jpg 300w, https:\/\/rewosport.pl\/wp-content\/uploads\/2022\/11\/Rekord-Guinnessa-205-768x512.jpg 768w, https:\/\/rewosport.pl\/wp-content\/uploads\/2022\/11\/Rekord-Guinnessa-205-1536x1024.jpg 1536w, https:\/\/rewosport.pl\/wp-content\/uploads\/2022\/11\/Rekord-Guinnessa-205-2048x1365.jpg 2048w, https:\/\/rewosport.pl\/wp-content\/uploads\/2022\/11\/Rekord-Guinnessa-205-1620x1080.jpg 1620w\" sizes=\"auto, (max-width: 1024px) 100vw, 1024px\" \/><\/figure>\n\n\n\n<figure class=\"wp-block-image size-large\"><img loading=\"lazy\" decoding=\"async\" width=\"1024\" height=\"683\" src=\"https:\/\/rewosport.pl\/wp-content\/uploads\/2022\/11\/Rekord-Guinnessa-169-1024x683.jpg\" alt=\"\" class=\"wp-image-2386\" srcset=\"https:\/\/rewosport.pl\/wp-content\/uploads\/2022\/11\/Rekord-Guinnessa-169-1024x683.jpg 1024w, https:\/\/rewosport.pl\/wp-content\/uploads\/2022\/11\/Rekord-Guinnessa-169-300x200.jpg 300w, https:\/\/rewosport.pl\/wp-content\/uploads\/2022\/11\/Rekord-Guinnessa-169-768x512.jpg 768w, https:\/\/rewosport.pl\/wp-content\/uploads\/2022\/11\/Rekord-Guinnessa-169-1536x1024.jpg 1536w, https:\/\/rewosport.pl\/wp-content\/uploads\/2022\/11\/Rekord-Guinnessa-169-2048x1365.jpg 2048w, https:\/\/rewosport.pl\/wp-content\/uploads\/2022\/11\/Rekord-Guinnessa-169-1620x1080.jpg 1620w\" sizes=\"auto, (max-width: 1024px) 100vw, 1024px\" \/><\/figure>\n\n\n\n<figure class=\"wp-block-image size-large\"><img loading=\"lazy\" decoding=\"async\" width=\"1024\" height=\"684\" src=\"https:\/\/rewosport.pl\/wp-content\/uploads\/2022\/11\/Rekord-Guinnessa-234-1024x684.jpg\" alt=\"\" class=\"wp-image-2387\" srcset=\"https:\/\/rewosport.pl\/wp-content\/uploads\/2022\/11\/Rekord-Guinnessa-234-1024x684.jpg 1024w, https:\/\/rewosport.pl\/wp-content\/uploads\/2022\/11\/Rekord-Guinnessa-234-300x200.jpg 300w, https:\/\/rewosport.pl\/wp-content\/uploads\/2022\/11\/Rekord-Guinnessa-234-768x513.jpg 768w, https:\/\/rewosport.pl\/wp-content\/uploads\/2022\/11\/Rekord-Guinnessa-234-1536x1025.jpg 1536w, https:\/\/rewosport.pl\/wp-content\/uploads\/2022\/11\/Rekord-Guinnessa-234-2048x1367.jpg 2048w, https:\/\/rewosport.pl\/wp-content\/uploads\/2022\/11\/Rekord-Guinnessa-234-1618x1080.jpg 1618w\" sizes=\"auto, (max-width: 1024px) 100vw, 1024px\" \/><\/figure>\n\n\n\n<figure class=\"wp-block-image size-large\"><img loading=\"lazy\" decoding=\"async\" width=\"1024\" height=\"684\" src=\"https:\/\/rewosport.pl\/wp-content\/uploads\/2022\/11\/Rekord-Guinnessa-100-1024x684.jpg\" alt=\"\" class=\"wp-image-2388\" srcset=\"https:\/\/rewosport.pl\/wp-content\/uploads\/2022\/11\/Rekord-Guinnessa-100-1024x684.jpg 1024w, https:\/\/rewosport.pl\/wp-content\/uploads\/2022\/11\/Rekord-Guinnessa-100-300x200.jpg 300w, https:\/\/rewosport.pl\/wp-content\/uploads\/2022\/11\/Rekord-Guinnessa-100-768x513.jpg 768w, https:\/\/rewosport.pl\/wp-content\/uploads\/2022\/11\/Rekord-Guinnessa-100-1536x1025.jpg 1536w, https:\/\/rewosport.pl\/wp-content\/uploads\/2022\/11\/Rekord-Guinnessa-100-2048x1367.jpg 2048w, https:\/\/rewosport.pl\/wp-content\/uploads\/2022\/11\/Rekord-Guinnessa-100-1618x1080.jpg 1618w\" sizes=\"auto, (max-width: 1024px) 100vw, 1024px\" \/><\/figure>\n\n\n\n<figure class=\"wp-block-image size-large\"><img loading=\"lazy\" decoding=\"async\" width=\"1024\" height=\"683\" src=\"https:\/\/rewosport.pl\/wp-content\/uploads\/2022\/11\/Rekord-Guinnessa-185-1024x683.jpg\" alt=\"\" class=\"wp-image-2389\" srcset=\"https:\/\/rewosport.pl\/wp-content\/uploads\/2022\/11\/Rekord-Guinnessa-185-1024x683.jpg 1024w, https:\/\/rewosport.pl\/wp-content\/uploads\/2022\/11\/Rekord-Guinnessa-185-300x200.jpg 300w, https:\/\/rewosport.pl\/wp-content\/uploads\/2022\/11\/Rekord-Guinnessa-185-768x512.jpg 768w, https:\/\/rewosport.pl\/wp-content\/uploads\/2022\/11\/Rekord-Guinnessa-185-1536x1024.jpg 1536w, https:\/\/rewosport.pl\/wp-content\/uploads\/2022\/11\/Rekord-Guinnessa-185-2048x1365.jpg 2048w, https:\/\/rewosport.pl\/wp-content\/uploads\/2022\/11\/Rekord-Guinnessa-185-1620x1080.jpg 1620w\" sizes=\"auto, (max-width: 1024px) 100vw, 1024px\" \/><\/figure>\n\n\n\n<figure class=\"wp-block-image size-large\"><img loading=\"lazy\" decoding=\"async\" width=\"1024\" height=\"684\" src=\"https:\/\/rewosport.pl\/wp-content\/uploads\/2022\/11\/Rekord-Guinnessa-32-1024x684.jpg\" alt=\"\" class=\"wp-image-2390\" srcset=\"https:\/\/rewosport.pl\/wp-content\/uploads\/2022\/11\/Rekord-Guinnessa-32-1024x684.jpg 1024w, https:\/\/rewosport.pl\/wp-content\/uploads\/2022\/11\/Rekord-Guinnessa-32-300x200.jpg 300w, https:\/\/rewosport.pl\/wp-content\/uploads\/2022\/11\/Rekord-Guinnessa-32-768x513.jpg 768w, https:\/\/rewosport.pl\/wp-content\/uploads\/2022\/11\/Rekord-Guinnessa-32-1536x1025.jpg 1536w, https:\/\/rewosport.pl\/wp-content\/uploads\/2022\/11\/Rekord-Guinnessa-32-2048x1367.jpg 2048w, https:\/\/rewosport.pl\/wp-content\/uploads\/2022\/11\/Rekord-Guinnessa-32-1618x1080.jpg 1618w\" sizes=\"auto, (max-width: 1024px) 100vw, 1024px\" \/><\/figure>\n\n\n\n<figure class=\"wp-block-image size-large\"><img loading=\"lazy\" decoding=\"async\" width=\"1024\" height=\"684\" src=\"https:\/\/rewosport.pl\/wp-content\/uploads\/2022\/11\/Rekord-Guinnessa-101-1024x684.jpg\" alt=\"\" class=\"wp-image-2391\" srcset=\"https:\/\/rewosport.pl\/wp-content\/uploads\/2022\/11\/Rekord-Guinnessa-101-1024x684.jpg 1024w, https:\/\/rewosport.pl\/wp-content\/uploads\/2022\/11\/Rekord-Guinnessa-101-300x200.jpg 300w, https:\/\/rewosport.pl\/wp-content\/uploads\/2022\/11\/Rekord-Guinnessa-101-768x513.jpg 768w, https:\/\/rewosport.pl\/wp-content\/uploads\/2022\/11\/Rekord-Guinnessa-101-1536x1025.jpg 1536w, https:\/\/rewosport.pl\/wp-content\/uploads\/2022\/11\/Rekord-Guinnessa-101-2048x1367.jpg 2048w, https:\/\/rewosport.pl\/wp-content\/uploads\/2022\/11\/Rekord-Guinnessa-101-1618x1080.jpg 1618w\" sizes=\"auto, (max-width: 1024px) 100vw, 1024px\" \/><\/figure>\n\n\n\n<figure class=\"wp-block-image size-large\"><img loading=\"lazy\" decoding=\"async\" width=\"1024\" height=\"683\" src=\"https:\/\/rewosport.pl\/wp-content\/uploads\/2022\/11\/Rekord-Guinnessa-167-1024x683.jpg\" alt=\"\" class=\"wp-image-2392\" srcset=\"https:\/\/rewosport.pl\/wp-content\/uploads\/2022\/11\/Rekord-Guinnessa-167-1024x683.jpg 1024w, https:\/\/rewosport.pl\/wp-content\/uploads\/2022\/11\/Rekord-Guinnessa-167-300x200.jpg 300w, https:\/\/rewosport.pl\/wp-content\/uploads\/2022\/11\/Rekord-Guinnessa-167-768x512.jpg 768w, https:\/\/rewosport.pl\/wp-content\/uploads\/2022\/11\/Rekord-Guinnessa-167-1536x1024.jpg 1536w, https:\/\/rewosport.pl\/wp-content\/uploads\/2022\/11\/Rekord-Guinnessa-167-2048x1365.jpg 2048w, https:\/\/rewosport.pl\/wp-content\/uploads\/2022\/11\/Rekord-Guinnessa-167-1620x1080.jpg 1620w\" sizes=\"auto, (max-width: 1024px) 100vw, 1024px\" \/><\/figure>\n\n\n\n<figure class=\"wp-block-image size-large\"><img loading=\"lazy\" decoding=\"async\" width=\"1024\" height=\"684\" src=\"https:\/\/rewosport.pl\/wp-content\/uploads\/2022\/11\/Rekord-Guinnessa-98-1024x684.jpg\" alt=\"\" class=\"wp-image-2394\" srcset=\"https:\/\/rewosport.pl\/wp-content\/uploads\/2022\/11\/Rekord-Guinnessa-98-1024x684.jpg 1024w, https:\/\/rewosport.pl\/wp-content\/uploads\/2022\/11\/Rekord-Guinnessa-98-300x200.jpg 300w, https:\/\/rewosport.pl\/wp-content\/uploads\/2022\/11\/Rekord-Guinnessa-98-768x513.jpg 768w, https:\/\/rewosport.pl\/wp-content\/uploads\/2022\/11\/Rekord-Guinnessa-98-1536x1025.jpg 1536w, https:\/\/rewosport.pl\/wp-content\/uploads\/2022\/11\/Rekord-Guinnessa-98-2048x1367.jpg 2048w, https:\/\/rewosport.pl\/wp-content\/uploads\/2022\/11\/Rekord-Guinnessa-98-1618x1080.jpg 1618w\" sizes=\"auto, (max-width: 1024px) 100vw, 1024px\" \/><\/figure>\n","protected":false},"excerpt":{"rendered":"<p>Pomiar czasu przejazdu na ustalonym geodezyjnie odcinku 50 metr\u00f3w (0,05 kilometra) z dok\u0142adno\u015bci\u0105 do 0.001 sekundy, na podstawie pomiaru czasu obliczenie pr\u0119dko\u015bci \u015bredniej przejazdu wyznaczonego odcinka. Aby drift zosta\u0142 uznany &#8211; samoch\u00f3d musia\u0142 by\u0107 w momencie pokonywania odcinka pomiarowego ustawiony pod k\u0105tem minimum 30* wzgl\u0119dem kierunku przemieszczania si\u0119 (pomiar z urz\u0105dzenia DriftBox). W rekordowej pr\u00f3bie&hellip; <br \/> <a class=\"read-more\" href=\"https:\/\/rewosport.pl\/?page_id=2012\">Dowiedz si\u0119 wi\u0119cej<\/a><\/p>\n","protected":false},"author":1,"featured_media":2023,"parent":0,"menu_order":0,"comment_status":"closed","ping_status":"closed","template":"","meta":{"footnotes":""},"class_list":["post-2012","page","type-page","status-publish","has-post-thumbnail","hentry"],"yoast_head":"<!-- This site is optimized with the Yoast SEO plugin v27.4 - https:\/\/yoast.com\/product\/yoast-seo-wordpress\/ -->\n<title>Bartosz Osta\u0142owski - rekord Guinnessa na najszybszy drift samochodem prowadzonym stop\u0105 - pomiar czasu - chipy, fotokom\u00f3rki - zawody sportowe, obozy sportowe<\/title>\n<meta name=\"description\" content=\"Pomiar pr\u0119dko\u015bci \u015bredniej - Rekord Guiness&#039;a w najwy\u017cszej pr\u0119dko\u015bci driftu samochodem prowadzonym stop\u0105 - Bartosz Osta\u0142owski - 231,66 km\/h\" \/>\n<meta name=\"robots\" content=\"index, follow, max-snippet:-1, max-image-preview:large, max-video-preview:-1\" \/>\n<link rel=\"canonical\" href=\"https:\/\/rewosport.pl\/?page_id=2012\" \/>\n<meta property=\"og:locale\" content=\"pl_PL\" \/>\n<meta property=\"og:type\" content=\"article\" \/>\n<meta property=\"og:title\" content=\"Bartosz Osta\u0142owski - rekord Guinnessa na najszybszy drift samochodem prowadzonym stop\u0105 - pomiar czasu - chipy, fotokom\u00f3rki - zawody sportowe, obozy sportowe\" \/>\n<meta property=\"og:description\" content=\"Pomiar pr\u0119dko\u015bci \u015bredniej - Rekord Guiness&#039;a w najwy\u017cszej pr\u0119dko\u015bci driftu samochodem prowadzonym stop\u0105 - Bartosz Osta\u0142owski - 231,66 km\/h\" \/>\n<meta property=\"og:url\" content=\"https:\/\/rewosport.pl\/?page_id=2012\" \/>\n<meta property=\"og:site_name\" content=\"pomiar czasu - chipy, fotokom\u00f3rki - zawody sportowe, obozy sportowe\" \/>\n<meta property=\"article:modified_time\" content=\"2026-03-08T16:03:50+00:00\" \/>\n<meta property=\"og:image\" content=\"https:\/\/rewosport.pl\/wp-content\/uploads\/2022\/09\/header.ostalowski.2.jpg\" \/>\n\t<meta property=\"og:image:width\" content=\"2048\" \/>\n\t<meta property=\"og:image:height\" content=\"1152\" \/>\n\t<meta property=\"og:image:type\" content=\"image\/jpeg\" \/>\n<meta name=\"twitter:card\" content=\"summary_large_image\" \/>\n<meta name=\"twitter:label1\" content=\"Szacowany czas czytania\" \/>\n\t<meta name=\"twitter:data1\" content=\"4 minuty\" \/>\n<script type=\"application\/ld+json\" class=\"yoast-schema-graph\">{\"@context\":\"https:\\\/\\\/schema.org\",\"@graph\":[{\"@type\":\"WebPage\",\"@id\":\"https:\\\/\\\/rewosport.pl\\\/?page_id=2012\",\"url\":\"https:\\\/\\\/rewosport.pl\\\/?page_id=2012\",\"name\":\"Bartosz Osta\u0142owski - rekord Guinnessa na najszybszy drift samochodem prowadzonym stop\u0105 - pomiar czasu - chipy, fotokom\u00f3rki - zawody sportowe, obozy sportowe\",\"isPartOf\":{\"@id\":\"https:\\\/\\\/rewosport.pl\\\/#website\"},\"primaryImageOfPage\":{\"@id\":\"https:\\\/\\\/rewosport.pl\\\/?page_id=2012#primaryimage\"},\"image\":{\"@id\":\"https:\\\/\\\/rewosport.pl\\\/?page_id=2012#primaryimage\"},\"thumbnailUrl\":\"https:\\\/\\\/rewosport.pl\\\/wp-content\\\/uploads\\\/2022\\\/09\\\/header.ostalowski.2.jpg\",\"datePublished\":\"2022-09-28T19:21:37+00:00\",\"dateModified\":\"2026-03-08T16:03:50+00:00\",\"description\":\"Pomiar pr\u0119dko\u015bci \u015bredniej - Rekord Guiness'a w najwy\u017cszej pr\u0119dko\u015bci driftu samochodem prowadzonym stop\u0105 - Bartosz Osta\u0142owski - 231,66 km\\\/h\",\"breadcrumb\":{\"@id\":\"https:\\\/\\\/rewosport.pl\\\/?page_id=2012#breadcrumb\"},\"inLanguage\":\"pl-PL\",\"potentialAction\":[{\"@type\":\"ReadAction\",\"target\":[\"https:\\\/\\\/rewosport.pl\\\/?page_id=2012\"]}]},{\"@type\":\"ImageObject\",\"inLanguage\":\"pl-PL\",\"@id\":\"https:\\\/\\\/rewosport.pl\\\/?page_id=2012#primaryimage\",\"url\":\"https:\\\/\\\/rewosport.pl\\\/wp-content\\\/uploads\\\/2022\\\/09\\\/header.ostalowski.2.jpg\",\"contentUrl\":\"https:\\\/\\\/rewosport.pl\\\/wp-content\\\/uploads\\\/2022\\\/09\\\/header.ostalowski.2.jpg\",\"width\":2048,\"height\":1152},{\"@type\":\"BreadcrumbList\",\"@id\":\"https:\\\/\\\/rewosport.pl\\\/?page_id=2012#breadcrumb\",\"itemListElement\":[{\"@type\":\"ListItem\",\"position\":1,\"name\":\"Home\",\"item\":\"https:\\\/\\\/rewosport.pl\\\/\"},{\"@type\":\"ListItem\",\"position\":2,\"name\":\"Bartosz Osta\u0142owski &#8211; rekord Guinnessa na najszybszy drift samochodem prowadzonym stop\u0105\"}]},{\"@type\":\"WebSite\",\"@id\":\"https:\\\/\\\/rewosport.pl\\\/#website\",\"url\":\"https:\\\/\\\/rewosport.pl\\\/\",\"name\":\"pomiar czasu - chipy, fotokom\u00f3rki - zawody sportowe, obozy sportowe\",\"description\":\"elektroniczny pomiar czasu na zawodach sportowych - chipy, fotokom\u00f3rki; organizator zawod\u00f3w sportowych - biegowych, rowerowych, oboz\u00f3w sportowych,\",\"publisher\":{\"@id\":\"https:\\\/\\\/rewosport.pl\\\/#organization\"},\"potentialAction\":[{\"@type\":\"SearchAction\",\"target\":{\"@type\":\"EntryPoint\",\"urlTemplate\":\"https:\\\/\\\/rewosport.pl\\\/?s={search_term_string}\"},\"query-input\":{\"@type\":\"PropertyValueSpecification\",\"valueRequired\":true,\"valueName\":\"search_term_string\"}}],\"inLanguage\":\"pl-PL\"},{\"@type\":\"Organization\",\"@id\":\"https:\\\/\\\/rewosport.pl\\\/#organization\",\"name\":\"pomiar czasu - chipy, fotokom\u00f3rki - zawody sportowe, obozy sportowe\",\"url\":\"https:\\\/\\\/rewosport.pl\\\/\",\"logo\":{\"@type\":\"ImageObject\",\"inLanguage\":\"pl-PL\",\"@id\":\"https:\\\/\\\/rewosport.pl\\\/#\\\/schema\\\/logo\\\/image\\\/\",\"url\":\"https:\\\/\\\/rewosport.pl\\\/wp-content\\\/uploads\\\/2020\\\/07\\\/logo_rewosport.png\",\"contentUrl\":\"https:\\\/\\\/rewosport.pl\\\/wp-content\\\/uploads\\\/2020\\\/07\\\/logo_rewosport.png\",\"width\":346,\"height\":200,\"caption\":\"pomiar czasu - chipy, fotokom\u00f3rki - zawody sportowe, obozy sportowe\"},\"image\":{\"@id\":\"https:\\\/\\\/rewosport.pl\\\/#\\\/schema\\\/logo\\\/image\\\/\"}}]}<\/script>\n<!-- \/ Yoast SEO plugin. -->","yoast_head_json":{"title":"Bartosz Osta\u0142owski - rekord Guinnessa na najszybszy drift samochodem prowadzonym stop\u0105 - pomiar czasu - chipy, fotokom\u00f3rki - zawody sportowe, obozy sportowe","description":"Pomiar pr\u0119dko\u015bci \u015bredniej - Rekord Guiness'a w najwy\u017cszej pr\u0119dko\u015bci driftu samochodem prowadzonym stop\u0105 - Bartosz Osta\u0142owski - 231,66 km\/h","robots":{"index":"index","follow":"follow","max-snippet":"max-snippet:-1","max-image-preview":"max-image-preview:large","max-video-preview":"max-video-preview:-1"},"canonical":"https:\/\/rewosport.pl\/?page_id=2012","og_locale":"pl_PL","og_type":"article","og_title":"Bartosz Osta\u0142owski - rekord Guinnessa na najszybszy drift samochodem prowadzonym stop\u0105 - pomiar czasu - chipy, fotokom\u00f3rki - zawody sportowe, obozy sportowe","og_description":"Pomiar pr\u0119dko\u015bci \u015bredniej - Rekord Guiness'a w najwy\u017cszej pr\u0119dko\u015bci driftu samochodem prowadzonym stop\u0105 - Bartosz Osta\u0142owski - 231,66 km\/h","og_url":"https:\/\/rewosport.pl\/?page_id=2012","og_site_name":"pomiar czasu - chipy, fotokom\u00f3rki - zawody sportowe, obozy sportowe","article_modified_time":"2026-03-08T16:03:50+00:00","og_image":[{"width":2048,"height":1152,"url":"https:\/\/rewosport.pl\/wp-content\/uploads\/2022\/09\/header.ostalowski.2.jpg","type":"image\/jpeg"}],"twitter_card":"summary_large_image","twitter_misc":{"Szacowany czas czytania":"4 minuty"},"schema":{"@context":"https:\/\/schema.org","@graph":[{"@type":"WebPage","@id":"https:\/\/rewosport.pl\/?page_id=2012","url":"https:\/\/rewosport.pl\/?page_id=2012","name":"Bartosz Osta\u0142owski - rekord Guinnessa na najszybszy drift samochodem prowadzonym stop\u0105 - pomiar czasu - chipy, fotokom\u00f3rki - zawody sportowe, obozy sportowe","isPartOf":{"@id":"https:\/\/rewosport.pl\/#website"},"primaryImageOfPage":{"@id":"https:\/\/rewosport.pl\/?page_id=2012#primaryimage"},"image":{"@id":"https:\/\/rewosport.pl\/?page_id=2012#primaryimage"},"thumbnailUrl":"https:\/\/rewosport.pl\/wp-content\/uploads\/2022\/09\/header.ostalowski.2.jpg","datePublished":"2022-09-28T19:21:37+00:00","dateModified":"2026-03-08T16:03:50+00:00","description":"Pomiar pr\u0119dko\u015bci \u015bredniej - Rekord Guiness'a w najwy\u017cszej pr\u0119dko\u015bci driftu samochodem prowadzonym stop\u0105 - Bartosz Osta\u0142owski - 231,66 km\/h","breadcrumb":{"@id":"https:\/\/rewosport.pl\/?page_id=2012#breadcrumb"},"inLanguage":"pl-PL","potentialAction":[{"@type":"ReadAction","target":["https:\/\/rewosport.pl\/?page_id=2012"]}]},{"@type":"ImageObject","inLanguage":"pl-PL","@id":"https:\/\/rewosport.pl\/?page_id=2012#primaryimage","url":"https:\/\/rewosport.pl\/wp-content\/uploads\/2022\/09\/header.ostalowski.2.jpg","contentUrl":"https:\/\/rewosport.pl\/wp-content\/uploads\/2022\/09\/header.ostalowski.2.jpg","width":2048,"height":1152},{"@type":"BreadcrumbList","@id":"https:\/\/rewosport.pl\/?page_id=2012#breadcrumb","itemListElement":[{"@type":"ListItem","position":1,"name":"Home","item":"https:\/\/rewosport.pl\/"},{"@type":"ListItem","position":2,"name":"Bartosz Osta\u0142owski &#8211; rekord Guinnessa na najszybszy drift samochodem prowadzonym stop\u0105"}]},{"@type":"WebSite","@id":"https:\/\/rewosport.pl\/#website","url":"https:\/\/rewosport.pl\/","name":"pomiar czasu - chipy, fotokom\u00f3rki - zawody sportowe, obozy sportowe","description":"elektroniczny pomiar czasu na zawodach sportowych - chipy, fotokom\u00f3rki; organizator zawod\u00f3w sportowych - biegowych, rowerowych, oboz\u00f3w sportowych,","publisher":{"@id":"https:\/\/rewosport.pl\/#organization"},"potentialAction":[{"@type":"SearchAction","target":{"@type":"EntryPoint","urlTemplate":"https:\/\/rewosport.pl\/?s={search_term_string}"},"query-input":{"@type":"PropertyValueSpecification","valueRequired":true,"valueName":"search_term_string"}}],"inLanguage":"pl-PL"},{"@type":"Organization","@id":"https:\/\/rewosport.pl\/#organization","name":"pomiar czasu - chipy, fotokom\u00f3rki - zawody sportowe, obozy sportowe","url":"https:\/\/rewosport.pl\/","logo":{"@type":"ImageObject","inLanguage":"pl-PL","@id":"https:\/\/rewosport.pl\/#\/schema\/logo\/image\/","url":"https:\/\/rewosport.pl\/wp-content\/uploads\/2020\/07\/logo_rewosport.png","contentUrl":"https:\/\/rewosport.pl\/wp-content\/uploads\/2020\/07\/logo_rewosport.png","width":346,"height":200,"caption":"pomiar czasu - chipy, fotokom\u00f3rki - zawody sportowe, obozy sportowe"},"image":{"@id":"https:\/\/rewosport.pl\/#\/schema\/logo\/image\/"}}]}},"_links":{"self":[{"href":"https:\/\/rewosport.pl\/index.php?rest_route=\/wp\/v2\/pages\/2012","targetHints":{"allow":["GET"]}}],"collection":[{"href":"https:\/\/rewosport.pl\/index.php?rest_route=\/wp\/v2\/pages"}],"about":[{"href":"https:\/\/rewosport.pl\/index.php?rest_route=\/wp\/v2\/types\/page"}],"author":[{"embeddable":true,"href":"https:\/\/rewosport.pl\/index.php?rest_route=\/wp\/v2\/users\/1"}],"replies":[{"embeddable":true,"href":"https:\/\/rewosport.pl\/index.php?rest_route=%2Fwp%2Fv2%2Fcomments&post=2012"}],"version-history":[{"count":11,"href":"https:\/\/rewosport.pl\/index.php?rest_route=\/wp\/v2\/pages\/2012\/revisions"}],"predecessor-version":[{"id":3848,"href":"https:\/\/rewosport.pl\/index.php?rest_route=\/wp\/v2\/pages\/2012\/revisions\/3848"}],"wp:featuredmedia":[{"embeddable":true,"href":"https:\/\/rewosport.pl\/index.php?rest_route=\/wp\/v2\/media\/2023"}],"wp:attachment":[{"href":"https:\/\/rewosport.pl\/index.php?rest_route=%2Fwp%2Fv2%2Fmedia&parent=2012"}],"curies":[{"name":"wp","href":"https:\/\/api.w.org\/{rel}","templated":true}]}}