{"id":2044,"date":"2022-10-12T19:53:02","date_gmt":"2022-10-12T17:53:02","guid":{"rendered":"https:\/\/rewosport.pl\/?page_id=2044"},"modified":"2024-07-19T14:56:46","modified_gmt":"2024-07-19T12:56:46","slug":"uphill-mtb-stozek-najwazniejsze-informacje-dla-zawodnikow","status":"publish","type":"page","link":"https:\/\/rewosport.pl\/?page_id=2044","title":{"rendered":"Uphill MTB Sto\u017cek &#8211; najwa\u017cniejsze informacje dla startuj\u0105cych"},"content":{"rendered":"\n<p><em>Poni\u017cej znajdziesz zbi\u00f3r najwa\u017cniejszych informacji, kt\u00f3re na pewno Ci si\u0119 przydadz\u0105, je\u017celi w niedziel\u0119 6.10.2024, planujesz sp\u0119dzi\u0107 czas podczas Uphill MTB Sto\u017cek. Informacje, kt\u00f3re tu znajdziesz, u\u0142atwi\u0105 Tobie i nam, sprawne przeprowadzenie zawod\u00f3w, dlatego bardzo prosimy o zapoznanie si\u0119 z nimi.<\/em><\/p>\n\n\n\n<figure class=\"wp-block-image size-full\"><img loading=\"lazy\" decoding=\"async\" width=\"1000\" height=\"616\" src=\"https:\/\/rewosport.pl\/wp-content\/uploads\/2022\/10\/2022.plan_.terenu.png\" alt=\"\" class=\"wp-image-2045\" srcset=\"https:\/\/rewosport.pl\/wp-content\/uploads\/2022\/10\/2022.plan_.terenu.png 1000w, https:\/\/rewosport.pl\/wp-content\/uploads\/2022\/10\/2022.plan_.terenu-300x185.png 300w, https:\/\/rewosport.pl\/wp-content\/uploads\/2022\/10\/2022.plan_.terenu-768x473.png 768w\" sizes=\"auto, (max-width: 1000px) 100vw, 1000px\" \/><\/figure>\n\n\n\n<p><strong>BIURO ZAWOD\u00d3W<\/strong><br><strong>Lokalizacja: <em>Wis\u0142a, ul. G\u0142\u0119boka 1<\/em>\u00a0<em>\/ Turystyczna 50 &#8211; przy barze<\/em><\/strong><br>\u2013 biuro zawod\u00f3w czynne 6.10.2024 w godzinach 09:00 \u2013 10:30<br>\u2013 op\u0142ata startowa p\u0142atna w biurze zawod\u00f3w <span style=\"text-decoration: underline;\">tylko got\u00f3wk\u0105<\/span><br>\u2013 ch\u0119\u0107 otrzymania faktury na firm\u0119 \/ klub \/ stowarzyszenie prosz\u0119 zg\u0142asza\u0107 przed dokonaniem p\u0142atno\u015bci &#8211; dane mo\u017cna wys\u0142a\u0107 na info@rewosport.pl<br>\u2013 biuro zawod\u00f3w znajduje si\u0119 w tym samym miejscu gdzie w roku 2021, 2022 i 2023<br>\u2013 przy biurze zawod\u00f3w \/ przy starcie znajduje si\u0119 bar &#8211; zach\u0119camy do korzystanie<\/p>\n\n\n\n<p><strong>UWAGA <\/strong>&#8211; istnieje mo\u017cliwo\u015b\u0107 zabrania na met\u0119 przez organizatora ubra\u0144 zawodnika (np. bluzy, kurtki) &#8211; nale\u017cy tak\u0105 rzecz dostarczy\u0107 najp\u00f3\u017aniej do godziny 10.30 do biura zawod\u00f3w<\/p>\n\n\n\n<p><strong>PARKINGI<\/strong><br><strong>\u2013 przy biurze zawod\u00f3w, a tym samym przy starcie, dla zawodnik\u00f3w dost\u0119pny b\u0119dzie, w ramach op\u0142aty startowej, du\u017cy parking&nbsp;<a href=\"https:\/\/goo.gl\/maps\/uE57iJ18q6AZUopm6\" target=\"_blank\" rel=\"noreferrer noopener\">https:\/\/goo.gl\/maps\/uE57iJ18q6AZUopm6<\/a><\/strong><br>\u2013 parking przy dolnej stacji kolei linowej (w miejscu dekoracji) &#8211; zaznaczony na mapie &#8211; ograniczona ilo\u015b\u0107 miejsc parkingowych na terenie utwardzonym, du\u017cy parking jest wykorzystywany do sk\u0142adowania \u015bci\u0119tych drzew i jest tam sporo b\u0142ota.<br>&#8211; parkuj\u0105c pami\u0119taj, aby nie blokowa\u0107 drogi, kt\u00f3r\u0105 przebiega m.in. trasa zawod\u00f3w, a tak\u017ce dojazd mieszka\u0144c\u00f3w do dom\u00f3w.<\/p>\n\n\n\n<p><strong>TOALETY<\/strong><br>\u2013 w barze przy dolnej stacji kolei linowej Sto\u017cek \u2013 w miejscu dekoracji \u2013 bezp\u0142atne<br>\u2013 w barze przy starcie i biurze zawod\u00f3w \u2013 p\u0142atne<\/p>\n\n\n\n<p><strong>KATEGORIE<\/strong><br>\u2013\u00a0<strong>kategorie Elita Kobiety i Elita M\u0119\u017cczy\u017ani<\/strong>\u00a0\u2013 zawodnicy posiadaj\u0105cy licencje UCI lub PZKol w kategorii Elite lub U23 s\u0105 klasyfikowani w kategorii Elita Kobiety lub Elita M\u0119\u017cczy\u017ani. Zawodnicy licencjonowani nie s\u0105 klasyfikowani w kategoriach wiekowych! Od 2023 roku s\u0105 klasyfikowani w kategoriach OPEN.<\/p>\n\n\n\n<p><strong>START<\/strong><br>\u2013 znajduje si\u0119 przy barze w Wi\u015ble \u0141abaj\u00f3w (ul. G\u0142\u0119boka 1) &#8211; w miejscu biura zawod\u00f3w<br>\u2013 start wg kolejno\u015bci numer\u00f3w startowych co 1 minut\u0119 <br>\u2013 start pierwszego zawodnika o godzinie 11:30<\/p>\n\n\n\n<p><strong>TRASA ZAWOD\u00d3W<\/strong><br>\u2013 zawody odbywaj\u0105 si\u0119 przy cz\u0119\u015bciowo ograniczonym ruchu drogowym i pieszym \u2013 oznacza to, \u017ce po trasie mog\u0105 porusza\u0107 si\u0119 samochody, inne pojazdy, rowerzy\u015bci, piesi, itd. Bardzo prosimy o zachowanie nale\u017cytej ostro\u017cno\u015bci i stosowanie si\u0119 do przepis\u00f3w Kodeksu Drogowego &#8211; szczeg\u00f3lnie na odcinku 1,8 km od startu do dolnej stacji kolei linowej Sto\u017cek (m.in. jazda praw\u0105 stron\u0105 drogi)<br>\u2013 bardzo prosimy o kulturalne zachowanie na trasie zawod\u00f3w &#8211; mimo naszych stara\u0144 nie wszyscy tury\u015bci b\u0119d\u0105cy w okolicy wiedz\u0105 co si\u0119 dzieje, \u017ce bierzecie udzia\u0142 w zawodach i chcecie jak najszybciej dotrze\u0107 do mety<br>\u2013 trasa b\u0119dzie oznakowana strza\u0142kami kierunkowymi (szczeg\u00f3lnie w okolicy skrzy\u017cowa\u0144, rozjazd\u00f3w), ta\u015bmami bia\u0142o czerwonymi i wst\u0105\u017ckami bia\u0142o czerwonymi a tak\u017ce w miar\u0119 mo\u017cliwo\u015bci kred\u0105 na asfalcie.<br>\u2013 po dotarciu na met\u0119, wracaj\u0105c tras\u0105 zawod\u00f3w w przeciwnym kierunku, zachowaj szczeg\u00f3ln\u0105 ostro\u017cno\u015b\u0107 i nie utrudniaj jazdy innym zawodnikom<\/p>\n\n\n\n<p>&#8211; DNF &#8211; je\u017celi z jakiego\u015b powodu postanowisz nie uko\u0144czy\u0107 wy\u015bcigu, poinformuj prosz\u0119 o tym osobi\u015bcie organizatora (s\u0119dzia startu, s\u0119dzia mety, fotograf), a je\u017celi jest to niemo\u017cliwe to przeka\u017c tak\u0105 informacj\u0119 kolejnym mijaj\u0105cym Ci\u0119 zawodnikom (podaj\u0105c sw\u00f3j numer startowy) aby poinformowali o tym na mecie. Od tego w du\u017cej mierze zale\u017cy czy dekoracja odb\u0119dzie si\u0119 o zaplanowanej godzinie.<\/p>\n\n\n\n<p><strong>WYNIKI NA \u017bYWO<\/strong><br>&#8211; Link bezpo\u015bredni <a href=\"https:\/\/rewosport.pl\/?page_id=1820\">https:\/\/rewosport.pl\/?page_id=2050<\/a> lub <a href=\"https:\/\/www.webscorer.com\/rewosport\" target=\"_blank\" rel=\"noreferrer noopener\">https:\/\/www.webscorer.com\/rewosport<\/a><br>&#8211; Odno\u015bnik do powy\u017cszej strony jest r\u00f3wnie\u017c dost\u0119pny na stronie g\u0142\u00f3wnej <a href=\"https:\/\/rewosport.pl\/\">https:\/\/rewosport.pl\/<\/a><a href=\"https:\/\/rewosport.pl\/?page_id=2050\"><br><\/a>&#8211; Na mecie &#8211; monitor z wynikami (je\u017celi tylko warunki pogodowe pozwol\u0105)<\/p>\n\n\n\n<p><strong>DEKORACJA ZWYCI\u0118ZC\u00d3W<\/strong><br>\u2013 odb\u0119dzie si\u0119 przy dolnej stacji kolei linowej O\u015brodka Narciarskiego Sto\u017cek, Wis\u0142a ul. Zjazdowa 11<br>\u2013 dekoracja planowana jest na godzin\u0119 14.00<\/p>\n\n\n\n<p><strong>GASTRONOMIA<\/strong> w pobli\u017cu trasy zawod\u00f3w<br>&#8211; przy starcie &#8211; Karczma na \u015acinadle<br>&#8211; w miejscu dekoracji &#8211; bar przy dolnej stacji kolei linowej O.N. Sto\u017cek<br>&#8211; w pobli\u017cu mety &#8211; Schronisko PTTK Sto\u017cek<\/p>\n\n\n\n<p><strong>WSZELKIE DODATKOWE PYTANIA I W\u0104TPLIWO\u015aCI<br><\/strong>info@rewosport.pl<br>messanger -&gt; fb.com\/rewosport lub fb.com\/UphillMTBStozek<br>+48 607 706 603<\/p>\n","protected":false},"excerpt":{"rendered":"<p>Poni\u017cej znajdziesz zbi\u00f3r najwa\u017cniejszych informacji, kt\u00f3re na pewno Ci si\u0119 przydadz\u0105, je\u017celi w niedziel\u0119 6.10.2024, planujesz sp\u0119dzi\u0107 czas podczas Uphill MTB Sto\u017cek. Informacje, kt\u00f3re tu znajdziesz, u\u0142atwi\u0105 Tobie i nam, sprawne przeprowadzenie zawod\u00f3w, dlatego bardzo prosimy o zapoznanie si\u0119 z nimi. BIURO ZAWOD\u00d3WLokalizacja: Wis\u0142a, ul. G\u0142\u0119boka 1\u00a0\/ Turystyczna 50 &#8211; przy barze\u2013 biuro zawod\u00f3w czynne&hellip; <br \/> <a class=\"read-more\" href=\"https:\/\/rewosport.pl\/?page_id=2044\">Dowiedz si\u0119 wi\u0119cej<\/a><\/p>\n","protected":false},"author":1,"featured_media":1649,"parent":0,"menu_order":0,"comment_status":"closed","ping_status":"closed","template":"","meta":{"footnotes":""},"class_list":["post-2044","page","type-page","status-publish","has-post-thumbnail","hentry"],"yoast_head":"<!-- This site is optimized with the Yoast SEO plugin v27.4 - https:\/\/yoast.com\/product\/yoast-seo-wordpress\/ -->\n<title>Uphill MTB Sto\u017cek - najwa\u017cniejsze informacje dla startuj\u0105cych - pomiar czasu - chipy, fotokom\u00f3rki - zawody sportowe, obozy sportowe<\/title>\n<meta name=\"robots\" content=\"index, follow, max-snippet:-1, max-image-preview:large, max-video-preview:-1\" \/>\n<link rel=\"canonical\" href=\"https:\/\/rewosport.pl\/?page_id=2044\" \/>\n<meta property=\"og:locale\" content=\"pl_PL\" \/>\n<meta property=\"og:type\" content=\"article\" \/>\n<meta property=\"og:title\" content=\"Uphill MTB Sto\u017cek - najwa\u017cniejsze informacje dla startuj\u0105cych - pomiar czasu - chipy, fotokom\u00f3rki - zawody sportowe, obozy sportowe\" \/>\n<meta property=\"og:description\" content=\"Poni\u017cej znajdziesz zbi\u00f3r najwa\u017cniejszych informacji, kt\u00f3re na pewno Ci si\u0119 przydadz\u0105, je\u017celi w niedziel\u0119 6.10.2024, planujesz sp\u0119dzi\u0107 czas podczas Uphill MTB Sto\u017cek. Informacje, kt\u00f3re tu znajdziesz, u\u0142atwi\u0105 Tobie i nam, sprawne przeprowadzenie zawod\u00f3w, dlatego bardzo prosimy o zapoznanie si\u0119 z nimi. BIURO ZAWOD\u00d3WLokalizacja: Wis\u0142a, ul. G\u0142\u0119boka 1\u00a0\/ Turystyczna 50 &#8211; przy barze\u2013 biuro zawod\u00f3w czynne&hellip; Dowiedz si\u0119 wi\u0119cej\" \/>\n<meta property=\"og:url\" content=\"https:\/\/rewosport.pl\/?page_id=2044\" \/>\n<meta property=\"og:site_name\" content=\"pomiar czasu - chipy, fotokom\u00f3rki - zawody sportowe, obozy sportowe\" \/>\n<meta property=\"article:modified_time\" content=\"2024-07-19T12:56:46+00:00\" \/>\n<meta property=\"og:image\" content=\"https:\/\/rewosport.pl\/wp-content\/uploads\/2021\/11\/DSC06923.jpg\" \/>\n\t<meta property=\"og:image:width\" content=\"1368\" \/>\n\t<meta property=\"og:image:height\" content=\"770\" \/>\n\t<meta property=\"og:image:type\" content=\"image\/jpeg\" \/>\n<meta name=\"twitter:card\" content=\"summary_large_image\" \/>\n<meta name=\"twitter:label1\" content=\"Szacowany czas czytania\" \/>\n\t<meta name=\"twitter:data1\" content=\"4 minuty\" \/>\n<script type=\"application\/ld+json\" class=\"yoast-schema-graph\">{\"@context\":\"https:\\\/\\\/schema.org\",\"@graph\":[{\"@type\":\"WebPage\",\"@id\":\"https:\\\/\\\/rewosport.pl\\\/?page_id=2044\",\"url\":\"https:\\\/\\\/rewosport.pl\\\/?page_id=2044\",\"name\":\"Uphill MTB Sto\u017cek - najwa\u017cniejsze informacje dla startuj\u0105cych - pomiar czasu - chipy, fotokom\u00f3rki - zawody sportowe, obozy sportowe\",\"isPartOf\":{\"@id\":\"https:\\\/\\\/rewosport.pl\\\/#website\"},\"primaryImageOfPage\":{\"@id\":\"https:\\\/\\\/rewosport.pl\\\/?page_id=2044#primaryimage\"},\"image\":{\"@id\":\"https:\\\/\\\/rewosport.pl\\\/?page_id=2044#primaryimage\"},\"thumbnailUrl\":\"https:\\\/\\\/rewosport.pl\\\/wp-content\\\/uploads\\\/2021\\\/11\\\/DSC06923.jpg\",\"datePublished\":\"2022-10-12T17:53:02+00:00\",\"dateModified\":\"2024-07-19T12:56:46+00:00\",\"breadcrumb\":{\"@id\":\"https:\\\/\\\/rewosport.pl\\\/?page_id=2044#breadcrumb\"},\"inLanguage\":\"pl-PL\",\"potentialAction\":[{\"@type\":\"ReadAction\",\"target\":[\"https:\\\/\\\/rewosport.pl\\\/?page_id=2044\"]}]},{\"@type\":\"ImageObject\",\"inLanguage\":\"pl-PL\",\"@id\":\"https:\\\/\\\/rewosport.pl\\\/?page_id=2044#primaryimage\",\"url\":\"https:\\\/\\\/rewosport.pl\\\/wp-content\\\/uploads\\\/2021\\\/11\\\/DSC06923.jpg\",\"contentUrl\":\"https:\\\/\\\/rewosport.pl\\\/wp-content\\\/uploads\\\/2021\\\/11\\\/DSC06923.jpg\",\"width\":1368,\"height\":770},{\"@type\":\"BreadcrumbList\",\"@id\":\"https:\\\/\\\/rewosport.pl\\\/?page_id=2044#breadcrumb\",\"itemListElement\":[{\"@type\":\"ListItem\",\"position\":1,\"name\":\"Home\",\"item\":\"https:\\\/\\\/rewosport.pl\\\/\"},{\"@type\":\"ListItem\",\"position\":2,\"name\":\"Uphill MTB Sto\u017cek &#8211; najwa\u017cniejsze informacje dla startuj\u0105cych\"}]},{\"@type\":\"WebSite\",\"@id\":\"https:\\\/\\\/rewosport.pl\\\/#website\",\"url\":\"https:\\\/\\\/rewosport.pl\\\/\",\"name\":\"pomiar czasu - chipy, fotokom\u00f3rki - zawody sportowe, obozy sportowe\",\"description\":\"elektroniczny pomiar czasu na zawodach sportowych - chipy, fotokom\u00f3rki; organizator zawod\u00f3w sportowych - biegowych, rowerowych, oboz\u00f3w sportowych,\",\"publisher\":{\"@id\":\"https:\\\/\\\/rewosport.pl\\\/#organization\"},\"potentialAction\":[{\"@type\":\"SearchAction\",\"target\":{\"@type\":\"EntryPoint\",\"urlTemplate\":\"https:\\\/\\\/rewosport.pl\\\/?s={search_term_string}\"},\"query-input\":{\"@type\":\"PropertyValueSpecification\",\"valueRequired\":true,\"valueName\":\"search_term_string\"}}],\"inLanguage\":\"pl-PL\"},{\"@type\":\"Organization\",\"@id\":\"https:\\\/\\\/rewosport.pl\\\/#organization\",\"name\":\"pomiar czasu - chipy, fotokom\u00f3rki - zawody sportowe, obozy sportowe\",\"url\":\"https:\\\/\\\/rewosport.pl\\\/\",\"logo\":{\"@type\":\"ImageObject\",\"inLanguage\":\"pl-PL\",\"@id\":\"https:\\\/\\\/rewosport.pl\\\/#\\\/schema\\\/logo\\\/image\\\/\",\"url\":\"https:\\\/\\\/rewosport.pl\\\/wp-content\\\/uploads\\\/2020\\\/07\\\/logo_rewosport.png\",\"contentUrl\":\"https:\\\/\\\/rewosport.pl\\\/wp-content\\\/uploads\\\/2020\\\/07\\\/logo_rewosport.png\",\"width\":346,\"height\":200,\"caption\":\"pomiar czasu - chipy, fotokom\u00f3rki - zawody sportowe, obozy sportowe\"},\"image\":{\"@id\":\"https:\\\/\\\/rewosport.pl\\\/#\\\/schema\\\/logo\\\/image\\\/\"}}]}<\/script>\n<!-- \/ Yoast SEO plugin. -->","yoast_head_json":{"title":"Uphill MTB Sto\u017cek - najwa\u017cniejsze informacje dla startuj\u0105cych - pomiar czasu - chipy, fotokom\u00f3rki - zawody sportowe, obozy sportowe","robots":{"index":"index","follow":"follow","max-snippet":"max-snippet:-1","max-image-preview":"max-image-preview:large","max-video-preview":"max-video-preview:-1"},"canonical":"https:\/\/rewosport.pl\/?page_id=2044","og_locale":"pl_PL","og_type":"article","og_title":"Uphill MTB Sto\u017cek - najwa\u017cniejsze informacje dla startuj\u0105cych - pomiar czasu - chipy, fotokom\u00f3rki - zawody sportowe, obozy sportowe","og_description":"Poni\u017cej znajdziesz zbi\u00f3r najwa\u017cniejszych informacji, kt\u00f3re na pewno Ci si\u0119 przydadz\u0105, je\u017celi w niedziel\u0119 6.10.2024, planujesz sp\u0119dzi\u0107 czas podczas Uphill MTB Sto\u017cek. Informacje, kt\u00f3re tu znajdziesz, u\u0142atwi\u0105 Tobie i nam, sprawne przeprowadzenie zawod\u00f3w, dlatego bardzo prosimy o zapoznanie si\u0119 z nimi. BIURO ZAWOD\u00d3WLokalizacja: Wis\u0142a, ul. G\u0142\u0119boka 1\u00a0\/ Turystyczna 50 &#8211; przy barze\u2013 biuro zawod\u00f3w czynne&hellip; Dowiedz si\u0119 wi\u0119cej","og_url":"https:\/\/rewosport.pl\/?page_id=2044","og_site_name":"pomiar czasu - chipy, fotokom\u00f3rki - zawody sportowe, obozy sportowe","article_modified_time":"2024-07-19T12:56:46+00:00","og_image":[{"width":1368,"height":770,"url":"https:\/\/rewosport.pl\/wp-content\/uploads\/2021\/11\/DSC06923.jpg","type":"image\/jpeg"}],"twitter_card":"summary_large_image","twitter_misc":{"Szacowany czas czytania":"4 minuty"},"schema":{"@context":"https:\/\/schema.org","@graph":[{"@type":"WebPage","@id":"https:\/\/rewosport.pl\/?page_id=2044","url":"https:\/\/rewosport.pl\/?page_id=2044","name":"Uphill MTB Sto\u017cek - najwa\u017cniejsze informacje dla startuj\u0105cych - pomiar czasu - chipy, fotokom\u00f3rki - zawody sportowe, obozy sportowe","isPartOf":{"@id":"https:\/\/rewosport.pl\/#website"},"primaryImageOfPage":{"@id":"https:\/\/rewosport.pl\/?page_id=2044#primaryimage"},"image":{"@id":"https:\/\/rewosport.pl\/?page_id=2044#primaryimage"},"thumbnailUrl":"https:\/\/rewosport.pl\/wp-content\/uploads\/2021\/11\/DSC06923.jpg","datePublished":"2022-10-12T17:53:02+00:00","dateModified":"2024-07-19T12:56:46+00:00","breadcrumb":{"@id":"https:\/\/rewosport.pl\/?page_id=2044#breadcrumb"},"inLanguage":"pl-PL","potentialAction":[{"@type":"ReadAction","target":["https:\/\/rewosport.pl\/?page_id=2044"]}]},{"@type":"ImageObject","inLanguage":"pl-PL","@id":"https:\/\/rewosport.pl\/?page_id=2044#primaryimage","url":"https:\/\/rewosport.pl\/wp-content\/uploads\/2021\/11\/DSC06923.jpg","contentUrl":"https:\/\/rewosport.pl\/wp-content\/uploads\/2021\/11\/DSC06923.jpg","width":1368,"height":770},{"@type":"BreadcrumbList","@id":"https:\/\/rewosport.pl\/?page_id=2044#breadcrumb","itemListElement":[{"@type":"ListItem","position":1,"name":"Home","item":"https:\/\/rewosport.pl\/"},{"@type":"ListItem","position":2,"name":"Uphill MTB Sto\u017cek &#8211; najwa\u017cniejsze informacje dla startuj\u0105cych"}]},{"@type":"WebSite","@id":"https:\/\/rewosport.pl\/#website","url":"https:\/\/rewosport.pl\/","name":"pomiar czasu - chipy, fotokom\u00f3rki - zawody sportowe, obozy sportowe","description":"elektroniczny pomiar czasu na zawodach sportowych - chipy, fotokom\u00f3rki; organizator zawod\u00f3w sportowych - biegowych, rowerowych, oboz\u00f3w sportowych,","publisher":{"@id":"https:\/\/rewosport.pl\/#organization"},"potentialAction":[{"@type":"SearchAction","target":{"@type":"EntryPoint","urlTemplate":"https:\/\/rewosport.pl\/?s={search_term_string}"},"query-input":{"@type":"PropertyValueSpecification","valueRequired":true,"valueName":"search_term_string"}}],"inLanguage":"pl-PL"},{"@type":"Organization","@id":"https:\/\/rewosport.pl\/#organization","name":"pomiar czasu - chipy, fotokom\u00f3rki - zawody sportowe, obozy sportowe","url":"https:\/\/rewosport.pl\/","logo":{"@type":"ImageObject","inLanguage":"pl-PL","@id":"https:\/\/rewosport.pl\/#\/schema\/logo\/image\/","url":"https:\/\/rewosport.pl\/wp-content\/uploads\/2020\/07\/logo_rewosport.png","contentUrl":"https:\/\/rewosport.pl\/wp-content\/uploads\/2020\/07\/logo_rewosport.png","width":346,"height":200,"caption":"pomiar czasu - chipy, fotokom\u00f3rki - zawody sportowe, obozy sportowe"},"image":{"@id":"https:\/\/rewosport.pl\/#\/schema\/logo\/image\/"}}]}},"_links":{"self":[{"href":"https:\/\/rewosport.pl\/index.php?rest_route=\/wp\/v2\/pages\/2044","targetHints":{"allow":["GET"]}}],"collection":[{"href":"https:\/\/rewosport.pl\/index.php?rest_route=\/wp\/v2\/pages"}],"about":[{"href":"https:\/\/rewosport.pl\/index.php?rest_route=\/wp\/v2\/types\/page"}],"author":[{"embeddable":true,"href":"https:\/\/rewosport.pl\/index.php?rest_route=\/wp\/v2\/users\/1"}],"replies":[{"embeddable":true,"href":"https:\/\/rewosport.pl\/index.php?rest_route=%2Fwp%2Fv2%2Fcomments&post=2044"}],"version-history":[{"count":8,"href":"https:\/\/rewosport.pl\/index.php?rest_route=\/wp\/v2\/pages\/2044\/revisions"}],"predecessor-version":[{"id":3340,"href":"https:\/\/rewosport.pl\/index.php?rest_route=\/wp\/v2\/pages\/2044\/revisions\/3340"}],"wp:featuredmedia":[{"embeddable":true,"href":"https:\/\/rewosport.pl\/index.php?rest_route=\/wp\/v2\/media\/1649"}],"wp:attachment":[{"href":"https:\/\/rewosport.pl\/index.php?rest_route=%2Fwp%2Fv2%2Fmedia&parent=2044"}],"curies":[{"name":"wp","href":"https:\/\/api.w.org\/{rel}","templated":true}]}}