{"id":2050,"date":"2022-10-12T20:01:08","date_gmt":"2022-10-12T18:01:08","guid":{"rendered":"https:\/\/rewosport.pl\/?page_id=2050"},"modified":"2022-10-16T08:41:27","modified_gmt":"2022-10-16T06:41:27","slug":"uphill-mtb-stozek-wyniki-na-zywo","status":"publish","type":"page","link":"https:\/\/rewosport.pl\/?page_id=2050","title":{"rendered":"Uphill MTB Sto\u017cek &#8211; wyniki"},"content":{"rendered":"\n<iframe loading=\"lazy\" id=\"wshost\" width=\"100%\" height=\"700\" src=\"https:\/\/www.webscorer.com\/race?pid=1&amp;raceid=294403&amp;embed=2&amp;lang=pl\"><\/iframe>\n\n\n\n<figure class=\"wp-block-image size-large\"><img loading=\"lazy\" decoding=\"async\" width=\"1024\" height=\"791\" src=\"https:\/\/rewosport.pl\/wp-content\/uploads\/2022\/10\/2022.10.15.UphillStozek.wyniki-1-1024x791.jpg\" alt=\"\" class=\"wp-image-2065\" srcset=\"https:\/\/rewosport.pl\/wp-content\/uploads\/2022\/10\/2022.10.15.UphillStozek.wyniki-1-1024x791.jpg 1024w, https:\/\/rewosport.pl\/wp-content\/uploads\/2022\/10\/2022.10.15.UphillStozek.wyniki-1-300x232.jpg 300w, https:\/\/rewosport.pl\/wp-content\/uploads\/2022\/10\/2022.10.15.UphillStozek.wyniki-1-768x593.jpg 768w, https:\/\/rewosport.pl\/wp-content\/uploads\/2022\/10\/2022.10.15.UphillStozek.wyniki-1-1536x1187.jpg 1536w, https:\/\/rewosport.pl\/wp-content\/uploads\/2022\/10\/2022.10.15.UphillStozek.wyniki-1-2048x1583.jpg 2048w, https:\/\/rewosport.pl\/wp-content\/uploads\/2022\/10\/2022.10.15.UphillStozek.wyniki-1-1398x1080.jpg 1398w\" sizes=\"auto, (max-width: 1024px) 100vw, 1024px\" \/><\/figure>\n\n\n\n<figure class=\"wp-block-image size-large\"><img loading=\"lazy\" decoding=\"async\" width=\"1024\" height=\"791\" src=\"https:\/\/rewosport.pl\/wp-content\/uploads\/2022\/10\/2022.10.15.UphillStozek.wyniki-2-1024x791.jpg\" alt=\"\" class=\"wp-image-2066\" srcset=\"https:\/\/rewosport.pl\/wp-content\/uploads\/2022\/10\/2022.10.15.UphillStozek.wyniki-2-1024x791.jpg 1024w, https:\/\/rewosport.pl\/wp-content\/uploads\/2022\/10\/2022.10.15.UphillStozek.wyniki-2-300x232.jpg 300w, https:\/\/rewosport.pl\/wp-content\/uploads\/2022\/10\/2022.10.15.UphillStozek.wyniki-2-768x593.jpg 768w, https:\/\/rewosport.pl\/wp-content\/uploads\/2022\/10\/2022.10.15.UphillStozek.wyniki-2-1536x1187.jpg 1536w, https:\/\/rewosport.pl\/wp-content\/uploads\/2022\/10\/2022.10.15.UphillStozek.wyniki-2-2048x1583.jpg 2048w, https:\/\/rewosport.pl\/wp-content\/uploads\/2022\/10\/2022.10.15.UphillStozek.wyniki-2-1398x1080.jpg 1398w\" sizes=\"auto, (max-width: 1024px) 100vw, 1024px\" \/><\/figure>\n\n\n\n<figure class=\"wp-block-image size-large\"><img loading=\"lazy\" decoding=\"async\" width=\"1024\" height=\"791\" src=\"https:\/\/rewosport.pl\/wp-content\/uploads\/2022\/10\/2022.10.15.UphillStozek.wyniki-3-1024x791.jpg\" alt=\"\" class=\"wp-image-2067\" srcset=\"https:\/\/rewosport.pl\/wp-content\/uploads\/2022\/10\/2022.10.15.UphillStozek.wyniki-3-1024x791.jpg 1024w, https:\/\/rewosport.pl\/wp-content\/uploads\/2022\/10\/2022.10.15.UphillStozek.wyniki-3-300x232.jpg 300w, https:\/\/rewosport.pl\/wp-content\/uploads\/2022\/10\/2022.10.15.UphillStozek.wyniki-3-768x593.jpg 768w, https:\/\/rewosport.pl\/wp-content\/uploads\/2022\/10\/2022.10.15.UphillStozek.wyniki-3-1536x1187.jpg 1536w, https:\/\/rewosport.pl\/wp-content\/uploads\/2022\/10\/2022.10.15.UphillStozek.wyniki-3-2048x1583.jpg 2048w, https:\/\/rewosport.pl\/wp-content\/uploads\/2022\/10\/2022.10.15.UphillStozek.wyniki-3-1398x1080.jpg 1398w\" sizes=\"auto, (max-width: 1024px) 100vw, 1024px\" \/><\/figure>\n\n\n\n<figure class=\"wp-block-image size-large\"><img loading=\"lazy\" decoding=\"async\" width=\"1024\" height=\"791\" src=\"https:\/\/rewosport.pl\/wp-content\/uploads\/2022\/10\/2022.10.15.UphillStozek.wyniki-4-1024x791.jpg\" alt=\"\" class=\"wp-image-2068\" srcset=\"https:\/\/rewosport.pl\/wp-content\/uploads\/2022\/10\/2022.10.15.UphillStozek.wyniki-4-1024x791.jpg 1024w, https:\/\/rewosport.pl\/wp-content\/uploads\/2022\/10\/2022.10.15.UphillStozek.wyniki-4-300x232.jpg 300w, https:\/\/rewosport.pl\/wp-content\/uploads\/2022\/10\/2022.10.15.UphillStozek.wyniki-4-768x593.jpg 768w, https:\/\/rewosport.pl\/wp-content\/uploads\/2022\/10\/2022.10.15.UphillStozek.wyniki-4-1536x1187.jpg 1536w, https:\/\/rewosport.pl\/wp-content\/uploads\/2022\/10\/2022.10.15.UphillStozek.wyniki-4-2048x1583.jpg 2048w, https:\/\/rewosport.pl\/wp-content\/uploads\/2022\/10\/2022.10.15.UphillStozek.wyniki-4-1398x1080.jpg 1398w\" sizes=\"auto, (max-width: 1024px) 100vw, 1024px\" \/><\/figure>\n\n\n\n<p><strong><a href=\"https:\/\/rewosport.pl\/wp-content\/uploads\/2022\/10\/2022.10.15.UphillStozek.wyniki.pdf\" target=\"_blank\" rel=\"noreferrer noopener\">2022.10.15 &#8211; Uphill MTB Sto\u017cek 2022 &#8211; wyniki (PDF)<\/a><\/strong><\/p>\n","protected":false},"excerpt":{"rendered":"<p>2022.10.15 &#8211; Uphill MTB Sto\u017cek 2022 &#8211; wyniki (PDF)<\/p>\n","protected":false},"author":1,"featured_media":1623,"parent":0,"menu_order":0,"comment_status":"closed","ping_status":"closed","template":"","meta":{"footnotes":""},"class_list":["post-2050","page","type-page","status-publish","has-post-thumbnail","hentry"],"yoast_head":"<!-- This site is optimized with the Yoast SEO plugin v27.4 - https:\/\/yoast.com\/product\/yoast-seo-wordpress\/ -->\n<title>Uphill MTB Sto\u017cek - wyniki - pomiar czasu - chipy, fotokom\u00f3rki - zawody sportowe, obozy sportowe<\/title>\n<meta name=\"robots\" content=\"index, follow, max-snippet:-1, max-image-preview:large, max-video-preview:-1\" \/>\n<link rel=\"canonical\" href=\"https:\/\/rewosport.pl\/?page_id=2050\" \/>\n<meta property=\"og:locale\" content=\"pl_PL\" \/>\n<meta property=\"og:type\" content=\"article\" \/>\n<meta property=\"og:title\" content=\"Uphill MTB Sto\u017cek - wyniki - pomiar czasu - chipy, fotokom\u00f3rki - zawody sportowe, obozy sportowe\" \/>\n<meta property=\"og:description\" content=\"2022.10.15 &#8211; Uphill MTB Sto\u017cek 2022 &#8211; wyniki (PDF)\" \/>\n<meta property=\"og:url\" content=\"https:\/\/rewosport.pl\/?page_id=2050\" \/>\n<meta property=\"og:site_name\" content=\"pomiar czasu - chipy, fotokom\u00f3rki - zawody sportowe, obozy sportowe\" \/>\n<meta property=\"article:modified_time\" content=\"2022-10-16T06:41:27+00:00\" \/>\n<meta property=\"og:image\" content=\"https:\/\/rewosport.pl\/wp-content\/uploads\/2021\/11\/DSC06896.jpg\" \/>\n\t<meta property=\"og:image:width\" content=\"1368\" \/>\n\t<meta property=\"og:image:height\" content=\"770\" \/>\n\t<meta property=\"og:image:type\" content=\"image\/jpeg\" \/>\n<meta name=\"twitter:card\" content=\"summary_large_image\" \/>\n<meta name=\"twitter:label1\" content=\"Szacowany czas czytania\" \/>\n\t<meta name=\"twitter:data1\" content=\"1 minuta\" \/>\n<script type=\"application\/ld+json\" class=\"yoast-schema-graph\">{\"@context\":\"https:\\\/\\\/schema.org\",\"@graph\":[{\"@type\":\"WebPage\",\"@id\":\"https:\\\/\\\/rewosport.pl\\\/?page_id=2050\",\"url\":\"https:\\\/\\\/rewosport.pl\\\/?page_id=2050\",\"name\":\"Uphill MTB Sto\u017cek - wyniki - pomiar czasu - chipy, fotokom\u00f3rki - zawody sportowe, obozy sportowe\",\"isPartOf\":{\"@id\":\"https:\\\/\\\/rewosport.pl\\\/#website\"},\"primaryImageOfPage\":{\"@id\":\"https:\\\/\\\/rewosport.pl\\\/?page_id=2050#primaryimage\"},\"image\":{\"@id\":\"https:\\\/\\\/rewosport.pl\\\/?page_id=2050#primaryimage\"},\"thumbnailUrl\":\"https:\\\/\\\/rewosport.pl\\\/wp-content\\\/uploads\\\/2021\\\/11\\\/DSC06896.jpg\",\"datePublished\":\"2022-10-12T18:01:08+00:00\",\"dateModified\":\"2022-10-16T06:41:27+00:00\",\"breadcrumb\":{\"@id\":\"https:\\\/\\\/rewosport.pl\\\/?page_id=2050#breadcrumb\"},\"inLanguage\":\"pl-PL\",\"potentialAction\":[{\"@type\":\"ReadAction\",\"target\":[\"https:\\\/\\\/rewosport.pl\\\/?page_id=2050\"]}]},{\"@type\":\"ImageObject\",\"inLanguage\":\"pl-PL\",\"@id\":\"https:\\\/\\\/rewosport.pl\\\/?page_id=2050#primaryimage\",\"url\":\"https:\\\/\\\/rewosport.pl\\\/wp-content\\\/uploads\\\/2021\\\/11\\\/DSC06896.jpg\",\"contentUrl\":\"https:\\\/\\\/rewosport.pl\\\/wp-content\\\/uploads\\\/2021\\\/11\\\/DSC06896.jpg\",\"width\":1368,\"height\":770},{\"@type\":\"BreadcrumbList\",\"@id\":\"https:\\\/\\\/rewosport.pl\\\/?page_id=2050#breadcrumb\",\"itemListElement\":[{\"@type\":\"ListItem\",\"position\":1,\"name\":\"Home\",\"item\":\"https:\\\/\\\/rewosport.pl\\\/\"},{\"@type\":\"ListItem\",\"position\":2,\"name\":\"Uphill MTB Sto\u017cek &#8211; wyniki\"}]},{\"@type\":\"WebSite\",\"@id\":\"https:\\\/\\\/rewosport.pl\\\/#website\",\"url\":\"https:\\\/\\\/rewosport.pl\\\/\",\"name\":\"pomiar czasu - chipy, fotokom\u00f3rki - zawody sportowe, obozy sportowe\",\"description\":\"elektroniczny pomiar czasu na zawodach sportowych - chipy, fotokom\u00f3rki; organizator zawod\u00f3w sportowych - biegowych, rowerowych, oboz\u00f3w sportowych,\",\"publisher\":{\"@id\":\"https:\\\/\\\/rewosport.pl\\\/#organization\"},\"potentialAction\":[{\"@type\":\"SearchAction\",\"target\":{\"@type\":\"EntryPoint\",\"urlTemplate\":\"https:\\\/\\\/rewosport.pl\\\/?s={search_term_string}\"},\"query-input\":{\"@type\":\"PropertyValueSpecification\",\"valueRequired\":true,\"valueName\":\"search_term_string\"}}],\"inLanguage\":\"pl-PL\"},{\"@type\":\"Organization\",\"@id\":\"https:\\\/\\\/rewosport.pl\\\/#organization\",\"name\":\"pomiar czasu - chipy, fotokom\u00f3rki - zawody sportowe, obozy sportowe\",\"url\":\"https:\\\/\\\/rewosport.pl\\\/\",\"logo\":{\"@type\":\"ImageObject\",\"inLanguage\":\"pl-PL\",\"@id\":\"https:\\\/\\\/rewosport.pl\\\/#\\\/schema\\\/logo\\\/image\\\/\",\"url\":\"https:\\\/\\\/rewosport.pl\\\/wp-content\\\/uploads\\\/2020\\\/07\\\/logo_rewosport.png\",\"contentUrl\":\"https:\\\/\\\/rewosport.pl\\\/wp-content\\\/uploads\\\/2020\\\/07\\\/logo_rewosport.png\",\"width\":346,\"height\":200,\"caption\":\"pomiar czasu - chipy, fotokom\u00f3rki - zawody sportowe, obozy sportowe\"},\"image\":{\"@id\":\"https:\\\/\\\/rewosport.pl\\\/#\\\/schema\\\/logo\\\/image\\\/\"}}]}<\/script>\n<!-- \/ Yoast SEO plugin. -->","yoast_head_json":{"title":"Uphill MTB Sto\u017cek - wyniki - pomiar czasu - chipy, fotokom\u00f3rki - zawody sportowe, obozy sportowe","robots":{"index":"index","follow":"follow","max-snippet":"max-snippet:-1","max-image-preview":"max-image-preview:large","max-video-preview":"max-video-preview:-1"},"canonical":"https:\/\/rewosport.pl\/?page_id=2050","og_locale":"pl_PL","og_type":"article","og_title":"Uphill MTB Sto\u017cek - wyniki - pomiar czasu - chipy, fotokom\u00f3rki - zawody sportowe, obozy sportowe","og_description":"2022.10.15 &#8211; Uphill MTB Sto\u017cek 2022 &#8211; wyniki (PDF)","og_url":"https:\/\/rewosport.pl\/?page_id=2050","og_site_name":"pomiar czasu - chipy, fotokom\u00f3rki - zawody sportowe, obozy sportowe","article_modified_time":"2022-10-16T06:41:27+00:00","og_image":[{"width":1368,"height":770,"url":"https:\/\/rewosport.pl\/wp-content\/uploads\/2021\/11\/DSC06896.jpg","type":"image\/jpeg"}],"twitter_card":"summary_large_image","twitter_misc":{"Szacowany czas czytania":"1 minuta"},"schema":{"@context":"https:\/\/schema.org","@graph":[{"@type":"WebPage","@id":"https:\/\/rewosport.pl\/?page_id=2050","url":"https:\/\/rewosport.pl\/?page_id=2050","name":"Uphill MTB Sto\u017cek - wyniki - pomiar czasu - chipy, fotokom\u00f3rki - zawody sportowe, obozy sportowe","isPartOf":{"@id":"https:\/\/rewosport.pl\/#website"},"primaryImageOfPage":{"@id":"https:\/\/rewosport.pl\/?page_id=2050#primaryimage"},"image":{"@id":"https:\/\/rewosport.pl\/?page_id=2050#primaryimage"},"thumbnailUrl":"https:\/\/rewosport.pl\/wp-content\/uploads\/2021\/11\/DSC06896.jpg","datePublished":"2022-10-12T18:01:08+00:00","dateModified":"2022-10-16T06:41:27+00:00","breadcrumb":{"@id":"https:\/\/rewosport.pl\/?page_id=2050#breadcrumb"},"inLanguage":"pl-PL","potentialAction":[{"@type":"ReadAction","target":["https:\/\/rewosport.pl\/?page_id=2050"]}]},{"@type":"ImageObject","inLanguage":"pl-PL","@id":"https:\/\/rewosport.pl\/?page_id=2050#primaryimage","url":"https:\/\/rewosport.pl\/wp-content\/uploads\/2021\/11\/DSC06896.jpg","contentUrl":"https:\/\/rewosport.pl\/wp-content\/uploads\/2021\/11\/DSC06896.jpg","width":1368,"height":770},{"@type":"BreadcrumbList","@id":"https:\/\/rewosport.pl\/?page_id=2050#breadcrumb","itemListElement":[{"@type":"ListItem","position":1,"name":"Home","item":"https:\/\/rewosport.pl\/"},{"@type":"ListItem","position":2,"name":"Uphill MTB Sto\u017cek &#8211; wyniki"}]},{"@type":"WebSite","@id":"https:\/\/rewosport.pl\/#website","url":"https:\/\/rewosport.pl\/","name":"pomiar czasu - chipy, fotokom\u00f3rki - zawody sportowe, obozy sportowe","description":"elektroniczny pomiar czasu na zawodach sportowych - chipy, fotokom\u00f3rki; organizator zawod\u00f3w sportowych - biegowych, rowerowych, oboz\u00f3w sportowych,","publisher":{"@id":"https:\/\/rewosport.pl\/#organization"},"potentialAction":[{"@type":"SearchAction","target":{"@type":"EntryPoint","urlTemplate":"https:\/\/rewosport.pl\/?s={search_term_string}"},"query-input":{"@type":"PropertyValueSpecification","valueRequired":true,"valueName":"search_term_string"}}],"inLanguage":"pl-PL"},{"@type":"Organization","@id":"https:\/\/rewosport.pl\/#organization","name":"pomiar czasu - chipy, fotokom\u00f3rki - zawody sportowe, obozy sportowe","url":"https:\/\/rewosport.pl\/","logo":{"@type":"ImageObject","inLanguage":"pl-PL","@id":"https:\/\/rewosport.pl\/#\/schema\/logo\/image\/","url":"https:\/\/rewosport.pl\/wp-content\/uploads\/2020\/07\/logo_rewosport.png","contentUrl":"https:\/\/rewosport.pl\/wp-content\/uploads\/2020\/07\/logo_rewosport.png","width":346,"height":200,"caption":"pomiar czasu - chipy, fotokom\u00f3rki - zawody sportowe, obozy sportowe"},"image":{"@id":"https:\/\/rewosport.pl\/#\/schema\/logo\/image\/"}}]}},"_links":{"self":[{"href":"https:\/\/rewosport.pl\/index.php?rest_route=\/wp\/v2\/pages\/2050","targetHints":{"allow":["GET"]}}],"collection":[{"href":"https:\/\/rewosport.pl\/index.php?rest_route=\/wp\/v2\/pages"}],"about":[{"href":"https:\/\/rewosport.pl\/index.php?rest_route=\/wp\/v2\/types\/page"}],"author":[{"embeddable":true,"href":"https:\/\/rewosport.pl\/index.php?rest_route=\/wp\/v2\/users\/1"}],"replies":[{"embeddable":true,"href":"https:\/\/rewosport.pl\/index.php?rest_route=%2Fwp%2Fv2%2Fcomments&post=2050"}],"version-history":[{"count":7,"href":"https:\/\/rewosport.pl\/index.php?rest_route=\/wp\/v2\/pages\/2050\/revisions"}],"predecessor-version":[{"id":2073,"href":"https:\/\/rewosport.pl\/index.php?rest_route=\/wp\/v2\/pages\/2050\/revisions\/2073"}],"wp:featuredmedia":[{"embeddable":true,"href":"https:\/\/rewosport.pl\/index.php?rest_route=\/wp\/v2\/media\/1623"}],"wp:attachment":[{"href":"https:\/\/rewosport.pl\/index.php?rest_route=%2Fwp%2Fv2%2Fmedia&parent=2050"}],"curies":[{"name":"wp","href":"https:\/\/api.w.org\/{rel}","templated":true}]}}