{"id":2606,"date":"2023-05-03T20:42:00","date_gmt":"2023-05-03T18:42:00","guid":{"rendered":"https:\/\/rewosport.pl\/?page_id=2606"},"modified":"2023-07-23T15:41:17","modified_gmt":"2023-07-23T13:41:17","slug":"2023-07-22-nie-pompujesz-nie-jedziesz-7-belchatow","status":"publish","type":"page","link":"https:\/\/rewosport.pl\/?page_id=2606","title":{"rendered":"2023.07.22 &#8211; Nie Pompujesz Nie Jedziesz #7 Be\u0142chat\u00f3w"},"content":{"rendered":"\n<p class=\"has-text-align-center has-medium-font-size\"><strong>WYNIKI KO\u0143COWE<\/strong><\/p>\n\n\n\n<figure class=\"wp-block-table aligncenter is-style-stripes\"><table class=\"has-white-background-color has-background has-fixed-layout\"><tbody><tr><td class=\"has-text-align-left\" data-align=\"left\"><strong>ELIMINACJE &#8211; wszystkie kategorie<\/strong><\/td><td class=\"has-text-align-center\" data-align=\"center\"><a href=\"https:\/\/rewosport.pl\/wp-content\/uploads\/2023\/07\/2023.07.22.NPNJ_.Belchatow.wyniki.ELIMINACJE.pdf\" target=\"_blank\" rel=\"noreferrer noopener\">wyniki<\/a><\/td><td class=\"has-text-align-center\" data-align=\"center\"><\/td><\/tr><tr><td class=\"has-text-align-left\" data-align=\"left\"><strong>FINA\u0141Y &#8211; kategoria KIDS<\/strong><\/td><td class=\"has-text-align-center\" data-align=\"center\"><a href=\"https:\/\/rewosport.pl\/wp-content\/uploads\/2023\/07\/2023.07.22.NPNJ_.Belchatow.wyniki.KIDS_.pdf\" target=\"_blank\" rel=\"noreferrer noopener\">wyniki<\/a><\/td><td class=\"has-text-align-center\" data-align=\"center\"><a href=\"https:\/\/rewosport.pl\/wp-content\/uploads\/2023\/07\/2023.07.22.NPNJ_.Belchatow.wyniki.KIDS_.drabinka.pdf\" target=\"_blank\" rel=\"noreferrer noopener\">drabinka<\/a><\/td><\/tr><tr><td class=\"has-text-align-left\" data-align=\"left\"><strong>FINA\u0141Y &#8211; kategoria JUNIOR<\/strong><\/td><td class=\"has-text-align-center\" data-align=\"center\"><a href=\"https:\/\/rewosport.pl\/wp-content\/uploads\/2023\/07\/2023.07.22.NPNJ_.Belchatow.wyniki.JUNIOR.pdf\" target=\"_blank\" rel=\"noreferrer noopener\">wyniki<\/a><\/td><td class=\"has-text-align-center\" data-align=\"center\"><a href=\"https:\/\/rewosport.pl\/wp-content\/uploads\/2023\/07\/2023.07.22.NPNJ_.Belchatow.wyniki.JUNIOR.drabinka.pdf\" target=\"_blank\" rel=\"noreferrer noopener\">drabinka<\/a><\/td><\/tr><tr><td class=\"has-text-align-left\" data-align=\"left\"><strong>FINA\u0141Y &#8211; kategoria KOBIETY<\/strong><\/td><td class=\"has-text-align-center\" data-align=\"center\"><a href=\"https:\/\/rewosport.pl\/wp-content\/uploads\/2023\/07\/2023.07.22.NPNJ_.Belchatow.wyniki.KOBIETY.pdf\" target=\"_blank\" rel=\"noreferrer noopener\">wyniki<\/a><\/td><td class=\"has-text-align-center\" data-align=\"center\"><a href=\"https:\/\/rewosport.pl\/wp-content\/uploads\/2023\/07\/2023.07.22.NPNJ_.Belchatow.wyniki.KOBIETY.drabinka.pdf\" target=\"_blank\" rel=\"noreferrer noopener\">drabinka<\/a><\/td><\/tr><tr><td class=\"has-text-align-left\" data-align=\"left\"><strong>FINA\u0141Y &#8211; kategoria AMATOR<\/strong><\/td><td class=\"has-text-align-center\" data-align=\"center\"><a href=\"https:\/\/rewosport.pl\/wp-content\/uploads\/2023\/07\/2023.07.22.NPNJ_.Belchatow.wyniki.AMATOR.pdf\" target=\"_blank\" rel=\"noreferrer noopener\">wyniki<\/a><\/td><td class=\"has-text-align-center\" data-align=\"center\"><a href=\"https:\/\/rewosport.pl\/wp-content\/uploads\/2023\/07\/2023.07.22.NPNJ_.Belchatow.wyniki.AMATOR.drabinka.pdf\" target=\"_blank\" rel=\"noreferrer noopener\">drabinka<\/a><\/td><\/tr><tr><td class=\"has-text-align-left\" data-align=\"left\"><strong>FINA\u0141Y &#8211; kategoria PRO<\/strong><\/td><td class=\"has-text-align-center\" data-align=\"center\"><a href=\"https:\/\/rewosport.pl\/wp-content\/uploads\/2023\/07\/2023.07.22.NPNJ_.Belchatow.wyniki.PRO_.pdf\" target=\"_blank\" rel=\"noreferrer noopener\">wyniki<\/a><\/td><td class=\"has-text-align-center\" data-align=\"center\"><a href=\"https:\/\/rewosport.pl\/wp-content\/uploads\/2023\/07\/2023.07.22.NPNJ_.Belchatow.wyniki.PRO_.drabinka.pdf\" target=\"_blank\" rel=\"noreferrer noopener\">drabinka<\/a><\/td><\/tr><\/tbody><\/table><\/figure>\n","protected":false},"excerpt":{"rendered":"<p>WYNIKI KO\u0143COWE ELIMINACJE &#8211; wszystkie kategorie wyniki FINA\u0141Y &#8211; kategoria KIDS wyniki drabinka FINA\u0141Y &#8211; kategoria JUNIOR wyniki drabinka FINA\u0141Y &#8211; kategoria KOBIETY wyniki drabinka FINA\u0141Y &#8211; kategoria AMATOR wyniki drabinka FINA\u0141Y &#8211; kategoria PRO wyniki drabinka<\/p>\n","protected":false},"author":1,"featured_media":1884,"parent":0,"menu_order":0,"comment_status":"closed","ping_status":"closed","template":"","meta":{"footnotes":""},"class_list":["post-2606","page","type-page","status-publish","has-post-thumbnail","hentry"],"yoast_head":"<!-- This site is optimized with the Yoast SEO plugin v27.4 - https:\/\/yoast.com\/product\/yoast-seo-wordpress\/ -->\n<title>2023.07.22 - Nie Pompujesz Nie Jedziesz #7 Be\u0142chat\u00f3w - pomiar czasu - chipy, fotokom\u00f3rki - zawody sportowe, obozy sportowe<\/title>\n<meta name=\"robots\" content=\"index, follow, max-snippet:-1, max-image-preview:large, max-video-preview:-1\" \/>\n<link rel=\"canonical\" href=\"https:\/\/rewosport.pl\/?page_id=2606\" \/>\n<meta property=\"og:locale\" content=\"pl_PL\" \/>\n<meta property=\"og:type\" content=\"article\" \/>\n<meta property=\"og:title\" content=\"2023.07.22 - Nie Pompujesz Nie Jedziesz #7 Be\u0142chat\u00f3w - pomiar czasu - chipy, fotokom\u00f3rki - zawody sportowe, obozy sportowe\" \/>\n<meta property=\"og:description\" content=\"WYNIKI KO\u0143COWE ELIMINACJE &#8211; wszystkie kategorie wyniki FINA\u0141Y &#8211; kategoria KIDS wyniki drabinka FINA\u0141Y &#8211; kategoria JUNIOR wyniki drabinka FINA\u0141Y &#8211; kategoria KOBIETY wyniki drabinka FINA\u0141Y &#8211; kategoria AMATOR wyniki drabinka FINA\u0141Y &#8211; kategoria PRO wyniki drabinka\" \/>\n<meta property=\"og:url\" content=\"https:\/\/rewosport.pl\/?page_id=2606\" \/>\n<meta property=\"og:site_name\" content=\"pomiar czasu - chipy, fotokom\u00f3rki - zawody sportowe, obozy sportowe\" \/>\n<meta property=\"article:modified_time\" content=\"2023-07-23T13:41:17+00:00\" \/>\n<meta property=\"og:image\" content=\"https:\/\/rewosport.pl\/wp-content\/uploads\/2022\/06\/IMG_20220612_133855-scaled.jpg\" \/>\n\t<meta property=\"og:image:width\" content=\"2560\" \/>\n\t<meta property=\"og:image:height\" content=\"1920\" \/>\n\t<meta property=\"og:image:type\" content=\"image\/jpeg\" \/>\n<meta name=\"twitter:card\" content=\"summary_large_image\" \/>\n<meta name=\"twitter:label1\" content=\"Szacowany czas czytania\" \/>\n\t<meta name=\"twitter:data1\" content=\"1 minuta\" \/>\n<script type=\"application\/ld+json\" class=\"yoast-schema-graph\">{\"@context\":\"https:\\\/\\\/schema.org\",\"@graph\":[{\"@type\":\"WebPage\",\"@id\":\"https:\\\/\\\/rewosport.pl\\\/?page_id=2606\",\"url\":\"https:\\\/\\\/rewosport.pl\\\/?page_id=2606\",\"name\":\"2023.07.22 - Nie Pompujesz Nie Jedziesz #7 Be\u0142chat\u00f3w - pomiar czasu - chipy, fotokom\u00f3rki - zawody sportowe, obozy sportowe\",\"isPartOf\":{\"@id\":\"https:\\\/\\\/rewosport.pl\\\/#website\"},\"primaryImageOfPage\":{\"@id\":\"https:\\\/\\\/rewosport.pl\\\/?page_id=2606#primaryimage\"},\"image\":{\"@id\":\"https:\\\/\\\/rewosport.pl\\\/?page_id=2606#primaryimage\"},\"thumbnailUrl\":\"https:\\\/\\\/rewosport.pl\\\/wp-content\\\/uploads\\\/2022\\\/06\\\/IMG_20220612_133855-scaled.jpg\",\"datePublished\":\"2023-05-03T18:42:00+00:00\",\"dateModified\":\"2023-07-23T13:41:17+00:00\",\"breadcrumb\":{\"@id\":\"https:\\\/\\\/rewosport.pl\\\/?page_id=2606#breadcrumb\"},\"inLanguage\":\"pl-PL\",\"potentialAction\":[{\"@type\":\"ReadAction\",\"target\":[\"https:\\\/\\\/rewosport.pl\\\/?page_id=2606\"]}]},{\"@type\":\"ImageObject\",\"inLanguage\":\"pl-PL\",\"@id\":\"https:\\\/\\\/rewosport.pl\\\/?page_id=2606#primaryimage\",\"url\":\"https:\\\/\\\/rewosport.pl\\\/wp-content\\\/uploads\\\/2022\\\/06\\\/IMG_20220612_133855-scaled.jpg\",\"contentUrl\":\"https:\\\/\\\/rewosport.pl\\\/wp-content\\\/uploads\\\/2022\\\/06\\\/IMG_20220612_133855-scaled.jpg\",\"width\":2560,\"height\":1920},{\"@type\":\"BreadcrumbList\",\"@id\":\"https:\\\/\\\/rewosport.pl\\\/?page_id=2606#breadcrumb\",\"itemListElement\":[{\"@type\":\"ListItem\",\"position\":1,\"name\":\"Home\",\"item\":\"https:\\\/\\\/rewosport.pl\\\/\"},{\"@type\":\"ListItem\",\"position\":2,\"name\":\"2023.07.22 &#8211; Nie Pompujesz Nie Jedziesz #7 Be\u0142chat\u00f3w\"}]},{\"@type\":\"WebSite\",\"@id\":\"https:\\\/\\\/rewosport.pl\\\/#website\",\"url\":\"https:\\\/\\\/rewosport.pl\\\/\",\"name\":\"pomiar czasu - chipy, fotokom\u00f3rki - zawody sportowe, obozy sportowe\",\"description\":\"elektroniczny pomiar czasu na zawodach sportowych - chipy, fotokom\u00f3rki; organizator zawod\u00f3w sportowych - biegowych, rowerowych, oboz\u00f3w sportowych,\",\"publisher\":{\"@id\":\"https:\\\/\\\/rewosport.pl\\\/#organization\"},\"potentialAction\":[{\"@type\":\"SearchAction\",\"target\":{\"@type\":\"EntryPoint\",\"urlTemplate\":\"https:\\\/\\\/rewosport.pl\\\/?s={search_term_string}\"},\"query-input\":{\"@type\":\"PropertyValueSpecification\",\"valueRequired\":true,\"valueName\":\"search_term_string\"}}],\"inLanguage\":\"pl-PL\"},{\"@type\":\"Organization\",\"@id\":\"https:\\\/\\\/rewosport.pl\\\/#organization\",\"name\":\"pomiar czasu - chipy, fotokom\u00f3rki - zawody sportowe, obozy sportowe\",\"url\":\"https:\\\/\\\/rewosport.pl\\\/\",\"logo\":{\"@type\":\"ImageObject\",\"inLanguage\":\"pl-PL\",\"@id\":\"https:\\\/\\\/rewosport.pl\\\/#\\\/schema\\\/logo\\\/image\\\/\",\"url\":\"https:\\\/\\\/rewosport.pl\\\/wp-content\\\/uploads\\\/2020\\\/07\\\/logo_rewosport.png\",\"contentUrl\":\"https:\\\/\\\/rewosport.pl\\\/wp-content\\\/uploads\\\/2020\\\/07\\\/logo_rewosport.png\",\"width\":346,\"height\":200,\"caption\":\"pomiar czasu - chipy, fotokom\u00f3rki - zawody sportowe, obozy sportowe\"},\"image\":{\"@id\":\"https:\\\/\\\/rewosport.pl\\\/#\\\/schema\\\/logo\\\/image\\\/\"}}]}<\/script>\n<!-- \/ Yoast SEO plugin. -->","yoast_head_json":{"title":"2023.07.22 - Nie Pompujesz Nie Jedziesz #7 Be\u0142chat\u00f3w - pomiar czasu - chipy, fotokom\u00f3rki - zawody sportowe, obozy sportowe","robots":{"index":"index","follow":"follow","max-snippet":"max-snippet:-1","max-image-preview":"max-image-preview:large","max-video-preview":"max-video-preview:-1"},"canonical":"https:\/\/rewosport.pl\/?page_id=2606","og_locale":"pl_PL","og_type":"article","og_title":"2023.07.22 - Nie Pompujesz Nie Jedziesz #7 Be\u0142chat\u00f3w - pomiar czasu - chipy, fotokom\u00f3rki - zawody sportowe, obozy sportowe","og_description":"WYNIKI KO\u0143COWE ELIMINACJE &#8211; wszystkie kategorie wyniki FINA\u0141Y &#8211; kategoria KIDS wyniki drabinka FINA\u0141Y &#8211; kategoria JUNIOR wyniki drabinka FINA\u0141Y &#8211; kategoria KOBIETY wyniki drabinka FINA\u0141Y &#8211; kategoria AMATOR wyniki drabinka FINA\u0141Y &#8211; kategoria PRO wyniki drabinka","og_url":"https:\/\/rewosport.pl\/?page_id=2606","og_site_name":"pomiar czasu - chipy, fotokom\u00f3rki - zawody sportowe, obozy sportowe","article_modified_time":"2023-07-23T13:41:17+00:00","og_image":[{"width":2560,"height":1920,"url":"https:\/\/rewosport.pl\/wp-content\/uploads\/2022\/06\/IMG_20220612_133855-scaled.jpg","type":"image\/jpeg"}],"twitter_card":"summary_large_image","twitter_misc":{"Szacowany czas czytania":"1 minuta"},"schema":{"@context":"https:\/\/schema.org","@graph":[{"@type":"WebPage","@id":"https:\/\/rewosport.pl\/?page_id=2606","url":"https:\/\/rewosport.pl\/?page_id=2606","name":"2023.07.22 - Nie Pompujesz Nie Jedziesz #7 Be\u0142chat\u00f3w - pomiar czasu - chipy, fotokom\u00f3rki - zawody sportowe, obozy sportowe","isPartOf":{"@id":"https:\/\/rewosport.pl\/#website"},"primaryImageOfPage":{"@id":"https:\/\/rewosport.pl\/?page_id=2606#primaryimage"},"image":{"@id":"https:\/\/rewosport.pl\/?page_id=2606#primaryimage"},"thumbnailUrl":"https:\/\/rewosport.pl\/wp-content\/uploads\/2022\/06\/IMG_20220612_133855-scaled.jpg","datePublished":"2023-05-03T18:42:00+00:00","dateModified":"2023-07-23T13:41:17+00:00","breadcrumb":{"@id":"https:\/\/rewosport.pl\/?page_id=2606#breadcrumb"},"inLanguage":"pl-PL","potentialAction":[{"@type":"ReadAction","target":["https:\/\/rewosport.pl\/?page_id=2606"]}]},{"@type":"ImageObject","inLanguage":"pl-PL","@id":"https:\/\/rewosport.pl\/?page_id=2606#primaryimage","url":"https:\/\/rewosport.pl\/wp-content\/uploads\/2022\/06\/IMG_20220612_133855-scaled.jpg","contentUrl":"https:\/\/rewosport.pl\/wp-content\/uploads\/2022\/06\/IMG_20220612_133855-scaled.jpg","width":2560,"height":1920},{"@type":"BreadcrumbList","@id":"https:\/\/rewosport.pl\/?page_id=2606#breadcrumb","itemListElement":[{"@type":"ListItem","position":1,"name":"Home","item":"https:\/\/rewosport.pl\/"},{"@type":"ListItem","position":2,"name":"2023.07.22 &#8211; Nie Pompujesz Nie Jedziesz #7 Be\u0142chat\u00f3w"}]},{"@type":"WebSite","@id":"https:\/\/rewosport.pl\/#website","url":"https:\/\/rewosport.pl\/","name":"pomiar czasu - chipy, fotokom\u00f3rki - zawody sportowe, obozy sportowe","description":"elektroniczny pomiar czasu na zawodach sportowych - chipy, fotokom\u00f3rki; organizator zawod\u00f3w sportowych - biegowych, rowerowych, oboz\u00f3w sportowych,","publisher":{"@id":"https:\/\/rewosport.pl\/#organization"},"potentialAction":[{"@type":"SearchAction","target":{"@type":"EntryPoint","urlTemplate":"https:\/\/rewosport.pl\/?s={search_term_string}"},"query-input":{"@type":"PropertyValueSpecification","valueRequired":true,"valueName":"search_term_string"}}],"inLanguage":"pl-PL"},{"@type":"Organization","@id":"https:\/\/rewosport.pl\/#organization","name":"pomiar czasu - chipy, fotokom\u00f3rki - zawody sportowe, obozy sportowe","url":"https:\/\/rewosport.pl\/","logo":{"@type":"ImageObject","inLanguage":"pl-PL","@id":"https:\/\/rewosport.pl\/#\/schema\/logo\/image\/","url":"https:\/\/rewosport.pl\/wp-content\/uploads\/2020\/07\/logo_rewosport.png","contentUrl":"https:\/\/rewosport.pl\/wp-content\/uploads\/2020\/07\/logo_rewosport.png","width":346,"height":200,"caption":"pomiar czasu - chipy, fotokom\u00f3rki - zawody sportowe, obozy sportowe"},"image":{"@id":"https:\/\/rewosport.pl\/#\/schema\/logo\/image\/"}}]}},"_links":{"self":[{"href":"https:\/\/rewosport.pl\/index.php?rest_route=\/wp\/v2\/pages\/2606","targetHints":{"allow":["GET"]}}],"collection":[{"href":"https:\/\/rewosport.pl\/index.php?rest_route=\/wp\/v2\/pages"}],"about":[{"href":"https:\/\/rewosport.pl\/index.php?rest_route=\/wp\/v2\/types\/page"}],"author":[{"embeddable":true,"href":"https:\/\/rewosport.pl\/index.php?rest_route=\/wp\/v2\/users\/1"}],"replies":[{"embeddable":true,"href":"https:\/\/rewosport.pl\/index.php?rest_route=%2Fwp%2Fv2%2Fcomments&post=2606"}],"version-history":[{"count":5,"href":"https:\/\/rewosport.pl\/index.php?rest_route=\/wp\/v2\/pages\/2606\/revisions"}],"predecessor-version":[{"id":2753,"href":"https:\/\/rewosport.pl\/index.php?rest_route=\/wp\/v2\/pages\/2606\/revisions\/2753"}],"wp:featuredmedia":[{"embeddable":true,"href":"https:\/\/rewosport.pl\/index.php?rest_route=\/wp\/v2\/media\/1884"}],"wp:attachment":[{"href":"https:\/\/rewosport.pl\/index.php?rest_route=%2Fwp%2Fv2%2Fmedia&parent=2606"}],"curies":[{"name":"wp","href":"https:\/\/api.w.org\/{rel}","templated":true}]}}