{"id":3,"date":"2020-07-21T13:02:34","date_gmt":"2020-07-21T11:02:34","guid":{"rendered":"http:\/\/rewosport.pl\/?page_id=3"},"modified":"2022-11-23T23:51:17","modified_gmt":"2022-11-23T22:51:17","slug":"polityka-prywatnosci","status":"publish","type":"page","link":"https:\/\/rewosport.pl\/?page_id=3","title":{"rendered":"Polityka prywatno\u015bci"},"content":{"rendered":"\n<p>Niniejsza Polityka Prywatno\u015bci jest zgodna z przepisami wynikaj\u0105cymi z art. 13 ust. 1 i ust. 2 rozporz\u0105dzenia Parlamentu Europejskiego i Rady (UE) 2016\/679 z 27 kwietnia 2016 r. w skr\u00f3cie RODO.<\/p>\n\n\n\n<h2 class=\"wp-block-heading\">Kim jeste\u015bmy<\/h2>\n\n\n\n<p>Administratorem Pa\u0144stwa danych osobowych jest firma Rewocamp Olga Rensz z siedzib\u0105 w Cieszynie (43-400), ul. Reymonta 71G, kt\u00f3ra jest w\u0142a\u015bcicielem marki RewoSport i prowadzi stron\u0119 http:\/\/www.rewosport.pl<\/p>\n\n\n\n<h2 class=\"wp-block-heading\">Jakie dane osobiste zbieramy i dlaczego je zbieramy<\/h2>\n\n\n\n<h3 class=\"wp-block-heading\">Dane osobowe<\/h3>\n\n\n\n<p>Zbierane i przetwarzane dane s\u0142u\u017c\u0105 wy\u0142\u0105cznie na potrzeby obs\u0142ugiwanych zawod\u00f3w sportowych \u2013 przedstawianie listy zg\u0142oszonych\/zarejestrowanych os\u00f3b, tworzeniu list startowych, dokonywanego pomiaru czasu, publikowania wynik\u00f3w zawod\u00f3w.<\/p>\n\n\n\n<p>Dane osobowe, jakie s\u0105 przez nas zbierane i przetwarzane oraz cel w jakim je zbieramy i przetwarzamy:<\/p>\n\n\n\n<p><strong>Imi\u0119 i nazwisko<\/strong> &#8211; <em>w celu identyfikacji Twojej osoby na li\u015bcie startowej oraz w wynikac<\/em>h<br><strong>Rok urodzenia<\/strong> <em>&#8211; w celu przydzielenia do odpowiedniej kategorii<\/em><br><strong>P\u0142e\u0107 <\/strong><em>&#8211; w celu przydzielenia do odpowiedniej kategorii<\/em><br><strong>Kraj i miejscowo\u015b\u0107 zamieszkania<\/strong> &#8211; <em>nieobowi\u0105zkow<\/em>o,<em> chyba, \u017ce prowadzona jest klasyfikacja w tym zakresie<\/em><br><strong>Nazwa klubu \/ dru\u017cyny<\/strong> <em>&#8211; nieobowi\u0105zkowo, chyba, \u017ce prowadzona jest klasyfikacja dru\u017cynowa<\/em><br><strong>Adres email<\/strong> <em>&#8211; w celu potwierdzenia rejestracji na zawody sportowe, w przypadku rezygnacji przez organizatora z przeprowadzenia zawod\u00f3w, przes\u0142ania stosownej informacji do zarejestrowanych zawodnik\u00f3w<\/em>.<\/p>\n\n\n\n<p>Zebrane dane nie s\u0142u\u017c\u0105 nam do cel\u00f3w marketingowych ani nie s\u0105 udost\u0119pniane innym podmiotom poza firm\u0105 Webscorer INC., kt\u00f3ra jest w\u0142a\u015bcicielem portalu webscorer.com (rejestracja na zawody, listy startowe, wyniki), oprogramowania do pomiaru czasu Webscorer PRO, z kt\u00f3rego korzystamy na zasadzie p\u0142atnej subskrypcji, oraz organizatorowi zawod\u00f3w \/ imprezy sportowej, podczas kt\u00f3rej dokonujemy pomiaru czasu.<\/p>\n\n\n\n<p>Dane osobowe uczestnik\u00f3w nie podlegaj\u0105 zautomatyzowanemu przetwarzaniu, w tym profilowaniu.<\/p>\n\n\n\n<p>Nie zbieramy i nie przetwarzamy wra\u017cliwych danych osobowych.<\/p>\n\n\n\n<p>Podstaw\u0119 przetwarzania Twoich danych osobowych stanowi art. 6 ust. 1 lit. b) RODO \u2013 realizacja umowy <em>(akceptacja Regulaminu i zg\u0142oszenie udzia\u0142u w zawodach stanowi zawarcie umowy)<\/em> oraz art. 6 ust. 1 lit. a) RODO \u2013 dobrowolna, jednoznaczna, \u015bwiadoma i konkretna zgoda osoby, kt\u00f3rej dane dotycz\u0105 <em>(wype\u0142nienie formularza zg\u0142oszeniowego na zawody sportowe przez nas obs\u0142ugiwane)<\/em>.<\/p>\n\n\n\n<p>Twoje dane osobowe przekazujemy do pa\u0144stw trzecich w zwi\u0105zku z korzystaniem z narz\u0119dzi informatycznych takich jak oprogramowanie do pomiaru czasu Webscorer PRO oraz platforma internetowa webscorer.com (rejestracja na zawody, listy startowe, wyniki), kt\u00f3re przechowuj\u0105 Twoje dane osobowe na serwerach zlokalizowanych w USA. Dostawca tych narz\u0119dzi (Webscorer Inc.) gwarantuje odpowiedni poziom ochrony danych osobowych poprzez szyfrowanie danych, odpowiednie zabezpieczenia oraz w\u0142asn\u0105 polityk\u0119 prywatno\u015bci.<\/p>\n\n\n\n<h3 class=\"wp-block-heading\">Osadzone tre\u015bci z innych witryn<\/h3>\n\n\n\n<p>Artyku\u0142y na tej witrynie mog\u0105 zawiera\u0107 osadzone tre\u015bci (np. filmy, obrazki, artyku\u0142y itp.), m.in. z portalu webscorer.com. Osadzone tre\u015bci z innych witryn zachowuj\u0105 si\u0119 analogicznie do tego, jakby u\u017cytkownik odwiedzi\u0142 bezpo\u015brednio konkretn\u0105 witryn\u0119.<\/p>\n\n\n\n<p>Witryny mog\u0105 zbiera\u0107 informacje o tobie, u\u017cywa\u0107 ciasteczek, do\u0142\u0105cza\u0107 dodatkowe, zewn\u0119trzne systemy \u015bledzenia i monitorowa\u0107 twoje interakcje z osadzonym materia\u0142em, w\u0142\u0105czaj\u0105c w to \u015bledzenie twoich interakcji z osadzonym materia\u0142em je\u015bli posiadasz konto i jeste\u015b zalogowany w tamtej witrynie.<\/p>\n\n\n\n<h3 class=\"wp-block-heading\">Ciasteczka &#8211; <em>pliki cookies<\/em><\/h3>\n\n\n\n<p>Pliki cookies (tzw. \u201eciasteczka\u201d) stanowi\u0105 dane informatyczne, w szczeg\u00f3lno\u015bci pliki tekstowe, kt\u00f3re -przechowywane s\u0105 w urz\u0105dzeniu ko\u0144cowym, czyli Twoim komputerze, laptopie lub smartfonie, w zale\u017cno\u015bci jakiego urz\u0105dzenia u\u017cywasz do ogl\u0105dania Strony. Cookies zazwyczaj zawieraj\u0105 nazw\u0119 strony internetowej, z kt\u00f3rej pochodz\u0105, czas przechowywania ich na urz\u0105dzeniu ko\u0144cowym oraz unikalny numer. Sam mo\u017cesz zadecydowa\u0107 o formie wykorzystania cookies \u2013 ustawienia te s\u0105 dost\u0119pne w ka\u017cdej<br>przegl\u0105darce internetowej.<\/p>\n\n\n\n<p>Pliki cookies s\u0142u\u017c\u0105 przede wszystkim twojej wygodzie \u2013 dzi\u0119ki ich u\u017cyciu, znacznie skraca si\u0119 czas \u0142adowania strony podczas kolejnych odwiedzin.<\/p>\n\n\n\n<p>Cechy plik\u00f3w cookies:<br>1) dostosowuj\u0105 zawarto\u015b\u0107 stron internetowych serwisu do U\u017cytkownika. Optymalizuj\u0105 poruszanie U\u017cytkownika na stronie, w szczeg\u00f3lno\u015bci pliki te pozwalaj\u0105 rozpozna\u0107 urz\u0105dzenie, za pomoc\u0105, kt\u00f3rego wy\u015bwietlana jest strona i tak ustawi\u0107 jej parametry, by nawigacja nie sprawia\u0142a problem\u00f3w i zoptymalizowana pod wzgl\u0119dem indywidualnych potrzeb U\u017cytkownika.<br>2) pozwalaj\u0105 wy\u015bwietli\u0107 stron\u0119 internetow\u0105, dostosowan\u0105 do Twoich indywidualnych potrzeb;<br>3) tworz\u0105 statystyki, dzi\u0119ki kt\u00f3rym Administrator wie, kt\u00f3re tre\u015bci ciesz\u0105 si\u0119 zainteresowaniem U\u017cytkownik\u00f3w. Pozwala to na ci\u0105g\u0142e ulepszanie strony i tak\u0105 konstrukcj\u0119 tre\u015bci, kt\u00f3ra b\u0119dzie odpowiada\u0142a osobom odwiedzaj\u0105cym stron\u0119<br>4) pozwalaj\u0105 na wielokrotne wykorzystanie opcji logowania przez U\u017cytkownika, co jest dla<br>Ciebie du\u017co wygodniejsze, gdy\u017c podczas przemieszczania si\u0119 po stronie i wielokrotnych<br>odwiedzin nie jeste\u015b zmuszony do ka\u017cdorazowego wpisywania loginu i has\u0142a.<\/p>\n\n\n\n<p>U\u017cytkownik mo\u017ce w ka\u017cdym momencie usun\u0105\u0107 pliki cookies.<\/p>\n\n\n\n<p>Wprowadzone przez u\u017cytkownika ograniczenia stosowania plik\u00f3w cookies mog\u0105 wp\u0142yn\u0105\u0107 na niekt\u00f3re funkcjonalno\u015bci Strony, znacznie utrudniaj\u0105c swobodne korzystanie ze wszystkich jego opcji.<\/p>\n\n\n\n<h2 class=\"wp-block-heading\">Jakie masz prawa do swoich danych<\/h2>\n\n\n\n<p>Osoba, kt\u00f3rej dane osobowe dotycz\u0105, ma prawo do:<\/p>\n\n\n\n<ol class=\"wp-block-list\">\n<li>Dost\u0119pu do tre\u015bci danych.<\/li>\n\n\n\n<li>Sprostowania danych.<\/li>\n\n\n\n<li>Usuni\u0119cia danych.<\/li>\n\n\n\n<li>Ograniczenia danych.<\/li>\n\n\n\n<li>Wniesienia sprzeciwu wobec przetwarzania danych.<\/li>\n\n\n\n<li>Przenoszenia danych.<\/li>\n<\/ol>\n\n\n\n<p>Realizacj\u0119 dowolnego z ww. punkt\u00f3w nale\u017cy zg\u0142osi\u0107 za pomoc\u0105 wiadomo\u015bci e-mail wys\u0142anej na adres: info@rewosport.pl.<\/p>\n\n\n\n<h2 class=\"wp-block-heading\">Jak d\u0142ugo przechowujemy twoje dane<\/h2>\n\n\n\n<p>Dane osobowe jakie zbieramy i przetwarzamy w celu wykonania us\u0142ugi pomiaru czasu na zawodach sportowych (tworzenie list zarejestrowanych i list startowych, pomiar czasu, wyniki) b\u0119d\u0105 przechowywane po zrealizowaniu us\u0142ugi jedynie w formie wynik\u00f3w w celu archiwalnym do momentu cofni\u0119cia przez Ciebie zgody na ich przetwarzanie czyli z\u0142o\u017cenia przez Ciebie pro\u015bby o ich usuni\u0119cie, sprostowanie czy ograniczenie.<\/p>\n\n\n\n<h2 class=\"wp-block-heading\">Kontakt z nami<\/h2>\n\n\n\n<p>Rewocamp Olga Rensz<br>43-400 Cieszyn, ul. Reymonta 71G<\/p>\n\n\n\n<p>tel. +48 607 706 603<br>email: info@rewosport.pl<\/p>\n","protected":false},"excerpt":{"rendered":"<p>Niniejsza Polityka Prywatno\u015bci jest zgodna z przepisami wynikaj\u0105cymi z art. 13 ust. 1 i ust. 2 rozporz\u0105dzenia Parlamentu Europejskiego i Rady (UE) 2016\/679 z 27 kwietnia 2016 r. w skr\u00f3cie RODO. Kim jeste\u015bmy Administratorem Pa\u0144stwa danych osobowych jest firma Rewocamp Olga Rensz z siedzib\u0105 w Cieszynie (43-400), ul. Reymonta 71G, kt\u00f3ra jest w\u0142a\u015bcicielem marki RewoSport&hellip; <br \/> <a class=\"read-more\" href=\"https:\/\/rewosport.pl\/?page_id=3\">Dowiedz si\u0119 wi\u0119cej<\/a><\/p>\n","protected":false},"author":1,"featured_media":0,"parent":0,"menu_order":0,"comment_status":"closed","ping_status":"open","template":"","meta":{"footnotes":""},"class_list":["post-3","page","type-page","status-publish","hentry"],"yoast_head":"<!-- This site is optimized with the Yoast SEO plugin v27.4 - https:\/\/yoast.com\/product\/yoast-seo-wordpress\/ -->\n<title>Polityka prywatno\u015bci - pomiar czasu - chipy, fotokom\u00f3rki - zawody sportowe, obozy sportowe<\/title>\n<meta name=\"robots\" content=\"index, follow, max-snippet:-1, max-image-preview:large, max-video-preview:-1\" \/>\n<link rel=\"canonical\" href=\"https:\/\/rewosport.pl\/?page_id=3\" \/>\n<meta property=\"og:locale\" content=\"pl_PL\" \/>\n<meta property=\"og:type\" content=\"article\" \/>\n<meta property=\"og:title\" content=\"Polityka prywatno\u015bci - pomiar czasu - chipy, fotokom\u00f3rki - zawody sportowe, obozy sportowe\" \/>\n<meta property=\"og:description\" content=\"Niniejsza Polityka Prywatno\u015bci jest zgodna z przepisami wynikaj\u0105cymi z art. 13 ust. 1 i ust. 2 rozporz\u0105dzenia Parlamentu Europejskiego i Rady (UE) 2016\/679 z 27 kwietnia 2016 r. w skr\u00f3cie RODO. Kim jeste\u015bmy Administratorem Pa\u0144stwa danych osobowych jest firma Rewocamp Olga Rensz z siedzib\u0105 w Cieszynie (43-400), ul. Reymonta 71G, kt\u00f3ra jest w\u0142a\u015bcicielem marki RewoSport&hellip; Dowiedz si\u0119 wi\u0119cej\" \/>\n<meta property=\"og:url\" content=\"https:\/\/rewosport.pl\/?page_id=3\" \/>\n<meta property=\"og:site_name\" content=\"pomiar czasu - chipy, fotokom\u00f3rki - zawody sportowe, obozy sportowe\" \/>\n<meta property=\"article:modified_time\" content=\"2022-11-23T22:51:17+00:00\" \/>\n<meta name=\"twitter:card\" content=\"summary_large_image\" \/>\n<meta name=\"twitter:label1\" content=\"Szacowany czas czytania\" \/>\n\t<meta name=\"twitter:data1\" content=\"5 minut\" \/>\n<script type=\"application\/ld+json\" class=\"yoast-schema-graph\">{\"@context\":\"https:\\\/\\\/schema.org\",\"@graph\":[{\"@type\":\"WebPage\",\"@id\":\"https:\\\/\\\/rewosport.pl\\\/?page_id=3\",\"url\":\"https:\\\/\\\/rewosport.pl\\\/?page_id=3\",\"name\":\"Polityka prywatno\u015bci - pomiar czasu - chipy, fotokom\u00f3rki - zawody sportowe, obozy sportowe\",\"isPartOf\":{\"@id\":\"https:\\\/\\\/rewosport.pl\\\/#website\"},\"datePublished\":\"2020-07-21T11:02:34+00:00\",\"dateModified\":\"2022-11-23T22:51:17+00:00\",\"breadcrumb\":{\"@id\":\"https:\\\/\\\/rewosport.pl\\\/?page_id=3#breadcrumb\"},\"inLanguage\":\"pl-PL\",\"potentialAction\":[{\"@type\":\"ReadAction\",\"target\":[\"https:\\\/\\\/rewosport.pl\\\/?page_id=3\"]}]},{\"@type\":\"BreadcrumbList\",\"@id\":\"https:\\\/\\\/rewosport.pl\\\/?page_id=3#breadcrumb\",\"itemListElement\":[{\"@type\":\"ListItem\",\"position\":1,\"name\":\"Home\",\"item\":\"https:\\\/\\\/rewosport.pl\\\/\"},{\"@type\":\"ListItem\",\"position\":2,\"name\":\"Polityka prywatno\u015bci\"}]},{\"@type\":\"WebSite\",\"@id\":\"https:\\\/\\\/rewosport.pl\\\/#website\",\"url\":\"https:\\\/\\\/rewosport.pl\\\/\",\"name\":\"pomiar czasu - chipy, fotokom\u00f3rki - zawody sportowe, obozy sportowe\",\"description\":\"elektroniczny pomiar czasu na zawodach sportowych - chipy, fotokom\u00f3rki; organizator zawod\u00f3w sportowych - biegowych, rowerowych, oboz\u00f3w sportowych,\",\"publisher\":{\"@id\":\"https:\\\/\\\/rewosport.pl\\\/#organization\"},\"potentialAction\":[{\"@type\":\"SearchAction\",\"target\":{\"@type\":\"EntryPoint\",\"urlTemplate\":\"https:\\\/\\\/rewosport.pl\\\/?s={search_term_string}\"},\"query-input\":{\"@type\":\"PropertyValueSpecification\",\"valueRequired\":true,\"valueName\":\"search_term_string\"}}],\"inLanguage\":\"pl-PL\"},{\"@type\":\"Organization\",\"@id\":\"https:\\\/\\\/rewosport.pl\\\/#organization\",\"name\":\"pomiar czasu - chipy, fotokom\u00f3rki - zawody sportowe, obozy sportowe\",\"url\":\"https:\\\/\\\/rewosport.pl\\\/\",\"logo\":{\"@type\":\"ImageObject\",\"inLanguage\":\"pl-PL\",\"@id\":\"https:\\\/\\\/rewosport.pl\\\/#\\\/schema\\\/logo\\\/image\\\/\",\"url\":\"https:\\\/\\\/rewosport.pl\\\/wp-content\\\/uploads\\\/2020\\\/07\\\/logo_rewosport.png\",\"contentUrl\":\"https:\\\/\\\/rewosport.pl\\\/wp-content\\\/uploads\\\/2020\\\/07\\\/logo_rewosport.png\",\"width\":346,\"height\":200,\"caption\":\"pomiar czasu - chipy, fotokom\u00f3rki - zawody sportowe, obozy sportowe\"},\"image\":{\"@id\":\"https:\\\/\\\/rewosport.pl\\\/#\\\/schema\\\/logo\\\/image\\\/\"}}]}<\/script>\n<!-- \/ Yoast SEO plugin. -->","yoast_head_json":{"title":"Polityka prywatno\u015bci - pomiar czasu - chipy, fotokom\u00f3rki - zawody sportowe, obozy sportowe","robots":{"index":"index","follow":"follow","max-snippet":"max-snippet:-1","max-image-preview":"max-image-preview:large","max-video-preview":"max-video-preview:-1"},"canonical":"https:\/\/rewosport.pl\/?page_id=3","og_locale":"pl_PL","og_type":"article","og_title":"Polityka prywatno\u015bci - pomiar czasu - chipy, fotokom\u00f3rki - zawody sportowe, obozy sportowe","og_description":"Niniejsza Polityka Prywatno\u015bci jest zgodna z przepisami wynikaj\u0105cymi z art. 13 ust. 1 i ust. 2 rozporz\u0105dzenia Parlamentu Europejskiego i Rady (UE) 2016\/679 z 27 kwietnia 2016 r. w skr\u00f3cie RODO. Kim jeste\u015bmy Administratorem Pa\u0144stwa danych osobowych jest firma Rewocamp Olga Rensz z siedzib\u0105 w Cieszynie (43-400), ul. Reymonta 71G, kt\u00f3ra jest w\u0142a\u015bcicielem marki RewoSport&hellip; Dowiedz si\u0119 wi\u0119cej","og_url":"https:\/\/rewosport.pl\/?page_id=3","og_site_name":"pomiar czasu - chipy, fotokom\u00f3rki - zawody sportowe, obozy sportowe","article_modified_time":"2022-11-23T22:51:17+00:00","twitter_card":"summary_large_image","twitter_misc":{"Szacowany czas czytania":"5 minut"},"schema":{"@context":"https:\/\/schema.org","@graph":[{"@type":"WebPage","@id":"https:\/\/rewosport.pl\/?page_id=3","url":"https:\/\/rewosport.pl\/?page_id=3","name":"Polityka prywatno\u015bci - pomiar czasu - chipy, fotokom\u00f3rki - zawody sportowe, obozy sportowe","isPartOf":{"@id":"https:\/\/rewosport.pl\/#website"},"datePublished":"2020-07-21T11:02:34+00:00","dateModified":"2022-11-23T22:51:17+00:00","breadcrumb":{"@id":"https:\/\/rewosport.pl\/?page_id=3#breadcrumb"},"inLanguage":"pl-PL","potentialAction":[{"@type":"ReadAction","target":["https:\/\/rewosport.pl\/?page_id=3"]}]},{"@type":"BreadcrumbList","@id":"https:\/\/rewosport.pl\/?page_id=3#breadcrumb","itemListElement":[{"@type":"ListItem","position":1,"name":"Home","item":"https:\/\/rewosport.pl\/"},{"@type":"ListItem","position":2,"name":"Polityka prywatno\u015bci"}]},{"@type":"WebSite","@id":"https:\/\/rewosport.pl\/#website","url":"https:\/\/rewosport.pl\/","name":"pomiar czasu - chipy, fotokom\u00f3rki - zawody sportowe, obozy sportowe","description":"elektroniczny pomiar czasu na zawodach sportowych - chipy, fotokom\u00f3rki; organizator zawod\u00f3w sportowych - biegowych, rowerowych, oboz\u00f3w sportowych,","publisher":{"@id":"https:\/\/rewosport.pl\/#organization"},"potentialAction":[{"@type":"SearchAction","target":{"@type":"EntryPoint","urlTemplate":"https:\/\/rewosport.pl\/?s={search_term_string}"},"query-input":{"@type":"PropertyValueSpecification","valueRequired":true,"valueName":"search_term_string"}}],"inLanguage":"pl-PL"},{"@type":"Organization","@id":"https:\/\/rewosport.pl\/#organization","name":"pomiar czasu - chipy, fotokom\u00f3rki - zawody sportowe, obozy sportowe","url":"https:\/\/rewosport.pl\/","logo":{"@type":"ImageObject","inLanguage":"pl-PL","@id":"https:\/\/rewosport.pl\/#\/schema\/logo\/image\/","url":"https:\/\/rewosport.pl\/wp-content\/uploads\/2020\/07\/logo_rewosport.png","contentUrl":"https:\/\/rewosport.pl\/wp-content\/uploads\/2020\/07\/logo_rewosport.png","width":346,"height":200,"caption":"pomiar czasu - chipy, fotokom\u00f3rki - zawody sportowe, obozy sportowe"},"image":{"@id":"https:\/\/rewosport.pl\/#\/schema\/logo\/image\/"}}]}},"_links":{"self":[{"href":"https:\/\/rewosport.pl\/index.php?rest_route=\/wp\/v2\/pages\/3","targetHints":{"allow":["GET"]}}],"collection":[{"href":"https:\/\/rewosport.pl\/index.php?rest_route=\/wp\/v2\/pages"}],"about":[{"href":"https:\/\/rewosport.pl\/index.php?rest_route=\/wp\/v2\/types\/page"}],"author":[{"embeddable":true,"href":"https:\/\/rewosport.pl\/index.php?rest_route=\/wp\/v2\/users\/1"}],"replies":[{"embeddable":true,"href":"https:\/\/rewosport.pl\/index.php?rest_route=%2Fwp%2Fv2%2Fcomments&post=3"}],"version-history":[{"count":9,"href":"https:\/\/rewosport.pl\/index.php?rest_route=\/wp\/v2\/pages\/3\/revisions"}],"predecessor-version":[{"id":2406,"href":"https:\/\/rewosport.pl\/index.php?rest_route=\/wp\/v2\/pages\/3\/revisions\/2406"}],"wp:attachment":[{"href":"https:\/\/rewosport.pl\/index.php?rest_route=%2Fwp%2Fv2%2Fmedia&parent=3"}],"curies":[{"name":"wp","href":"https:\/\/api.w.org\/{rel}","templated":true}]}}