{"id":3056,"date":"2024-03-11T10:33:43","date_gmt":"2024-03-11T09:33:43","guid":{"rendered":"https:\/\/rewosport.pl\/?page_id=3056"},"modified":"2024-03-11T10:33:45","modified_gmt":"2024-03-11T09:33:45","slug":"wyniki-archiwum-2023","status":"publish","type":"page","link":"https:\/\/rewosport.pl\/?page_id=3056","title":{"rendered":"Wyniki archiwum 2023"},"content":{"rendered":"\n<figure class=\"wp-block-table aligncenter has-small-font-size\"><table><thead><tr><th class=\"has-text-align-center\" data-align=\"center\">Termin<\/th><th class=\"has-text-align-center\" data-align=\"center\">Nazwa imprezy<\/th><th class=\"has-text-align-center\" data-align=\"center\">Lokalizacja<\/th><th class=\"has-text-align-center\" data-align=\"center\">Zapisy<\/th><th class=\"has-text-align-center\" data-align=\"center\">Live Timing<\/th><th class=\"has-text-align-center\" data-align=\"center\">Wyniki ko\u0144cowe<\/th><\/tr><\/thead><tbody><tr><td class=\"has-text-align-center\" data-align=\"center\"><s>2024.02.24-25<\/s><\/td><td class=\"has-text-align-center\" data-align=\"center\"><s>V Puchar PolSkiMed w ramach Pucharu Polski Masters PZN<\/s><br><em>ZAWODY ODWO\u0141ANE<\/em><\/td><td class=\"has-text-align-center\" data-align=\"center\"><s>Wis\u0142a, Skolnity<\/s><\/td><td class=\"has-text-align-center\" data-align=\"center\"><s><a href=\"https:\/\/dostartu.pl\/gs-v-puchar-polskimed-w-ramach-pucharu-polski-masters-pzn-v10476\">zapisy <\/a><a href=\"https:\/\/dostartu.pl\/gs-v-puchar-polskimed-w-ramach-pucharu-polski-masters-pzn-v10476\" target=\"_blank\" rel=\"noreferrer noopener\">GS<\/a><br><a href=\"https:\/\/dostartu.pl\/sl-v-puchar-polskimed-w-ramach-pucharu-polski-masters-pzn-v10475\">zap<\/a><a href=\"https:\/\/dostartu.pl\/sl-v-puchar-polskimed-w-ramach-pucharu-polski-masters-pzn-v10475\" target=\"_blank\" rel=\"noreferrer noopener\">isy SL<\/a><\/s><\/td><td class=\"has-text-align-center\" data-align=\"center\"><s>live timing<\/s><\/td><td class=\"has-text-align-center\" data-align=\"center\"><s>wyniki<\/s><\/td><\/tr><tr><td class=\"has-text-align-center\" data-align=\"center\">2023<\/td><td class=\"has-text-align-center\" data-align=\"center\">klasyfikacja generalna PUCHAR POLSKI PUMPTRACK 2023<\/td><td class=\"has-text-align-center\" data-align=\"center\">Polska<\/td><td class=\"has-text-align-center\" data-align=\"center\"><\/td><td class=\"has-text-align-center\" data-align=\"center\"><\/td><td class=\"has-text-align-center\" data-align=\"center\"><a href=\"https:\/\/www.webscorer.com\/seriesresult?seriesid=327046\" target=\"_blank\" rel=\"noreferrer noopener\">wyniki<\/a><br><strong><a href=\"https:\/\/rewosport.pl\/wp-content\/uploads\/2023\/10\/2023.10.13.PP_.pumptrack.generalka.po_.finale.pdf\" target=\"_blank\" rel=\"noreferrer noopener\">wyniki oficjalne (PDF<\/a>)<\/strong><\/td><\/tr><tr><td class=\"has-text-align-center\" data-align=\"center\">2023<\/td><td class=\"has-text-align-center\" data-align=\"center\">klasyfikacja generalna PUCHAR POLSKI BMX RACING 2023<\/td><td class=\"has-text-align-center\" data-align=\"center\">Polska<\/td><td class=\"has-text-align-center\" data-align=\"center\"><\/td><td class=\"has-text-align-center\" data-align=\"center\"><\/td><td class=\"has-text-align-center\" data-align=\"center\"><a href=\"https:\/\/www.webscorer.com\/seriesresult?seriesid=328077\" target=\"_blank\" rel=\"noreferrer noopener\">wyniki<\/a><\/td><\/tr><tr><td class=\"has-text-align-center\" data-align=\"center\">2023.10.21<\/td><td class=\"has-text-align-center\" data-align=\"center\">Puchar Doliny Karpia &#8211; Pumptrack<\/td><td class=\"has-text-align-center\" data-align=\"center\">Palczowice<\/td><td class=\"has-text-align-center\" data-align=\"center\"><a href=\"https:\/\/dostartu.pl\/puchar-doliny-karpia-pumptrack-v9997\" target=\"_blank\" rel=\"noreferrer noopener\">zapisy<\/a><\/td><td class=\"has-text-align-center\" data-align=\"center\"><a href=\"http:\/\/test.comaq.pl\/tabela.php\" target=\"_blank\" rel=\"noreferrer noopener\">live timing<\/a><\/td><td class=\"has-text-align-center\" data-align=\"center\"><a href=\"https:\/\/rewosport.pl\/wp-content\/uploads\/2023\/10\/2023.10.21.Puchar.Doliny.Karpia.Pumptrack.Palczowice.wyniki.pdf\" target=\"_blank\" rel=\"noreferrer noopener\">wyniki<\/a><\/td><\/tr><tr><td class=\"has-text-align-center\" data-align=\"center\">2023.10.14<\/td><td class=\"has-text-align-center\" data-align=\"center\">PUCHAR POLSKI PUMPTRACK #6 FINA\u0141<\/td><td class=\"has-text-align-center\" data-align=\"center\">Rzyki<\/td><td class=\"has-text-align-center\" data-align=\"center\"><a href=\"https:\/\/dostartu.pl\/puchar-polski-pumptrack-6-fina-rzyki-k-andrychowa-v9841\" target=\"_blank\" rel=\"noreferrer noopener\">zapisy<\/a><\/td><td class=\"has-text-align-center\" data-align=\"center\"><\/td><td class=\"has-text-align-center\" data-align=\"center\"><a href=\"https:\/\/rewosport.pl\/wp-content\/uploads\/2023\/10\/2023.10.14.PP_.Pumptrack.Rzyki_.wyniki-1.pdf\" target=\"_blank\" rel=\"noreferrer noopener\">wyniki<\/a><\/td><\/tr><tr><td class=\"has-text-align-center\" data-align=\"center\">2023.10.01<\/td><td class=\"has-text-align-center\" data-align=\"center\">XXVII UPHILL MTB STO\u017bEK<\/td><td class=\"has-text-align-center\" data-align=\"center\">Wis\u0142a<\/td><td class=\"has-text-align-center\" data-align=\"center\"><a href=\"https:\/\/dostartu.pl\/xxvii-uphill-mtb-stozek-2023-v9830\" target=\"_blank\" rel=\"noreferrer noopener\">zapisy<\/a><\/td><td class=\"has-text-align-center\" data-align=\"center\"><\/td><td class=\"has-text-align-center\" data-align=\"center\"><a href=\"https:\/\/rewosport.pl\/wp-content\/uploads\/2023\/10\/2023.10.01.uphillstozek.wyniki.pdf\" target=\"_blank\" rel=\"noreferrer noopener\">wyniki<\/a><\/td><\/tr><tr><td class=\"has-text-align-center\" data-align=\"center\">2023.09.30<\/td><td class=\"has-text-align-center\" data-align=\"center\">PUCHAR POLSKI PUMPTRACK #5<\/td><td class=\"has-text-align-center\" data-align=\"center\">Lipowa<\/td><td class=\"has-text-align-center\" data-align=\"center\"><a href=\"https:\/\/dostartu.pl\/puchar-polski-pumptrack-5-lipowa-k-zywca-v9839\" target=\"_blank\" rel=\"noreferrer noopener\">zapisy<\/a><\/td><td class=\"has-text-align-center\" data-align=\"center\"><\/td><td class=\"has-text-align-center\" data-align=\"center\"><a href=\"https:\/\/rewosport.pl\/wp-content\/uploads\/2023\/09\/2023.09.30.PP_.Pumptrack.Lipowa.wyniki.pdf\" target=\"_blank\" rel=\"noreferrer noopener\">wyniki<\/a><\/td><\/tr><tr><td class=\"has-text-align-center\" data-align=\"center\">2023.09.24<\/td><td class=\"has-text-align-center\" data-align=\"center\">PUCHAR POLSKI PUMPTRACK #4<\/td><td class=\"has-text-align-center\" data-align=\"center\">Polanka Wielka<\/td><td class=\"has-text-align-center\" data-align=\"center\"><a href=\"https:\/\/dostartu.pl\/puchar-polski-pumptrack-4-polanka-wielka-v9838\" target=\"_blank\" rel=\"noreferrer noopener\">zapisy<\/a><\/td><td class=\"has-text-align-center\" data-align=\"center\"><\/td><td class=\"has-text-align-center\" data-align=\"center\"><a href=\"https:\/\/rewosport.pl\/wp-content\/uploads\/2023\/09\/2023.09.24.PP_.PumptrackPolankaWielka.wyniki.pdf\" target=\"_blank\" rel=\"noreferrer noopener\">wyniki<\/a><\/td><\/tr><tr><td class=\"has-text-align-center\" data-align=\"center\">2023.09.03<\/td><td class=\"has-text-align-center\" data-align=\"center\">PUCHAR POLSKI PUMPTRACK #2<br><em><sub>(UWAGA &#8211; do klasyfikacji generalnej Pucharu Polski brane s\u0105 wyniki z eliminacji)<\/sub><\/em><\/td><td class=\"has-text-align-center\" data-align=\"center\">Nowa S\u00f3l<\/td><td class=\"has-text-align-center\" data-align=\"center\"><a href=\"https:\/\/dostartu.pl\/ride-or-die-pumptrack-puchar-polski-2-v9727\" target=\"_blank\" rel=\"noreferrer noopener\">zapisy<\/a><\/td><td class=\"has-text-align-center\" data-align=\"center\"><\/td><td class=\"has-text-align-center\" data-align=\"center\"><a href=\"https:\/\/rewosport.pl\/?page_id=2781\">wyniki<\/a><\/td><\/tr><tr><td class=\"has-text-align-center\" data-align=\"center\">2023.08.19<\/td><td class=\"has-text-align-center\" data-align=\"center\">Mistrzostwa Polski &#8211; BMX Racing &#8211; Time Trial<\/td><td class=\"has-text-align-center\" data-align=\"center\">Wodzis\u0142aw \u015al.<\/td><td class=\"has-text-align-center\" data-align=\"center\"><a href=\"https:\/\/dostartu.pl\/mistrzostwa-polski-bmx-time-trial-v9669\" target=\"_blank\" rel=\"noreferrer noopener\">zapisy<\/a><\/td><td class=\"has-text-align-center\" data-align=\"center\"><\/td><td class=\"has-text-align-center\" data-align=\"center\"><a href=\"https:\/\/rewosport.pl\/wp-content\/uploads\/2023\/08\/2023.08.19.MP_.BMX_.wyniki.pdf\" target=\"_blank\" rel=\"noreferrer noopener\">wyniki<\/a><\/td><\/tr><tr><td class=\"has-text-align-center\" data-align=\"center\">2023.08.19<\/td><td class=\"has-text-align-center\" data-align=\"center\">Og\u00f3lnopolska Olimpiada M\u0142odzie\u017cy &#8211; BMX Racing TT<\/td><td class=\"has-text-align-center\" data-align=\"center\">Wodzis\u0142aw \u015al.<\/td><td class=\"has-text-align-center\" data-align=\"center\"><\/td><td class=\"has-text-align-center\" data-align=\"center\"><\/td><td class=\"has-text-align-center\" data-align=\"center\"><a href=\"https:\/\/rewosport.pl\/wp-content\/uploads\/2023\/08\/2023.08.19.OOM_.BMX_.wyniki.pdf\" target=\"_blank\" rel=\"noreferrer noopener\">wyniki<\/a><\/td><\/tr><tr><td class=\"has-text-align-center\" data-align=\"center\">2023.04.30<\/td><td class=\"has-text-align-center\" data-align=\"center\">PUCHAR POLSKI PUMPTRACK #1<\/td><td class=\"has-text-align-center\" data-align=\"center\">Palczowice<\/td><td class=\"has-text-align-center\" data-align=\"center\"><\/td><td class=\"has-text-align-center\" data-align=\"center\"><\/td><td class=\"has-text-align-center\" data-align=\"center\"><a href=\"http:\/\/rewosport.pl\/wp-content\/uploads\/2023\/05\/2023.04.30.PucharPolskiPumptrack.Zator_.wyniki.pdf\">wyniki<\/a><\/td><\/tr><tr><td class=\"has-text-align-center\" data-align=\"center\">2023<\/td><td class=\"has-text-align-center\" data-align=\"center\">Nie Pompujesz &#8211; Nie Jedziesz<\/td><td class=\"has-text-align-center\" data-align=\"center\">Polska<\/td><td class=\"has-text-align-center\" data-align=\"center\"><a href=\"http:\/\/rewosport.pl\/?page_id=2500\">zapisy<\/a><\/td><td class=\"has-text-align-center\" data-align=\"center\"><\/td><td class=\"has-text-align-center\" data-align=\"center\"><a href=\"http:\/\/rewosport.pl\/?page_id=2500\">wyniki<\/a><\/td><\/tr><\/tbody><\/table><\/figure>\n","protected":false},"excerpt":{"rendered":"<p>Termin Nazwa imprezy Lokalizacja Zapisy Live Timing Wyniki ko\u0144cowe 2024.02.24-25 V Puchar PolSkiMed w ramach Pucharu Polski Masters PZNZAWODY ODWO\u0141ANE Wis\u0142a, Skolnity zapisy GSzapisy SL live timing wyniki 2023 klasyfikacja generalna PUCHAR POLSKI PUMPTRACK 2023 Polska wynikiwyniki oficjalne (PDF) 2023 klasyfikacja generalna PUCHAR POLSKI BMX RACING 2023 Polska wyniki 2023.10.21 Puchar Doliny Karpia &#8211; Pumptrack&hellip; <br \/> <a class=\"read-more\" href=\"https:\/\/rewosport.pl\/?page_id=3056\">Dowiedz si\u0119 wi\u0119cej<\/a><\/p>\n","protected":false},"author":2,"featured_media":3023,"parent":0,"menu_order":0,"comment_status":"closed","ping_status":"closed","template":"","meta":{"footnotes":""},"class_list":["post-3056","page","type-page","status-publish","has-post-thumbnail","hentry"],"yoast_head":"<!-- This site is optimized with the Yoast SEO plugin v27.5 - https:\/\/yoast.com\/product\/yoast-seo-wordpress\/ -->\n<title>Wyniki archiwum 2023 - pomiar czasu - chipy, fotokom\u00f3rki - zawody sportowe, obozy sportowe<\/title>\n<meta name=\"robots\" content=\"index, follow, max-snippet:-1, max-image-preview:large, max-video-preview:-1\" \/>\n<link rel=\"canonical\" href=\"https:\/\/rewosport.pl\/?page_id=3056\" \/>\n<meta property=\"og:locale\" content=\"pl_PL\" \/>\n<meta property=\"og:type\" content=\"article\" \/>\n<meta property=\"og:title\" content=\"Wyniki archiwum 2023 - pomiar czasu - chipy, fotokom\u00f3rki - zawody sportowe, obozy sportowe\" \/>\n<meta property=\"og:description\" content=\"Termin Nazwa imprezy Lokalizacja Zapisy Live Timing Wyniki ko\u0144cowe 2024.02.24-25 V Puchar PolSkiMed w ramach Pucharu Polski Masters PZNZAWODY ODWO\u0141ANE Wis\u0142a, Skolnity zapisy GSzapisy SL live timing wyniki 2023 klasyfikacja generalna PUCHAR POLSKI PUMPTRACK 2023 Polska wynikiwyniki oficjalne (PDF) 2023 klasyfikacja generalna PUCHAR POLSKI BMX RACING 2023 Polska wyniki 2023.10.21 Puchar Doliny Karpia &#8211; Pumptrack&hellip; Dowiedz si\u0119 wi\u0119cej\" \/>\n<meta property=\"og:url\" content=\"https:\/\/rewosport.pl\/?page_id=3056\" \/>\n<meta property=\"og:site_name\" content=\"pomiar czasu - chipy, fotokom\u00f3rki - zawody sportowe, obozy sportowe\" \/>\n<meta property=\"article:modified_time\" content=\"2024-03-11T09:33:45+00:00\" \/>\n<meta property=\"og:image\" content=\"https:\/\/rewosport.pl\/wp-content\/uploads\/2023\/10\/IMG_0148-2.jpg\" \/>\n\t<meta property=\"og:image:width\" content=\"1400\" \/>\n\t<meta property=\"og:image:height\" content=\"933\" \/>\n\t<meta property=\"og:image:type\" content=\"image\/jpeg\" \/>\n<meta name=\"twitter:card\" content=\"summary_large_image\" \/>\n<meta name=\"twitter:label1\" content=\"Szacowany czas czytania\" \/>\n\t<meta name=\"twitter:data1\" content=\"2 minuty\" \/>\n<script type=\"application\/ld+json\" class=\"yoast-schema-graph\">{\"@context\":\"https:\\\/\\\/schema.org\",\"@graph\":[{\"@type\":\"WebPage\",\"@id\":\"https:\\\/\\\/rewosport.pl\\\/?page_id=3056\",\"url\":\"https:\\\/\\\/rewosport.pl\\\/?page_id=3056\",\"name\":\"Wyniki archiwum 2023 - pomiar czasu - chipy, fotokom\u00f3rki - zawody sportowe, obozy sportowe\",\"isPartOf\":{\"@id\":\"https:\\\/\\\/rewosport.pl\\\/#website\"},\"primaryImageOfPage\":{\"@id\":\"https:\\\/\\\/rewosport.pl\\\/?page_id=3056#primaryimage\"},\"image\":{\"@id\":\"https:\\\/\\\/rewosport.pl\\\/?page_id=3056#primaryimage\"},\"thumbnailUrl\":\"https:\\\/\\\/rewosport.pl\\\/wp-content\\\/uploads\\\/2023\\\/10\\\/IMG_0148-2.jpg\",\"datePublished\":\"2024-03-11T09:33:43+00:00\",\"dateModified\":\"2024-03-11T09:33:45+00:00\",\"breadcrumb\":{\"@id\":\"https:\\\/\\\/rewosport.pl\\\/?page_id=3056#breadcrumb\"},\"inLanguage\":\"pl-PL\",\"potentialAction\":[{\"@type\":\"ReadAction\",\"target\":[\"https:\\\/\\\/rewosport.pl\\\/?page_id=3056\"]}]},{\"@type\":\"ImageObject\",\"inLanguage\":\"pl-PL\",\"@id\":\"https:\\\/\\\/rewosport.pl\\\/?page_id=3056#primaryimage\",\"url\":\"https:\\\/\\\/rewosport.pl\\\/wp-content\\\/uploads\\\/2023\\\/10\\\/IMG_0148-2.jpg\",\"contentUrl\":\"https:\\\/\\\/rewosport.pl\\\/wp-content\\\/uploads\\\/2023\\\/10\\\/IMG_0148-2.jpg\",\"width\":1400,\"height\":933},{\"@type\":\"BreadcrumbList\",\"@id\":\"https:\\\/\\\/rewosport.pl\\\/?page_id=3056#breadcrumb\",\"itemListElement\":[{\"@type\":\"ListItem\",\"position\":1,\"name\":\"Home\",\"item\":\"https:\\\/\\\/rewosport.pl\\\/\"},{\"@type\":\"ListItem\",\"position\":2,\"name\":\"Wyniki archiwum 2023\"}]},{\"@type\":\"WebSite\",\"@id\":\"https:\\\/\\\/rewosport.pl\\\/#website\",\"url\":\"https:\\\/\\\/rewosport.pl\\\/\",\"name\":\"pomiar czasu - chipy, fotokom\u00f3rki - zawody sportowe, obozy sportowe\",\"description\":\"elektroniczny pomiar czasu na zawodach sportowych - chipy, fotokom\u00f3rki; organizator zawod\u00f3w sportowych - biegowych, rowerowych, oboz\u00f3w sportowych,\",\"publisher\":{\"@id\":\"https:\\\/\\\/rewosport.pl\\\/#organization\"},\"potentialAction\":[{\"@type\":\"SearchAction\",\"target\":{\"@type\":\"EntryPoint\",\"urlTemplate\":\"https:\\\/\\\/rewosport.pl\\\/?s={search_term_string}\"},\"query-input\":{\"@type\":\"PropertyValueSpecification\",\"valueRequired\":true,\"valueName\":\"search_term_string\"}}],\"inLanguage\":\"pl-PL\"},{\"@type\":\"Organization\",\"@id\":\"https:\\\/\\\/rewosport.pl\\\/#organization\",\"name\":\"pomiar czasu - chipy, fotokom\u00f3rki - zawody sportowe, obozy sportowe\",\"url\":\"https:\\\/\\\/rewosport.pl\\\/\",\"logo\":{\"@type\":\"ImageObject\",\"inLanguage\":\"pl-PL\",\"@id\":\"https:\\\/\\\/rewosport.pl\\\/#\\\/schema\\\/logo\\\/image\\\/\",\"url\":\"https:\\\/\\\/rewosport.pl\\\/wp-content\\\/uploads\\\/2020\\\/07\\\/logo_rewosport.png\",\"contentUrl\":\"https:\\\/\\\/rewosport.pl\\\/wp-content\\\/uploads\\\/2020\\\/07\\\/logo_rewosport.png\",\"width\":346,\"height\":200,\"caption\":\"pomiar czasu - chipy, fotokom\u00f3rki - zawody sportowe, obozy sportowe\"},\"image\":{\"@id\":\"https:\\\/\\\/rewosport.pl\\\/#\\\/schema\\\/logo\\\/image\\\/\"}}]}<\/script>\n<!-- \/ Yoast SEO plugin. -->","yoast_head_json":{"title":"Wyniki archiwum 2023 - pomiar czasu - chipy, fotokom\u00f3rki - zawody sportowe, obozy sportowe","robots":{"index":"index","follow":"follow","max-snippet":"max-snippet:-1","max-image-preview":"max-image-preview:large","max-video-preview":"max-video-preview:-1"},"canonical":"https:\/\/rewosport.pl\/?page_id=3056","og_locale":"pl_PL","og_type":"article","og_title":"Wyniki archiwum 2023 - pomiar czasu - chipy, fotokom\u00f3rki - zawody sportowe, obozy sportowe","og_description":"Termin Nazwa imprezy Lokalizacja Zapisy Live Timing Wyniki ko\u0144cowe 2024.02.24-25 V Puchar PolSkiMed w ramach Pucharu Polski Masters PZNZAWODY ODWO\u0141ANE Wis\u0142a, Skolnity zapisy GSzapisy SL live timing wyniki 2023 klasyfikacja generalna PUCHAR POLSKI PUMPTRACK 2023 Polska wynikiwyniki oficjalne (PDF) 2023 klasyfikacja generalna PUCHAR POLSKI BMX RACING 2023 Polska wyniki 2023.10.21 Puchar Doliny Karpia &#8211; Pumptrack&hellip; Dowiedz si\u0119 wi\u0119cej","og_url":"https:\/\/rewosport.pl\/?page_id=3056","og_site_name":"pomiar czasu - chipy, fotokom\u00f3rki - zawody sportowe, obozy sportowe","article_modified_time":"2024-03-11T09:33:45+00:00","og_image":[{"width":1400,"height":933,"url":"https:\/\/rewosport.pl\/wp-content\/uploads\/2023\/10\/IMG_0148-2.jpg","type":"image\/jpeg"}],"twitter_card":"summary_large_image","twitter_misc":{"Szacowany czas czytania":"2 minuty"},"schema":{"@context":"https:\/\/schema.org","@graph":[{"@type":"WebPage","@id":"https:\/\/rewosport.pl\/?page_id=3056","url":"https:\/\/rewosport.pl\/?page_id=3056","name":"Wyniki archiwum 2023 - pomiar czasu - chipy, fotokom\u00f3rki - zawody sportowe, obozy sportowe","isPartOf":{"@id":"https:\/\/rewosport.pl\/#website"},"primaryImageOfPage":{"@id":"https:\/\/rewosport.pl\/?page_id=3056#primaryimage"},"image":{"@id":"https:\/\/rewosport.pl\/?page_id=3056#primaryimage"},"thumbnailUrl":"https:\/\/rewosport.pl\/wp-content\/uploads\/2023\/10\/IMG_0148-2.jpg","datePublished":"2024-03-11T09:33:43+00:00","dateModified":"2024-03-11T09:33:45+00:00","breadcrumb":{"@id":"https:\/\/rewosport.pl\/?page_id=3056#breadcrumb"},"inLanguage":"pl-PL","potentialAction":[{"@type":"ReadAction","target":["https:\/\/rewosport.pl\/?page_id=3056"]}]},{"@type":"ImageObject","inLanguage":"pl-PL","@id":"https:\/\/rewosport.pl\/?page_id=3056#primaryimage","url":"https:\/\/rewosport.pl\/wp-content\/uploads\/2023\/10\/IMG_0148-2.jpg","contentUrl":"https:\/\/rewosport.pl\/wp-content\/uploads\/2023\/10\/IMG_0148-2.jpg","width":1400,"height":933},{"@type":"BreadcrumbList","@id":"https:\/\/rewosport.pl\/?page_id=3056#breadcrumb","itemListElement":[{"@type":"ListItem","position":1,"name":"Home","item":"https:\/\/rewosport.pl\/"},{"@type":"ListItem","position":2,"name":"Wyniki archiwum 2023"}]},{"@type":"WebSite","@id":"https:\/\/rewosport.pl\/#website","url":"https:\/\/rewosport.pl\/","name":"pomiar czasu - chipy, fotokom\u00f3rki - zawody sportowe, obozy sportowe","description":"elektroniczny pomiar czasu na zawodach sportowych - chipy, fotokom\u00f3rki; organizator zawod\u00f3w sportowych - biegowych, rowerowych, oboz\u00f3w sportowych,","publisher":{"@id":"https:\/\/rewosport.pl\/#organization"},"potentialAction":[{"@type":"SearchAction","target":{"@type":"EntryPoint","urlTemplate":"https:\/\/rewosport.pl\/?s={search_term_string}"},"query-input":{"@type":"PropertyValueSpecification","valueRequired":true,"valueName":"search_term_string"}}],"inLanguage":"pl-PL"},{"@type":"Organization","@id":"https:\/\/rewosport.pl\/#organization","name":"pomiar czasu - chipy, fotokom\u00f3rki - zawody sportowe, obozy sportowe","url":"https:\/\/rewosport.pl\/","logo":{"@type":"ImageObject","inLanguage":"pl-PL","@id":"https:\/\/rewosport.pl\/#\/schema\/logo\/image\/","url":"https:\/\/rewosport.pl\/wp-content\/uploads\/2020\/07\/logo_rewosport.png","contentUrl":"https:\/\/rewosport.pl\/wp-content\/uploads\/2020\/07\/logo_rewosport.png","width":346,"height":200,"caption":"pomiar czasu - chipy, fotokom\u00f3rki - zawody sportowe, obozy sportowe"},"image":{"@id":"https:\/\/rewosport.pl\/#\/schema\/logo\/image\/"}}]}},"_links":{"self":[{"href":"https:\/\/rewosport.pl\/index.php?rest_route=\/wp\/v2\/pages\/3056","targetHints":{"allow":["GET"]}}],"collection":[{"href":"https:\/\/rewosport.pl\/index.php?rest_route=\/wp\/v2\/pages"}],"about":[{"href":"https:\/\/rewosport.pl\/index.php?rest_route=\/wp\/v2\/types\/page"}],"author":[{"embeddable":true,"href":"https:\/\/rewosport.pl\/index.php?rest_route=\/wp\/v2\/users\/2"}],"replies":[{"embeddable":true,"href":"https:\/\/rewosport.pl\/index.php?rest_route=%2Fwp%2Fv2%2Fcomments&post=3056"}],"version-history":[{"count":1,"href":"https:\/\/rewosport.pl\/index.php?rest_route=\/wp\/v2\/pages\/3056\/revisions"}],"predecessor-version":[{"id":3058,"href":"https:\/\/rewosport.pl\/index.php?rest_route=\/wp\/v2\/pages\/3056\/revisions\/3058"}],"wp:featuredmedia":[{"embeddable":true,"href":"https:\/\/rewosport.pl\/index.php?rest_route=\/wp\/v2\/media\/3023"}],"wp:attachment":[{"href":"https:\/\/rewosport.pl\/index.php?rest_route=%2Fwp%2Fv2%2Fmedia&parent=3056"}],"curies":[{"name":"wp","href":"https:\/\/api.w.org\/{rel}","templated":true}]}}