{"id":3814,"date":"2026-01-12T21:01:48","date_gmt":"2026-01-12T20:01:48","guid":{"rendered":"https:\/\/rewosport.pl\/?page_id=3814"},"modified":"2026-02-02T17:06:46","modified_gmt":"2026-02-02T16:06:46","slug":"wyniki-archiwum-2025","status":"publish","type":"page","link":"https:\/\/rewosport.pl\/?page_id=3814","title":{"rendered":"Wyniki archiwum 2025"},"content":{"rendered":"\n<figure class=\"wp-block-table is-style-stripes\"><table><thead><tr><th class=\"has-text-align-center\" data-align=\"center\">Termin<\/th><th class=\"has-text-align-center\" data-align=\"center\">Nazwa imprezy<\/th><th class=\"has-text-align-center\" data-align=\"center\">Lokalizacja<\/th><th class=\"has-text-align-center\" data-align=\"center\">Zapisy<\/th><th class=\"has-text-align-center\" data-align=\"center\">Live Timing<\/th><th class=\"has-text-align-center\" data-align=\"center\">Wyniki ko\u0144cowe<\/th><\/tr><\/thead><tbody><tr><td class=\"has-text-align-center\" data-align=\"center\"><\/td><td class=\"has-text-align-center\" data-align=\"center\"><\/td><td class=\"has-text-align-center\" data-align=\"center\"><\/td><td class=\"has-text-align-center\" data-align=\"center\"><\/td><td class=\"has-text-align-center\" data-align=\"center\"><a href=\"http:\/\/test.comaq.pl\/tabela.html\">live timing<\/a><\/td><td class=\"has-text-align-center\" data-align=\"center\"><\/td><\/tr><tr><td class=\"has-text-align-center\" data-align=\"center\">2025<\/td><td class=\"has-text-align-center\" data-align=\"center\">Nie Pompujesz Nie Jedziesz<br>(8 zawod\u00f3w)<\/td><td class=\"has-text-align-center\" data-align=\"center\">Polska<\/td><td class=\"has-text-align-center\" data-align=\"center\"><a href=\"https:\/\/rewosport.pl\/?page_id=3559\">zapisy<\/a><\/td><td class=\"has-text-align-center\" data-align=\"center\"><a href=\"https:\/\/rewosport.pl\/?page_id=3559\">live timing<\/a><\/td><td class=\"has-text-align-center\" data-align=\"center\"><a href=\"https:\/\/rewosport.pl\/?page_id=3559\">wyniki<\/a><\/td><\/tr><tr><td class=\"has-text-align-center\" data-align=\"center\">2025.09.13<\/td><td class=\"has-text-align-center\" data-align=\"center\">Mistrzostwa \u015al\u0105ska MTB XCO o Puchar Prezydenta Miasta Gliwice<\/td><td class=\"has-text-align-center\" data-align=\"center\">Gliwice<\/td><td class=\"has-text-align-center\" data-align=\"center\"><a href=\"https:\/\/dostartu.pl\/mistrzostwa-slaska-mtb-xco-o-puchar-prezydenta-miasta-gliwice-v14922\" target=\"_blank\" rel=\"noreferrer noopener\">zapisy<\/a><\/td><td class=\"has-text-align-center\" data-align=\"center\"><a href=\"https:\/\/www.webscorer.com\/rewosport\">live timing<\/a><\/td><td class=\"has-text-align-center\" data-align=\"center\"><a href=\"https:\/\/www.webscorer.com\/rewosport\">wyniki<\/a><\/td><\/tr><tr><td class=\"has-text-align-center\" data-align=\"center\">2025.06.15<\/td><td class=\"has-text-align-center\" data-align=\"center\">Rekord Polski &#8211; Najszybsza drezyna rowerowa w Polsce<\/td><td class=\"has-text-align-center\" data-align=\"center\">Sochaczew<\/td><td class=\"has-text-align-center\" data-align=\"center\"><\/td><td class=\"has-text-align-center\" data-align=\"center\"><\/td><td class=\"has-text-align-center\" data-align=\"center\"><a href=\"https:\/\/rewosport.pl\/wp-content\/uploads\/2025\/06\/2025.06.15.Rekord.Drezyna.wyniki.pdf\" target=\"_blank\" rel=\"noreferrer noopener\">wyniki<\/a><\/td><\/tr><tr><td class=\"has-text-align-center\" data-align=\"center\">2025.04.12<\/td><td class=\"has-text-align-center\" data-align=\"center\">Amatorskie Mistrzostwa Gliwic w kolarstwie g\u00f3rskim o Puchar Prezydenta Miasta<\/td><td class=\"has-text-align-center\" data-align=\"center\">Gliwice<\/td><td class=\"has-text-align-center\" data-align=\"center\"><a href=\"https:\/\/dostartu.pl\/amatorskie-mistrzostwa-gliwic-w-kolarstwie-gorskim-v13914\" target=\"_blank\" rel=\"noreferrer noopener\">zapisy<\/a><\/td><td class=\"has-text-align-center\" data-align=\"center\"><a href=\"https:\/\/www.webscorer.com\/rewosport\">li<\/a><a href=\"https:\/\/www.webscorer.com\/rewosport\" target=\"_blank\" rel=\"noreferrer noopener\">v<\/a><a href=\"https:\/\/www.webscorer.com\/rewosport\">e timing<\/a><\/td><td class=\"has-text-align-center\" data-align=\"center\"><a href=\"https:\/\/www.webscorer.com\/rewosport\" target=\"_blank\" rel=\"noreferrer noopener\">wyniki<\/a><\/td><\/tr><tr><td class=\"has-text-align-center\" data-align=\"center\">2025.02.15<\/td><td class=\"has-text-align-center\" data-align=\"center\">Liga Kubusiowego Narciarza 2025 #5 FINA\u0141<\/td><td class=\"has-text-align-center\" data-align=\"center\">Skolnity<br>Wis\u0142a<\/td><td class=\"has-text-align-center\" data-align=\"center\"><\/td><td class=\"has-text-align-center\" data-align=\"center\"><\/td><td class=\"has-text-align-center\" data-align=\"center\"><a href=\"https:\/\/rewosport.pl\/wp-content\/uploads\/2025\/02\/2025.02.14.Skolnity.wyniki.pdf\" target=\"_blank\" rel=\"noreferrer noopener\">wyniki<\/a><\/td><\/tr><tr><td class=\"has-text-align-center\" data-align=\"center\">2025.02.08<\/td><td class=\"has-text-align-center\" data-align=\"center\">Liga Kubusiowego Narciarza 2025 #4<\/td><td class=\"has-text-align-center\" data-align=\"center\">Kurza G\u00f3ra<br>Kurz\u0119tnik<\/td><td class=\"has-text-align-center\" data-align=\"center\"><\/td><td class=\"has-text-align-center\" data-align=\"center\"><\/td><td class=\"has-text-align-center\" data-align=\"center\"><a href=\"https:\/\/rewosport.pl\/wp-content\/uploads\/2025\/02\/2025.02.08.LKN_.LKurzaGora.wyniki.pdf\" target=\"_blank\" rel=\"noreferrer noopener\">wyniki<\/a><\/td><\/tr><tr><td class=\"has-text-align-center\" data-align=\"center\">2025.02.01<\/td><td class=\"has-text-align-center\" data-align=\"center\">Liga Kubusiowego Narciarza 2025 #3<\/td><td class=\"has-text-align-center\" data-align=\"center\"><s>Kasina<\/s><br>S\u0142otwiny Arena<br>Krynica Zdr\u00f3j<\/td><td class=\"has-text-align-center\" data-align=\"center\"><\/td><td class=\"has-text-align-center\" data-align=\"center\"><\/td><td class=\"has-text-align-center\" data-align=\"center\"><a href=\"https:\/\/rewosport.pl\/wp-content\/uploads\/2025\/02\/2025.02.01.LKN_.Slotwiny2.wyniki.pdf\" target=\"_blank\" rel=\"noreferrer noopener\">wyniki<\/a><\/td><\/tr><tr><td class=\"has-text-align-center\" data-align=\"center\">2025.01.25<\/td><td class=\"has-text-align-center\" data-align=\"center\">Liga Kubusiowego Narciarza 2025 #2<\/td><td class=\"has-text-align-center\" data-align=\"center\">S\u0142otwiny Arena<br>Krynica Zdr\u00f3j<\/td><td class=\"has-text-align-center\" data-align=\"center\"><\/td><td class=\"has-text-align-center\" data-align=\"center\"><\/td><td class=\"has-text-align-center\" data-align=\"center\"><a href=\"https:\/\/rewosport.pl\/wp-content\/uploads\/2025\/01\/2025.01.25.LKN_.Slotwiny.wyniki.pdf\" target=\"_blank\" rel=\"noreferrer noopener\">wyniki<\/a><\/td><\/tr><tr><td class=\"has-text-align-center\" data-align=\"center\">2025.01.18<\/td><td class=\"has-text-align-center\" data-align=\"center\">Liga Kubusiowego Narciarza 2025 #1<\/td><td class=\"has-text-align-center\" data-align=\"center\">Czarny Gro\u0144<br>Rzyki<\/td><td class=\"has-text-align-center\" data-align=\"center\"><\/td><td class=\"has-text-align-center\" data-align=\"center\"><\/td><td class=\"has-text-align-center\" data-align=\"center\"><a href=\"https:\/\/rewosport.pl\/wp-content\/uploads\/2025\/01\/2025.01.18.LKN_.CzarnyGron.wyniki_v5.pdf\" target=\"_blank\" rel=\"noreferrer noopener\">wyniki<\/a><\/td><\/tr><tr><td class=\"has-text-align-center\" data-align=\"center\">2025.01.10<\/td><td class=\"has-text-align-center\" data-align=\"center\">XI Puchar SKIMiL CUP 2025 &#8211; SLALOM<\/td><td class=\"has-text-align-center\" data-align=\"center\">Wis\u0142a, Siglany<\/td><td class=\"has-text-align-center\" data-align=\"center\"><\/td><td class=\"has-text-align-center\" data-align=\"center\"><\/td><td class=\"has-text-align-center\" data-align=\"center\"><a href=\"https:\/\/rewosport.pl\/wp-content\/uploads\/2025\/01\/2025.01.10.SKIMIL.SL_.Siglany.wyniki.pdf\">wyniki<\/a><\/td><\/tr><\/tbody><\/table><\/figure>\n","protected":false},"excerpt":{"rendered":"<p>Termin Nazwa imprezy Lokalizacja Zapisy Live Timing Wyniki ko\u0144cowe live timing 2025 Nie Pompujesz Nie Jedziesz(8 zawod\u00f3w) Polska zapisy live timing wyniki 2025.09.13 Mistrzostwa \u015al\u0105ska MTB XCO o Puchar Prezydenta Miasta Gliwice Gliwice zapisy live timing wyniki 2025.06.15 Rekord Polski &#8211; Najszybsza drezyna rowerowa w Polsce Sochaczew wyniki 2025.04.12 Amatorskie Mistrzostwa Gliwic w kolarstwie g\u00f3rskim&hellip; <br \/> <a class=\"read-more\" href=\"https:\/\/rewosport.pl\/?page_id=3814\">Dowiedz si\u0119 wi\u0119cej<\/a><\/p>\n","protected":false},"author":2,"featured_media":0,"parent":0,"menu_order":0,"comment_status":"closed","ping_status":"closed","template":"","meta":{"footnotes":""},"class_list":["post-3814","page","type-page","status-publish","hentry"],"yoast_head":"<!-- This site is optimized with the Yoast SEO plugin v27.4 - https:\/\/yoast.com\/product\/yoast-seo-wordpress\/ -->\n<title>Wyniki archiwum 2025 - pomiar czasu - chipy, fotokom\u00f3rki - zawody sportowe, obozy sportowe<\/title>\n<meta name=\"robots\" content=\"index, follow, max-snippet:-1, max-image-preview:large, max-video-preview:-1\" \/>\n<link rel=\"canonical\" href=\"https:\/\/rewosport.pl\/?page_id=3814\" \/>\n<meta property=\"og:locale\" content=\"pl_PL\" \/>\n<meta property=\"og:type\" content=\"article\" \/>\n<meta property=\"og:title\" content=\"Wyniki archiwum 2025 - pomiar czasu - chipy, fotokom\u00f3rki - zawody sportowe, obozy sportowe\" \/>\n<meta property=\"og:description\" content=\"Termin Nazwa imprezy Lokalizacja Zapisy Live Timing Wyniki ko\u0144cowe live timing 2025 Nie Pompujesz Nie Jedziesz(8 zawod\u00f3w) Polska zapisy live timing wyniki 2025.09.13 Mistrzostwa \u015al\u0105ska MTB XCO o Puchar Prezydenta Miasta Gliwice Gliwice zapisy live timing wyniki 2025.06.15 Rekord Polski &#8211; Najszybsza drezyna rowerowa w Polsce Sochaczew wyniki 2025.04.12 Amatorskie Mistrzostwa Gliwic w kolarstwie g\u00f3rskim&hellip; Dowiedz si\u0119 wi\u0119cej\" \/>\n<meta property=\"og:url\" content=\"https:\/\/rewosport.pl\/?page_id=3814\" \/>\n<meta property=\"og:site_name\" content=\"pomiar czasu - chipy, fotokom\u00f3rki - zawody sportowe, obozy sportowe\" \/>\n<meta property=\"article:modified_time\" content=\"2026-02-02T16:06:46+00:00\" \/>\n<meta name=\"twitter:card\" content=\"summary_large_image\" \/>\n<meta name=\"twitter:label1\" content=\"Szacowany czas czytania\" \/>\n\t<meta name=\"twitter:data1\" content=\"1 minuta\" \/>\n<script type=\"application\/ld+json\" class=\"yoast-schema-graph\">{\"@context\":\"https:\\\/\\\/schema.org\",\"@graph\":[{\"@type\":\"WebPage\",\"@id\":\"https:\\\/\\\/rewosport.pl\\\/?page_id=3814\",\"url\":\"https:\\\/\\\/rewosport.pl\\\/?page_id=3814\",\"name\":\"Wyniki archiwum 2025 - pomiar czasu - chipy, fotokom\u00f3rki - zawody sportowe, obozy sportowe\",\"isPartOf\":{\"@id\":\"https:\\\/\\\/rewosport.pl\\\/#website\"},\"datePublished\":\"2026-01-12T20:01:48+00:00\",\"dateModified\":\"2026-02-02T16:06:46+00:00\",\"breadcrumb\":{\"@id\":\"https:\\\/\\\/rewosport.pl\\\/?page_id=3814#breadcrumb\"},\"inLanguage\":\"pl-PL\",\"potentialAction\":[{\"@type\":\"ReadAction\",\"target\":[\"https:\\\/\\\/rewosport.pl\\\/?page_id=3814\"]}]},{\"@type\":\"BreadcrumbList\",\"@id\":\"https:\\\/\\\/rewosport.pl\\\/?page_id=3814#breadcrumb\",\"itemListElement\":[{\"@type\":\"ListItem\",\"position\":1,\"name\":\"Home\",\"item\":\"https:\\\/\\\/rewosport.pl\\\/\"},{\"@type\":\"ListItem\",\"position\":2,\"name\":\"Wyniki archiwum 2025\"}]},{\"@type\":\"WebSite\",\"@id\":\"https:\\\/\\\/rewosport.pl\\\/#website\",\"url\":\"https:\\\/\\\/rewosport.pl\\\/\",\"name\":\"pomiar czasu - chipy, fotokom\u00f3rki - zawody sportowe, obozy sportowe\",\"description\":\"elektroniczny pomiar czasu na zawodach sportowych - chipy, fotokom\u00f3rki; organizator zawod\u00f3w sportowych - biegowych, rowerowych, oboz\u00f3w sportowych,\",\"publisher\":{\"@id\":\"https:\\\/\\\/rewosport.pl\\\/#organization\"},\"potentialAction\":[{\"@type\":\"SearchAction\",\"target\":{\"@type\":\"EntryPoint\",\"urlTemplate\":\"https:\\\/\\\/rewosport.pl\\\/?s={search_term_string}\"},\"query-input\":{\"@type\":\"PropertyValueSpecification\",\"valueRequired\":true,\"valueName\":\"search_term_string\"}}],\"inLanguage\":\"pl-PL\"},{\"@type\":\"Organization\",\"@id\":\"https:\\\/\\\/rewosport.pl\\\/#organization\",\"name\":\"pomiar czasu - chipy, fotokom\u00f3rki - zawody sportowe, obozy sportowe\",\"url\":\"https:\\\/\\\/rewosport.pl\\\/\",\"logo\":{\"@type\":\"ImageObject\",\"inLanguage\":\"pl-PL\",\"@id\":\"https:\\\/\\\/rewosport.pl\\\/#\\\/schema\\\/logo\\\/image\\\/\",\"url\":\"https:\\\/\\\/rewosport.pl\\\/wp-content\\\/uploads\\\/2020\\\/07\\\/logo_rewosport.png\",\"contentUrl\":\"https:\\\/\\\/rewosport.pl\\\/wp-content\\\/uploads\\\/2020\\\/07\\\/logo_rewosport.png\",\"width\":346,\"height\":200,\"caption\":\"pomiar czasu - chipy, fotokom\u00f3rki - zawody sportowe, obozy sportowe\"},\"image\":{\"@id\":\"https:\\\/\\\/rewosport.pl\\\/#\\\/schema\\\/logo\\\/image\\\/\"}}]}<\/script>\n<!-- \/ Yoast SEO plugin. -->","yoast_head_json":{"title":"Wyniki archiwum 2025 - pomiar czasu - chipy, fotokom\u00f3rki - zawody sportowe, obozy sportowe","robots":{"index":"index","follow":"follow","max-snippet":"max-snippet:-1","max-image-preview":"max-image-preview:large","max-video-preview":"max-video-preview:-1"},"canonical":"https:\/\/rewosport.pl\/?page_id=3814","og_locale":"pl_PL","og_type":"article","og_title":"Wyniki archiwum 2025 - pomiar czasu - chipy, fotokom\u00f3rki - zawody sportowe, obozy sportowe","og_description":"Termin Nazwa imprezy Lokalizacja Zapisy Live Timing Wyniki ko\u0144cowe live timing 2025 Nie Pompujesz Nie Jedziesz(8 zawod\u00f3w) Polska zapisy live timing wyniki 2025.09.13 Mistrzostwa \u015al\u0105ska MTB XCO o Puchar Prezydenta Miasta Gliwice Gliwice zapisy live timing wyniki 2025.06.15 Rekord Polski &#8211; Najszybsza drezyna rowerowa w Polsce Sochaczew wyniki 2025.04.12 Amatorskie Mistrzostwa Gliwic w kolarstwie g\u00f3rskim&hellip; Dowiedz si\u0119 wi\u0119cej","og_url":"https:\/\/rewosport.pl\/?page_id=3814","og_site_name":"pomiar czasu - chipy, fotokom\u00f3rki - zawody sportowe, obozy sportowe","article_modified_time":"2026-02-02T16:06:46+00:00","twitter_card":"summary_large_image","twitter_misc":{"Szacowany czas czytania":"1 minuta"},"schema":{"@context":"https:\/\/schema.org","@graph":[{"@type":"WebPage","@id":"https:\/\/rewosport.pl\/?page_id=3814","url":"https:\/\/rewosport.pl\/?page_id=3814","name":"Wyniki archiwum 2025 - pomiar czasu - chipy, fotokom\u00f3rki - zawody sportowe, obozy sportowe","isPartOf":{"@id":"https:\/\/rewosport.pl\/#website"},"datePublished":"2026-01-12T20:01:48+00:00","dateModified":"2026-02-02T16:06:46+00:00","breadcrumb":{"@id":"https:\/\/rewosport.pl\/?page_id=3814#breadcrumb"},"inLanguage":"pl-PL","potentialAction":[{"@type":"ReadAction","target":["https:\/\/rewosport.pl\/?page_id=3814"]}]},{"@type":"BreadcrumbList","@id":"https:\/\/rewosport.pl\/?page_id=3814#breadcrumb","itemListElement":[{"@type":"ListItem","position":1,"name":"Home","item":"https:\/\/rewosport.pl\/"},{"@type":"ListItem","position":2,"name":"Wyniki archiwum 2025"}]},{"@type":"WebSite","@id":"https:\/\/rewosport.pl\/#website","url":"https:\/\/rewosport.pl\/","name":"pomiar czasu - chipy, fotokom\u00f3rki - zawody sportowe, obozy sportowe","description":"elektroniczny pomiar czasu na zawodach sportowych - chipy, fotokom\u00f3rki; organizator zawod\u00f3w sportowych - biegowych, rowerowych, oboz\u00f3w sportowych,","publisher":{"@id":"https:\/\/rewosport.pl\/#organization"},"potentialAction":[{"@type":"SearchAction","target":{"@type":"EntryPoint","urlTemplate":"https:\/\/rewosport.pl\/?s={search_term_string}"},"query-input":{"@type":"PropertyValueSpecification","valueRequired":true,"valueName":"search_term_string"}}],"inLanguage":"pl-PL"},{"@type":"Organization","@id":"https:\/\/rewosport.pl\/#organization","name":"pomiar czasu - chipy, fotokom\u00f3rki - zawody sportowe, obozy sportowe","url":"https:\/\/rewosport.pl\/","logo":{"@type":"ImageObject","inLanguage":"pl-PL","@id":"https:\/\/rewosport.pl\/#\/schema\/logo\/image\/","url":"https:\/\/rewosport.pl\/wp-content\/uploads\/2020\/07\/logo_rewosport.png","contentUrl":"https:\/\/rewosport.pl\/wp-content\/uploads\/2020\/07\/logo_rewosport.png","width":346,"height":200,"caption":"pomiar czasu - chipy, fotokom\u00f3rki - zawody sportowe, obozy sportowe"},"image":{"@id":"https:\/\/rewosport.pl\/#\/schema\/logo\/image\/"}}]}},"_links":{"self":[{"href":"https:\/\/rewosport.pl\/index.php?rest_route=\/wp\/v2\/pages\/3814","targetHints":{"allow":["GET"]}}],"collection":[{"href":"https:\/\/rewosport.pl\/index.php?rest_route=\/wp\/v2\/pages"}],"about":[{"href":"https:\/\/rewosport.pl\/index.php?rest_route=\/wp\/v2\/types\/page"}],"author":[{"embeddable":true,"href":"https:\/\/rewosport.pl\/index.php?rest_route=\/wp\/v2\/users\/2"}],"replies":[{"embeddable":true,"href":"https:\/\/rewosport.pl\/index.php?rest_route=%2Fwp%2Fv2%2Fcomments&post=3814"}],"version-history":[{"count":2,"href":"https:\/\/rewosport.pl\/index.php?rest_route=\/wp\/v2\/pages\/3814\/revisions"}],"predecessor-version":[{"id":3824,"href":"https:\/\/rewosport.pl\/index.php?rest_route=\/wp\/v2\/pages\/3814\/revisions\/3824"}],"wp:attachment":[{"href":"https:\/\/rewosport.pl\/index.php?rest_route=%2Fwp%2Fv2%2Fmedia&parent=3814"}],"curies":[{"name":"wp","href":"https:\/\/api.w.org\/{rel}","templated":true}]}}