{"id":3854,"date":"2026-03-30T12:04:12","date_gmt":"2026-03-30T10:04:12","guid":{"rendered":"https:\/\/rewosport.pl\/?page_id=3854"},"modified":"2026-04-27T10:57:07","modified_gmt":"2026-04-27T08:57:07","slug":"2026-nie-pompujesz-nie-jedziesz","status":"publish","type":"page","link":"https:\/\/rewosport.pl\/?page_id=3854","title":{"rendered":"2026 &#8211; Nie Pompujesz &#8211; Nie Jedziesz"},"content":{"rendered":"\n<div class=\"wp-block-media-text is-stacked-on-mobile\" style=\"grid-template-columns:18% auto\"><figure class=\"wp-block-media-text__media\"><img loading=\"lazy\" decoding=\"async\" width=\"478\" height=\"478\" src=\"https:\/\/rewosport.pl\/wp-content\/uploads\/2023\/03\/NPNJ.logo_.png\" alt=\"\" class=\"wp-image-2501 size-full\" srcset=\"https:\/\/rewosport.pl\/wp-content\/uploads\/2023\/03\/NPNJ.logo_.png 478w, https:\/\/rewosport.pl\/wp-content\/uploads\/2023\/03\/NPNJ.logo_-300x300.png 300w, https:\/\/rewosport.pl\/wp-content\/uploads\/2023\/03\/NPNJ.logo_-150x150.png 150w\" sizes=\"auto, (max-width: 478px) 100vw, 478px\" \/><\/figure><div class=\"wp-block-media-text__content\">\n<p class=\"has-text-align-center\" style=\"font-size:10px\"><em><strong>WALCZ O TYTU\u0141 NAJSZYBSZEJ POLKI<\/strong><\/em> <em><strong>I NASZYBSZEGO POLAKA<\/strong><\/em><br><em><strong>NA PUMPTRACKU<\/strong><\/em> <em><strong>W KATEGORIACH PRO, KOBIETY, AMATOR, JUNIOR, KIDS<\/strong><\/em>, <strong><em>OLDBOYS<\/em><\/strong><\/p>\n\n\n\n<p class=\"has-text-align-center has-small-font-size\"><strong>ORGANIZATOR CYKLU<\/strong>: SFERA SPORTU<br><strong>PARTNERZY<\/strong>: BT Project, Red Bull, FOX, PROX, Phinance Kasprzyk Konrad<\/p>\n\n\n\n<p class=\"has-text-align-center has-small-font-size\"><strong>Strona zawod\u00f3w: <a href=\"http:\/\/pompuje.pl\" target=\"_blank\" rel=\"noreferrer noopener\">pompuje.pl<\/a> &amp; <a href=\"https:\/\/www.facebook.com\/pompuje\" target=\"_blank\" rel=\"noreferrer noopener\">fb.com\/pompuje<\/a><\/strong> <strong>&amp; <a href=\"https:\/\/www.instagram.com\/pompuje_pumptrack\/\" target=\"_blank\" rel=\"noreferrer noopener\">instagram.com\/pompuje_pumptrack<\/a><\/strong><\/p>\n<\/div><\/div>\n\n\n\n<p class=\"has-text-align-center has-vivid-red-color has-white-background-color has-text-color has-background has-large-font-size\"><a href=\"http:\/\/test.comaq.pl\/tabela.html\" target=\"_blank\" rel=\"noreferrer noopener\"><strong>WYNIKI<\/strong> NA \u017bYWO<\/a><\/p>\n\n\n\n<figure class=\"wp-block-table is-style-stripes\" style=\"font-size:10px\"><table class=\"has-white-background-color has-background\"><thead><tr><th class=\"has-text-align-center\" data-align=\"center\">Runda<\/th><th class=\"has-text-align-center\" data-align=\"center\">Lokalizacja<\/th><th class=\"has-text-align-center\" data-align=\"center\">Data<\/th><th class=\"has-text-align-center\" data-align=\"center\">Treningi \/ Start<\/th><th class=\"has-text-align-center\" data-align=\"center\">Start KIDS<\/th><th class=\"has-text-align-center\" data-align=\"center\">Zapisy<\/th><th class=\"has-text-align-center\" data-align=\"center\">Lista startowa<\/th><th class=\"has-text-align-center\" data-align=\"center\">Wyniki ko\u0144cowe<\/th><\/tr><\/thead><tbody><tr><td class=\"has-text-align-center\" data-align=\"center\">#1<\/td><td class=\"has-text-align-center\" data-align=\"center\">Kudowa Zdr\u00f3j<\/td><td class=\"has-text-align-center\" data-align=\"center\">2026.04.26<\/td><td class=\"has-text-align-center\" data-align=\"center\">11:00 \/ 13:00<\/td><td class=\"has-text-align-center\" data-align=\"center\">15:00<\/td><td class=\"has-text-align-center\" data-align=\"center\"><a href=\"https:\/\/dostartu.pl\/nie-pompujesz-nie-jedziesz-2026-1-kudowa-zdroj-v16109\" target=\"_blank\" rel=\"noreferrer noopener\">ZAPISY<\/a><\/td><td class=\"has-text-align-center\" data-align=\"center\"><a href=\"https:\/\/rewosport.pl\/wp-content\/uploads\/2026\/04\/2026.04.26.NPNJ_.KudowaZdroj.lista_.startowa.pdf\" target=\"_blank\" rel=\"noreferrer noopener\">LISTA STARTOWA<\/a><\/td><td class=\"has-text-align-center\" data-align=\"center\"><a href=\"https:\/\/rewosport.pl\/?page_id=3873\">WYNIKI<\/a><\/td><\/tr><tr><td class=\"has-text-align-center\" data-align=\"center\">#2<\/td><td class=\"has-text-align-center\" data-align=\"center\">Nysa<\/td><td class=\"has-text-align-center\" data-align=\"center\">2026.05.24<\/td><td class=\"has-text-align-center\" data-align=\"center\">11:00 \/ 13:00<\/td><td class=\"has-text-align-center\" data-align=\"center\">15:00<\/td><td class=\"has-text-align-center\" data-align=\"center\"><a href=\"https:\/\/dostartu.pl\/nie-pompujesz-nie-jedziesz-2026-2-nysa-v16113.pl.html\" target=\"_blank\" rel=\"noreferrer noopener\">ZAPISY<\/a><\/td><td class=\"has-text-align-center\" data-align=\"center\">LISTA STARTOWA<\/td><td class=\"has-text-align-center\" data-align=\"center\"><a href=\"https:\/\/rewosport.pl\/?page_id=3905\">WYNIKI<\/a><\/td><\/tr><tr><td class=\"has-text-align-center\" data-align=\"center\">#3<\/td><td class=\"has-text-align-center\" data-align=\"center\">Regulice<\/td><td class=\"has-text-align-center\" data-align=\"center\">2026.05.30<\/td><td class=\"has-text-align-center\" data-align=\"center\">11:00 \/ 13:00<\/td><td class=\"has-text-align-center\" data-align=\"center\">15:00<\/td><td class=\"has-text-align-center\" data-align=\"center\"><a href=\"https:\/\/dostartu.pl\/nie-pompujesz-nie-jedziesz-2026-3-regulice-v16114\" target=\"_blank\" rel=\"noreferrer noopener\">ZAPISY<\/a><\/td><td class=\"has-text-align-center\" data-align=\"center\">LISTA STARTOWA<\/td><td class=\"has-text-align-center\" data-align=\"center\"><a href=\"https:\/\/rewosport.pl\/?page_id=3909\">WYNIKI<\/a><\/td><\/tr><tr><td class=\"has-text-align-center\" data-align=\"center\">#4<\/td><td class=\"has-text-align-center\" data-align=\"center\">Polanka Wielka<\/td><td class=\"has-text-align-center\" data-align=\"center\">2026.05.31<\/td><td class=\"has-text-align-center\" data-align=\"center\">11:00 \/ 13:00<\/td><td class=\"has-text-align-center\" data-align=\"center\">15:00<\/td><td class=\"has-text-align-center\" data-align=\"center\"><a href=\"https:\/\/dostartu.pl\/nie-pompujesz-nie-jedziesz-2026-4-polanka-wielka-v16115\" target=\"_blank\" rel=\"noreferrer noopener\">ZAPISY<\/a><\/td><td class=\"has-text-align-center\" data-align=\"center\">LISTA STARTOWA<\/td><td class=\"has-text-align-center\" data-align=\"center\"><a href=\"https:\/\/rewosport.pl\/?page_id=3915\">WYNIKI<\/a><\/td><\/tr><tr><td class=\"has-text-align-center\" data-align=\"center\">#5<\/td><td class=\"has-text-align-center\" data-align=\"center\">Rokietnica<\/td><td class=\"has-text-align-center\" data-align=\"center\">2026.06.20<\/td><td class=\"has-text-align-center\" data-align=\"center\">11:00 \/ 13:00<\/td><td class=\"has-text-align-center\" data-align=\"center\">15:00<\/td><td class=\"has-text-align-center\" data-align=\"center\"><a href=\"https:\/\/dostartu.pl\/nie-pompujesz-nie-jedziesz-2026-5-rokietnica-v16116\" target=\"_blank\" rel=\"noreferrer noopener\">ZAPISY<\/a><\/td><td class=\"has-text-align-center\" data-align=\"center\">LISTA STARTOWA<\/td><td class=\"has-text-align-center\" data-align=\"center\"><a href=\"https:\/\/rewosport.pl\/?page_id=3921\">WYNIKI<\/a><\/td><\/tr><tr><td class=\"has-text-align-center\" data-align=\"center\">#6<\/td><td class=\"has-text-align-center\" data-align=\"center\">Stalowa Wola<\/td><td class=\"has-text-align-center\" data-align=\"center\">2026.07.05<\/td><td class=\"has-text-align-center\" data-align=\"center\">11:00 \/ 13:00<\/td><td class=\"has-text-align-center\" data-align=\"center\">15:00<\/td><td class=\"has-text-align-center\" data-align=\"center\"><a href=\"https:\/\/dostartu.pl\/nie-pompujesz-nie-jedziesz-2026-6-stalowa-wola-v16117\" target=\"_blank\" rel=\"noreferrer noopener\">ZAPISY<\/a><\/td><td class=\"has-text-align-center\" data-align=\"center\">LISTA STARTOWA<\/td><td class=\"has-text-align-center\" data-align=\"center\"><a href=\"https:\/\/rewosport.pl\/?page_id=3925\">WYNIKI<\/a><\/td><\/tr><tr><td class=\"has-text-align-center\" data-align=\"center\">#7<\/td><td class=\"has-text-align-center\" data-align=\"center\">Siechnice<\/td><td class=\"has-text-align-center\" data-align=\"center\">2026.07.26<\/td><td class=\"has-text-align-center\" data-align=\"center\">11:00 \/ 13:00<\/td><td class=\"has-text-align-center\" data-align=\"center\">15:00<\/td><td class=\"has-text-align-center\" data-align=\"center\"><a href=\"https:\/\/dostartu.pl\/nie-pompujesz-nie-jedziesz-2026-7-siechnice-v16118\" target=\"_blank\" rel=\"noreferrer noopener\">ZAPISY<\/a><\/td><td class=\"has-text-align-center\" data-align=\"center\">LISTA STARTOWA<\/td><td class=\"has-text-align-center\" data-align=\"center\"><a href=\"https:\/\/rewosport.pl\/?page_id=3933\">WYNIKI<\/a><\/td><\/tr><tr><td class=\"has-text-align-center\" data-align=\"center\">#8<\/td><td class=\"has-text-align-center\" data-align=\"center\">Lubin (FINA\u0141)<\/td><td class=\"has-text-align-center\" data-align=\"center\">2026.09.05<\/td><td class=\"has-text-align-center\" data-align=\"center\">11:00 \/ 13:00<\/td><td class=\"has-text-align-center\" data-align=\"center\">15:00<\/td><td class=\"has-text-align-center\" data-align=\"center\"><a href=\"https:\/\/dostartu.pl\/nie-pompujesz-nie-jedziesz-2026-8-fina-lubin-v16119\" target=\"_blank\" rel=\"noreferrer noopener\">ZAPISY<\/a><\/td><td class=\"has-text-align-center\" data-align=\"center\">LISTA STARTOWA<\/td><td class=\"has-text-align-center\" data-align=\"center\"><a href=\"https:\/\/rewosport.pl\/?page_id=3936\">WYNIKI<\/a><\/td><\/tr><\/tbody><\/table><\/figure>\n\n\n\n<p class=\"has-text-align-center has-vivid-red-color has-text-color has-medium-font-size\"><a href=\"https:\/\/rewosport.pl\/wp-content\/uploads\/2026\/03\/2026.NPNJ_.Regulamin.pdf\" target=\"_blank\" rel=\"noreferrer noopener\"><strong>REGULAMIN<\/strong> (pdf)<br><\/a><a href=\"https:\/\/rewosport.pl\/wp-content\/uploads\/2026\/03\/2026.NPNJ_.ZgodaRodzica.pdf\" target=\"_blank\" rel=\"noreferrer noopener\"><strong>ZGODA rodzica\/opiekuna<\/strong> (pdf)<\/a><\/p>\n\n\n\n<p class=\"has-text-align-center has-vivid-red-color has-text-color has-small-font-size\"><strong><em>UWAGA &#8211; potwierdzeniem rejestracji jest dokonanie przelewu z op\u0142at\u0105 startow\u0105 &#8211;<br>jest to mo\u017cliwe do 2 dni od wype\u0142nienia formularza zg\u0142osze\u0144. <\/em><\/strong><br><strong><em>Limit 100 os\u00f3b dotyczy uczestnik\u00f3w, kt\u00f3rzy potwierdzili udzia\u0142 op\u0142at\u0105 startow\u0105.<br>Nie ma mo\u017cliwo\u015bci rejestracji ani p\u0142atno\u015bci w biurze zawod\u00f3w. <\/em><\/strong><br><strong>Biuro zawod\u00f3w b\u0119dzie otwarte wed\u0142ug harmonogramu publikowanego na oficjalnych profilach w mediach spo\u0142eczno\u015bciowych cyklu Nie Pompujesz &#8211; Nie Jedziesz<\/strong><\/p>\n\n\n\n<p class=\"has-text-align-center\"><strong>OP\u0141ATA STARTOWA<\/strong><\/p>\n\n\n\n<p class=\"has-text-align-center has-small-font-size\">15 z\u0142 (ka\u017cdy zawodnik\u00f3w otrzymuje numer startowy + zapi\u0119cia)<br>op\u0142ata dotyczy wszystkich kategorii<\/p>\n\n\n\n<p class=\"has-text-align-center\"><strong>ZASADY PUNKTACJI<\/strong><\/p>\n\n\n\n<p class=\"has-text-align-center has-small-font-size\">W ka\u017cdej kategorii zbieramy punkty do rankingu wg miejsc zaj\u0119tych w poszczeg\u00f3lnych rundach.<br>Do rankingu liczymy 5 najlepszych wyst\u0119p\u00f3w.<br>W fina\u0142owych zawodach (Lubin) w kategorii PRO i KOBIETY punkty liczymy podw\u00f3jnie.<\/p>\n\n\n\n<p class=\"has-text-align-center\"><strong>KATEGORIE<\/strong><\/p>\n\n\n\n<p class=\"has-text-align-center has-small-font-size\"><strong>PRO<\/strong> \u2013 zawodnicy o wysokich umiej\u0119tno\u015bciach oraz zawodnicy kt\u00f3rzy w sezonie 2025 zaj\u0119li w klasyfikacji generalnej kategorii PRO miejsca od 1 do 15, a tak\u017ce Zawodnicy kt\u00f3rzy w ko\u0144cowej klasyfikacji punktowej kategorii Amator w roku 2025 zaj\u0119li miejsca od 1 do 5. Zawodnik, kt\u00f3ry cho\u0107 raz w sezonie 2026 wystartowa\u0142 w kategorii PRO nie mo\u017ce przyst\u0105pi\u0107 do ni\u017cszej kategorii<\/p>\n\n\n\n<p class=\"has-text-align-center has-small-font-size\"><strong>AMATOR<\/strong> \u2013 zawodnicy pocz\u0105tkuj\u0105cy, \u015bredniozaawansowani<\/p>\n\n\n\n<p class=\"has-text-align-center has-small-font-size\"><strong>KIDS (2017 \u2013 2021) K+M \u2013 <\/strong>zawodnicy w wieku od 4 do 8 lat (roczniki 2018 \u2013 2022) podzia\u0142 na podkategorie wiekowe, p\u0142e\u0107, rodzaj roweru (biegowy, tradycyjny) jest dokonywany przez przedstawiciela organizatora na miejscu zawod\u00f3w w zale\u017cno\u015bci od liczby zawodnik\u00f3w i nie podlega negocjacj\u0105, zmian\u0105, dyskusj\u0105.<\/p>\n\n\n\n<p class=\"has-text-align-center has-small-font-size\"><strong>JUNIOR (2013 \u2013 2016) K+M \u2013 <\/strong>zawodnicy w wieku od 9 do 12 lat (roczniki 2014 &#8211; 2017) bez podzia\u0142u na p\u0142e\u0107<\/p>\n\n\n\n<p class=\"has-text-align-center has-small-font-size\"><strong>KOBIETY<\/strong> \u2013 otwarta kategoria dla kobiet bez podzia\u0142u na wiek<\/p>\n\n\n\n<p class=\"has-text-align-center has-small-font-size\"><strong>OLDBOYS <\/strong>\u2013 zawodnicy urodzeni w roku 1989 i starsi, kt\u00f3rzy nie decyduj\u0105 si\u0119 na start w kategorii PRO.<\/p>\n\n\n\n<p class=\"has-text-align-center\"><strong>ZASADY STARTU<\/strong><\/p>\n\n\n\n<p class=\"has-text-align-center has-small-font-size\">W kategoriach PRO, AMATOR, KOBIETY, OLDBOYS &#8211; bez peda\u0142owania!<br>Startujemy z wyznaczonego pola (\u017c\u00f3\u0142ty kwadrat)<br>Obowi\u0105zkowy Full Face \u2013 je\u017celi nie masz swojego, otrzymasz taki na czas startu w wy\u015bcigu od FOX Polska (zarezerwuje rozmiar w biurze zawod\u00f3w)<br>Obowi\u0105zkowy hamulec i peda\u0142y platformowe<br>Numer startowy zawieszamy z przodu kierownicy<\/p>\n\n\n\n<p class=\"has-text-align-center\"><strong>TRENINGI<\/strong><\/p>\n\n\n\n<p class=\"has-text-align-center has-small-font-size\">Treningi przed zawodami odbywaj\u0105 si\u0119 wg podzia\u0142u na kategorie.<br>Przed ka\u017cd\u0105 rund\u0105 podawany jest harmonogram treningowych przejazd\u00f3w<\/p>\n\n\n\n<p class=\"has-text-align-center\"><strong>RYWALIZACJA<\/strong><\/p>\n\n\n\n<p class=\"has-text-align-center has-small-font-size\"><strong>Eliminacje&nbsp;<\/strong>&#8211; ka\u017cdy ma dwie pr\u00f3by. Pod uwag\u0119 bierzemy najlepszy czas. Najlepszych 16 w ka\u017cdej kategorii awansuje do fazy play-off (8 je\u017celi b\u0119dzie startuj\u0105cych mniej ni\u017c 16 lub 4 je\u017celi startuj\u0105cych b\u0119dzie mniej ni\u017c 8)<\/p>\n\n\n\n<p class=\"has-text-align-center has-small-font-size\"><strong>Play-Off <\/strong>\u2013 startuj\u0105 zawodnicy kt\u00f3rzy wywalczyli awans. Zawodnicy dobierani s\u0105 w pary. Zawodnik z lepszym czasem przechodzi dalej, przegrywaj\u0105cy odpada.<\/p>\n\n\n\n<p class=\"has-text-align-center has-small-font-size\"><strong>! Kategoria KIDS !<\/strong> &#8211; Ka\u017cdy z zawodnik\u00f3w posiada dwa przejazdy, na ich podstawie tworzona jest klasyfikacja zawod\u00f3w. Podzia\u0142 na podkategorie odbywa si\u0119 w dniu zawod\u00f3w i jest uzale\u017cniona od ilo\u015bci startuj\u0105cych zawodnik\u00f3w w tej kategorii. Rywalizacja odbywa si\u0119 po wy\u015bcigach eliminacyjnych kategorii PRO, Amator, Kobiety, Junior.<\/p>\n\n\n\n<p class=\"has-text-align-center has-small-font-size\"><strong>! Kategoria OLDBOYS ! <\/strong>\u2013 w pierwszym sezonie rywalizacji (rok 2026) startuje w zawodach jedynie na etapie ELIMINACJI. Zawodnicy posiadaj\u0105 dwie pr\u00f3by startu, przy czym o ostatecznym wyniku decyduje czas z lepszej pr\u00f3by.<\/p>\n","protected":false},"excerpt":{"rendered":"<p>WALCZ O TYTU\u0141 NAJSZYBSZEJ POLKI I NASZYBSZEGO POLAKANA PUMPTRACKU W KATEGORIACH PRO, KOBIETY, AMATOR, JUNIOR, KIDS, OLDBOYS ORGANIZATOR CYKLU: SFERA SPORTUPARTNERZY: BT Project, Red Bull, FOX, PROX, Phinance Kasprzyk Konrad Strona zawod\u00f3w: pompuje.pl &amp; fb.com\/pompuje &amp; instagram.com\/pompuje_pumptrack WYNIKI NA \u017bYWO Runda Lokalizacja Data Treningi \/ Start Start KIDS Zapisy Lista startowa Wyniki ko\u0144cowe #1 Kudowa&hellip; <br \/> <a class=\"read-more\" href=\"https:\/\/rewosport.pl\/?page_id=3854\">Dowiedz si\u0119 wi\u0119cej<\/a><\/p>\n","protected":false},"author":2,"featured_media":3563,"parent":0,"menu_order":0,"comment_status":"closed","ping_status":"closed","template":"","meta":{"footnotes":""},"class_list":["post-3854","page","type-page","status-publish","has-post-thumbnail","hentry"],"yoast_head":"<!-- This site is optimized with the Yoast SEO plugin v27.6 - https:\/\/yoast.com\/product\/yoast-seo-wordpress\/ -->\n<title>2026 - Nie Pompujesz - Nie Jedziesz - pomiar czasu - chipy, fotokom\u00f3rki - zawody sportowe, obozy sportowe<\/title>\n<meta name=\"robots\" content=\"index, follow, max-snippet:-1, max-image-preview:large, max-video-preview:-1\" \/>\n<link rel=\"canonical\" href=\"https:\/\/rewosport.pl\/?page_id=3854\" \/>\n<meta property=\"og:locale\" content=\"pl_PL\" \/>\n<meta property=\"og:type\" content=\"article\" \/>\n<meta property=\"og:title\" content=\"2026 - Nie Pompujesz - Nie Jedziesz - pomiar czasu - chipy, fotokom\u00f3rki - zawody sportowe, obozy sportowe\" \/>\n<meta property=\"og:description\" content=\"WALCZ O TYTU\u0141 NAJSZYBSZEJ POLKI I NASZYBSZEGO POLAKANA PUMPTRACKU W KATEGORIACH PRO, KOBIETY, AMATOR, JUNIOR, KIDS, OLDBOYS ORGANIZATOR CYKLU: SFERA SPORTUPARTNERZY: BT Project, Red Bull, FOX, PROX, Phinance Kasprzyk Konrad Strona zawod\u00f3w: pompuje.pl &amp; fb.com\/pompuje &amp; instagram.com\/pompuje_pumptrack WYNIKI NA \u017bYWO Runda Lokalizacja Data Treningi \/ Start Start KIDS Zapisy Lista startowa Wyniki ko\u0144cowe #1 Kudowa&hellip; Dowiedz si\u0119 wi\u0119cej\" \/>\n<meta property=\"og:url\" content=\"https:\/\/rewosport.pl\/?page_id=3854\" \/>\n<meta property=\"og:site_name\" content=\"pomiar czasu - chipy, fotokom\u00f3rki - zawody sportowe, obozy sportowe\" \/>\n<meta property=\"article:modified_time\" content=\"2026-04-27T08:57:07+00:00\" \/>\n<meta property=\"og:image\" content=\"https:\/\/rewosport.pl\/wp-content\/uploads\/2025\/03\/IMG_20230506_140916-scaled.jpg\" \/>\n\t<meta property=\"og:image:width\" content=\"2560\" \/>\n\t<meta property=\"og:image:height\" content=\"1920\" \/>\n\t<meta property=\"og:image:type\" content=\"image\/jpeg\" \/>\n<meta name=\"twitter:card\" content=\"summary_large_image\" \/>\n<meta name=\"twitter:label1\" content=\"Szacowany czas czytania\" \/>\n\t<meta name=\"twitter:data1\" content=\"5 minut\" \/>\n<script type=\"application\/ld+json\" class=\"yoast-schema-graph\">{\"@context\":\"https:\\\/\\\/schema.org\",\"@graph\":[{\"@type\":\"WebPage\",\"@id\":\"https:\\\/\\\/rewosport.pl\\\/?page_id=3854\",\"url\":\"https:\\\/\\\/rewosport.pl\\\/?page_id=3854\",\"name\":\"2026 - Nie Pompujesz - Nie Jedziesz - pomiar czasu - chipy, fotokom\u00f3rki - zawody sportowe, obozy sportowe\",\"isPartOf\":{\"@id\":\"https:\\\/\\\/rewosport.pl\\\/#website\"},\"primaryImageOfPage\":{\"@id\":\"https:\\\/\\\/rewosport.pl\\\/?page_id=3854#primaryimage\"},\"image\":{\"@id\":\"https:\\\/\\\/rewosport.pl\\\/?page_id=3854#primaryimage\"},\"thumbnailUrl\":\"https:\\\/\\\/rewosport.pl\\\/wp-content\\\/uploads\\\/2025\\\/03\\\/IMG_20230506_140916-scaled.jpg\",\"datePublished\":\"2026-03-30T10:04:12+00:00\",\"dateModified\":\"2026-04-27T08:57:07+00:00\",\"breadcrumb\":{\"@id\":\"https:\\\/\\\/rewosport.pl\\\/?page_id=3854#breadcrumb\"},\"inLanguage\":\"pl-PL\",\"potentialAction\":[{\"@type\":\"ReadAction\",\"target\":[\"https:\\\/\\\/rewosport.pl\\\/?page_id=3854\"]}]},{\"@type\":\"ImageObject\",\"inLanguage\":\"pl-PL\",\"@id\":\"https:\\\/\\\/rewosport.pl\\\/?page_id=3854#primaryimage\",\"url\":\"https:\\\/\\\/rewosport.pl\\\/wp-content\\\/uploads\\\/2025\\\/03\\\/IMG_20230506_140916-scaled.jpg\",\"contentUrl\":\"https:\\\/\\\/rewosport.pl\\\/wp-content\\\/uploads\\\/2025\\\/03\\\/IMG_20230506_140916-scaled.jpg\",\"width\":2560,\"height\":1920},{\"@type\":\"BreadcrumbList\",\"@id\":\"https:\\\/\\\/rewosport.pl\\\/?page_id=3854#breadcrumb\",\"itemListElement\":[{\"@type\":\"ListItem\",\"position\":1,\"name\":\"Home\",\"item\":\"https:\\\/\\\/rewosport.pl\\\/\"},{\"@type\":\"ListItem\",\"position\":2,\"name\":\"2026 &#8211; Nie Pompujesz &#8211; Nie Jedziesz\"}]},{\"@type\":\"WebSite\",\"@id\":\"https:\\\/\\\/rewosport.pl\\\/#website\",\"url\":\"https:\\\/\\\/rewosport.pl\\\/\",\"name\":\"pomiar czasu - chipy, fotokom\u00f3rki - zawody sportowe, obozy sportowe\",\"description\":\"elektroniczny pomiar czasu na zawodach sportowych - chipy, fotokom\u00f3rki; organizator zawod\u00f3w sportowych - biegowych, rowerowych, oboz\u00f3w sportowych,\",\"publisher\":{\"@id\":\"https:\\\/\\\/rewosport.pl\\\/#organization\"},\"potentialAction\":[{\"@type\":\"SearchAction\",\"target\":{\"@type\":\"EntryPoint\",\"urlTemplate\":\"https:\\\/\\\/rewosport.pl\\\/?s={search_term_string}\"},\"query-input\":{\"@type\":\"PropertyValueSpecification\",\"valueRequired\":true,\"valueName\":\"search_term_string\"}}],\"inLanguage\":\"pl-PL\"},{\"@type\":\"Organization\",\"@id\":\"https:\\\/\\\/rewosport.pl\\\/#organization\",\"name\":\"pomiar czasu - chipy, fotokom\u00f3rki - zawody sportowe, obozy sportowe\",\"url\":\"https:\\\/\\\/rewosport.pl\\\/\",\"logo\":{\"@type\":\"ImageObject\",\"inLanguage\":\"pl-PL\",\"@id\":\"https:\\\/\\\/rewosport.pl\\\/#\\\/schema\\\/logo\\\/image\\\/\",\"url\":\"https:\\\/\\\/rewosport.pl\\\/wp-content\\\/uploads\\\/2020\\\/07\\\/logo_rewosport.png\",\"contentUrl\":\"https:\\\/\\\/rewosport.pl\\\/wp-content\\\/uploads\\\/2020\\\/07\\\/logo_rewosport.png\",\"width\":346,\"height\":200,\"caption\":\"pomiar czasu - chipy, fotokom\u00f3rki - zawody sportowe, obozy sportowe\"},\"image\":{\"@id\":\"https:\\\/\\\/rewosport.pl\\\/#\\\/schema\\\/logo\\\/image\\\/\"}}]}<\/script>\n<!-- \/ Yoast SEO plugin. -->","yoast_head_json":{"title":"2026 - Nie Pompujesz - Nie Jedziesz - pomiar czasu - chipy, fotokom\u00f3rki - zawody sportowe, obozy sportowe","robots":{"index":"index","follow":"follow","max-snippet":"max-snippet:-1","max-image-preview":"max-image-preview:large","max-video-preview":"max-video-preview:-1"},"canonical":"https:\/\/rewosport.pl\/?page_id=3854","og_locale":"pl_PL","og_type":"article","og_title":"2026 - Nie Pompujesz - Nie Jedziesz - pomiar czasu - chipy, fotokom\u00f3rki - zawody sportowe, obozy sportowe","og_description":"WALCZ O TYTU\u0141 NAJSZYBSZEJ POLKI I NASZYBSZEGO POLAKANA PUMPTRACKU W KATEGORIACH PRO, KOBIETY, AMATOR, JUNIOR, KIDS, OLDBOYS ORGANIZATOR CYKLU: SFERA SPORTUPARTNERZY: BT Project, Red Bull, FOX, PROX, Phinance Kasprzyk Konrad Strona zawod\u00f3w: pompuje.pl &amp; fb.com\/pompuje &amp; instagram.com\/pompuje_pumptrack WYNIKI NA \u017bYWO Runda Lokalizacja Data Treningi \/ Start Start KIDS Zapisy Lista startowa Wyniki ko\u0144cowe #1 Kudowa&hellip; Dowiedz si\u0119 wi\u0119cej","og_url":"https:\/\/rewosport.pl\/?page_id=3854","og_site_name":"pomiar czasu - chipy, fotokom\u00f3rki - zawody sportowe, obozy sportowe","article_modified_time":"2026-04-27T08:57:07+00:00","og_image":[{"width":2560,"height":1920,"url":"https:\/\/rewosport.pl\/wp-content\/uploads\/2025\/03\/IMG_20230506_140916-scaled.jpg","type":"image\/jpeg"}],"twitter_card":"summary_large_image","twitter_misc":{"Szacowany czas czytania":"5 minut"},"schema":{"@context":"https:\/\/schema.org","@graph":[{"@type":"WebPage","@id":"https:\/\/rewosport.pl\/?page_id=3854","url":"https:\/\/rewosport.pl\/?page_id=3854","name":"2026 - Nie Pompujesz - Nie Jedziesz - pomiar czasu - chipy, fotokom\u00f3rki - zawody sportowe, obozy sportowe","isPartOf":{"@id":"https:\/\/rewosport.pl\/#website"},"primaryImageOfPage":{"@id":"https:\/\/rewosport.pl\/?page_id=3854#primaryimage"},"image":{"@id":"https:\/\/rewosport.pl\/?page_id=3854#primaryimage"},"thumbnailUrl":"https:\/\/rewosport.pl\/wp-content\/uploads\/2025\/03\/IMG_20230506_140916-scaled.jpg","datePublished":"2026-03-30T10:04:12+00:00","dateModified":"2026-04-27T08:57:07+00:00","breadcrumb":{"@id":"https:\/\/rewosport.pl\/?page_id=3854#breadcrumb"},"inLanguage":"pl-PL","potentialAction":[{"@type":"ReadAction","target":["https:\/\/rewosport.pl\/?page_id=3854"]}]},{"@type":"ImageObject","inLanguage":"pl-PL","@id":"https:\/\/rewosport.pl\/?page_id=3854#primaryimage","url":"https:\/\/rewosport.pl\/wp-content\/uploads\/2025\/03\/IMG_20230506_140916-scaled.jpg","contentUrl":"https:\/\/rewosport.pl\/wp-content\/uploads\/2025\/03\/IMG_20230506_140916-scaled.jpg","width":2560,"height":1920},{"@type":"BreadcrumbList","@id":"https:\/\/rewosport.pl\/?page_id=3854#breadcrumb","itemListElement":[{"@type":"ListItem","position":1,"name":"Home","item":"https:\/\/rewosport.pl\/"},{"@type":"ListItem","position":2,"name":"2026 &#8211; Nie Pompujesz &#8211; Nie Jedziesz"}]},{"@type":"WebSite","@id":"https:\/\/rewosport.pl\/#website","url":"https:\/\/rewosport.pl\/","name":"pomiar czasu - chipy, fotokom\u00f3rki - zawody sportowe, obozy sportowe","description":"elektroniczny pomiar czasu na zawodach sportowych - chipy, fotokom\u00f3rki; organizator zawod\u00f3w sportowych - biegowych, rowerowych, oboz\u00f3w sportowych,","publisher":{"@id":"https:\/\/rewosport.pl\/#organization"},"potentialAction":[{"@type":"SearchAction","target":{"@type":"EntryPoint","urlTemplate":"https:\/\/rewosport.pl\/?s={search_term_string}"},"query-input":{"@type":"PropertyValueSpecification","valueRequired":true,"valueName":"search_term_string"}}],"inLanguage":"pl-PL"},{"@type":"Organization","@id":"https:\/\/rewosport.pl\/#organization","name":"pomiar czasu - chipy, fotokom\u00f3rki - zawody sportowe, obozy sportowe","url":"https:\/\/rewosport.pl\/","logo":{"@type":"ImageObject","inLanguage":"pl-PL","@id":"https:\/\/rewosport.pl\/#\/schema\/logo\/image\/","url":"https:\/\/rewosport.pl\/wp-content\/uploads\/2020\/07\/logo_rewosport.png","contentUrl":"https:\/\/rewosport.pl\/wp-content\/uploads\/2020\/07\/logo_rewosport.png","width":346,"height":200,"caption":"pomiar czasu - chipy, fotokom\u00f3rki - zawody sportowe, obozy sportowe"},"image":{"@id":"https:\/\/rewosport.pl\/#\/schema\/logo\/image\/"}}]}},"_links":{"self":[{"href":"https:\/\/rewosport.pl\/index.php?rest_route=\/wp\/v2\/pages\/3854","targetHints":{"allow":["GET"]}}],"collection":[{"href":"https:\/\/rewosport.pl\/index.php?rest_route=\/wp\/v2\/pages"}],"about":[{"href":"https:\/\/rewosport.pl\/index.php?rest_route=\/wp\/v2\/types\/page"}],"author":[{"embeddable":true,"href":"https:\/\/rewosport.pl\/index.php?rest_route=\/wp\/v2\/users\/2"}],"replies":[{"embeddable":true,"href":"https:\/\/rewosport.pl\/index.php?rest_route=%2Fwp%2Fv2%2Fcomments&post=3854"}],"version-history":[{"count":6,"href":"https:\/\/rewosport.pl\/index.php?rest_route=\/wp\/v2\/pages\/3854\/revisions"}],"predecessor-version":[{"id":3939,"href":"https:\/\/rewosport.pl\/index.php?rest_route=\/wp\/v2\/pages\/3854\/revisions\/3939"}],"wp:featuredmedia":[{"embeddable":true,"href":"https:\/\/rewosport.pl\/index.php?rest_route=\/wp\/v2\/media\/3563"}],"wp:attachment":[{"href":"https:\/\/rewosport.pl\/index.php?rest_route=%2Fwp%2Fv2%2Fmedia&parent=3854"}],"curies":[{"name":"wp","href":"https:\/\/api.w.org\/{rel}","templated":true}]}}