{"id":3873,"date":"2026-04-26T15:16:23","date_gmt":"2026-04-26T13:16:23","guid":{"rendered":"https:\/\/rewosport.pl\/?page_id=3873"},"modified":"2026-04-27T10:25:33","modified_gmt":"2026-04-27T08:25:33","slug":"2026-04-26-nie-pompujesz-nie-jedziesz-1-kudowa-zdroj","status":"publish","type":"page","link":"https:\/\/rewosport.pl\/?page_id=3873","title":{"rendered":"2026.04.26 &#8211; Nie Pompujesz Nie Jedziesz #1 &#8211; Kudowa Zdr\u00f3j"},"content":{"rendered":"\n<p class=\"has-text-align-center\"><strong>WYNIKI KO\u0143COWE<\/strong><\/p>\n\n\n\n<figure class=\"wp-block-table aligncenter is-style-stripes\"><table class=\"has-fixed-layout\"><tbody><tr><td class=\"has-text-align-left\" data-align=\"left\"><strong>ELIMINACJE<\/strong><\/td><td class=\"has-text-align-left\" data-align=\"left\"><a href=\"https:\/\/rewosport.pl\/wp-content\/uploads\/2026\/04\/2026.04.26.NPNJ_.KudowaZdroj.wyniki.eliminacje.pdf\" target=\"_blank\" rel=\"noreferrer noopener\">wyniki eliminacje<\/a><\/td><td class=\"has-text-align-center\" data-align=\"center\"><\/td><\/tr><tr><td class=\"has-text-align-left\" data-align=\"left\"><strong>KIDS<\/strong><\/td><td class=\"has-text-align-left\" data-align=\"left\"><a href=\"https:\/\/rewosport.pl\/wp-content\/uploads\/2026\/04\/2026.04.26.NPNJ_.KudowaZdroj.wyniki.KIDS_.pdf\" target=\"_blank\" rel=\"noreferrer noopener\">wyniki KIDS<\/a><\/td><td class=\"has-text-align-center\" data-align=\"center\"><\/td><\/tr><tr><td class=\"has-text-align-left\" data-align=\"left\"><strong>OLDBOYS<\/strong><\/td><td class=\"has-text-align-left\" data-align=\"left\"><a href=\"https:\/\/rewosport.pl\/wp-content\/uploads\/2026\/04\/2026.04.26.NPNJ_.KudowaZdroj.wyniki.OLDBOYS.pdf\" target=\"_blank\" rel=\"noreferrer noopener\">wyniki OLDBOYS<\/a><\/td><td class=\"has-text-align-center\" data-align=\"center\"><\/td><\/tr><tr><td class=\"has-text-align-left\" data-align=\"left\"><strong>JUNIOR<\/strong><\/td><td class=\"has-text-align-left\" data-align=\"left\"><a href=\"https:\/\/rewosport.pl\/wp-content\/uploads\/2026\/04\/2026.04.26.NPNJ_.KudowaZdroj.wyniki.JUNIOR.pdf\" target=\"_blank\" rel=\"noreferrer noopener\">wyniki JUNIOR<\/a><\/td><td class=\"has-text-align-center\" data-align=\"center\"><a href=\"https:\/\/rewosport.pl\/wp-content\/uploads\/2026\/04\/2026.04.26.NPNJ_.KudowaZdroj.wyniki.JUNIOR.drabinka.pdf\" target=\"_blank\" rel=\"noreferrer noopener\">drabinka<\/a><\/td><\/tr><tr><td class=\"has-text-align-left\" data-align=\"left\"><strong>AMATOR<\/strong><\/td><td class=\"has-text-align-left\" data-align=\"left\"><a href=\"https:\/\/rewosport.pl\/wp-content\/uploads\/2026\/04\/2026.04.26.NPNJ_.KudowaZdroj.wyniki.AMATOR1.pdf\" target=\"_blank\" rel=\"noreferrer noopener\">wyniki AMATOR<\/a><\/td><td class=\"has-text-align-center\" data-align=\"center\"><a href=\"https:\/\/rewosport.pl\/wp-content\/uploads\/2026\/04\/2026.04.26.NPNJ_.KudowaZdroj.wyniki.AMATOR.drabinka.pdf\" target=\"_blank\" rel=\"noreferrer noopener\">drabinka<\/a><\/td><\/tr><tr><td class=\"has-text-align-left\" data-align=\"left\"><strong>KOBIETY<\/strong><\/td><td class=\"has-text-align-left\" data-align=\"left\"><a href=\"https:\/\/rewosport.pl\/wp-content\/uploads\/2026\/04\/2026.04.26.NPNJ_.KudowaZdroj.wyniki.KOBIETY.pdf\" target=\"_blank\" rel=\"noreferrer noopener\">wyniki KOBIETY<\/a><\/td><td class=\"has-text-align-center\" data-align=\"center\"><a href=\"https:\/\/rewosport.pl\/wp-content\/uploads\/2026\/04\/2026.04.26.NPNJ_.KudowaZdroj.wyniki.KOBIETY.drabinka.pdf\" target=\"_blank\" rel=\"noreferrer noopener\">drabinka<\/a><\/td><\/tr><tr><td class=\"has-text-align-left\" data-align=\"left\"><strong>PRO<\/strong><\/td><td class=\"has-text-align-left\" data-align=\"left\"><a href=\"https:\/\/rewosport.pl\/wp-content\/uploads\/2026\/04\/2026.04.26.NPNJ_.KudowaZdroj.wyniki.PRO_.pdf\" target=\"_blank\" rel=\"noreferrer noopener\">wyniki PRO<\/a><\/td><td class=\"has-text-align-center\" data-align=\"center\"><a href=\"https:\/\/rewosport.pl\/wp-content\/uploads\/2026\/04\/2026.04.26.NPNJ_.KudowaZdroj.wyniki.PRO_.drabinka.pdf\" target=\"_blank\" rel=\"noreferrer noopener\">drabinka<\/a><\/td><\/tr><\/tbody><\/table><\/figure>\n\n\n\n<p><\/p>\n","protected":false},"excerpt":{"rendered":"<p>WYNIKI KO\u0143COWE ELIMINACJE wyniki eliminacje KIDS wyniki KIDS OLDBOYS wyniki OLDBOYS JUNIOR wyniki JUNIOR drabinka AMATOR wyniki AMATOR drabinka KOBIETY wyniki KOBIETY drabinka PRO wyniki PRO drabinka<\/p>\n","protected":false},"author":2,"featured_media":3563,"parent":0,"menu_order":0,"comment_status":"closed","ping_status":"closed","template":"","meta":{"footnotes":""},"class_list":["post-3873","page","type-page","status-publish","has-post-thumbnail","hentry"],"yoast_head":"<!-- This site is optimized with the Yoast SEO plugin v27.4 - https:\/\/yoast.com\/product\/yoast-seo-wordpress\/ -->\n<title>2026.04.26 - Nie Pompujesz Nie Jedziesz #1 - Kudowa Zdr\u00f3j - pomiar czasu - chipy, fotokom\u00f3rki - zawody sportowe, obozy sportowe<\/title>\n<meta name=\"robots\" content=\"index, follow, max-snippet:-1, max-image-preview:large, max-video-preview:-1\" \/>\n<link rel=\"canonical\" href=\"https:\/\/rewosport.pl\/?page_id=3873\" \/>\n<meta property=\"og:locale\" content=\"pl_PL\" \/>\n<meta property=\"og:type\" content=\"article\" \/>\n<meta property=\"og:title\" content=\"2026.04.26 - Nie Pompujesz Nie Jedziesz #1 - Kudowa Zdr\u00f3j - pomiar czasu - chipy, fotokom\u00f3rki - zawody sportowe, obozy sportowe\" \/>\n<meta property=\"og:description\" content=\"WYNIKI KO\u0143COWE ELIMINACJE wyniki eliminacje KIDS wyniki KIDS OLDBOYS wyniki OLDBOYS JUNIOR wyniki JUNIOR drabinka AMATOR wyniki AMATOR drabinka KOBIETY wyniki KOBIETY drabinka PRO wyniki PRO drabinka\" \/>\n<meta property=\"og:url\" content=\"https:\/\/rewosport.pl\/?page_id=3873\" \/>\n<meta property=\"og:site_name\" content=\"pomiar czasu - chipy, fotokom\u00f3rki - zawody sportowe, obozy sportowe\" \/>\n<meta property=\"article:modified_time\" content=\"2026-04-27T08:25:33+00:00\" \/>\n<meta property=\"og:image\" content=\"https:\/\/rewosport.pl\/wp-content\/uploads\/2025\/03\/IMG_20230506_140916-scaled.jpg\" \/>\n\t<meta property=\"og:image:width\" content=\"2560\" \/>\n\t<meta property=\"og:image:height\" content=\"1920\" \/>\n\t<meta property=\"og:image:type\" content=\"image\/jpeg\" \/>\n<meta name=\"twitter:card\" content=\"summary_large_image\" \/>\n<meta name=\"twitter:label1\" content=\"Szacowany czas czytania\" \/>\n\t<meta name=\"twitter:data1\" content=\"1 minuta\" \/>\n<script type=\"application\/ld+json\" class=\"yoast-schema-graph\">{\"@context\":\"https:\\\/\\\/schema.org\",\"@graph\":[{\"@type\":\"WebPage\",\"@id\":\"https:\\\/\\\/rewosport.pl\\\/?page_id=3873\",\"url\":\"https:\\\/\\\/rewosport.pl\\\/?page_id=3873\",\"name\":\"2026.04.26 - Nie Pompujesz Nie Jedziesz #1 - Kudowa Zdr\u00f3j - pomiar czasu - chipy, fotokom\u00f3rki - zawody sportowe, obozy sportowe\",\"isPartOf\":{\"@id\":\"https:\\\/\\\/rewosport.pl\\\/#website\"},\"primaryImageOfPage\":{\"@id\":\"https:\\\/\\\/rewosport.pl\\\/?page_id=3873#primaryimage\"},\"image\":{\"@id\":\"https:\\\/\\\/rewosport.pl\\\/?page_id=3873#primaryimage\"},\"thumbnailUrl\":\"https:\\\/\\\/rewosport.pl\\\/wp-content\\\/uploads\\\/2025\\\/03\\\/IMG_20230506_140916-scaled.jpg\",\"datePublished\":\"2026-04-26T13:16:23+00:00\",\"dateModified\":\"2026-04-27T08:25:33+00:00\",\"breadcrumb\":{\"@id\":\"https:\\\/\\\/rewosport.pl\\\/?page_id=3873#breadcrumb\"},\"inLanguage\":\"pl-PL\",\"potentialAction\":[{\"@type\":\"ReadAction\",\"target\":[\"https:\\\/\\\/rewosport.pl\\\/?page_id=3873\"]}]},{\"@type\":\"ImageObject\",\"inLanguage\":\"pl-PL\",\"@id\":\"https:\\\/\\\/rewosport.pl\\\/?page_id=3873#primaryimage\",\"url\":\"https:\\\/\\\/rewosport.pl\\\/wp-content\\\/uploads\\\/2025\\\/03\\\/IMG_20230506_140916-scaled.jpg\",\"contentUrl\":\"https:\\\/\\\/rewosport.pl\\\/wp-content\\\/uploads\\\/2025\\\/03\\\/IMG_20230506_140916-scaled.jpg\",\"width\":2560,\"height\":1920},{\"@type\":\"BreadcrumbList\",\"@id\":\"https:\\\/\\\/rewosport.pl\\\/?page_id=3873#breadcrumb\",\"itemListElement\":[{\"@type\":\"ListItem\",\"position\":1,\"name\":\"Home\",\"item\":\"https:\\\/\\\/rewosport.pl\\\/\"},{\"@type\":\"ListItem\",\"position\":2,\"name\":\"2026.04.26 &#8211; Nie Pompujesz Nie Jedziesz #1 &#8211; Kudowa Zdr\u00f3j\"}]},{\"@type\":\"WebSite\",\"@id\":\"https:\\\/\\\/rewosport.pl\\\/#website\",\"url\":\"https:\\\/\\\/rewosport.pl\\\/\",\"name\":\"pomiar czasu - chipy, fotokom\u00f3rki - zawody sportowe, obozy sportowe\",\"description\":\"elektroniczny pomiar czasu na zawodach sportowych - chipy, fotokom\u00f3rki; organizator zawod\u00f3w sportowych - biegowych, rowerowych, oboz\u00f3w sportowych,\",\"publisher\":{\"@id\":\"https:\\\/\\\/rewosport.pl\\\/#organization\"},\"potentialAction\":[{\"@type\":\"SearchAction\",\"target\":{\"@type\":\"EntryPoint\",\"urlTemplate\":\"https:\\\/\\\/rewosport.pl\\\/?s={search_term_string}\"},\"query-input\":{\"@type\":\"PropertyValueSpecification\",\"valueRequired\":true,\"valueName\":\"search_term_string\"}}],\"inLanguage\":\"pl-PL\"},{\"@type\":\"Organization\",\"@id\":\"https:\\\/\\\/rewosport.pl\\\/#organization\",\"name\":\"pomiar czasu - chipy, fotokom\u00f3rki - zawody sportowe, obozy sportowe\",\"url\":\"https:\\\/\\\/rewosport.pl\\\/\",\"logo\":{\"@type\":\"ImageObject\",\"inLanguage\":\"pl-PL\",\"@id\":\"https:\\\/\\\/rewosport.pl\\\/#\\\/schema\\\/logo\\\/image\\\/\",\"url\":\"https:\\\/\\\/rewosport.pl\\\/wp-content\\\/uploads\\\/2020\\\/07\\\/logo_rewosport.png\",\"contentUrl\":\"https:\\\/\\\/rewosport.pl\\\/wp-content\\\/uploads\\\/2020\\\/07\\\/logo_rewosport.png\",\"width\":346,\"height\":200,\"caption\":\"pomiar czasu - chipy, fotokom\u00f3rki - zawody sportowe, obozy sportowe\"},\"image\":{\"@id\":\"https:\\\/\\\/rewosport.pl\\\/#\\\/schema\\\/logo\\\/image\\\/\"}}]}<\/script>\n<!-- \/ Yoast SEO plugin. -->","yoast_head_json":{"title":"2026.04.26 - Nie Pompujesz Nie Jedziesz #1 - Kudowa Zdr\u00f3j - pomiar czasu - chipy, fotokom\u00f3rki - zawody sportowe, obozy sportowe","robots":{"index":"index","follow":"follow","max-snippet":"max-snippet:-1","max-image-preview":"max-image-preview:large","max-video-preview":"max-video-preview:-1"},"canonical":"https:\/\/rewosport.pl\/?page_id=3873","og_locale":"pl_PL","og_type":"article","og_title":"2026.04.26 - Nie Pompujesz Nie Jedziesz #1 - Kudowa Zdr\u00f3j - pomiar czasu - chipy, fotokom\u00f3rki - zawody sportowe, obozy sportowe","og_description":"WYNIKI KO\u0143COWE ELIMINACJE wyniki eliminacje KIDS wyniki KIDS OLDBOYS wyniki OLDBOYS JUNIOR wyniki JUNIOR drabinka AMATOR wyniki AMATOR drabinka KOBIETY wyniki KOBIETY drabinka PRO wyniki PRO drabinka","og_url":"https:\/\/rewosport.pl\/?page_id=3873","og_site_name":"pomiar czasu - chipy, fotokom\u00f3rki - zawody sportowe, obozy sportowe","article_modified_time":"2026-04-27T08:25:33+00:00","og_image":[{"width":2560,"height":1920,"url":"https:\/\/rewosport.pl\/wp-content\/uploads\/2025\/03\/IMG_20230506_140916-scaled.jpg","type":"image\/jpeg"}],"twitter_card":"summary_large_image","twitter_misc":{"Szacowany czas czytania":"1 minuta"},"schema":{"@context":"https:\/\/schema.org","@graph":[{"@type":"WebPage","@id":"https:\/\/rewosport.pl\/?page_id=3873","url":"https:\/\/rewosport.pl\/?page_id=3873","name":"2026.04.26 - Nie Pompujesz Nie Jedziesz #1 - Kudowa Zdr\u00f3j - pomiar czasu - chipy, fotokom\u00f3rki - zawody sportowe, obozy sportowe","isPartOf":{"@id":"https:\/\/rewosport.pl\/#website"},"primaryImageOfPage":{"@id":"https:\/\/rewosport.pl\/?page_id=3873#primaryimage"},"image":{"@id":"https:\/\/rewosport.pl\/?page_id=3873#primaryimage"},"thumbnailUrl":"https:\/\/rewosport.pl\/wp-content\/uploads\/2025\/03\/IMG_20230506_140916-scaled.jpg","datePublished":"2026-04-26T13:16:23+00:00","dateModified":"2026-04-27T08:25:33+00:00","breadcrumb":{"@id":"https:\/\/rewosport.pl\/?page_id=3873#breadcrumb"},"inLanguage":"pl-PL","potentialAction":[{"@type":"ReadAction","target":["https:\/\/rewosport.pl\/?page_id=3873"]}]},{"@type":"ImageObject","inLanguage":"pl-PL","@id":"https:\/\/rewosport.pl\/?page_id=3873#primaryimage","url":"https:\/\/rewosport.pl\/wp-content\/uploads\/2025\/03\/IMG_20230506_140916-scaled.jpg","contentUrl":"https:\/\/rewosport.pl\/wp-content\/uploads\/2025\/03\/IMG_20230506_140916-scaled.jpg","width":2560,"height":1920},{"@type":"BreadcrumbList","@id":"https:\/\/rewosport.pl\/?page_id=3873#breadcrumb","itemListElement":[{"@type":"ListItem","position":1,"name":"Home","item":"https:\/\/rewosport.pl\/"},{"@type":"ListItem","position":2,"name":"2026.04.26 &#8211; Nie Pompujesz Nie Jedziesz #1 &#8211; Kudowa Zdr\u00f3j"}]},{"@type":"WebSite","@id":"https:\/\/rewosport.pl\/#website","url":"https:\/\/rewosport.pl\/","name":"pomiar czasu - chipy, fotokom\u00f3rki - zawody sportowe, obozy sportowe","description":"elektroniczny pomiar czasu na zawodach sportowych - chipy, fotokom\u00f3rki; organizator zawod\u00f3w sportowych - biegowych, rowerowych, oboz\u00f3w sportowych,","publisher":{"@id":"https:\/\/rewosport.pl\/#organization"},"potentialAction":[{"@type":"SearchAction","target":{"@type":"EntryPoint","urlTemplate":"https:\/\/rewosport.pl\/?s={search_term_string}"},"query-input":{"@type":"PropertyValueSpecification","valueRequired":true,"valueName":"search_term_string"}}],"inLanguage":"pl-PL"},{"@type":"Organization","@id":"https:\/\/rewosport.pl\/#organization","name":"pomiar czasu - chipy, fotokom\u00f3rki - zawody sportowe, obozy sportowe","url":"https:\/\/rewosport.pl\/","logo":{"@type":"ImageObject","inLanguage":"pl-PL","@id":"https:\/\/rewosport.pl\/#\/schema\/logo\/image\/","url":"https:\/\/rewosport.pl\/wp-content\/uploads\/2020\/07\/logo_rewosport.png","contentUrl":"https:\/\/rewosport.pl\/wp-content\/uploads\/2020\/07\/logo_rewosport.png","width":346,"height":200,"caption":"pomiar czasu - chipy, fotokom\u00f3rki - zawody sportowe, obozy sportowe"},"image":{"@id":"https:\/\/rewosport.pl\/#\/schema\/logo\/image\/"}}]}},"_links":{"self":[{"href":"https:\/\/rewosport.pl\/index.php?rest_route=\/wp\/v2\/pages\/3873","targetHints":{"allow":["GET"]}}],"collection":[{"href":"https:\/\/rewosport.pl\/index.php?rest_route=\/wp\/v2\/pages"}],"about":[{"href":"https:\/\/rewosport.pl\/index.php?rest_route=\/wp\/v2\/types\/page"}],"author":[{"embeddable":true,"href":"https:\/\/rewosport.pl\/index.php?rest_route=\/wp\/v2\/users\/2"}],"replies":[{"embeddable":true,"href":"https:\/\/rewosport.pl\/index.php?rest_route=%2Fwp%2Fv2%2Fcomments&post=3873"}],"version-history":[{"count":7,"href":"https:\/\/rewosport.pl\/index.php?rest_route=\/wp\/v2\/pages\/3873\/revisions"}],"predecessor-version":[{"id":3904,"href":"https:\/\/rewosport.pl\/index.php?rest_route=\/wp\/v2\/pages\/3873\/revisions\/3904"}],"wp:featuredmedia":[{"embeddable":true,"href":"https:\/\/rewosport.pl\/index.php?rest_route=\/wp\/v2\/media\/3563"}],"wp:attachment":[{"href":"https:\/\/rewosport.pl\/index.php?rest_route=%2Fwp%2Fv2%2Fmedia&parent=3873"}],"curies":[{"name":"wp","href":"https:\/\/api.w.org\/{rel}","templated":true}]}}